{"id":131,"date":"2023-02-01T09:27:41","date_gmt":"2023-02-01T09:27:41","guid":{"rendered":"https:\/\/www.londoncitypass.com\/?page_id=131"},"modified":"2026-02-03T13:15:19","modified_gmt":"2026-02-03T13:15:19","slug":"cazibe-merkezleri","status":"publish","type":"page","link":"https:\/\/www.londoncitypass.com\/tr\/attraktionen\/","title":{"rendered":"Londra'n\u0131n en g\u00f6zde turistik yerleri"},"content":{"rendered":"<p>Londra binlerce y\u0131ll\u0131k tarihe ve k\u00fclt\u00fcre sahip bir \u015fehirdir. Buckingham Saray\u0131 ve Tower Bridge gibi tarihi binalar\u0131 ziyaret edebilir, Big Ben ve Parlamento Binas\u0131 gibi simge yap\u0131lara hayran kalabilirsiniz. Londra'da ayr\u0131ca ziyaret\u00e7ilerin \u015fehrin ge\u00e7mi\u015fi ve bug\u00fcn\u00fc hakk\u0131nda daha fazla bilgi edinebilecekleri \u00e7ok say\u0131da m\u00fcze, galeri ve tiyatro bulunmaktad\u0131r.<\/p>\n\n\n\n<p>Hi\u00e7 uyumayan \u015fehirde ke\u015ffedilecek say\u0131s\u0131z cazibe merkezi vard\u0131r:<\/p>\n\n\n\n<h2 class=\"wp-block-heading\">Tower of London<\/h2>\n\n\n\n<figure class=\"wp-block-image size-full\"><img loading=\"lazy\" decoding=\"async\" width=\"1000\" height=\"500\" src=\"https:\/\/www.londoncitypass.com\/wp-content\/uploads\/2023\/01\/tower-of-london.jpg\" alt=\"Tower of London\" class=\"wp-image-133\" srcset=\"https:\/\/www.londoncitypass.com\/wp-content\/uploads\/2023\/01\/tower-of-london.jpg 1000w, https:\/\/www.londoncitypass.com\/wp-content\/uploads\/2023\/01\/tower-of-london-300x150.jpg 300w, https:\/\/www.londoncitypass.com\/wp-content\/uploads\/2023\/01\/tower-of-london-768x384.jpg 768w, https:\/\/www.londoncitypass.com\/wp-content\/uploads\/2023\/01\/tower-of-london-18x9.jpg 18w\" sizes=\"auto, (max-width: 1000px) 100vw, 1000px\" \/><figcaption class=\"wp-element-caption\">\u00a9 Nick Fewings \/ Unsplash.com<\/figcaption><\/figure>\n\n\n\n<div style=\"height:20px\" aria-hidden=\"true\" class=\"wp-block-spacer\"><\/div>\n\n\n\n<p>Bu antik kale \u00fclkenin en \u00fcnl\u00fc yap\u0131lar\u0131ndan biridir ve 1988 y\u0131l\u0131nda UNESCO D\u00fcnya Miras\u0131 Alan\u0131 ilan edilmi\u015ftir. \u0130ngiltere'nin kraliyet ge\u00e7mi\u015fine ait de\u011ferli m\u00fccevherlere ve eserlere ev sahipli\u011fi yapmaktad\u0131r. Ziyaret\u00e7iler ayr\u0131ca kalenin tarihi hakk\u0131nda daha fazla bilgi edinmek i\u00e7in rehberli turlara kat\u0131labilirler.<\/p>\n\n\n\n<p>A\u015fa\u011f\u0131daki Londra Pasolar\u0131 ile ziyaret m\u00fcmk\u00fcnd\u00fcr: <a href=\"https:\/\/www.londoncitypass.com\/tr\/londra-geci%cc%87si%cc%87\/\" title=\"London Pass 2023\">London Pass<\/a>, <a href=\"https:\/\/www.londoncitypass.com\/tr\/kasif-geci%cc%87si%cc%87\/\" title=\"Londra Explorer Pass\">Londra Explorer Pass<\/a> ve <a href=\"https:\/\/www.londoncitypass.com\/tr\/bueyuek-sehi%cc%87r-kurtarici\/\" title=\"Big City Saver Pass\">\u00c7oklu Atraksiyon Kart\u0131<\/a>.<\/p>\n\n\n<div class=\"wp-block-ub-divider ub_divider ub-divider-orientation-horizontal\" id=\"ub_divider_930391b2-120c-44ce-b10c-88906d2b763b\"><div class=\"ub_divider_wrapper\" style=\"position: relative; margin-bottom: 20px; width: 100%; height: 20px; \" data-divider-alignment=\"center\"><div class=\"ub_divider_line\" style=\"border-top: 2px solid #ccc; margin-top: 20px; \"><\/div><\/div><\/div>\n\n\n<h2 class=\"wp-block-heading\">Buckingham Saray\u0131<\/h2>\n\n\n\n<figure class=\"wp-block-image size-full\"><img loading=\"lazy\" decoding=\"async\" width=\"1000\" height=\"550\" src=\"https:\/\/www.londoncitypass.com\/wp-content\/uploads\/2023\/02\/london-buckingham-palace.jpg\" alt=\"Londra&#039;daki Buckingham Saray\u0131\" class=\"wp-image-136\" srcset=\"https:\/\/www.londoncitypass.com\/wp-content\/uploads\/2023\/02\/london-buckingham-palace.jpg 1000w, https:\/\/www.londoncitypass.com\/wp-content\/uploads\/2023\/02\/london-buckingham-palace-300x165.jpg 300w, https:\/\/www.londoncitypass.com\/wp-content\/uploads\/2023\/02\/london-buckingham-palace-768x422.jpg 768w, https:\/\/www.londoncitypass.com\/wp-content\/uploads\/2023\/02\/london-buckingham-palace-18x10.jpg 18w\" sizes=\"auto, (max-width: 1000px) 100vw, 1000px\" \/><figcaption class=\"wp-element-caption\">\u00a9 Ferdinand St\u00f6hr \/ Unsplash.com<\/figcaption><\/figure>\n\n\n\n<div style=\"height:20px\" aria-hidden=\"true\" class=\"wp-block-spacer\"><\/div>\n\n\n\n<p>Kraliyet Saray\u0131 1837'den beri \u0130ngiliz h\u00fck\u00fcmdarlar\u0131na ev sahipli\u011fi yapmaktad\u0131r ve \u015fu anda Kral Charles'\u0131n Londra'daki resmi ikametgah\u0131d\u0131r. Ziyaret\u00e7iler devlet odalar\u0131n\u0131 gezebilir ve kraliyet ailesinin geni\u015f sanat koleksiyonuna hayran kalabilir ya da d\u0131\u015far\u0131da d\u00fcnyaca \u00fcnl\u00fc Muhaf\u0131z De\u011fi\u015fimi t\u00f6renini izleyebilirler.<\/p>\n\n\n\n<p>Kral'\u0131n Galerisi'ni ziyaret etmek i\u00e7in <a href=\"https:\/\/www.londoncitypass.com\/tr\/londra-geci%cc%87si%cc%87\/\" title=\"London Pass 2023\">London Pass<\/a>.<\/p>\n\n\n<div class=\"wp-block-ub-divider ub_divider ub-divider-orientation-horizontal\" id=\"ub_divider_c5af1c68-1837-4803-9ec1-aa5c38cc5c82\"><div class=\"ub_divider_wrapper\" style=\"position: relative; margin-bottom: 20px; width: 100%; height: 20px; \" data-divider-alignment=\"center\"><div class=\"ub_divider_line\" style=\"border-top: 2px solid #ccc; margin-top: 20px; \"><\/div><\/div><\/div>\n\n\n<h2 class=\"wp-block-heading\">The Shard<\/h2>\n\n\n\n<figure class=\"wp-block-image size-full\"><img loading=\"lazy\" decoding=\"async\" width=\"1000\" height=\"550\" src=\"https:\/\/www.londoncitypass.com\/wp-content\/uploads\/2023\/02\/london-the-shard.jpg\" alt=\"Londra&#039;da The Shard\" class=\"wp-image-141\" srcset=\"https:\/\/www.londoncitypass.com\/wp-content\/uploads\/2023\/02\/london-the-shard.jpg 1000w, https:\/\/www.londoncitypass.com\/wp-content\/uploads\/2023\/02\/london-the-shard-300x165.jpg 300w, https:\/\/www.londoncitypass.com\/wp-content\/uploads\/2023\/02\/london-the-shard-768x422.jpg 768w, https:\/\/www.londoncitypass.com\/wp-content\/uploads\/2023\/02\/london-the-shard-18x10.jpg 18w\" sizes=\"auto, (max-width: 1000px) 100vw, 1000px\" \/><figcaption class=\"wp-element-caption\">\u00a9 Fred Moon \/ Unsplash.com<\/figcaption><\/figure>\n\n\n\n<div style=\"height:20px\" aria-hidden=\"true\" class=\"wp-block-spacer\"><\/div>\n\n\n\n<p>309 metre y\u00fcksekli\u011findeki bu etkileyici g\u00f6kdelen Avrupa'n\u0131n en y\u00fcksek binalar\u0131ndan biridir. Asans\u00f6rle en tepeye \u00e7\u0131k\u0131n ve Avrupa'n\u0131n en y\u00fcksek halka a\u00e7\u0131k g\u00f6zlem g\u00fcvertesinden \u015fehrin nefes kesici manzaras\u0131n\u0131n keyfini \u00e7\u0131kar\u0131n.<\/p>\n\n\n\n<p>Ziyaret a\u015fa\u011f\u0131dakileri kapsamaktad\u0131r <a href=\"https:\/\/www.londoncitypass.com\/tr\/londra-geci%cc%87si%cc%87\/\" title=\"London Pass 2023\">London Pass+<\/a> ve <a href=\"https:\/\/www.londoncitypass.com\/tr\/kasif-geci%cc%87si%cc%87\/\" title=\"Londra Explorer Pass\">Londra Explorer Pass<\/a>.<\/p>\n\n\n<div class=\"wp-block-ub-divider ub_divider ub-divider-orientation-horizontal\" id=\"ub_divider_31f0a4e5-9a36-4bb5-af3f-0052beaf37d1\"><div class=\"ub_divider_wrapper\" style=\"position: relative; margin-bottom: 20px; width: 100%; height: 20px; \" data-divider-alignment=\"center\"><div class=\"ub_divider_line\" style=\"border-top: 2px solid #ccc; margin-top: 20px; \"><\/div><\/div><\/div>\n\n\n<h2 class=\"wp-block-heading\">Westminster Abbey<\/h2>\n\n\n\n<figure class=\"wp-block-image size-full\"><img loading=\"lazy\" decoding=\"async\" width=\"1000\" height=\"680\" src=\"https:\/\/www.londoncitypass.com\/wp-content\/uploads\/2023\/02\/london-westminster-abbey.jpg\" alt=\"Londra i\u00e7inde Westminster Abbey\" class=\"wp-image-144\" srcset=\"https:\/\/www.londoncitypass.com\/wp-content\/uploads\/2023\/02\/london-westminster-abbey.jpg 1000w, https:\/\/www.londoncitypass.com\/wp-content\/uploads\/2023\/02\/london-westminster-abbey-300x204.jpg 300w, https:\/\/www.londoncitypass.com\/wp-content\/uploads\/2023\/02\/london-westminster-abbey-768x522.jpg 768w, https:\/\/www.londoncitypass.com\/wp-content\/uploads\/2023\/02\/london-westminster-abbey-18x12.jpg 18w\" sizes=\"auto, (max-width: 1000px) 100vw, 1000px\" \/><figcaption class=\"wp-element-caption\">\u00a9 Ian Branch \/ Unsplash.com<\/figcaption><\/figure>\n\n\n\n<div style=\"height:20px\" aria-hidden=\"true\" class=\"wp-block-spacer\"><\/div>\n\n\n\n<p>Bu g\u00fczel Gotik yap\u0131, y\u00fczy\u0131llar boyunca \u0130ngiliz Kraliyet Ailesi ve Kilise mensuplar\u0131 i\u00e7in ta\u00e7 giyme t\u00f6renleri, cenazeler ve di\u011fer \u00f6nemli t\u00f6renlere ev sahipli\u011fi yapm\u0131\u015ft\u0131r. Bug\u00fcn karma\u015f\u0131k mimarisini ve tarihi mezarlar\u0131n\u0131 ke\u015ffetmek isteyen ziyaret\u00e7ileri a\u011f\u0131rlamaktad\u0131r.<\/p>\n\n\n\n<p>Ziyaret a\u015fa\u011f\u0131dakileri kapsamaktad\u0131r <a href=\"https:\/\/www.londoncitypass.com\/tr\/londra-geci%cc%87si%cc%87\/\" title=\"London Pass 2023\">London Pass<\/a> ve <a href=\"https:\/\/www.londoncitypass.com\/tr\/kasif-geci%cc%87si%cc%87\/\" title=\"Londra Explorer Pass\">Londra Explorer Pass<\/a>.<\/p>\n\n\n<div class=\"wp-block-ub-divider ub_divider ub-divider-orientation-horizontal\" id=\"ub_divider_8daadfab-0706-4b61-812e-9adc2085e86f\"><div class=\"ub_divider_wrapper\" style=\"position: relative; margin-bottom: 20px; width: 100%; height: 20px; \" data-divider-alignment=\"center\"><div class=\"ub_divider_line\" style=\"border-top: 2px solid #ccc; margin-top: 20px; \"><\/div><\/div><\/div>\n\n\n<h2 class=\"wp-block-heading\">St Paul Katedrali<\/h2>\n\n\n\n<figure class=\"wp-block-image size-full\"><img loading=\"lazy\" decoding=\"async\" width=\"1000\" height=\"550\" src=\"https:\/\/www.londoncitypass.com\/wp-content\/uploads\/2023\/02\/london-st-paul-cathedral.jpg\" alt=\"Londra i\u00e7inde St Paul&#039;s Cathedral\" class=\"wp-image-140\" srcset=\"https:\/\/www.londoncitypass.com\/wp-content\/uploads\/2023\/02\/london-st-paul-cathedral.jpg 1000w, https:\/\/www.londoncitypass.com\/wp-content\/uploads\/2023\/02\/london-st-paul-cathedral-300x165.jpg 300w, https:\/\/www.londoncitypass.com\/wp-content\/uploads\/2023\/02\/london-st-paul-cathedral-768x422.jpg 768w, https:\/\/www.londoncitypass.com\/wp-content\/uploads\/2023\/02\/london-st-paul-cathedral-18x10.jpg 18w\" sizes=\"auto, (max-width: 1000px) 100vw, 1000px\" \/><figcaption class=\"wp-element-caption\">\u00a9 Jonathan Chng \/ Unsplash.com<\/figcaption><\/figure>\n\n\n\n<div style=\"height:20px\" aria-hidden=\"true\" class=\"wp-block-spacer\"><\/div>\n\n\n\n<p>Bu heybetli Barok kilise 17. y\u00fczy\u0131lda Sir Christopher Wren taraf\u0131ndan tasarlanm\u0131\u015ft\u0131r ve Londra'n\u0131n en \u00fcnl\u00fc yap\u0131lar\u0131ndan biridir. Katedralin s\u00fcsl\u00fc i\u00e7 mekan\u0131n\u0131 ke\u015ffedebilir, F\u0131s\u0131ldayan Galeri'yi ziyaret edebilir ve \u015fehrin muhte\u015fem manzaras\u0131n\u0131 g\u00f6rmek i\u00e7in \u00fcnl\u00fc kubbesine t\u0131rmanabilirsiniz.<\/p>\n\n\n\n<p>Bu ziyarete \u015fu hizmetler dahildir <a href=\"https:\/\/www.londoncitypass.com\/tr\/londra-geci%cc%87si%cc%87\/\" title=\"London Pass 2023\">London Pass<\/a> ve <a href=\"https:\/\/www.londoncitypass.com\/tr\/kasif-geci%cc%87si%cc%87\/\" title=\"Londra Explorer Pass\">Londra Explorer Pass<\/a>.<\/p>\n\n\n<div class=\"wp-block-ub-divider ub_divider ub-divider-orientation-horizontal\" id=\"ub_divider_566ae879-2d9e-449a-920a-ad3eb6eadc46\"><div class=\"ub_divider_wrapper\" style=\"position: relative; margin-bottom: 20px; width: 100%; height: 20px; \" data-divider-alignment=\"center\"><div class=\"ub_divider_line\" style=\"border-top: 2px solid #ccc; margin-top: 20px; \"><\/div><\/div><\/div>\n\n\n<h2 class=\"wp-block-heading\">Parlamento Binas\u0131 &amp; Big Ben<\/h2>\n\n\n\n<figure class=\"wp-block-image size-full\"><img loading=\"lazy\" decoding=\"async\" width=\"1000\" height=\"600\" src=\"https:\/\/www.londoncitypass.com\/wp-content\/uploads\/2023\/02\/london-parliament-big-ben.jpg\" alt=\"Parlamento Binas\u0131 ve Big Ben\" class=\"wp-image-139\" srcset=\"https:\/\/www.londoncitypass.com\/wp-content\/uploads\/2023\/02\/london-parliament-big-ben.jpg 1000w, https:\/\/www.londoncitypass.com\/wp-content\/uploads\/2023\/02\/london-parliament-big-ben-300x180.jpg 300w, https:\/\/www.londoncitypass.com\/wp-content\/uploads\/2023\/02\/london-parliament-big-ben-768x461.jpg 768w, https:\/\/www.londoncitypass.com\/wp-content\/uploads\/2023\/02\/london-parliament-big-ben-18x12.jpg 18w\" sizes=\"auto, (max-width: 1000px) 100vw, 1000px\" \/><figcaption class=\"wp-element-caption\">\u00a9 Marcin Nowak \/ Unsplash.com<\/figcaption><\/figure>\n\n\n\n<div style=\"height:20px\" aria-hidden=\"true\" class=\"wp-block-spacer\"><\/div>\n\n\n\n<p>Parlamento Binas\u0131 ve Big Ben, Londra'n\u0131n en \u00fcnl\u00fc simgeleri aras\u0131ndad\u0131r. Thames Nehri \u00fczerindeki bu iki bina y\u00fczy\u0131llard\u0131r \u0130ngiliz demokrasisinin sembol\u00fc olmu\u015ftur. Parlamento Binas\u0131, iki Parlamento Meclisi'nin \u00fcyelerinin yasalar\u0131 tart\u0131\u015fmak \u00fczere bir araya geldi\u011fi etkileyici bir binad\u0131r; Big Ben ise Parlamento Binas\u0131'n\u0131n d\u0131\u015f\u0131nda yer alan bir saat kulesidir.<\/p>\n\n\n\n<p>Saraylar ve Parlamento Y\u00fcr\u00fcy\u00fc\u015f Turu'na kat\u0131labilirsiniz. <a href=\"https:\/\/www.londoncitypass.com\/tr\/londra-geci%cc%87si%cc%87\/\" title=\"London Pass 2023\">London Pass<\/a> ve <a href=\"https:\/\/www.londoncitypass.com\/tr\/kasif-geci%cc%87si%cc%87\/\" title=\"Londra Explorer Pass\">Explorer Pass<\/a>.<\/p>\n\n\n<div class=\"wp-block-ub-divider ub_divider ub-divider-orientation-horizontal\" id=\"ub_divider_58f69037-1321-44f3-aa9f-8bb740bb7de5\"><div class=\"ub_divider_wrapper\" style=\"position: relative; margin-bottom: 20px; width: 100%; height: 20px; \" data-divider-alignment=\"center\"><div class=\"ub_divider_line\" style=\"border-top: 2px solid #ccc; margin-top: 20px; \"><\/div><\/div><\/div>\n\n\n<h2 class=\"wp-block-heading\">London Eye<\/h2>\n\n\n\n<figure class=\"wp-block-image size-full\"><img loading=\"lazy\" decoding=\"async\" width=\"1000\" height=\"550\" src=\"https:\/\/www.londoncitypass.com\/wp-content\/uploads\/2023\/02\/london-eye.jpg\" alt=\"London Eye\" class=\"wp-image-137\" srcset=\"https:\/\/www.londoncitypass.com\/wp-content\/uploads\/2023\/02\/london-eye.jpg 1000w, https:\/\/www.londoncitypass.com\/wp-content\/uploads\/2023\/02\/london-eye-300x165.jpg 300w, https:\/\/www.londoncitypass.com\/wp-content\/uploads\/2023\/02\/london-eye-768x422.jpg 768w, https:\/\/www.londoncitypass.com\/wp-content\/uploads\/2023\/02\/london-eye-18x10.jpg 18w\" sizes=\"auto, (max-width: 1000px) 100vw, 1000px\" \/><figcaption class=\"wp-element-caption\">\u00a9 David Henderson \/ Unsplash.com<\/figcaption><\/figure>\n\n\n\n<div style=\"height:20px\" aria-hidden=\"true\" class=\"wp-block-spacer\"><\/div>\n\n\n\n<p>D\u00fcnyan\u0131n en y\u00fcksek d\u00f6nme dolaplar\u0131ndan birinden Londra sil\u00fcetinin 360 derecelik manzaras\u0131n\u0131n keyfini \u00e7\u0131kar\u0131n. Bu cazibe merkezi \u015fehrin inan\u0131lmaz manzaralar\u0131n\u0131 sunar ve Londra'n\u0131n en pop\u00fcler turistik yerlerinden biridir. London Eye, Londra'n\u0131n <a href=\"https:\/\/www.londoncitypass.com\/tr\/bueyuek-sehi%cc%87r-kurtarici\/\" title=\"\u00c7oklu Atraksiyon Kart\u0131\">\u00c7oklu Atraksiyon Kart\u0131<\/a>, <a href=\"https:\/\/www.londoncitypass.com\/tr\/londra-geci%cc%87si%cc%87\/\" title=\"London Pass 2024\">London Pass+<\/a>.<\/p>\n\n\n<div class=\"wp-block-ub-divider ub_divider ub-divider-orientation-horizontal\" id=\"ub_divider_51a94ab3-1875-4214-aa05-b0403db7cf92\"><div class=\"ub_divider_wrapper\" style=\"position: relative; margin-bottom: 20px; width: 100%; height: 20px; \" data-divider-alignment=\"center\"><div class=\"ub_divider_line\" style=\"border-top: 2px solid #ccc; margin-top: 20px; \"><\/div><\/div><\/div>\n\n\n<h2 class=\"wp-block-heading\">Kensington Saray\u0131<\/h2>\n\n\n\n<figure class=\"wp-block-image size-full\"><img loading=\"lazy\" decoding=\"async\" width=\"1000\" height=\"550\" src=\"https:\/\/www.londoncitypass.com\/wp-content\/uploads\/2023\/02\/london-kensington-palace.jpg\" alt=\"Londra&#039;daki Kensington Saray\u0131\" class=\"wp-image-138\" srcset=\"https:\/\/www.londoncitypass.com\/wp-content\/uploads\/2023\/02\/london-kensington-palace.jpg 1000w, https:\/\/www.londoncitypass.com\/wp-content\/uploads\/2023\/02\/london-kensington-palace-300x165.jpg 300w, https:\/\/www.londoncitypass.com\/wp-content\/uploads\/2023\/02\/london-kensington-palace-768x422.jpg 768w, https:\/\/www.londoncitypass.com\/wp-content\/uploads\/2023\/02\/london-kensington-palace-18x10.jpg 18w\" sizes=\"auto, (max-width: 1000px) 100vw, 1000px\" \/><figcaption class=\"wp-element-caption\">\u00a9 Nicholas Musilli \/ Unsplash.com<\/figcaption><\/figure>\n\n\n\n<div style=\"height:20px\" aria-hidden=\"true\" class=\"wp-block-spacer\"><\/div>\n\n\n\n<p>Bu muhte\u015fem saray, en az 1689 y\u0131l\u0131ndan bu yana \u0130ngiliz kraliyetinin koltu\u011fu olmu\u015ftur ve \u015fu anda kraliyet ailesinin bir\u00e7ok \u00fcyesine ev sahipli\u011fi yapmaktad\u0131r. Sarayda rehberli turlara kat\u0131labilir veya yemye\u015fil bah\u00e7eleri ke\u015ffedebilirsiniz.<\/p>\n\n\n\n<p>Kensington Saray\u0131 ziyaretleri a\u015fa\u011f\u0131daki Londra Pass'lar\u0131 ile m\u00fcmk\u00fcnd\u00fcr: <a href=\"https:\/\/www.londoncitypass.com\/tr\/londra-geci%cc%87si%cc%87\/\" title=\"London Pass 2023\">London Pass<\/a>, <a href=\"https:\/\/www.londoncitypass.com\/tr\/kasif-geci%cc%87si%cc%87\/\" title=\"Londra Explorer Pass\">Explorer Pass<\/a>.<\/p>\n\n\n<div class=\"wp-block-ub-divider ub_divider ub-divider-orientation-horizontal\" id=\"ub_divider_18aa0cd8-3459-47bb-ba07-c960827494a9\"><div class=\"ub_divider_wrapper\" style=\"position: relative; margin-bottom: 20px; width: 100%; height: 20px; \" data-divider-alignment=\"center\"><div class=\"ub_divider_line\" style=\"border-top: 2px solid #ccc; margin-top: 20px; \"><\/div><\/div><\/div>\n\n\n<h2 class=\"wp-block-heading\">London Tower Bridge<\/h2>\n\n\n\n<figure class=\"wp-block-image size-full\"><img loading=\"lazy\" decoding=\"async\" width=\"1000\" height=\"600\" src=\"https:\/\/www.londoncitypass.com\/wp-content\/uploads\/2023\/02\/london-tower-bridge.jpg\" alt=\"London Tower Bridge\" class=\"wp-image-142\" srcset=\"https:\/\/www.londoncitypass.com\/wp-content\/uploads\/2023\/02\/london-tower-bridge.jpg 1000w, https:\/\/www.londoncitypass.com\/wp-content\/uploads\/2023\/02\/london-tower-bridge-300x180.jpg 300w, https:\/\/www.londoncitypass.com\/wp-content\/uploads\/2023\/02\/london-tower-bridge-768x461.jpg 768w, https:\/\/www.londoncitypass.com\/wp-content\/uploads\/2023\/02\/london-tower-bridge-18x12.jpg 18w\" sizes=\"auto, (max-width: 1000px) 100vw, 1000px\" \/><figcaption class=\"wp-element-caption\">\u00a9 Charles Postiaux \/ Unsplash.com<\/figcaption><\/figure>\n\n\n\n<div style=\"height:20px\" aria-hidden=\"true\" class=\"wp-block-spacer\"><\/div>\n\n\n\n<p>\u0130ngiltere'nin ba\u015fkentindeki ba\u015fka hi\u00e7bir k\u00f6pr\u00fc London Tower Bridge kadar \u00fcnl\u00fc de\u011fildir. K\u00f6pr\u00fc 19. y\u00fczy\u0131l\u0131n sonunda in\u015fa edilmi\u015ftir ve \u015fu anda hem \u00f6nemli bir arter hem de turistik bir cazibe merkezidir. Thames Nehri'nin her iki yakas\u0131ndan da k\u00f6pr\u00fc pop\u00fcler bir foto\u011fraf motifidir.<\/p>\n\n\n\n<p>A\u015fa\u011f\u0131daki Londra Kartlar\u0131 ile London Tower Bridge Sergisini \u00fccretsiz olarak ziyaret edebilirsiniz: <a href=\"https:\/\/www.londoncitypass.com\/tr\/kasif-geci%cc%87si%cc%87\/\" title=\"Londra Explorer Pass\">Londra Explorer Pass<\/a> ve <a href=\"https:\/\/www.londoncitypass.com\/tr\/londra-geci%cc%87si%cc%87\/\" title=\"London Pass 2023\">London Pass<\/a>.<\/p>\n\n\n<div class=\"wp-block-ub-divider ub_divider ub-divider-orientation-horizontal\" id=\"ub_divider_7ce51777-953c-48d7-9925-9d05ae8ed836\"><div class=\"ub_divider_wrapper\" style=\"position: relative; margin-bottom: 20px; width: 100%; height: 20px; \" data-divider-alignment=\"center\"><div class=\"ub_divider_line\" style=\"border-top: 2px solid #ccc; margin-top: 20px; \"><\/div><\/div><\/div>\n\n\n<h2 class=\"wp-block-heading\">Trafalgar Meydan\u0131<\/h2>\n\n\n\n<figure class=\"wp-block-image size-full\"><img loading=\"lazy\" decoding=\"async\" width=\"1000\" height=\"550\" src=\"https:\/\/www.londoncitypass.com\/wp-content\/uploads\/2023\/02\/london-trafalgar-square.jpg\" alt=\"Londra&#039;daki Trafalgar Meydan\u0131\" class=\"wp-image-143\" srcset=\"https:\/\/www.londoncitypass.com\/wp-content\/uploads\/2023\/02\/london-trafalgar-square.jpg 1000w, https:\/\/www.londoncitypass.com\/wp-content\/uploads\/2023\/02\/london-trafalgar-square-300x165.jpg 300w, https:\/\/www.londoncitypass.com\/wp-content\/uploads\/2023\/02\/london-trafalgar-square-768x422.jpg 768w, https:\/\/www.londoncitypass.com\/wp-content\/uploads\/2023\/02\/london-trafalgar-square-18x10.jpg 18w\" sizes=\"auto, (max-width: 1000px) 100vw, 1000px\" \/><figcaption class=\"wp-element-caption\">\u00a9 Diane Picchiottino \/ Unsplash.com<\/figcaption><\/figure>\n\n\n\n<div style=\"height:20px\" aria-hidden=\"true\" class=\"wp-block-spacer\"><\/div>\n\n\n\n<p>\u015eehrin kalbindeki bu hareketli meydan, Londra'n\u0131n ko\u015fu\u015fturmas\u0131n\u0131 izlemek i\u00e7in ideal bir yerdir. Ulusal Galeri, Nelson S\u00fctunu ve \u00e7ok say\u0131da heykel ile Londra'n\u0131n en pop\u00fcler turistik mekanlar\u0131ndan biridir.<\/p>\n\n\n<div class=\"wp-block-ub-divider ub_divider ub-divider-orientation-horizontal\" id=\"ub_divider_98c0e5c1-e915-403e-a939-e3d4d129d567\"><div class=\"ub_divider_wrapper\" style=\"position: relative; margin-bottom: 20px; width: 100%; height: 20px; \" data-divider-alignment=\"center\"><div class=\"ub_divider_line\" style=\"border-top: 2px solid #ccc; margin-top: 20px; \"><\/div><\/div><\/div>\n\n\n<p>Bu, Londra'n\u0131n sundu\u011fu pek \u00e7ok cazibe merkezinden sadece k\u00fc\u00e7\u00fck bir se\u00e7kidir. \u0130ster k\u00fclt\u00fcrel deneyimler ve tarihi yerler ar\u0131yor olun, ister sadece \u0130ngiliz k\u00fclt\u00fcr\u00fcn\u00fcn tad\u0131n\u0131 \u00e7\u0131karmak istiyor olun, bu inan\u0131lmaz \u015fehirde herkes i\u00e7in bir \u015feyler var.<\/p>","protected":false},"excerpt":{"rendered":"<p>Londra binlerce y\u0131ll\u0131k tarihe ve k\u00fclt\u00fcre sahip bir \u015fehirdir. Buckingham Saray\u0131 ve Tower Bridge gibi tarihi binalar\u0131 ziyaret edebilir, Big Ben ve Parlamento Binas\u0131 gibi simge yap\u0131lara hayran kalabilirsiniz. Londra ayr\u0131ca ziyaret\u00e7ilerin \u015fehrin ge\u00e7mi\u015fi ve bug\u00fcn\u00fc hakk\u0131nda daha fazla bilgi edinebilecekleri \u00e7ok say\u0131da m\u00fcze, galeri ve tiyatroya da ev sahipli\u011fi yapmaktad\u0131r. <a title=\"Londra&#039;n\u0131n en g\u00f6zde turistik yerleri\" class=\"read-more\" href=\"https:\/\/www.londoncitypass.com\/tr\/attraktionen\/\" aria-label=\"Londra&#039;n\u0131n en g\u00f6zde turistik yerleri hakk\u0131nda daha fazlas\u0131n\u0131 okuyun\">Devam\u0131n\u0131 oku<\/a><\/p>","protected":false},"author":1,"featured_media":0,"parent":0,"menu_order":0,"comment_status":"closed","ping_status":"closed","template":"","meta":{"footnotes":""},"class_list":["post-131","page","type-page","status-publish"],"aioseo_notices":[],"featured_image_src":null,"_links":{"self":[{"href":"https:\/\/www.londoncitypass.com\/tr\/wp-json\/wp\/v2\/pages\/131","targetHints":{"allow":["GET"]}}],"collection":[{"href":"https:\/\/www.londoncitypass.com\/tr\/wp-json\/wp\/v2\/pages"}],"about":[{"href":"https:\/\/www.londoncitypass.com\/tr\/wp-json\/wp\/v2\/types\/page"}],"author":[{"embeddable":true,"href":"https:\/\/www.londoncitypass.com\/tr\/wp-json\/wp\/v2\/users\/1"}],"replies":[{"embeddable":true,"href":"https:\/\/www.londoncitypass.com\/tr\/wp-json\/wp\/v2\/comments?post=131"}],"version-history":[{"count":31,"href":"https:\/\/www.londoncitypass.com\/tr\/wp-json\/wp\/v2\/pages\/131\/revisions"}],"predecessor-version":[{"id":1941,"href":"https:\/\/www.londoncitypass.com\/tr\/wp-json\/wp\/v2\/pages\/131\/revisions\/1941"}],"wp:attachment":[{"href":"https:\/\/www.londoncitypass.com\/tr\/wp-json\/wp\/v2\/media?parent=131"}],"curies":[{"name":"wp","href":"https:\/\/api.w.org\/{rel}","templated":true}]}}