{"id":155,"date":"2023-02-01T13:02:31","date_gmt":"2023-02-01T13:02:31","guid":{"rendered":"https:\/\/www.londoncitypass.com\/?page_id=155"},"modified":"2026-02-16T14:07:58","modified_gmt":"2026-02-16T14:07:58","slug":"3-dagar-i-london","status":"publish","type":"page","link":"https:\/\/www.londoncitypass.com\/sv\/3-tage-in-london\/","title":{"rendered":"3 dagar i London med London City Pass"},"content":{"rendered":"<p>London \u00e4r en av de st\u00f6rsta st\u00e4derna i v\u00e4rlden och det \u00e4r n\u00e4stan om\u00f6jligt att ta sig igenom den p\u00e5 en dag. F\u00f6r att verkligen kunna njuta av stadens m\u00e5nga underverk b\u00f6r du tillbringa minst tre dagar i London. Men \u00e4ven p\u00e5 fyra eller fem dagar kan du fortfarande uppt\u00e4cka m\u00e5nga nya saker.<\/p>\n\n\n\n<p>Staden har ett otroligt stort utbud av kulturella och historiska sev\u00e4rdheter. Museer och gallerier som British Museum, National Gallery och Tate Modern erbjuder m\u00e5nga m\u00f6jligheter att l\u00e4ra sig mer om stadens f\u00f6rflutna. Ber\u00f6mda landm\u00e4rken som Big Ben och Buckingham Palace ger en inblick i Englands rika historia.<\/p>\n\n\n\n<p>H\u00e4r f\u00f6ljer en tredagars resplan f\u00f6r ett bes\u00f6k i London. Sev\u00e4rdheterna har valts ut f\u00f6r att du ska f\u00e5 ut det mesta av ditt London City Pass.<\/p>\n\n\n\n<h2 class=\"wp-block-heading\">F\u00f6rsta dagen: Hop-on\/Hop-off + Westminster Abbey + rundvandring<\/h2>\n\n\n\n<figure class=\"wp-block-image size-full\"><img loading=\"lazy\" decoding=\"async\" width=\"1000\" height=\"600\" src=\"https:\/\/www.londoncitypass.com\/wp-content\/uploads\/2023\/02\/london-big-bus.jpg\" alt=\"London Big Bus\" class=\"wp-image-156\" srcset=\"https:\/\/www.londoncitypass.com\/wp-content\/uploads\/2023\/02\/london-big-bus.jpg 1000w, https:\/\/www.londoncitypass.com\/wp-content\/uploads\/2023\/02\/london-big-bus-300x180.jpg 300w, https:\/\/www.londoncitypass.com\/wp-content\/uploads\/2023\/02\/london-big-bus-768x461.jpg 768w, https:\/\/www.londoncitypass.com\/wp-content\/uploads\/2023\/02\/london-big-bus-18x12.jpg 18w\" sizes=\"auto, (max-width: 1000px) 100vw, 1000px\" \/><figcaption class=\"wp-element-caption\">\u00a9 Big Bus Tours<\/figcaption><\/figure>\n\n\n\n<p>B\u00f6rja din uppt\u00e4cktsresa med en stadsrundtur p\u00e5 en hop-on\/hop-off-buss f\u00f6r att f\u00e5 en f\u00f6rsta \u00f6verblick. Det finns flera bussbolag vars bussar reser genom London varje dag. Hos de flesta operat\u00f6rer kan du byta mellan tv\u00e5 linjer f\u00f6r att utforska olika delar av staden.<\/p>\n\n\n\n<p>En hop-on\/hop-off-tur \u00e4r m\u00f6jlig med alla London Passes: Med <a href=\"https:\/\/www.londoncitypass.com\/sv\/london-pass\/\" title=\"London Pass 2023\">London Pass<\/a> och <a href=\"https:\/\/www.londoncitypass.com\/sv\/explorer-pass\/\" title=\"London Explorer Pass\">London Explorer Pass<\/a> du kan anv\u00e4nda bussarna fr\u00e5n Big Bus eller Golden Tours f\u00f6r en dag i taget.<\/p>\n\n\n\n<p>Dessa bussturer \u00e4r ganska dyra. Det \u00e4r d\u00e4rf\u00f6r som ett London City Pass snabbt betalar sig sj\u00e4lvt p\u00e5 en stadsrundtur.<\/p>\n\n\n\n<p>Hoppa av vid Westminster Abbey, kyrkan som har sett m\u00e5nga kr\u00f6ningar, br\u00f6llop och begravningar under sin l\u00e5nga historia. Med London Pass+ och London Explorer Pass kan du bes\u00f6ka kyrkan kostnadsfritt.<\/p>\n\n\n\n<p>\"Palaces &amp; Parliament Walking Tour\" b\u00f6rjar n\u00e4ra Westminster Abbey, som du kan delta i gratis med London Pass. Turen \u00e4ger rum tre g\u00e5nger om dagen.<\/p>\n\n\n\n<h2 class=\"wp-block-heading\">Andra dagen: Tower of London + Tower Bridge + The Shard<\/h2>\n\n\n\n<figure class=\"wp-block-image size-full\"><img loading=\"lazy\" decoding=\"async\" width=\"1000\" height=\"500\" src=\"https:\/\/www.londoncitypass.com\/wp-content\/uploads\/2023\/01\/tower-of-london.jpg\" alt=\"Tower of London\" class=\"wp-image-133\" srcset=\"https:\/\/www.londoncitypass.com\/wp-content\/uploads\/2023\/01\/tower-of-london.jpg 1000w, https:\/\/www.londoncitypass.com\/wp-content\/uploads\/2023\/01\/tower-of-london-300x150.jpg 300w, https:\/\/www.londoncitypass.com\/wp-content\/uploads\/2023\/01\/tower-of-london-768x384.jpg 768w, https:\/\/www.londoncitypass.com\/wp-content\/uploads\/2023\/01\/tower-of-london-18x9.jpg 18w\" sizes=\"auto, (max-width: 1000px) 100vw, 1000px\" \/><figcaption class=\"wp-element-caption\">\u00a9 Nick Fewings \/ Unsplash.com<\/figcaption><\/figure>\n\n\n\n<p>B\u00f6rja din andra dag i London p\u00e5 ett av stadens mest k\u00e4nda landm\u00e4rken: Tower of London. Bes\u00f6k kronjuvelerna och delta i en guidad Beefeater-tur. Intr\u00e4det \u00e4r gratis f\u00f6r dig med <a href=\"https:\/\/www.londoncitypass.com\/sv\/london-pass\/\" title=\"London Pass 2023\">London Pass<\/a> och <a href=\"https:\/\/www.londoncitypass.com\/sv\/explorer-pass\/\" title=\"London Explorer Pass\">London Explorer Pass<\/a>,<\/p>\n\n\n\n<p>G\u00e5 sedan till London Tower Bridge, som ligger bara n\u00e5gra meter fr\u00e5n Tower of London. Med hj\u00e4lp av <a href=\"https:\/\/www.londoncitypass.com\/sv\/london-pass\/\" title=\"London Pass 2023\">London Pass<\/a> kan du bes\u00f6ka Tower Bridge-utst\u00e4llningen gratis. Du kan g\u00f6ra det genom att kl\u00e4ttra upp i det norra tornet och g\u00e5 \u00f6ver glasgolvet. Fr\u00e5n toppen kan du titta p\u00e5 fordonen och de f\u00f6rbipasserande nedanf\u00f6r. Rundturen avslutas i maskinrummet.<\/p>\n\n\n\n<p>Med Explorer Pass kan du ocks\u00e5 bes\u00f6ka Tower Bridge Exhibition gratis, men det \u00e4r inte v\u00e4rt det, f\u00f6r med Explorer Pass b\u00f6r du bara bes\u00f6ka dyra attraktioner.<\/p>\n\n\n\n<p>P\u00e5 andra sidan Themsen \u00e4r det inte l\u00e5ngt till Shard, det imponerande glastornet som reser sig 309 meter h\u00f6gt. Ett bes\u00f6k p\u00e5 utsiktsplattformen ing\u00e5r i flera London Passes: <a href=\"https:\/\/www.londoncitypass.com\/sv\/london-pass\/\" title=\"London Pass 2023\">London Pass<\/a> och <a href=\"https:\/\/www.londoncitypass.com\/sv\/explorer-pass\/\" title=\"London Explorer Pass\">London Explorer Pass<\/a>. Observera dock att du m\u00e5ste boka tid i f\u00f6rv\u00e4g f\u00f6r bes\u00f6ket.<\/p>\n\n\n\n<h2 class=\"wp-block-heading\">Dag tre: Buckingham Palace + Kensington Palace<\/h2>\n\n\n\n<figure class=\"wp-block-image size-full\"><img loading=\"lazy\" decoding=\"async\" width=\"1000\" height=\"550\" src=\"https:\/\/www.londoncitypass.com\/wp-content\/uploads\/2023\/02\/london-kensington-palace.jpg\" alt=\"Kensington Palace i London\" class=\"wp-image-138\" srcset=\"https:\/\/www.londoncitypass.com\/wp-content\/uploads\/2023\/02\/london-kensington-palace.jpg 1000w, https:\/\/www.londoncitypass.com\/wp-content\/uploads\/2023\/02\/london-kensington-palace-300x165.jpg 300w, https:\/\/www.londoncitypass.com\/wp-content\/uploads\/2023\/02\/london-kensington-palace-768x422.jpg 768w, https:\/\/www.londoncitypass.com\/wp-content\/uploads\/2023\/02\/london-kensington-palace-18x10.jpg 18w\" sizes=\"auto, (max-width: 1000px) 100vw, 1000px\" \/><figcaption class=\"wp-element-caption\">\u00a9 Nicholas Musilli \/ Unsplash.com<\/figcaption><\/figure>\n\n\n\n<p>Den tredje dagen i London b\u00f6rjar p\u00e5 Trafalgar Square, ett centralt torg i hj\u00e4rtat av London. H\u00e4rifr\u00e5n kan du g\u00e5 till Buckingham Palace om du inte har n\u00e5got emot en l\u00e4ngre promenad. D\u00e4r hittar du Queen's Gallery, som du kan bes\u00f6ka gratis med Londonpasset.<\/p>\n\n\n\n<p>G\u00e5 sedan till Wellington Arch vid Hyde Park Corner. Med Londonpasset kan du kl\u00e4ttra upp p\u00e5 Triumfb\u00e5gen gratis och njuta av utsikten. Promenera genom vackra Hyde Park till Kensington Palace. Intr\u00e4det \u00e4r gratis med <a href=\"https:\/\/www.londoncitypass.com\/sv\/london-pass\/\" title=\"London Pass 2023\">London Pass<\/a> och <a href=\"https:\/\/www.londoncitypass.com\/sv\/explorer-pass\/\" title=\"London Explorer Pass\">Explorer Pass<\/a>.<\/p>\n\n\n\n<p>Om du fortfarande \u00e4r motiverad efter det kan du bes\u00f6ka den n\u00e4rliggande Royal Albert Hall som en del av en guidad tur. Detta ing\u00e5r ocks\u00e5 gratis i Londonpasset och Explorer Pass.<\/p>\n\n\n\n<p>Detta \u00e4r bara ett f\u00f6rslag p\u00e5 hur en tredagarsresa till London kan se ut. Naturligtvis kan du s\u00e4tta ihop din egen plan och bes\u00f6ka de m\u00e5nga sev\u00e4rdheterna, som \u00e4r gratis med ett London City Pass. Om du vill bes\u00f6ka mycket b\u00f6r du k\u00f6pa Londonpasset. Om du bara vill bes\u00f6ka n\u00e5gra f\u00e5 sev\u00e4rdheter kan London Explorer Pass vara ett b\u00e4ttre val.<\/p>","protected":false},"excerpt":{"rendered":"<p>London \u00e4r en av v\u00e4rldens st\u00f6rsta st\u00e4der och det \u00e4r n\u00e4stan om\u00f6jligt att hinna med allt p\u00e5 en dag. F\u00f6r att verkligen kunna njuta av stadens m\u00e5nga underverk b\u00f6r du tillbringa minst tre dagar i London. Men \u00e4ven p\u00e5 fyra eller fem dagar kan du uppt\u00e4cka en hel del nya saker. Staden erbjuder en otrolig variation av kulturella och historiska ... <a title=\"3 dagar i London med London City Pass\" class=\"read-more\" href=\"https:\/\/www.londoncitypass.com\/sv\/3-tage-in-london\/\" aria-label=\"L\u00e4s mer om 3 dagar i London med ett London City Pass\">L\u00e4s mer<\/a><\/p>","protected":false},"author":1,"featured_media":0,"parent":0,"menu_order":0,"comment_status":"closed","ping_status":"closed","template":"","meta":{"footnotes":""},"class_list":["post-155","page","type-page","status-publish"],"aioseo_notices":[],"featured_image_src":null,"_links":{"self":[{"href":"https:\/\/www.londoncitypass.com\/sv\/wp-json\/wp\/v2\/pages\/155","targetHints":{"allow":["GET"]}}],"collection":[{"href":"https:\/\/www.londoncitypass.com\/sv\/wp-json\/wp\/v2\/pages"}],"about":[{"href":"https:\/\/www.londoncitypass.com\/sv\/wp-json\/wp\/v2\/types\/page"}],"author":[{"embeddable":true,"href":"https:\/\/www.londoncitypass.com\/sv\/wp-json\/wp\/v2\/users\/1"}],"replies":[{"embeddable":true,"href":"https:\/\/www.londoncitypass.com\/sv\/wp-json\/wp\/v2\/comments?post=155"}],"version-history":[{"count":30,"href":"https:\/\/www.londoncitypass.com\/sv\/wp-json\/wp\/v2\/pages\/155\/revisions"}],"predecessor-version":[{"id":2074,"href":"https:\/\/www.londoncitypass.com\/sv\/wp-json\/wp\/v2\/pages\/155\/revisions\/2074"}],"wp:attachment":[{"href":"https:\/\/www.londoncitypass.com\/sv\/wp-json\/wp\/v2\/media?parent=155"}],"curies":[{"name":"wp","href":"https:\/\/api.w.org\/{rel}","templated":true}]}}