{"id":131,"date":"2023-02-01T09:27:41","date_gmt":"2023-02-01T09:27:41","guid":{"rendered":"https:\/\/www.londoncitypass.com\/?page_id=131"},"modified":"2026-02-03T13:15:19","modified_gmt":"2026-02-03T13:15:19","slug":"latnivalok","status":"publish","type":"page","link":"https:\/\/www.londoncitypass.com\/hu\/attraktionen\/","title":{"rendered":"London legn\u00e9pszer\u0171bb l\u00e1tnival\u00f3i"},"content":{"rendered":"<p>London t\u00f6bb ezer \u00e9ves t\u00f6rt\u00e9nelemmel \u00e9s kult\u00far\u00e1val rendelkez\u0151 v\u00e1ros. Olyan t\u00f6rt\u00e9nelmi \u00e9p\u00fcleteket l\u00e1togathat meg, mint a Buckingham-palota \u00e9s a Tower Bridge, \u00e9s olyan nevezetess\u00e9geket csod\u00e1lhat meg, mint a Big Ben \u00e9s a Parlament \u00e9p\u00fclete. Londonban sz\u00e1mos m\u00fazeum, gal\u00e9ria \u00e9s sz\u00ednh\u00e1z is tal\u00e1lhat\u00f3, ahol a l\u00e1togat\u00f3k t\u00f6bbet megtudhatnak a v\u00e1ros m\u00faltj\u00e1r\u00f3l \u00e9s jelen\u00e9r\u0151l.<\/p>\n\n\n\n<p>Sz\u00e1mtalan l\u00e1tnival\u00f3t fedezhet fel a v\u00e1rosban, amely soha nem alszik:<\/p>\n\n\n\n<h2 class=\"wp-block-heading\">Tower of London<\/h2>\n\n\n\n<figure class=\"wp-block-image size-full\"><img loading=\"lazy\" decoding=\"async\" width=\"1000\" height=\"500\" src=\"https:\/\/www.londoncitypass.com\/wp-content\/uploads\/2023\/01\/tower-of-london.jpg\" alt=\"Tower of London\" class=\"wp-image-133\" srcset=\"https:\/\/www.londoncitypass.com\/wp-content\/uploads\/2023\/01\/tower-of-london.jpg 1000w, https:\/\/www.londoncitypass.com\/wp-content\/uploads\/2023\/01\/tower-of-london-300x150.jpg 300w, https:\/\/www.londoncitypass.com\/wp-content\/uploads\/2023\/01\/tower-of-london-768x384.jpg 768w, https:\/\/www.londoncitypass.com\/wp-content\/uploads\/2023\/01\/tower-of-london-18x9.jpg 18w\" sizes=\"auto, (max-width: 1000px) 100vw, 1000px\" \/><figcaption class=\"wp-element-caption\">\u00a9 Nick Fewings \/ Unsplash.com<\/figcaption><\/figure>\n\n\n\n<div style=\"height:20px\" aria-hidden=\"true\" class=\"wp-block-spacer\"><\/div>\n\n\n\n<p>Ez az \u0151si er\u0151d az orsz\u00e1g egyik legh\u00edresebb \u00e9p\u00fclete, amelyet 1988-ban az UNESCO a vil\u00e1g\u00f6r\u00f6ks\u00e9g r\u00e9sz\u00e9v\u00e9 nyilv\u00e1n\u00edtott. \u00c9rt\u00e9kes koron\u00e1z\u00e1si \u00e9kszereknek \u00e9s Nagy-Britannia kir\u00e1lyi m\u00faltj\u00e1b\u00f3l sz\u00e1rmaz\u00f3 t\u00e1rgyaknak ad otthont. A l\u00e1togat\u00f3k vezetett t\u00far\u00e1kon is r\u00e9szt vehetnek az er\u0151dben, hogy t\u00f6bbet megtudjanak annak t\u00f6rt\u00e9net\u00e9r\u0151l.<\/p>\n\n\n\n<p>A l\u00e1togat\u00e1s a k\u00f6vetkez\u0151 London Passokkal lehets\u00e9ges: <a href=\"https:\/\/www.londoncitypass.com\/hu\/londoni-berlet\/\" title=\"London Pass 2023\">London Pass<\/a>, <a href=\"https:\/\/www.londoncitypass.com\/hu\/felfedezo-belepo\/\" title=\"London Explorer Pass\">London Explorer Pass<\/a> \u00e9s <a href=\"https:\/\/www.londoncitypass.com\/hu\/nagyvarosi-megtakarito\/\" title=\"Big City Saver Pass\">Multi Attraction Pass<\/a>.<\/p>\n\n\n<div class=\"wp-block-ub-divider ub_divider ub-divider-orientation-horizontal\" id=\"ub_divider_930391b2-120c-44ce-b10c-88906d2b763b\"><div class=\"ub_divider_wrapper\" style=\"position: relative; margin-bottom: 20px; width: 100%; height: 20px; \" data-divider-alignment=\"center\"><div class=\"ub_divider_line\" style=\"border-top: 2px solid #ccc; margin-top: 20px; \"><\/div><\/div><\/div>\n\n\n<h2 class=\"wp-block-heading\">Buckingham-palota<\/h2>\n\n\n\n<figure class=\"wp-block-image size-full\"><img loading=\"lazy\" decoding=\"async\" width=\"1000\" height=\"550\" src=\"https:\/\/www.londoncitypass.com\/wp-content\/uploads\/2023\/02\/london-buckingham-palace.jpg\" alt=\"Buckingham-palota Londonban\" class=\"wp-image-136\" srcset=\"https:\/\/www.londoncitypass.com\/wp-content\/uploads\/2023\/02\/london-buckingham-palace.jpg 1000w, https:\/\/www.londoncitypass.com\/wp-content\/uploads\/2023\/02\/london-buckingham-palace-300x165.jpg 300w, https:\/\/www.londoncitypass.com\/wp-content\/uploads\/2023\/02\/london-buckingham-palace-768x422.jpg 768w, https:\/\/www.londoncitypass.com\/wp-content\/uploads\/2023\/02\/london-buckingham-palace-18x10.jpg 18w\" sizes=\"auto, (max-width: 1000px) 100vw, 1000px\" \/><figcaption class=\"wp-element-caption\">\u00a9 Ferdinand St\u00f6hr \/ Unsplash.com<\/figcaption><\/figure>\n\n\n\n<div style=\"height:20px\" aria-hidden=\"true\" class=\"wp-block-spacer\"><\/div>\n\n\n\n<p>A kir\u00e1lyi palota 1837 \u00f3ta ad otthont az angol uralkod\u00f3knak, \u00e9s jelenleg K\u00e1roly kir\u00e1ly hivatalos londoni rezidenci\u00e1ja. A l\u00e1togat\u00f3k k\u00f6rbej\u00e1rhatj\u00e1k az \u00e1llami termeket, megcsod\u00e1lhatj\u00e1k a kir\u00e1lyi csal\u00e1d hatalmas m\u0171gy\u0171jtem\u00e9ny\u00e9t, vagy megn\u00e9zhetik a vil\u00e1gh\u00edr\u0171 \u0151rs\u00e9gv\u00e1lt\u00e1si szertart\u00e1st odakint.<\/p>\n\n\n\n<p>A Kir\u00e1lyi Gal\u00e9ria l\u00e1togat\u00e1sa a k\u00f6vetkez\u0151 programmal lehets\u00e9ges <a href=\"https:\/\/www.londoncitypass.com\/hu\/londoni-berlet\/\" title=\"London Pass 2023\">London Pass<\/a>.<\/p>\n\n\n<div class=\"wp-block-ub-divider ub_divider ub-divider-orientation-horizontal\" id=\"ub_divider_c5af1c68-1837-4803-9ec1-aa5c38cc5c82\"><div class=\"ub_divider_wrapper\" style=\"position: relative; margin-bottom: 20px; width: 100%; height: 20px; \" data-divider-alignment=\"center\"><div class=\"ub_divider_line\" style=\"border-top: 2px solid #ccc; margin-top: 20px; \"><\/div><\/div><\/div>\n\n\n<h2 class=\"wp-block-heading\">The Shard<\/h2>\n\n\n\n<figure class=\"wp-block-image size-full\"><img loading=\"lazy\" decoding=\"async\" width=\"1000\" height=\"550\" src=\"https:\/\/www.londoncitypass.com\/wp-content\/uploads\/2023\/02\/london-the-shard.jpg\" alt=\"The Shard Londonban\" class=\"wp-image-141\" srcset=\"https:\/\/www.londoncitypass.com\/wp-content\/uploads\/2023\/02\/london-the-shard.jpg 1000w, https:\/\/www.londoncitypass.com\/wp-content\/uploads\/2023\/02\/london-the-shard-300x165.jpg 300w, https:\/\/www.londoncitypass.com\/wp-content\/uploads\/2023\/02\/london-the-shard-768x422.jpg 768w, https:\/\/www.londoncitypass.com\/wp-content\/uploads\/2023\/02\/london-the-shard-18x10.jpg 18w\" sizes=\"auto, (max-width: 1000px) 100vw, 1000px\" \/><figcaption class=\"wp-element-caption\">\u00a9 Fred Moon \/ Unsplash.com<\/figcaption><\/figure>\n\n\n\n<div style=\"height:20px\" aria-hidden=\"true\" class=\"wp-block-spacer\"><\/div>\n\n\n\n<p>A 309 m\u00e9teres magass\u00e1g\u00e1val ez a leny\u0171g\u00f6z\u0151 felh\u0151karcol\u00f3 Eur\u00f3pa egyik legmagasabb \u00e9p\u00fclete. Menjen fel a lifttel a tetej\u00e9re, \u00e9s \u00e9lvezze a l\u00e9legzetel\u00e1ll\u00edt\u00f3 kil\u00e1t\u00e1st a v\u00e1rosra Eur\u00f3pa legmagasabb nyilv\u00e1nos kil\u00e1t\u00f3terasz\u00e1r\u00f3l.<\/p>\n\n\n\n<p>A l\u00e1togat\u00e1s tartalmazza a k\u00f6vetkez\u0151ket <a href=\"https:\/\/www.londoncitypass.com\/hu\/londoni-berlet\/\" title=\"London Pass 2023\">London Pass+<\/a> \u00e9s <a href=\"https:\/\/www.londoncitypass.com\/hu\/felfedezo-belepo\/\" title=\"London Explorer Pass\">London Explorer Pass<\/a>.<\/p>\n\n\n<div class=\"wp-block-ub-divider ub_divider ub-divider-orientation-horizontal\" id=\"ub_divider_31f0a4e5-9a36-4bb5-af3f-0052beaf37d1\"><div class=\"ub_divider_wrapper\" style=\"position: relative; margin-bottom: 20px; width: 100%; height: 20px; \" data-divider-alignment=\"center\"><div class=\"ub_divider_line\" style=\"border-top: 2px solid #ccc; margin-top: 20px; \"><\/div><\/div><\/div>\n\n\n<h2 class=\"wp-block-heading\">Westminster Abbey<\/h2>\n\n\n\n<figure class=\"wp-block-image size-full\"><img loading=\"lazy\" decoding=\"async\" width=\"1000\" height=\"680\" src=\"https:\/\/www.londoncitypass.com\/wp-content\/uploads\/2023\/02\/london-westminster-abbey.jpg\" alt=\"Westminster Abbey Londonban\" class=\"wp-image-144\" srcset=\"https:\/\/www.londoncitypass.com\/wp-content\/uploads\/2023\/02\/london-westminster-abbey.jpg 1000w, https:\/\/www.londoncitypass.com\/wp-content\/uploads\/2023\/02\/london-westminster-abbey-300x204.jpg 300w, https:\/\/www.londoncitypass.com\/wp-content\/uploads\/2023\/02\/london-westminster-abbey-768x522.jpg 768w, https:\/\/www.londoncitypass.com\/wp-content\/uploads\/2023\/02\/london-westminster-abbey-18x12.jpg 18w\" sizes=\"auto, (max-width: 1000px) 100vw, 1000px\" \/><figcaption class=\"wp-element-caption\">\u00a9 Ian Branch \/ Unsplash.com<\/figcaption><\/figure>\n\n\n\n<div style=\"height:20px\" aria-hidden=\"true\" class=\"wp-block-spacer\"><\/div>\n\n\n\n<p>Ez a gy\u00f6ny\u00f6r\u0171 g\u00f3tikus \u00e9p\u00fclet \u00e9vsz\u00e1zadok \u00f3ta otthont ad a brit kir\u00e1lyi csal\u00e1d \u00e9s az egyh\u00e1z tagjai koron\u00e1z\u00e1s\u00e1nak, temet\u00e9s\u00e9nek \u00e9s m\u00e1s fontos szertart\u00e1soknak. Ma m\u00e1r sz\u00edvesen l\u00e1tja a l\u00e1togat\u00f3kat, akik szeretn\u00e9k felfedezni komplex \u00e9p\u00edt\u00e9szet\u00e9t \u00e9s t\u00f6rt\u00e9nelmi s\u00edreml\u00e9keit.<\/p>\n\n\n\n<p>A l\u00e1togat\u00e1s tartalmazza a k\u00f6vetkez\u0151ket <a href=\"https:\/\/www.londoncitypass.com\/hu\/londoni-berlet\/\" title=\"London Pass 2023\">London Pass<\/a> \u00e9s <a href=\"https:\/\/www.londoncitypass.com\/hu\/felfedezo-belepo\/\" title=\"London Explorer Pass\">London Explorer Pass<\/a>.<\/p>\n\n\n<div class=\"wp-block-ub-divider ub_divider ub-divider-orientation-horizontal\" id=\"ub_divider_8daadfab-0706-4b61-812e-9adc2085e86f\"><div class=\"ub_divider_wrapper\" style=\"position: relative; margin-bottom: 20px; width: 100%; height: 20px; \" data-divider-alignment=\"center\"><div class=\"ub_divider_line\" style=\"border-top: 2px solid #ccc; margin-top: 20px; \"><\/div><\/div><\/div>\n\n\n<h2 class=\"wp-block-heading\">Szent P\u00e1l katedr\u00e1lis<\/h2>\n\n\n\n<figure class=\"wp-block-image size-full\"><img loading=\"lazy\" decoding=\"async\" width=\"1000\" height=\"550\" src=\"https:\/\/www.londoncitypass.com\/wp-content\/uploads\/2023\/02\/london-st-paul-cathedral.jpg\" alt=\"St Paul&#039;s Cathedral Londonban\" class=\"wp-image-140\" srcset=\"https:\/\/www.londoncitypass.com\/wp-content\/uploads\/2023\/02\/london-st-paul-cathedral.jpg 1000w, https:\/\/www.londoncitypass.com\/wp-content\/uploads\/2023\/02\/london-st-paul-cathedral-300x165.jpg 300w, https:\/\/www.londoncitypass.com\/wp-content\/uploads\/2023\/02\/london-st-paul-cathedral-768x422.jpg 768w, https:\/\/www.londoncitypass.com\/wp-content\/uploads\/2023\/02\/london-st-paul-cathedral-18x10.jpg 18w\" sizes=\"auto, (max-width: 1000px) 100vw, 1000px\" \/><figcaption class=\"wp-element-caption\">\u00a9 Jonathan Chng \/ Unsplash.com<\/figcaption><\/figure>\n\n\n\n<div style=\"height:20px\" aria-hidden=\"true\" class=\"wp-block-spacer\"><\/div>\n\n\n\n<p>Ezt az impoz\u00e1ns barokk templomot Sir Christopher Wren tervezte a 17. sz\u00e1zadban, \u00e9s London egyik legh\u00edresebb \u00e9p\u00fclete. Felfedezheti a katedr\u00e1lis d\u00edszes belsej\u00e9t, megl\u00e1togathatja a Suttog\u00f3 Gal\u00e9ri\u00e1t, \u00e9s felm\u00e1szhat a h\u00edres kupol\u00e1ra, ahonnan leny\u0171g\u00f6z\u0151 kil\u00e1t\u00e1s ny\u00edlik a v\u00e1rosra.<\/p>\n\n\n\n<p>A l\u00e1togat\u00e1st a <a href=\"https:\/\/www.londoncitypass.com\/hu\/londoni-berlet\/\" title=\"London Pass 2023\">London Pass<\/a> \u00e9s <a href=\"https:\/\/www.londoncitypass.com\/hu\/felfedezo-belepo\/\" title=\"London Explorer Pass\">London Explorer Pass<\/a>.<\/p>\n\n\n<div class=\"wp-block-ub-divider ub_divider ub-divider-orientation-horizontal\" id=\"ub_divider_566ae879-2d9e-449a-920a-ad3eb6eadc46\"><div class=\"ub_divider_wrapper\" style=\"position: relative; margin-bottom: 20px; width: 100%; height: 20px; \" data-divider-alignment=\"center\"><div class=\"ub_divider_line\" style=\"border-top: 2px solid #ccc; margin-top: 20px; \"><\/div><\/div><\/div>\n\n\n<h2 class=\"wp-block-heading\">Parlament \u00e9s Big Ben<\/h2>\n\n\n\n<figure class=\"wp-block-image size-full\"><img loading=\"lazy\" decoding=\"async\" width=\"1000\" height=\"600\" src=\"https:\/\/www.londoncitypass.com\/wp-content\/uploads\/2023\/02\/london-parliament-big-ben.jpg\" alt=\"A Parlament \u00e9s a Big Ben\" class=\"wp-image-139\" srcset=\"https:\/\/www.londoncitypass.com\/wp-content\/uploads\/2023\/02\/london-parliament-big-ben.jpg 1000w, https:\/\/www.londoncitypass.com\/wp-content\/uploads\/2023\/02\/london-parliament-big-ben-300x180.jpg 300w, https:\/\/www.londoncitypass.com\/wp-content\/uploads\/2023\/02\/london-parliament-big-ben-768x461.jpg 768w, https:\/\/www.londoncitypass.com\/wp-content\/uploads\/2023\/02\/london-parliament-big-ben-18x12.jpg 18w\" sizes=\"auto, (max-width: 1000px) 100vw, 1000px\" \/><figcaption class=\"wp-element-caption\">\u00a9 Marcin Nowak \/ Unsplash.com<\/figcaption><\/figure>\n\n\n\n<div style=\"height:20px\" aria-hidden=\"true\" class=\"wp-block-spacer\"><\/div>\n\n\n\n<p>A Parlament \u00e9s a Big Ben London legh\u00edresebb nevezetess\u00e9gei k\u00f6z\u00e9 tartozik. A Temz\u00e9n \u00e1ll\u00f3 k\u00e9t \u00e9p\u00fclet \u00e9vsz\u00e1zadok \u00f3ta a brit demokr\u00e1cia szimb\u00f3luma. A Houses of Parliament egy leny\u0171g\u00f6z\u0151 \u00e9p\u00fclet, ahol a Parlament k\u00e9t h\u00e1z\u00e1nak tagjai tal\u00e1lkoznak, hogy megvitass\u00e1k a t\u00f6rv\u00e9nyhoz\u00e1st, m\u00edg a Big Ben egy \u00f3ratorony a Parlament h\u00e1za el\u0151tt.<\/p>\n\n\n\n<p>Csatlakozhat a Palaces &amp; Parliament Walking Tour-hoz a <a href=\"https:\/\/www.londoncitypass.com\/hu\/londoni-berlet\/\" title=\"London Pass 2023\">London Pass<\/a> \u00e9s <a href=\"https:\/\/www.londoncitypass.com\/hu\/felfedezo-belepo\/\" title=\"London Explorer Pass\">Explorer Pass<\/a>.<\/p>\n\n\n<div class=\"wp-block-ub-divider ub_divider ub-divider-orientation-horizontal\" id=\"ub_divider_58f69037-1321-44f3-aa9f-8bb740bb7de5\"><div class=\"ub_divider_wrapper\" style=\"position: relative; margin-bottom: 20px; width: 100%; height: 20px; \" data-divider-alignment=\"center\"><div class=\"ub_divider_line\" style=\"border-top: 2px solid #ccc; margin-top: 20px; \"><\/div><\/div><\/div>\n\n\n<h2 class=\"wp-block-heading\">London Eye<\/h2>\n\n\n\n<figure class=\"wp-block-image size-full\"><img loading=\"lazy\" decoding=\"async\" width=\"1000\" height=\"550\" src=\"https:\/\/www.londoncitypass.com\/wp-content\/uploads\/2023\/02\/london-eye.jpg\" alt=\"London Eye\" class=\"wp-image-137\" srcset=\"https:\/\/www.londoncitypass.com\/wp-content\/uploads\/2023\/02\/london-eye.jpg 1000w, https:\/\/www.londoncitypass.com\/wp-content\/uploads\/2023\/02\/london-eye-300x165.jpg 300w, https:\/\/www.londoncitypass.com\/wp-content\/uploads\/2023\/02\/london-eye-768x422.jpg 768w, https:\/\/www.londoncitypass.com\/wp-content\/uploads\/2023\/02\/london-eye-18x10.jpg 18w\" sizes=\"auto, (max-width: 1000px) 100vw, 1000px\" \/><figcaption class=\"wp-element-caption\">\u00a9 David Henderson \/ Unsplash.com<\/figcaption><\/figure>\n\n\n\n<div style=\"height:20px\" aria-hidden=\"true\" class=\"wp-block-spacer\"><\/div>\n\n\n\n<p>\u00c9lvezze a 360 fokos kil\u00e1t\u00e1st London l\u00e1tk\u00e9p\u00e9re a vil\u00e1g egyik legmagasabb \u00f3ri\u00e1skerek\u00e9r\u0151l. Ez a l\u00e1tv\u00e1nyoss\u00e1g hihetetlen kil\u00e1t\u00e1st ny\u00fajt a v\u00e1rosra, \u00e9s London egyik legn\u00e9pszer\u0171bb l\u00e1tnival\u00f3ja. A London Eye a k\u00f6vetkez\u0151 programban szerepel <a href=\"https:\/\/www.londoncitypass.com\/hu\/nagyvarosi-megtakarito\/\" title=\"Multi Attraction Pass\">Multi Attraction Pass<\/a>, <a href=\"https:\/\/www.londoncitypass.com\/hu\/londoni-berlet\/\" title=\"London Pass 2024\">London Pass+<\/a>.<\/p>\n\n\n<div class=\"wp-block-ub-divider ub_divider ub-divider-orientation-horizontal\" id=\"ub_divider_51a94ab3-1875-4214-aa05-b0403db7cf92\"><div class=\"ub_divider_wrapper\" style=\"position: relative; margin-bottom: 20px; width: 100%; height: 20px; \" data-divider-alignment=\"center\"><div class=\"ub_divider_line\" style=\"border-top: 2px solid #ccc; margin-top: 20px; \"><\/div><\/div><\/div>\n\n\n<h2 class=\"wp-block-heading\">Kensington-palota<\/h2>\n\n\n\n<figure class=\"wp-block-image size-full\"><img loading=\"lazy\" decoding=\"async\" width=\"1000\" height=\"550\" src=\"https:\/\/www.londoncitypass.com\/wp-content\/uploads\/2023\/02\/london-kensington-palace.jpg\" alt=\"Kensington-palota Londonban\" class=\"wp-image-138\" srcset=\"https:\/\/www.londoncitypass.com\/wp-content\/uploads\/2023\/02\/london-kensington-palace.jpg 1000w, https:\/\/www.londoncitypass.com\/wp-content\/uploads\/2023\/02\/london-kensington-palace-300x165.jpg 300w, https:\/\/www.londoncitypass.com\/wp-content\/uploads\/2023\/02\/london-kensington-palace-768x422.jpg 768w, https:\/\/www.londoncitypass.com\/wp-content\/uploads\/2023\/02\/london-kensington-palace-18x10.jpg 18w\" sizes=\"auto, (max-width: 1000px) 100vw, 1000px\" \/><figcaption class=\"wp-element-caption\">\u00a9 Nicholas Musilli \/ Unsplash.com<\/figcaption><\/figure>\n\n\n\n<div style=\"height:20px\" aria-hidden=\"true\" class=\"wp-block-spacer\"><\/div>\n\n\n\n<p>Ez a pomp\u00e1s palota legal\u00e1bb 1689 \u00f3ta a brit kir\u00e1lyi csal\u00e1d sz\u00e9khelye, \u00e9s ma a kir\u00e1lyi csal\u00e1d sz\u00e1mos tagj\u00e1nak ad otthont. A palot\u00e1ban vezetett t\u00far\u00e1kon vehet r\u00e9szt, vagy felfedezheti a buja kerteket.<\/p>\n\n\n\n<p>A Kensington-palota a k\u00f6vetkez\u0151 London Passokkal l\u00e1togathat\u00f3: <a href=\"https:\/\/www.londoncitypass.com\/hu\/londoni-berlet\/\" title=\"London Pass 2023\">London Pass<\/a>, <a href=\"https:\/\/www.londoncitypass.com\/hu\/felfedezo-belepo\/\" title=\"London Explorer Pass\">Explorer Pass<\/a>.<\/p>\n\n\n<div class=\"wp-block-ub-divider ub_divider ub-divider-orientation-horizontal\" id=\"ub_divider_18aa0cd8-3459-47bb-ba07-c960827494a9\"><div class=\"ub_divider_wrapper\" style=\"position: relative; margin-bottom: 20px; width: 100%; height: 20px; \" data-divider-alignment=\"center\"><div class=\"ub_divider_line\" style=\"border-top: 2px solid #ccc; margin-top: 20px; \"><\/div><\/div><\/div>\n\n\n<h2 class=\"wp-block-heading\">London Tower Bridge<\/h2>\n\n\n\n<figure class=\"wp-block-image size-full\"><img loading=\"lazy\" decoding=\"async\" width=\"1000\" height=\"600\" src=\"https:\/\/www.londoncitypass.com\/wp-content\/uploads\/2023\/02\/london-tower-bridge.jpg\" alt=\"London Tower Bridge\" class=\"wp-image-142\" srcset=\"https:\/\/www.londoncitypass.com\/wp-content\/uploads\/2023\/02\/london-tower-bridge.jpg 1000w, https:\/\/www.londoncitypass.com\/wp-content\/uploads\/2023\/02\/london-tower-bridge-300x180.jpg 300w, https:\/\/www.londoncitypass.com\/wp-content\/uploads\/2023\/02\/london-tower-bridge-768x461.jpg 768w, https:\/\/www.londoncitypass.com\/wp-content\/uploads\/2023\/02\/london-tower-bridge-18x12.jpg 18w\" sizes=\"auto, (max-width: 1000px) 100vw, 1000px\" \/><figcaption class=\"wp-element-caption\">\u00a9 Charles Postiaux \/ Unsplash.com<\/figcaption><\/figure>\n\n\n\n<div style=\"height:20px\" aria-hidden=\"true\" class=\"wp-block-spacer\"><\/div>\n\n\n\n<p>A brit f\u0151v\u00e1rosban nincs m\u00e9g egy olyan h\u00edres h\u00edd, mint az London Tower Bridge. A 19. sz\u00e1zad v\u00e9g\u00e9n \u00e9p\u00fclt, \u00e9s ma egyszerre fontos f\u0151\u00fatvonal \u00e9s turisztikai l\u00e1tv\u00e1nyoss\u00e1g. A Temze mindk\u00e9t partj\u00e1r\u00f3l a h\u00edd n\u00e9pszer\u0171 fot\u00f3mot\u00edvum.<\/p>\n\n\n\n<p>A k\u00f6vetkez\u0151 London Passokkal ingyenesen l\u00e1togathatja meg az London Tower Bridge ki\u00e1ll\u00edt\u00e1st: <a href=\"https:\/\/www.londoncitypass.com\/hu\/felfedezo-belepo\/\" title=\"London Explorer Pass\">London Explorer Pass<\/a> \u00e9s <a href=\"https:\/\/www.londoncitypass.com\/hu\/londoni-berlet\/\" title=\"London Pass 2023\">London Pass<\/a>.<\/p>\n\n\n<div class=\"wp-block-ub-divider ub_divider ub-divider-orientation-horizontal\" id=\"ub_divider_7ce51777-953c-48d7-9925-9d05ae8ed836\"><div class=\"ub_divider_wrapper\" style=\"position: relative; margin-bottom: 20px; width: 100%; height: 20px; \" data-divider-alignment=\"center\"><div class=\"ub_divider_line\" style=\"border-top: 2px solid #ccc; margin-top: 20px; \"><\/div><\/div><\/div>\n\n\n<h2 class=\"wp-block-heading\">Trafalgar t\u00e9r<\/h2>\n\n\n\n<figure class=\"wp-block-image size-full\"><img loading=\"lazy\" decoding=\"async\" width=\"1000\" height=\"550\" src=\"https:\/\/www.londoncitypass.com\/wp-content\/uploads\/2023\/02\/london-trafalgar-square.jpg\" alt=\"Trafalgar t\u00e9r Londonban\" class=\"wp-image-143\" srcset=\"https:\/\/www.londoncitypass.com\/wp-content\/uploads\/2023\/02\/london-trafalgar-square.jpg 1000w, https:\/\/www.londoncitypass.com\/wp-content\/uploads\/2023\/02\/london-trafalgar-square-300x165.jpg 300w, https:\/\/www.londoncitypass.com\/wp-content\/uploads\/2023\/02\/london-trafalgar-square-768x422.jpg 768w, https:\/\/www.londoncitypass.com\/wp-content\/uploads\/2023\/02\/london-trafalgar-square-18x10.jpg 18w\" sizes=\"auto, (max-width: 1000px) 100vw, 1000px\" \/><figcaption class=\"wp-element-caption\">\u00a9 Diane Picchiottino \/ Unsplash.com<\/figcaption><\/figure>\n\n\n\n<div style=\"height:20px\" aria-hidden=\"true\" class=\"wp-block-spacer\"><\/div>\n\n\n\n<p>Ez a ny\u00fczsg\u0151 t\u00e9r a v\u00e1ros sz\u00edv\u00e9ben ide\u00e1lis hely arra, hogy megfigyelje London ny\u00fczsg\u00e9s\u00e9t. A Nemzeti Gal\u00e9ri\u00e1val, a Nelson-oszloppal \u00e9s sz\u00e1mos szoborral London egyik legn\u00e9pszer\u0171bb turisztikai l\u00e1tv\u00e1nyoss\u00e1ga.<\/p>\n\n\n<div class=\"wp-block-ub-divider ub_divider ub-divider-orientation-horizontal\" id=\"ub_divider_98c0e5c1-e915-403e-a939-e3d4d129d567\"><div class=\"ub_divider_wrapper\" style=\"position: relative; margin-bottom: 20px; width: 100%; height: 20px; \" data-divider-alignment=\"center\"><div class=\"ub_divider_line\" style=\"border-top: 2px solid #ccc; margin-top: 20px; \"><\/div><\/div><\/div>\n\n\n<p>Ez csak egy kis v\u00e1logat\u00e1s London sz\u00e1mos l\u00e1tnival\u00f3j\u00e1b\u00f3l. Ak\u00e1r kultur\u00e1lis \u00e9lm\u00e9nyekre \u00e9s t\u00f6rt\u00e9nelmi l\u00e1tnival\u00f3kra v\u00e1gyik, ak\u00e1r egyszer\u0171en csak a brit kult\u00far\u00e1t szeretn\u00e9 \u00e9lvezni, ebben a hihetetlen v\u00e1rosban mindenki sz\u00e1m\u00e1ra van valami.<\/p>","protected":false},"excerpt":{"rendered":"<p>London t\u00f6bb ezer \u00e9ves t\u00f6rt\u00e9nelemmel \u00e9s kult\u00far\u00e1val rendelkez\u0151 v\u00e1ros. Olyan t\u00f6rt\u00e9nelmi \u00e9p\u00fcleteket l\u00e1togathat meg, mint a Buckingham-palota \u00e9s a Tower Bridge, \u00e9s olyan nevezetess\u00e9geket csod\u00e1lhat meg, mint a Big Ben \u00e9s a Parlament \u00e9p\u00fclete. London sz\u00e1mos m\u00fazeumnak, gal\u00e9ri\u00e1nak \u00e9s sz\u00ednh\u00e1znak is otthont ad, ahol a l\u00e1togat\u00f3k t\u00f6bbet megtudhatnak a v\u00e1ros m\u00faltj\u00e1r\u00f3l \u00e9s jelen\u00e9r\u0151l..... <a title=\"London legn\u00e9pszer\u0171bb l\u00e1tnival\u00f3i\" class=\"read-more\" href=\"https:\/\/www.londoncitypass.com\/hu\/attraktionen\/\" aria-label=\"Tov\u00e1bbi inform\u00e1ci\u00f3 London legn\u00e9pszer\u0171bb l\u00e1tnival\u00f3ir\u00f3l\">Olvass tov\u00e1bb<\/a><\/p>","protected":false},"author":1,"featured_media":0,"parent":0,"menu_order":0,"comment_status":"closed","ping_status":"closed","template":"","meta":{"footnotes":""},"class_list":["post-131","page","type-page","status-publish"],"aioseo_notices":[],"featured_image_src":null,"_links":{"self":[{"href":"https:\/\/www.londoncitypass.com\/hu\/wp-json\/wp\/v2\/pages\/131","targetHints":{"allow":["GET"]}}],"collection":[{"href":"https:\/\/www.londoncitypass.com\/hu\/wp-json\/wp\/v2\/pages"}],"about":[{"href":"https:\/\/www.londoncitypass.com\/hu\/wp-json\/wp\/v2\/types\/page"}],"author":[{"embeddable":true,"href":"https:\/\/www.londoncitypass.com\/hu\/wp-json\/wp\/v2\/users\/1"}],"replies":[{"embeddable":true,"href":"https:\/\/www.londoncitypass.com\/hu\/wp-json\/wp\/v2\/comments?post=131"}],"version-history":[{"count":31,"href":"https:\/\/www.londoncitypass.com\/hu\/wp-json\/wp\/v2\/pages\/131\/revisions"}],"predecessor-version":[{"id":1941,"href":"https:\/\/www.londoncitypass.com\/hu\/wp-json\/wp\/v2\/pages\/131\/revisions\/1941"}],"wp:attachment":[{"href":"https:\/\/www.londoncitypass.com\/hu\/wp-json\/wp\/v2\/media?parent=131"}],"curies":[{"name":"wp","href":"https:\/\/api.w.org\/{rel}","templated":true}]}}