{"id":155,"date":"2023-02-01T13:02:31","date_gmt":"2023-02-01T13:02:31","guid":{"rendered":"https:\/\/www.londoncitypass.com\/?page_id=155"},"modified":"2026-02-16T14:07:58","modified_gmt":"2026-02-16T14:07:58","slug":"londrada-3-guen","status":"publish","type":"page","link":"https:\/\/www.londoncitypass.com\/tr\/3-tage-in-london\/","title":{"rendered":"Londra City Pass ile Londra'da 3 g\u00fcn"},"content":{"rendered":"<p>Londra d\u00fcnyan\u0131n en b\u00fcy\u00fck \u015fehirlerinden biridir ve bir g\u00fcnde anla\u015f\u0131lmas\u0131 neredeyse imk\u00e2ns\u0131zd\u0131r. \u015eehrin bir\u00e7ok harikas\u0131n\u0131n ger\u00e7ekten tad\u0131n\u0131 \u00e7\u0131karmak i\u00e7in Londra'da en az \u00fc\u00e7 g\u00fcn ge\u00e7irmelisiniz. Ancak d\u00f6rt ya da be\u015f g\u00fcnde bile pek \u00e7ok yeni \u015fey ke\u015ffedebilirsiniz.<\/p>\n\n\n\n<p>\u015eehir, inan\u0131lmaz \u00e7e\u015fitlilikte k\u00fclt\u00fcrel ve tarihi cazibe merkezleri sunmaktad\u0131r. British Museum, National Gallery ve Tate Modern gibi m\u00fcze ve galeriler \u015fehrin ge\u00e7mi\u015fi hakk\u0131nda daha fazla bilgi edinmek i\u00e7in bir\u00e7ok f\u0131rsat sunmaktad\u0131r. Big Ben ve Buckingham Saray\u0131 gibi \u00fcnl\u00fc simge yap\u0131lar \u0130ngiltere'nin zengin tarihi hakk\u0131nda fikir vermektedir.<\/p>\n\n\n\n<p>A\u015fa\u011f\u0131da Londra ziyareti i\u00e7in \u00fc\u00e7 g\u00fcnl\u00fck bir g\u00fczergah yer almaktad\u0131r. G\u00f6r\u00fclecek yerler, Londra \u015eehir Kart\u0131n\u0131zdan en iyi \u015fekilde yararlanmak i\u00e7in se\u00e7ilmi\u015ftir.<\/p>\n\n\n\n<h2 class=\"wp-block-heading\">\u0130lk g\u00fcn: Hop-on\/Hop-off + Westminster Abbey + Y\u00fcr\u00fcy\u00fc\u015f Turu<\/h2>\n\n\n\n<figure class=\"wp-block-image size-full\"><img loading=\"lazy\" decoding=\"async\" width=\"1000\" height=\"600\" src=\"https:\/\/www.londoncitypass.com\/wp-content\/uploads\/2023\/02\/london-big-bus.jpg\" alt=\"Londra Big Bus\" class=\"wp-image-156\" srcset=\"https:\/\/www.londoncitypass.com\/wp-content\/uploads\/2023\/02\/london-big-bus.jpg 1000w, https:\/\/www.londoncitypass.com\/wp-content\/uploads\/2023\/02\/london-big-bus-300x180.jpg 300w, https:\/\/www.londoncitypass.com\/wp-content\/uploads\/2023\/02\/london-big-bus-768x461.jpg 768w, https:\/\/www.londoncitypass.com\/wp-content\/uploads\/2023\/02\/london-big-bus-18x12.jpg 18w\" sizes=\"auto, (max-width: 1000px) 100vw, 1000px\" \/><figcaption class=\"wp-element-caption\">\u00a9 Big Bus Tours<\/figcaption><\/figure>\n\n\n\n<p>Ke\u015fif yolculu\u011funuza ilk bak\u0131\u015f i\u00e7in hop-on\/hop-off otob\u00fcslerle yapaca\u011f\u0131n\u0131z bir \u015fehir turuyla ba\u015flay\u0131n. Otob\u00fcsleri her g\u00fcn Londra'y\u0131 dola\u015fan birka\u00e7 otob\u00fcs \u015firketi vard\u0131r. \u00c7o\u011fu operat\u00f6rle \u015fehrin farkl\u0131 b\u00f6lgelerini ke\u015ffetmek i\u00e7in iki hat aras\u0131nda ge\u00e7i\u015f yapabilirsiniz.<\/p>\n\n\n\n<p>T\u00fcm Londra Pass'lar\u0131 ile hop-on\/hop-off turu m\u00fcmk\u00fcnd\u00fcr: Londra Pass ile <a href=\"https:\/\/www.londoncitypass.com\/tr\/londra-geci%cc%87si%cc%87\/\" title=\"London Pass 2023\">London Pass<\/a> ve <a href=\"https:\/\/www.londoncitypass.com\/tr\/kasif-geci%cc%87si%cc%87\/\" title=\"Londra Explorer Pass\">Londra Explorer Pass<\/a> Big Bus veya Golden Tours otob\u00fcslerini bir seferde bir g\u00fcnl\u00fc\u011f\u00fcne kullanabilirsiniz.<\/p>\n\n\n\n<p>Bu otob\u00fcs turlar\u0131 olduk\u00e7a pahal\u0131d\u0131r. Bu nedenle Londra \u015eehir Bileti, bir \u015fehir turunda kendini \u00e7abucak amorti eder.<\/p>\n\n\n\n<p>Uzun tarihi boyunca bir\u00e7ok ta\u00e7 giyme t\u00f6reni, d\u00fc\u011f\u00fcn ve cenaze t\u00f6reni g\u00f6rm\u00fc\u015f olan kilise Westminster Abbey'de inin. London Pass+ ve Londra Explorer Pass ile kiliseyi \u00fccretsiz olarak ziyaret edebilirsiniz.<\/p>\n\n\n\n<p>London Pass ile \u00fccretsiz olarak kat\u0131labilece\u011finiz \"Saraylar ve Parlamento Y\u00fcr\u00fcy\u00fc\u015f Turu\" Westminster Abbey'nin yak\u0131n\u0131nda ba\u015flamaktad\u0131r. Tur g\u00fcnde \u00fc\u00e7 kez ger\u00e7ekle\u015ftirilmektedir.<\/p>\n\n\n\n<h2 class=\"wp-block-heading\">\u0130kinci g\u00fcn: Tower of London + Tower Bridge + The Shard<\/h2>\n\n\n\n<figure class=\"wp-block-image size-full\"><img loading=\"lazy\" decoding=\"async\" width=\"1000\" height=\"500\" src=\"https:\/\/www.londoncitypass.com\/wp-content\/uploads\/2023\/01\/tower-of-london.jpg\" alt=\"Tower of London\" class=\"wp-image-133\" srcset=\"https:\/\/www.londoncitypass.com\/wp-content\/uploads\/2023\/01\/tower-of-london.jpg 1000w, https:\/\/www.londoncitypass.com\/wp-content\/uploads\/2023\/01\/tower-of-london-300x150.jpg 300w, https:\/\/www.londoncitypass.com\/wp-content\/uploads\/2023\/01\/tower-of-london-768x384.jpg 768w, https:\/\/www.londoncitypass.com\/wp-content\/uploads\/2023\/01\/tower-of-london-18x9.jpg 18w\" sizes=\"auto, (max-width: 1000px) 100vw, 1000px\" \/><figcaption class=\"wp-element-caption\">\u00a9 Nick Fewings \/ Unsplash.com<\/figcaption><\/figure>\n\n\n\n<p>Londra'daki ikinci g\u00fcn\u00fcn\u00fcze \u015fehrin en \u00fcnl\u00fc simgelerinden biri olan Tower of London'de ba\u015flay\u0131n. Crown Jewels'\u0131 ziyaret edin ve rehberli Beefeater turuna kat\u0131l\u0131n. Giri\u015f sizin i\u00e7in \u00fccretsizdir <a href=\"https:\/\/www.londoncitypass.com\/tr\/londra-geci%cc%87si%cc%87\/\" title=\"London Pass 2023\">London Pass<\/a> ve <a href=\"https:\/\/www.londoncitypass.com\/tr\/kasif-geci%cc%87si%cc%87\/\" title=\"Londra Explorer Pass\">Londra Explorer Pass<\/a>,<\/p>\n\n\n\n<p>Ard\u0131ndan Londra Kulesi'ne sadece birka\u00e7 metre mesafedeki London Tower Bridge'ye gidin. ile <a href=\"https:\/\/www.londoncitypass.com\/tr\/londra-geci%cc%87si%cc%87\/\" title=\"London Pass 2023\">London Pass<\/a> Tower Bridge Sergisi'ni \u00fccretsiz olarak ziyaret edebilirsiniz. Bunun i\u00e7in Kuzey Kulesi'ne t\u0131rman\u0131n ve cam zemin \u00fczerinde y\u00fcr\u00fcy\u00fcn. En tepeden a\u015fa\u011f\u0131daki ara\u00e7lar\u0131 ve yoldan ge\u00e7enleri izleyebilirsiniz. Tur makine dairesinde sona ermektedir.<\/p>\n\n\n\n<p>Explorer Pass ile Tower Bridge Sergisi'ni de \u00fccretsiz olarak ziyaret edebilirsiniz, ancak buna de\u011fmez, \u00e7\u00fcnk\u00fc Explorer Pass ile yaln\u0131zca pahal\u0131 turistik yerleri ziyaret etmelisiniz.<\/p>\n\n\n\n<p>Thames Nehri'nin di\u011fer taraf\u0131nda, 309 metreye kadar y\u00fckselen etkileyici cam kule Shard'a \u00e7ok uzak de\u011fil. \u0130zleme platformuna yap\u0131lacak bir ziyaret bir\u00e7ok London Pass'a dahildir: <a href=\"https:\/\/www.londoncitypass.com\/tr\/londra-geci%cc%87si%cc%87\/\" title=\"London Pass 2023\">London Pass<\/a> ve <a href=\"https:\/\/www.londoncitypass.com\/tr\/kasif-geci%cc%87si%cc%87\/\" title=\"Londra Explorer Pass\">Londra Explorer Pass<\/a>. Ancak ziyaret i\u00e7in \u00f6nceden randevu alman\u0131z gerekti\u011fini l\u00fctfen unutmay\u0131n.<\/p>\n\n\n\n<h2 class=\"wp-block-heading\">\u00dc\u00e7\u00fcnc\u00fc G\u00fcn: Buckingham Saray\u0131 + Kensington Saray\u0131<\/h2>\n\n\n\n<figure class=\"wp-block-image size-full\"><img loading=\"lazy\" decoding=\"async\" width=\"1000\" height=\"550\" src=\"https:\/\/www.londoncitypass.com\/wp-content\/uploads\/2023\/02\/london-kensington-palace.jpg\" alt=\"Londra&#039;daki Kensington Saray\u0131\" class=\"wp-image-138\" srcset=\"https:\/\/www.londoncitypass.com\/wp-content\/uploads\/2023\/02\/london-kensington-palace.jpg 1000w, https:\/\/www.londoncitypass.com\/wp-content\/uploads\/2023\/02\/london-kensington-palace-300x165.jpg 300w, https:\/\/www.londoncitypass.com\/wp-content\/uploads\/2023\/02\/london-kensington-palace-768x422.jpg 768w, https:\/\/www.londoncitypass.com\/wp-content\/uploads\/2023\/02\/london-kensington-palace-18x10.jpg 18w\" sizes=\"auto, (max-width: 1000px) 100vw, 1000px\" \/><figcaption class=\"wp-element-caption\">\u00a9 Nicholas Musilli \/ Unsplash.com<\/figcaption><\/figure>\n\n\n\n<p>Londra'daki \u00fc\u00e7\u00fcnc\u00fc g\u00fcn, Londra'n\u0131n kalbindeki merkezi bir meydan olan Trafalgar Meydan\u0131'nda ba\u015flar. Uzun bir y\u00fcr\u00fcy\u00fc\u015fe ald\u0131rmazsan\u0131z buradan Buckingham Saray\u0131'na y\u00fcr\u00fcyebilirsiniz. Burada London Pass ile \u00fccretsiz olarak ziyaret edebilece\u011finiz Krali\u00e7e'nin Galerisi'ni bulacaks\u0131n\u0131z.<\/p>\n\n\n\n<p>Ard\u0131ndan Hyde Park Corner'daki Wellington Arch'ye devam edin. London Pass ile Arc de Triomphe'a \u00fccretsiz olarak t\u0131rmanabilir ve manzaran\u0131n tad\u0131n\u0131 \u00e7\u0131karabilirsiniz. G\u00fczel Hyde Park'tan ge\u00e7erek Kensington Saray\u0131'na y\u00fcr\u00fcy\u00fcn. Giri\u015f \u00fccretsizdir <a href=\"https:\/\/www.londoncitypass.com\/tr\/londra-geci%cc%87si%cc%87\/\" title=\"London Pass 2023\">London Pass<\/a> ve <a href=\"https:\/\/www.londoncitypass.com\/tr\/kasif-geci%cc%87si%cc%87\/\" title=\"Londra Explorer Pass\">Explorer Pass<\/a>.<\/p>\n\n\n\n<p>Daha sonra hala motivasyonunuz varsa, rehberli turun bir par\u00e7as\u0131 olarak yak\u0131ndaki Royal Albert Hall'yi ziyaret edebilirsiniz. Bu da London Pass ve Explorer Pass'ye \u00fccretsiz olarak dahildir.<\/p>\n\n\n\n<p>Bu sadece \u00fc\u00e7 g\u00fcnl\u00fck bir Londra gezisinin neye benzeyebilece\u011fine dair bir \u00f6neridir. Elbette kendi plan\u0131n\u0131z\u0131 yapabilir ve London City Pass ile \u00fccretsiz olan bir\u00e7ok turistik yeri ziyaret edebilirsiniz. E\u011fer \u00e7ok gezmek istiyorsan\u0131z London Pass sat\u0131n almal\u0131s\u0131n\u0131z. Sadece birka\u00e7 turistik yeri ziyaret etmek istiyorsan\u0131z, Londra Explorer Pass daha iyi bir se\u00e7im olabilir.<\/p>","protected":false},"excerpt":{"rendered":"<p>Londra d\u00fcnyan\u0131n en b\u00fcy\u00fck \u015fehirlerinden biridir ve bir g\u00fcnde gezilmesi \u00e7ok zordur. \u015eehrin bir\u00e7ok harikas\u0131n\u0131n ger\u00e7ekten tad\u0131n\u0131 \u00e7\u0131karmak i\u00e7in Londra'da en az \u00fc\u00e7 g\u00fcn ge\u00e7irmelisiniz. Ancak d\u00f6rt ya da be\u015f g\u00fcnde bile bir\u00e7ok yeni \u015fey ke\u015ffedebilirsiniz. \u015eehir inan\u0131lmaz bir k\u00fclt\u00fcrel ve tarihi \u00e7e\u015fitlilik sunmaktad\u0131r ... <a title=\"Londra City Pass ile Londra&#039;da 3 g\u00fcn\" class=\"read-more\" href=\"https:\/\/www.londoncitypass.com\/tr\/3-tage-in-london\/\" aria-label=\"Londra City Pass ile Londra&#039;da 3 g\u00fcn hakk\u0131nda devam\u0131n\u0131 oku\">Devam\u0131n\u0131 oku<\/a><\/p>","protected":false},"author":1,"featured_media":0,"parent":0,"menu_order":0,"comment_status":"closed","ping_status":"closed","template":"","meta":{"footnotes":""},"class_list":["post-155","page","type-page","status-publish"],"aioseo_notices":[],"featured_image_src":null,"_links":{"self":[{"href":"https:\/\/www.londoncitypass.com\/tr\/wp-json\/wp\/v2\/pages\/155","targetHints":{"allow":["GET"]}}],"collection":[{"href":"https:\/\/www.londoncitypass.com\/tr\/wp-json\/wp\/v2\/pages"}],"about":[{"href":"https:\/\/www.londoncitypass.com\/tr\/wp-json\/wp\/v2\/types\/page"}],"author":[{"embeddable":true,"href":"https:\/\/www.londoncitypass.com\/tr\/wp-json\/wp\/v2\/users\/1"}],"replies":[{"embeddable":true,"href":"https:\/\/www.londoncitypass.com\/tr\/wp-json\/wp\/v2\/comments?post=155"}],"version-history":[{"count":30,"href":"https:\/\/www.londoncitypass.com\/tr\/wp-json\/wp\/v2\/pages\/155\/revisions"}],"predecessor-version":[{"id":2074,"href":"https:\/\/www.londoncitypass.com\/tr\/wp-json\/wp\/v2\/pages\/155\/revisions\/2074"}],"wp:attachment":[{"href":"https:\/\/www.londoncitypass.com\/tr\/wp-json\/wp\/v2\/media?parent=155"}],"curies":[{"name":"wp","href":"https:\/\/api.w.org\/{rel}","templated":true}]}}