{"id":155,"date":"2023-02-01T13:02:31","date_gmt":"2023-02-01T13:02:31","guid":{"rendered":"https:\/\/www.londoncitypass.com\/?page_id=155"},"modified":"2026-02-16T14:07:58","modified_gmt":"2026-02-16T14:07:58","slug":"3-zile-in-londra","status":"publish","type":"page","link":"https:\/\/www.londoncitypass.com\/ro\/3-tage-in-london\/","title":{"rendered":"3 zile \u00een Londra cu un London City Pass"},"content":{"rendered":"<p>Londra este unul dintre cele mai mari ora\u0219e din lume \u0219i este aproape imposibil de cuprins \u00eentr-o singur\u0103 zi. Pentru a v\u0103 bucura cu adev\u0103rat de numeroasele minuni ale ora\u0219ului, ar trebui s\u0103 petrece\u021bi cel pu\u021bin trei zile \u00een Londra. Dar chiar \u0219i \u00een patru sau cinci zile pute\u021bi descoperi o mul\u021bime de lucruri noi.<\/p>\n\n\n\n<p>Ora\u0219ul ofer\u0103 o varietate incredibil\u0103 de atrac\u021bii culturale \u0219i istorice. Muzeele \u0219i galeriile, cum ar fi British Museum, National Gallery \u0219i Tate Modern, ofer\u0103 numeroase oportunit\u0103\u021bi de a afla mai multe despre trecutul ora\u0219ului. Repere celebre, precum Big Ben \u0219i Palatul Buckingham, ofer\u0103 o perspectiv\u0103 asupra istoriei bogate a Angliei.<\/p>\n\n\n\n<p>\u00cen cele ce urmeaz\u0103 este prezentat un itinerar de trei zile pentru o vizit\u0103 la Londra. Obiectivele turistice au fost selectate pentru a profita la maximum de London City Pass.<\/p>\n\n\n\n<h2 class=\"wp-block-heading\">Prima zi: Hop-on\/Hop-off + Westminster Abbey + Tur pietonal<\/h2>\n\n\n\n<figure class=\"wp-block-image size-full\"><img loading=\"lazy\" decoding=\"async\" width=\"1000\" height=\"600\" src=\"https:\/\/www.londoncitypass.com\/wp-content\/uploads\/2023\/02\/london-big-bus.jpg\" alt=\"Londra Big Bus\" class=\"wp-image-156\" srcset=\"https:\/\/www.londoncitypass.com\/wp-content\/uploads\/2023\/02\/london-big-bus.jpg 1000w, https:\/\/www.londoncitypass.com\/wp-content\/uploads\/2023\/02\/london-big-bus-300x180.jpg 300w, https:\/\/www.londoncitypass.com\/wp-content\/uploads\/2023\/02\/london-big-bus-768x461.jpg 768w, https:\/\/www.londoncitypass.com\/wp-content\/uploads\/2023\/02\/london-big-bus-18x12.jpg 18w\" sizes=\"auto, (max-width: 1000px) 100vw, 1000px\" \/><figcaption class=\"wp-element-caption\">\u00a9 Big Bus Tours<\/figcaption><\/figure>\n\n\n\n<p>\u00cencepe\u021bi c\u0103l\u0103toria de descoperire cu un tur al ora\u0219ului cu un autobuz hop-on\/hop-off pentru a v\u0103 face o prim\u0103 imagine de ansamblu. Exist\u0103 mai multe companii de autobuze ale c\u0103ror autobuze c\u0103l\u0103toresc prin Londra \u00een fiecare zi. La majoritatea operatorilor pute\u021bi schimba \u00eentre dou\u0103 linii pentru a explora diferite p\u0103r\u021bi ale ora\u0219ului.<\/p>\n\n\n\n<p>Un tur hop-on\/hop-off este posibil cu toate abonamentele pentru Londra: Cu abonamentul <a href=\"https:\/\/www.londoncitypass.com\/ro\/londra-pass\/\" title=\"London Pass 2023\">London Pass<\/a> \u0219i <a href=\"https:\/\/www.londoncitypass.com\/ro\/permis-de-explorator\/\" title=\"Londra Explorer Pass\">Londra Explorer Pass<\/a> pute\u021bi folosi autobuzele Big Bus sau Golden Tours pentru o zi la un moment dat.<\/p>\n\n\n\n<p>Aceste tururi cu autobuzul sunt destul de scumpe. De aceea, un London City Pass se amortizeaz\u0103 rapid \u00een cadrul unui tur de ora\u0219.<\/p>\n\n\n\n<p>Cobor\u00e2\u021bi la Westminster Abbey, biserica care a v\u0103zut multe \u00eencoron\u0103ri, nun\u021bi \u0219i \u00eenmorm\u00e2nt\u0103ri \u00een lunga sa istorie. Cu London Pass+ \u0219i London Explorer Pass pute\u021bi vizita biserica gratuit.<\/p>\n\n\n\n<p>\"Palaces &amp; Parliament Walking Tour\" \u00eencepe l\u00e2ng\u0103 Westminster Abbey, la care pute\u021bi participa gratuit cu London Pass. Turul are loc de trei ori pe zi.<\/p>\n\n\n\n<h2 class=\"wp-block-heading\">A doua zi: Tower of London + Tower Bridge + The Shard<\/h2>\n\n\n\n<figure class=\"wp-block-image size-full\"><img loading=\"lazy\" decoding=\"async\" width=\"1000\" height=\"500\" src=\"https:\/\/www.londoncitypass.com\/wp-content\/uploads\/2023\/01\/tower-of-london.jpg\" alt=\"Tower of London\" class=\"wp-image-133\" srcset=\"https:\/\/www.londoncitypass.com\/wp-content\/uploads\/2023\/01\/tower-of-london.jpg 1000w, https:\/\/www.londoncitypass.com\/wp-content\/uploads\/2023\/01\/tower-of-london-300x150.jpg 300w, https:\/\/www.londoncitypass.com\/wp-content\/uploads\/2023\/01\/tower-of-london-768x384.jpg 768w, https:\/\/www.londoncitypass.com\/wp-content\/uploads\/2023\/01\/tower-of-london-18x9.jpg 18w\" sizes=\"auto, (max-width: 1000px) 100vw, 1000px\" \/><figcaption class=\"wp-element-caption\">\u00a9 Nick Fewings \/ Unsplash.com<\/figcaption><\/figure>\n\n\n\n<p>\u00cencepe\u021bi cea de-a doua zi \u00een Londra la unul dintre cele mai faimoase repere ale ora\u0219ului: Tower of London. Vizita\u021bi Bijuteriile Coroanei \u0219i al\u0103tura\u021bi-v\u0103 unui tur ghidat Beefeater. Intrarea este gratuit\u0103 pentru dvs. cu <a href=\"https:\/\/www.londoncitypass.com\/ro\/londra-pass\/\" title=\"London Pass 2023\">London Pass<\/a> \u0219i <a href=\"https:\/\/www.londoncitypass.com\/ro\/permis-de-explorator\/\" title=\"Londra Explorer Pass\">Londra Explorer Pass<\/a>,<\/p>\n\n\n\n<p>Apoi merge\u021bi la London Tower Bridge, care se afl\u0103 la doar c\u00e2\u021biva metri de Turnul Londrei. Cu <a href=\"https:\/\/www.londoncitypass.com\/ro\/londra-pass\/\" title=\"London Pass 2023\">London Pass<\/a> pute\u021bi vizita gratuit expozi\u021bia Tower Bridge. Pentru a face acest lucru, urca\u021bi pe Turnul de Nord \u0219i traversa\u021bi podeaua de sticl\u0103. De sus pute\u021bi urm\u0103ri vehiculele \u0219i trec\u0103torii de dedesubt. Turul se \u00eencheie \u00een sala motoarelor.<\/p>\n\n\n\n<p>Cu Explorer Pass pute\u021bi vizita gratuit \u0219i expozi\u021bia Tower Bridge, dar nu merit\u0103, deoarece cu Explorer Pass ar trebui s\u0103 vizita\u021bi numai atrac\u021bii scumpe.<\/p>\n\n\n\n<p>De cealalt\u0103 parte a Tamisei, nu este departe de Shard, impresionantul turn de sticl\u0103 care se \u00eenal\u021b\u0103 p\u00e2n\u0103 la 309 metri. O vizit\u0103 la platforma de observare este inclus\u0103 \u00een mai multe abonamente pentru Londra: <a href=\"https:\/\/www.londoncitypass.com\/ro\/londra-pass\/\" title=\"London Pass 2023\">London Pass<\/a> \u0219i <a href=\"https:\/\/www.londoncitypass.com\/ro\/permis-de-explorator\/\" title=\"Londra Explorer Pass\">Londra Explorer Pass<\/a>. Cu toate acestea, v\u0103 rug\u0103m s\u0103 re\u021bine\u021bi c\u0103 trebuie s\u0103 v\u0103 face\u021bi o programare \u00een avans pentru vizit\u0103.<\/p>\n\n\n\n<h2 class=\"wp-block-heading\">Ziua a treia: Palatul Buckingham + Palatul Kensington<\/h2>\n\n\n\n<figure class=\"wp-block-image size-full\"><img loading=\"lazy\" decoding=\"async\" width=\"1000\" height=\"550\" src=\"https:\/\/www.londoncitypass.com\/wp-content\/uploads\/2023\/02\/london-kensington-palace.jpg\" alt=\"Palatul Kensington din Londra\" class=\"wp-image-138\" srcset=\"https:\/\/www.londoncitypass.com\/wp-content\/uploads\/2023\/02\/london-kensington-palace.jpg 1000w, https:\/\/www.londoncitypass.com\/wp-content\/uploads\/2023\/02\/london-kensington-palace-300x165.jpg 300w, https:\/\/www.londoncitypass.com\/wp-content\/uploads\/2023\/02\/london-kensington-palace-768x422.jpg 768w, https:\/\/www.londoncitypass.com\/wp-content\/uploads\/2023\/02\/london-kensington-palace-18x10.jpg 18w\" sizes=\"auto, (max-width: 1000px) 100vw, 1000px\" \/><figcaption class=\"wp-element-caption\">\u00a9 Nicholas Musilli \/ Unsplash.com<\/figcaption><\/figure>\n\n\n\n<p>Cea de-a treia zi la Londra \u00eencepe \u00een Trafalgar Square, o pia\u021b\u0103 central\u0103 din inima Londrei. De aici pute\u021bi merge pe jos p\u00e2n\u0103 la Palatul Buckingham, dac\u0103 nu v\u0103 deranjeaz\u0103 o plimbare mai lung\u0103. Acolo ve\u021bi g\u0103si Galeria Reginei, pe care o pute\u021bi vizita gratuit cu London Pass.<\/p>\n\n\n\n<p>Apoi continua\u021bi p\u00e2n\u0103 la Wellington Arch la Hyde Park Corner. Cu London Pass pute\u021bi urca gratuit pe Arcul de Triumf \u0219i v\u0103 pute\u021bi bucura de priveli\u0219te. Merge\u021bi prin frumosul Hyde Park p\u00e2n\u0103 la Palatul Kensington. Intrarea este gratuit\u0103 cu <a href=\"https:\/\/www.londoncitypass.com\/ro\/londra-pass\/\" title=\"London Pass 2023\">London Pass<\/a> \u0219i <a href=\"https:\/\/www.londoncitypass.com\/ro\/permis-de-explorator\/\" title=\"Londra Explorer Pass\">Explorer Pass<\/a>.<\/p>\n\n\n\n<p>Dac\u0103 sunte\u021bi \u00eenc\u0103 motivat dup\u0103 aceea, pute\u021bi vizita Royal Albert Hall din apropiere, \u00een cadrul unui tur ghidat. Aceasta este inclus\u0103, de asemenea, \u00een mod gratuit cu London Pass \u0219i Explorer Pass.<\/p>\n\n\n\n<p>Aceasta este doar o sugestie a ceea ce ar putea fi o excursie de trei zile la Londra. Bine\u00een\u021beles, v\u0103 pute\u021bi face propriul plan \u0219i pute\u021bi vizita numeroasele obiective turistice care sunt gratuite cu un London City Pass. Dac\u0103 dori\u021bi s\u0103 vizita\u021bi multe, ar trebui s\u0103 cump\u0103ra\u021bi London Pass. Dac\u0103 dori\u021bi s\u0103 vizita\u021bi doar c\u00e2teva obiective turistice, London Explorer Pass ar putea fi o alegere mai bun\u0103.<\/p>","protected":false},"excerpt":{"rendered":"<p>Londra este unul dintre cele mai mari ora\u0219e din lume \u0219i este aproape imposibil de cuprins \u00eentr-o singur\u0103 zi. Pentru a v\u0103 bucura cu adev\u0103rat de numeroasele minuni ale ora\u0219ului, ar trebui s\u0103 petrece\u021bi cel pu\u021bin trei zile \u00een Londra. Dar chiar \u0219i \u00een patru sau cinci zile pute\u021bi descoperi o mul\u021bime de lucruri noi. Ora\u0219ul ofer\u0103 o varietate incredibil\u0103 de oferte culturale \u0219i istorice ... <a title=\"3 zile \u00een Londra cu un London City Pass\" class=\"read-more\" href=\"https:\/\/www.londoncitypass.com\/ro\/3-tage-in-london\/\" aria-label=\"Cite\u0219te mai multe despre 3 zile \u00een Londra cu un London City Pass\">Cite\u0219te mai mult<\/a><\/p>","protected":false},"author":1,"featured_media":0,"parent":0,"menu_order":0,"comment_status":"closed","ping_status":"closed","template":"","meta":{"footnotes":""},"class_list":["post-155","page","type-page","status-publish"],"aioseo_notices":[],"featured_image_src":null,"_links":{"self":[{"href":"https:\/\/www.londoncitypass.com\/ro\/wp-json\/wp\/v2\/pages\/155","targetHints":{"allow":["GET"]}}],"collection":[{"href":"https:\/\/www.londoncitypass.com\/ro\/wp-json\/wp\/v2\/pages"}],"about":[{"href":"https:\/\/www.londoncitypass.com\/ro\/wp-json\/wp\/v2\/types\/page"}],"author":[{"embeddable":true,"href":"https:\/\/www.londoncitypass.com\/ro\/wp-json\/wp\/v2\/users\/1"}],"replies":[{"embeddable":true,"href":"https:\/\/www.londoncitypass.com\/ro\/wp-json\/wp\/v2\/comments?post=155"}],"version-history":[{"count":30,"href":"https:\/\/www.londoncitypass.com\/ro\/wp-json\/wp\/v2\/pages\/155\/revisions"}],"predecessor-version":[{"id":2074,"href":"https:\/\/www.londoncitypass.com\/ro\/wp-json\/wp\/v2\/pages\/155\/revisions\/2074"}],"wp:attachment":[{"href":"https:\/\/www.londoncitypass.com\/ro\/wp-json\/wp\/v2\/media?parent=155"}],"curies":[{"name":"wp","href":"https:\/\/api.w.org\/{rel}","templated":true}]}}