{"id":131,"date":"2023-02-01T09:27:41","date_gmt":"2023-02-01T09:27:41","guid":{"rendered":"https:\/\/www.londoncitypass.com\/?page_id=131"},"modified":"2026-02-03T13:15:19","modified_gmt":"2026-02-03T13:15:19","slug":"atractii","status":"publish","type":"page","link":"https:\/\/www.londoncitypass.com\/ro\/attraktionen\/","title":{"rendered":"Atrac\u021biile de top din Londra"},"content":{"rendered":"<p>Londra este un ora\u0219 cu mii de ani de istorie \u0219i cultur\u0103. Pute\u021bi vizita cl\u0103diri istorice precum Palatul Buckingham \u0219i Tower Bridge \u0219i pute\u021bi admira repere precum Big Ben \u0219i Casa Parlamentului. Londra are, de asemenea, multe muzee, galerii \u0219i teatre unde vizitatorii pot afla mai multe despre trecutul \u0219i prezentul ora\u0219ului.<\/p>\n\n\n\n<p>Exist\u0103 nenum\u0103rate atrac\u021bii de descoperit \u00een ora\u0219ul care nu doarme niciodat\u0103:<\/p>\n\n\n\n<h2 class=\"wp-block-heading\">Tower of London<\/h2>\n\n\n\n<figure class=\"wp-block-image size-full\"><img loading=\"lazy\" decoding=\"async\" width=\"1000\" height=\"500\" src=\"https:\/\/www.londoncitypass.com\/wp-content\/uploads\/2023\/01\/tower-of-london.jpg\" alt=\"Tower of London\" class=\"wp-image-133\" srcset=\"https:\/\/www.londoncitypass.com\/wp-content\/uploads\/2023\/01\/tower-of-london.jpg 1000w, https:\/\/www.londoncitypass.com\/wp-content\/uploads\/2023\/01\/tower-of-london-300x150.jpg 300w, https:\/\/www.londoncitypass.com\/wp-content\/uploads\/2023\/01\/tower-of-london-768x384.jpg 768w, https:\/\/www.londoncitypass.com\/wp-content\/uploads\/2023\/01\/tower-of-london-18x9.jpg 18w\" sizes=\"auto, (max-width: 1000px) 100vw, 1000px\" \/><figcaption class=\"wp-element-caption\">\u00a9 Nick Fewings \/ Unsplash.com<\/figcaption><\/figure>\n\n\n\n<div style=\"height:20px\" aria-hidden=\"true\" class=\"wp-block-spacer\"><\/div>\n\n\n\n<p>Aceast\u0103 fort\u0103rea\u021b\u0103 antic\u0103 este una dintre cele mai faimoase cl\u0103diri din \u021bar\u0103 \u0219i a fost declarat\u0103 Patrimoniu Mondial UNESCO \u00een 1988. Ea ad\u0103poste\u0219te bijuterii ale coroanei \u0219i artefacte valoroase din trecutul regal al Marii Britanii. De asemenea, vizitatorii pot face tururi ghidate ale fort\u0103re\u021bei pentru a afla mai multe despre istoria acesteia.<\/p>\n\n\n\n<p>O vizit\u0103 este posibil\u0103 cu urm\u0103toarele permise de acces la Londra: <a href=\"https:\/\/www.londoncitypass.com\/ro\/londra-pass\/\" title=\"London Pass 2023\">London Pass<\/a>, <a href=\"https:\/\/www.londoncitypass.com\/ro\/permis-de-explorator\/\" title=\"Londra Explorer Pass\">Londra Explorer Pass<\/a> \u0219i <a href=\"https:\/\/www.londoncitypass.com\/ro\/economizor-oras-mare\/\" title=\"Big City Saver Pass\">Abonament pentru mai multe atrac\u021bii<\/a>.<\/p>\n\n\n<div class=\"wp-block-ub-divider ub_divider ub-divider-orientation-horizontal\" id=\"ub_divider_930391b2-120c-44ce-b10c-88906d2b763b\"><div class=\"ub_divider_wrapper\" style=\"position: relative; margin-bottom: 20px; width: 100%; height: 20px; \" data-divider-alignment=\"center\"><div class=\"ub_divider_line\" style=\"border-top: 2px solid #ccc; margin-top: 20px; \"><\/div><\/div><\/div>\n\n\n<h2 class=\"wp-block-heading\">Palatul Buckingham<\/h2>\n\n\n\n<figure class=\"wp-block-image size-full\"><img loading=\"lazy\" decoding=\"async\" width=\"1000\" height=\"550\" src=\"https:\/\/www.londoncitypass.com\/wp-content\/uploads\/2023\/02\/london-buckingham-palace.jpg\" alt=\"Palatul Buckingham din Londra\" class=\"wp-image-136\" srcset=\"https:\/\/www.londoncitypass.com\/wp-content\/uploads\/2023\/02\/london-buckingham-palace.jpg 1000w, https:\/\/www.londoncitypass.com\/wp-content\/uploads\/2023\/02\/london-buckingham-palace-300x165.jpg 300w, https:\/\/www.londoncitypass.com\/wp-content\/uploads\/2023\/02\/london-buckingham-palace-768x422.jpg 768w, https:\/\/www.londoncitypass.com\/wp-content\/uploads\/2023\/02\/london-buckingham-palace-18x10.jpg 18w\" sizes=\"auto, (max-width: 1000px) 100vw, 1000px\" \/><figcaption class=\"wp-element-caption\">\u00a9 Ferdinand St\u00f6hr \/ Unsplash.com<\/figcaption><\/figure>\n\n\n\n<div style=\"height:20px\" aria-hidden=\"true\" class=\"wp-block-spacer\"><\/div>\n\n\n\n<p>Palatul Regal a g\u0103zduit monarhii englezi \u00eenc\u0103 din 1837, iar acum este re\u0219edin\u021ba oficial\u0103 a regelui Carol la Londra. Vizitatorii pot face turul camerelor de stat \u0219i pot admira vasta colec\u021bie de art\u0103 a familiei regale sau pot asista la faimoasa ceremonie de schimbare a g\u0103rzii, care are loc afar\u0103.<\/p>\n\n\n\n<p>O vizit\u0103 la King's Gallery este posibil\u0103 cu <a href=\"https:\/\/www.londoncitypass.com\/ro\/londra-pass\/\" title=\"London Pass 2023\">London Pass<\/a>.<\/p>\n\n\n<div class=\"wp-block-ub-divider ub_divider ub-divider-orientation-horizontal\" id=\"ub_divider_c5af1c68-1837-4803-9ec1-aa5c38cc5c82\"><div class=\"ub_divider_wrapper\" style=\"position: relative; margin-bottom: 20px; width: 100%; height: 20px; \" data-divider-alignment=\"center\"><div class=\"ub_divider_line\" style=\"border-top: 2px solid #ccc; margin-top: 20px; \"><\/div><\/div><\/div>\n\n\n<h2 class=\"wp-block-heading\">The Shard<\/h2>\n\n\n\n<figure class=\"wp-block-image size-full\"><img loading=\"lazy\" decoding=\"async\" width=\"1000\" height=\"550\" src=\"https:\/\/www.londoncitypass.com\/wp-content\/uploads\/2023\/02\/london-the-shard.jpg\" alt=\"The Shard \u00een Londra\" class=\"wp-image-141\" srcset=\"https:\/\/www.londoncitypass.com\/wp-content\/uploads\/2023\/02\/london-the-shard.jpg 1000w, https:\/\/www.londoncitypass.com\/wp-content\/uploads\/2023\/02\/london-the-shard-300x165.jpg 300w, https:\/\/www.londoncitypass.com\/wp-content\/uploads\/2023\/02\/london-the-shard-768x422.jpg 768w, https:\/\/www.londoncitypass.com\/wp-content\/uploads\/2023\/02\/london-the-shard-18x10.jpg 18w\" sizes=\"auto, (max-width: 1000px) 100vw, 1000px\" \/><figcaption class=\"wp-element-caption\">\u00a9 Fred Moon \/ Unsplash.com<\/figcaption><\/figure>\n\n\n\n<div style=\"height:20px\" aria-hidden=\"true\" class=\"wp-block-spacer\"><\/div>\n\n\n\n<p>Cu o \u00een\u0103l\u021bime de 309 metri, acest zg\u00e2rie-nori impresionant este una dintre cele mai \u00eenalte cl\u0103diri din Europa. Urca\u021bi cu liftul p\u00e2n\u0103 \u00een v\u00e2rf \u0219i bucura\u021bi-v\u0103 de o priveli\u0219te uluitoare a ora\u0219ului de pe cea mai \u00eenalt\u0103 punte de observa\u021bie public\u0103 din Europa.<\/p>\n\n\n\n<p>Vizita este inclus\u0103 cu <a href=\"https:\/\/www.londoncitypass.com\/ro\/londra-pass\/\" title=\"London Pass 2023\">London Pass+<\/a> \u0219i <a href=\"https:\/\/www.londoncitypass.com\/ro\/permis-de-explorator\/\" title=\"Londra Explorer Pass\">Londra Explorer Pass<\/a>.<\/p>\n\n\n<div class=\"wp-block-ub-divider ub_divider ub-divider-orientation-horizontal\" id=\"ub_divider_31f0a4e5-9a36-4bb5-af3f-0052beaf37d1\"><div class=\"ub_divider_wrapper\" style=\"position: relative; margin-bottom: 20px; width: 100%; height: 20px; \" data-divider-alignment=\"center\"><div class=\"ub_divider_line\" style=\"border-top: 2px solid #ccc; margin-top: 20px; \"><\/div><\/div><\/div>\n\n\n<h2 class=\"wp-block-heading\">Westminster Abbey<\/h2>\n\n\n\n<figure class=\"wp-block-image size-full\"><img loading=\"lazy\" decoding=\"async\" width=\"1000\" height=\"680\" src=\"https:\/\/www.londoncitypass.com\/wp-content\/uploads\/2023\/02\/london-westminster-abbey.jpg\" alt=\"Westminster Abbey \u00een Londra\" class=\"wp-image-144\" srcset=\"https:\/\/www.londoncitypass.com\/wp-content\/uploads\/2023\/02\/london-westminster-abbey.jpg 1000w, https:\/\/www.londoncitypass.com\/wp-content\/uploads\/2023\/02\/london-westminster-abbey-300x204.jpg 300w, https:\/\/www.londoncitypass.com\/wp-content\/uploads\/2023\/02\/london-westminster-abbey-768x522.jpg 768w, https:\/\/www.londoncitypass.com\/wp-content\/uploads\/2023\/02\/london-westminster-abbey-18x12.jpg 18w\" sizes=\"auto, (max-width: 1000px) 100vw, 1000px\" \/><figcaption class=\"wp-element-caption\">\u00a9 Ian Branch \/ Unsplash.com<\/figcaption><\/figure>\n\n\n\n<div style=\"height:20px\" aria-hidden=\"true\" class=\"wp-block-spacer\"><\/div>\n\n\n\n<p>Aceast\u0103 frumoas\u0103 cl\u0103dire gotic\u0103 a g\u0103zduit timp de secole \u00eencoron\u0103ri, \u00eenmorm\u00e2nt\u0103ri \u0219i alte ceremonii importante pentru familia regal\u0103 britanic\u0103 \u0219i pentru membrii bisericii. \u00cen prezent, aceasta prime\u0219te vizitatori care doresc s\u0103 \u00eei exploreze arhitectura complex\u0103 \u0219i mormintele istorice.<\/p>\n\n\n\n<p>Vizita este inclus\u0103 cu <a href=\"https:\/\/www.londoncitypass.com\/ro\/londra-pass\/\" title=\"London Pass 2023\">London Pass<\/a> \u0219i <a href=\"https:\/\/www.londoncitypass.com\/ro\/permis-de-explorator\/\" title=\"Londra Explorer Pass\">Londra Explorer Pass<\/a>.<\/p>\n\n\n<div class=\"wp-block-ub-divider ub_divider ub-divider-orientation-horizontal\" id=\"ub_divider_8daadfab-0706-4b61-812e-9adc2085e86f\"><div class=\"ub_divider_wrapper\" style=\"position: relative; margin-bottom: 20px; width: 100%; height: 20px; \" data-divider-alignment=\"center\"><div class=\"ub_divider_line\" style=\"border-top: 2px solid #ccc; margin-top: 20px; \"><\/div><\/div><\/div>\n\n\n<h2 class=\"wp-block-heading\">Catedrala St Paul<\/h2>\n\n\n\n<figure class=\"wp-block-image size-full\"><img loading=\"lazy\" decoding=\"async\" width=\"1000\" height=\"550\" src=\"https:\/\/www.londoncitypass.com\/wp-content\/uploads\/2023\/02\/london-st-paul-cathedral.jpg\" alt=\"St Paul&#039;s Cathedral \u00een Londra\" class=\"wp-image-140\" srcset=\"https:\/\/www.londoncitypass.com\/wp-content\/uploads\/2023\/02\/london-st-paul-cathedral.jpg 1000w, https:\/\/www.londoncitypass.com\/wp-content\/uploads\/2023\/02\/london-st-paul-cathedral-300x165.jpg 300w, https:\/\/www.londoncitypass.com\/wp-content\/uploads\/2023\/02\/london-st-paul-cathedral-768x422.jpg 768w, https:\/\/www.londoncitypass.com\/wp-content\/uploads\/2023\/02\/london-st-paul-cathedral-18x10.jpg 18w\" sizes=\"auto, (max-width: 1000px) 100vw, 1000px\" \/><figcaption class=\"wp-element-caption\">\u00a9 Jonathan Chng \/ Unsplash.com<\/figcaption><\/figure>\n\n\n\n<div style=\"height:20px\" aria-hidden=\"true\" class=\"wp-block-spacer\"><\/div>\n\n\n\n<p>Aceast\u0103 biseric\u0103 baroc\u0103 impun\u0103toare a fost proiectat\u0103 de Sir Christopher Wren \u00een secolul al XVII-lea \u0219i este una dintre cele mai faimoase cl\u0103diri din Londra. Pute\u021bi explora interiorul ornamentat al catedralei, vizita Galeria \u0218oaptelor \u0219i urca pe faimoasa cupol\u0103 pentru a avea vederi uimitoare asupra ora\u0219ului.<\/p>\n\n\n\n<p>Vizita este inclus\u0103 \u00een programul <a href=\"https:\/\/www.londoncitypass.com\/ro\/londra-pass\/\" title=\"London Pass 2023\">London Pass<\/a> \u0219i <a href=\"https:\/\/www.londoncitypass.com\/ro\/permis-de-explorator\/\" title=\"Londra Explorer Pass\">Londra Explorer Pass<\/a>.<\/p>\n\n\n<div class=\"wp-block-ub-divider ub_divider ub-divider-orientation-horizontal\" id=\"ub_divider_566ae879-2d9e-449a-920a-ad3eb6eadc46\"><div class=\"ub_divider_wrapper\" style=\"position: relative; margin-bottom: 20px; width: 100%; height: 20px; \" data-divider-alignment=\"center\"><div class=\"ub_divider_line\" style=\"border-top: 2px solid #ccc; margin-top: 20px; \"><\/div><\/div><\/div>\n\n\n<h2 class=\"wp-block-heading\">Casele Parlamentului \u0219i Big Ben<\/h2>\n\n\n\n<figure class=\"wp-block-image size-full\"><img loading=\"lazy\" decoding=\"async\" width=\"1000\" height=\"600\" src=\"https:\/\/www.londoncitypass.com\/wp-content\/uploads\/2023\/02\/london-parliament-big-ben.jpg\" alt=\"Casele Parlamentului \u0219i Big Ben\" class=\"wp-image-139\" srcset=\"https:\/\/www.londoncitypass.com\/wp-content\/uploads\/2023\/02\/london-parliament-big-ben.jpg 1000w, https:\/\/www.londoncitypass.com\/wp-content\/uploads\/2023\/02\/london-parliament-big-ben-300x180.jpg 300w, https:\/\/www.londoncitypass.com\/wp-content\/uploads\/2023\/02\/london-parliament-big-ben-768x461.jpg 768w, https:\/\/www.londoncitypass.com\/wp-content\/uploads\/2023\/02\/london-parliament-big-ben-18x12.jpg 18w\" sizes=\"auto, (max-width: 1000px) 100vw, 1000px\" \/><figcaption class=\"wp-element-caption\">\u00a9 Marcin Nowak \/ Unsplash.com<\/figcaption><\/figure>\n\n\n\n<div style=\"height:20px\" aria-hidden=\"true\" class=\"wp-block-spacer\"><\/div>\n\n\n\n<p>Casa Parlamentului \u0219i Big Ben se num\u0103r\u0103 printre cele mai faimoase repere ale Londrei. Cele dou\u0103 cl\u0103diri de pe Tamisa au fost un simbol al democra\u021biei britanice timp de secole. Casele Parlamentului sunt o cl\u0103dire impresionant\u0103 \u00een care membrii celor dou\u0103 Camere ale Parlamentului se \u00eent\u00e2lnesc pentru a dezbate legisla\u021bia, \u00een timp ce Big Ben este un turn cu ceas aflat \u00een afara Camerelor Parlamentului.<\/p>\n\n\n\n<p>V\u0103 pute\u021bi al\u0103tura unui tur pe jos al Palatelor \u0219i Parlamentului cu <a href=\"https:\/\/www.londoncitypass.com\/ro\/londra-pass\/\" title=\"London Pass 2023\">London Pass<\/a> \u0219i <a href=\"https:\/\/www.londoncitypass.com\/ro\/permis-de-explorator\/\" title=\"Londra Explorer Pass\">Explorer Pass<\/a>.<\/p>\n\n\n<div class=\"wp-block-ub-divider ub_divider ub-divider-orientation-horizontal\" id=\"ub_divider_58f69037-1321-44f3-aa9f-8bb740bb7de5\"><div class=\"ub_divider_wrapper\" style=\"position: relative; margin-bottom: 20px; width: 100%; height: 20px; \" data-divider-alignment=\"center\"><div class=\"ub_divider_line\" style=\"border-top: 2px solid #ccc; margin-top: 20px; \"><\/div><\/div><\/div>\n\n\n<h2 class=\"wp-block-heading\">Ochiul Londrei<\/h2>\n\n\n\n<figure class=\"wp-block-image size-full\"><img loading=\"lazy\" decoding=\"async\" width=\"1000\" height=\"550\" src=\"https:\/\/www.londoncitypass.com\/wp-content\/uploads\/2023\/02\/london-eye.jpg\" alt=\"Ochiul Londrei\" class=\"wp-image-137\" srcset=\"https:\/\/www.londoncitypass.com\/wp-content\/uploads\/2023\/02\/london-eye.jpg 1000w, https:\/\/www.londoncitypass.com\/wp-content\/uploads\/2023\/02\/london-eye-300x165.jpg 300w, https:\/\/www.londoncitypass.com\/wp-content\/uploads\/2023\/02\/london-eye-768x422.jpg 768w, https:\/\/www.londoncitypass.com\/wp-content\/uploads\/2023\/02\/london-eye-18x10.jpg 18w\" sizes=\"auto, (max-width: 1000px) 100vw, 1000px\" \/><figcaption class=\"wp-element-caption\">\u00a9 David Henderson \/ Unsplash.com<\/figcaption><\/figure>\n\n\n\n<div style=\"height:20px\" aria-hidden=\"true\" class=\"wp-block-spacer\"><\/div>\n\n\n\n<p>Bucura\u021bi-v\u0103 de priveli\u0219tea de 360 de grade a orizontului Londrei de pe una dintre cele mai \u00eenalte ro\u021bi Ferris din lume. Aceast\u0103 atrac\u021bie ofer\u0103 priveli\u0219ti incredibile asupra ora\u0219ului \u0219i este unul dintre cele mai populare obiective turistice din Londra. London Eye este inclus \u00een <a href=\"https:\/\/www.londoncitypass.com\/ro\/economizor-oras-mare\/\" title=\"Abonament pentru mai multe atrac\u021bii\">Abonament pentru mai multe atrac\u021bii<\/a>, <a href=\"https:\/\/www.londoncitypass.com\/ro\/londra-pass\/\" title=\"London Pass 2024\">London Pass+<\/a>.<\/p>\n\n\n<div class=\"wp-block-ub-divider ub_divider ub-divider-orientation-horizontal\" id=\"ub_divider_51a94ab3-1875-4214-aa05-b0403db7cf92\"><div class=\"ub_divider_wrapper\" style=\"position: relative; margin-bottom: 20px; width: 100%; height: 20px; \" data-divider-alignment=\"center\"><div class=\"ub_divider_line\" style=\"border-top: 2px solid #ccc; margin-top: 20px; \"><\/div><\/div><\/div>\n\n\n<h2 class=\"wp-block-heading\">Palatul Kensington<\/h2>\n\n\n\n<figure class=\"wp-block-image size-full\"><img loading=\"lazy\" decoding=\"async\" width=\"1000\" height=\"550\" src=\"https:\/\/www.londoncitypass.com\/wp-content\/uploads\/2023\/02\/london-kensington-palace.jpg\" alt=\"Palatul Kensington din Londra\" class=\"wp-image-138\" srcset=\"https:\/\/www.londoncitypass.com\/wp-content\/uploads\/2023\/02\/london-kensington-palace.jpg 1000w, https:\/\/www.londoncitypass.com\/wp-content\/uploads\/2023\/02\/london-kensington-palace-300x165.jpg 300w, https:\/\/www.londoncitypass.com\/wp-content\/uploads\/2023\/02\/london-kensington-palace-768x422.jpg 768w, https:\/\/www.londoncitypass.com\/wp-content\/uploads\/2023\/02\/london-kensington-palace-18x10.jpg 18w\" sizes=\"auto, (max-width: 1000px) 100vw, 1000px\" \/><figcaption class=\"wp-element-caption\">\u00a9 Nicholas Musilli \/ Unsplash.com<\/figcaption><\/figure>\n\n\n\n<div style=\"height:20px\" aria-hidden=\"true\" class=\"wp-block-spacer\"><\/div>\n\n\n\n<p>Acest palat magnific a fost sediul regalit\u0103\u021bii britanice cel pu\u021bin din 1689, iar \u00een prezent g\u0103zduie\u0219te mul\u021bi membri ai familiei regale. Pute\u021bi face tururi ghidate ale palatului sau pute\u021bi explora gr\u0103dinile luxuriante.<\/p>\n\n\n\n<p>Vizitele la Palatul Kensington sunt posibile cu urm\u0103toarele permise de acces la Londra: <a href=\"https:\/\/www.londoncitypass.com\/ro\/londra-pass\/\" title=\"London Pass 2023\">London Pass<\/a>, <a href=\"https:\/\/www.londoncitypass.com\/ro\/permis-de-explorator\/\" title=\"Londra Explorer Pass\">Explorer Pass<\/a>.<\/p>\n\n\n<div class=\"wp-block-ub-divider ub_divider ub-divider-orientation-horizontal\" id=\"ub_divider_18aa0cd8-3459-47bb-ba07-c960827494a9\"><div class=\"ub_divider_wrapper\" style=\"position: relative; margin-bottom: 20px; width: 100%; height: 20px; \" data-divider-alignment=\"center\"><div class=\"ub_divider_line\" style=\"border-top: 2px solid #ccc; margin-top: 20px; \"><\/div><\/div><\/div>\n\n\n<h2 class=\"wp-block-heading\">London Tower Bridge<\/h2>\n\n\n\n<figure class=\"wp-block-image size-full\"><img loading=\"lazy\" decoding=\"async\" width=\"1000\" height=\"600\" src=\"https:\/\/www.londoncitypass.com\/wp-content\/uploads\/2023\/02\/london-tower-bridge.jpg\" alt=\"London Tower Bridge\" class=\"wp-image-142\" srcset=\"https:\/\/www.londoncitypass.com\/wp-content\/uploads\/2023\/02\/london-tower-bridge.jpg 1000w, https:\/\/www.londoncitypass.com\/wp-content\/uploads\/2023\/02\/london-tower-bridge-300x180.jpg 300w, https:\/\/www.londoncitypass.com\/wp-content\/uploads\/2023\/02\/london-tower-bridge-768x461.jpg 768w, https:\/\/www.londoncitypass.com\/wp-content\/uploads\/2023\/02\/london-tower-bridge-18x12.jpg 18w\" sizes=\"auto, (max-width: 1000px) 100vw, 1000px\" \/><figcaption class=\"wp-element-caption\">\u00a9 Charles Postiaux \/ Unsplash.com<\/figcaption><\/figure>\n\n\n\n<div style=\"height:20px\" aria-hidden=\"true\" class=\"wp-block-spacer\"><\/div>\n\n\n\n<p>Niciun alt pod din capitala britanic\u0103 nu este la fel de faimos ca London Tower Bridge. Acesta a fost construit la sf\u00e2r\u0219itul secolului al XIX-lea \u0219i este acum at\u00e2t o arter\u0103 important\u0103, c\u00e2t \u0219i o atrac\u021bie turistic\u0103. De pe ambele maluri ale Tamisei, podul este un motiv foto popular.<\/p>\n\n\n\n<p>Cu urm\u0103toarele permise de acces la Londra pute\u021bi vizita gratuit expozi\u021bia London Tower Bridge: <a href=\"https:\/\/www.londoncitypass.com\/ro\/permis-de-explorator\/\" title=\"Londra Explorer Pass\">Londra Explorer Pass<\/a> \u0219i <a href=\"https:\/\/www.londoncitypass.com\/ro\/londra-pass\/\" title=\"London Pass 2023\">London Pass<\/a>.<\/p>\n\n\n<div class=\"wp-block-ub-divider ub_divider ub-divider-orientation-horizontal\" id=\"ub_divider_7ce51777-953c-48d7-9925-9d05ae8ed836\"><div class=\"ub_divider_wrapper\" style=\"position: relative; margin-bottom: 20px; width: 100%; height: 20px; \" data-divider-alignment=\"center\"><div class=\"ub_divider_line\" style=\"border-top: 2px solid #ccc; margin-top: 20px; \"><\/div><\/div><\/div>\n\n\n<h2 class=\"wp-block-heading\">Pia\u021ba Trafalgar<\/h2>\n\n\n\n<figure class=\"wp-block-image size-full\"><img loading=\"lazy\" decoding=\"async\" width=\"1000\" height=\"550\" src=\"https:\/\/www.londoncitypass.com\/wp-content\/uploads\/2023\/02\/london-trafalgar-square.jpg\" alt=\"Pia\u021ba Trafalgar din Londra\" class=\"wp-image-143\" srcset=\"https:\/\/www.londoncitypass.com\/wp-content\/uploads\/2023\/02\/london-trafalgar-square.jpg 1000w, https:\/\/www.londoncitypass.com\/wp-content\/uploads\/2023\/02\/london-trafalgar-square-300x165.jpg 300w, https:\/\/www.londoncitypass.com\/wp-content\/uploads\/2023\/02\/london-trafalgar-square-768x422.jpg 768w, https:\/\/www.londoncitypass.com\/wp-content\/uploads\/2023\/02\/london-trafalgar-square-18x10.jpg 18w\" sizes=\"auto, (max-width: 1000px) 100vw, 1000px\" \/><figcaption class=\"wp-element-caption\">\u00a9 Diane Picchiottino \/ Unsplash.com<\/figcaption><\/figure>\n\n\n\n<div style=\"height:20px\" aria-hidden=\"true\" class=\"wp-block-spacer\"><\/div>\n\n\n\n<p>Aceast\u0103 pia\u021b\u0103 plin\u0103 de via\u021b\u0103 din inima ora\u0219ului este locul ideal pentru a urm\u0103ri agita\u021bia din Londra. Cu Galeria Na\u021bional\u0103, Coloana lui Nelson \u0219i o serie de statui, este una dintre cele mai populare atrac\u021bii turistice din Londra.<\/p>\n\n\n<div class=\"wp-block-ub-divider ub_divider ub-divider-orientation-horizontal\" id=\"ub_divider_98c0e5c1-e915-403e-a939-e3d4d129d567\"><div class=\"ub_divider_wrapper\" style=\"position: relative; margin-bottom: 20px; width: 100%; height: 20px; \" data-divider-alignment=\"center\"><div class=\"ub_divider_line\" style=\"border-top: 2px solid #ccc; margin-top: 20px; \"><\/div><\/div><\/div>\n\n\n<p>Aceasta este doar o mic\u0103 selec\u021bie a numeroaselor atrac\u021bii pe care Londra le are de oferit. Fie c\u0103 sunte\u021bi \u00een c\u0103utare de experien\u021be culturale \u0219i obiective istorice sau pur \u0219i simplu dori\u021bi s\u0103 v\u0103 bucura\u021bi de cultura britanic\u0103, exist\u0103 ceva pentru toat\u0103 lumea \u00een acest ora\u0219 incredibil.<\/p>","protected":false},"excerpt":{"rendered":"<p>Londra este un ora\u0219 cu mii de ani de istorie \u0219i cultur\u0103. Pute\u021bi vizita cl\u0103diri istorice precum Palatul Buckingham \u0219i Tower Bridge \u0219i pute\u021bi admira repere precum Big Ben \u0219i Casa Parlamentului. Londra g\u0103zduie\u0219te, de asemenea, numeroase muzee, galerii \u0219i teatre unde vizitatorii pot afla mai multe despre trecutul \u0219i prezentul ora\u0219ului..... <a title=\"Atrac\u021biile de top din Londra\" class=\"read-more\" href=\"https:\/\/www.londoncitypass.com\/ro\/attraktionen\/\" aria-label=\"Cite\u0219te mai multe despre atrac\u021biile de top din Londra\">Cite\u0219te mai mult<\/a><\/p>","protected":false},"author":1,"featured_media":0,"parent":0,"menu_order":0,"comment_status":"closed","ping_status":"closed","template":"","meta":{"footnotes":""},"class_list":["post-131","page","type-page","status-publish"],"aioseo_notices":[],"featured_image_src":null,"_links":{"self":[{"href":"https:\/\/www.londoncitypass.com\/ro\/wp-json\/wp\/v2\/pages\/131","targetHints":{"allow":["GET"]}}],"collection":[{"href":"https:\/\/www.londoncitypass.com\/ro\/wp-json\/wp\/v2\/pages"}],"about":[{"href":"https:\/\/www.londoncitypass.com\/ro\/wp-json\/wp\/v2\/types\/page"}],"author":[{"embeddable":true,"href":"https:\/\/www.londoncitypass.com\/ro\/wp-json\/wp\/v2\/users\/1"}],"replies":[{"embeddable":true,"href":"https:\/\/www.londoncitypass.com\/ro\/wp-json\/wp\/v2\/comments?post=131"}],"version-history":[{"count":31,"href":"https:\/\/www.londoncitypass.com\/ro\/wp-json\/wp\/v2\/pages\/131\/revisions"}],"predecessor-version":[{"id":1941,"href":"https:\/\/www.londoncitypass.com\/ro\/wp-json\/wp\/v2\/pages\/131\/revisions\/1941"}],"wp:attachment":[{"href":"https:\/\/www.londoncitypass.com\/ro\/wp-json\/wp\/v2\/media?parent=131"}],"curies":[{"name":"wp","href":"https:\/\/api.w.org\/{rel}","templated":true}]}}