{"id":702,"date":"2023-05-02T16:34:09","date_gmt":"2023-05-02T16:34:09","guid":{"rendered":"https:\/\/www.londoncitypass.com\/?page_id=702"},"modified":"2025-03-11T13:16:52","modified_gmt":"2025-03-11T13:16:52","slug":"cartao-oyster-de-visitante-london-pass","status":"publish","type":"page","link":"https:\/\/www.londoncitypass.com\/pt\/london-pass-visitor-oyster-card\/","title":{"rendered":"London Pass + transportes p\u00fablicos"},"content":{"rendered":"<style>.wp-block-kadence-advancedheading.kt-adv-heading702_fd14da-e5, .wp-block-kadence-advancedheading.kt-adv-heading702_fd14da-e5[data-kb-block=\"kb-adv-heading702_fd14da-e5\"]{font-style:normal;}.wp-block-kadence-advancedheading.kt-adv-heading702_fd14da-e5 mark.kt-highlight, .wp-block-kadence-advancedheading.kt-adv-heading702_fd14da-e5[data-kb-block=\"kb-adv-heading702_fd14da-e5\"] mark.kt-highlight{font-style:normal;color:#f76a0c;-webkit-box-decoration-break:clone;box-decoration-break:clone;padding-top:0px;padding-right:0px;padding-bottom:0px;padding-left:0px;}.wp-block-kadence-advancedheading.kt-adv-heading702_fd14da-e5 img.kb-inline-image, .wp-block-kadence-advancedheading.kt-adv-heading702_fd14da-e5[data-kb-block=\"kb-adv-heading702_fd14da-e5\"] img.kb-inline-image{width:150px;vertical-align:baseline;}<\/style>\n<p class=\"kt-adv-heading702_fd14da-e5 wp-block-kadence-advancedheading\" data-kb-block=\"kb-adv-heading702_fd14da-e5\">Kein London City Pass beinhaltet die kostenlose Nutzung der \u00f6ffentlichen Verkehrsmittel. Aber du kannst dir im Visit Britain Shop eine Visitor Oyster Card bestellen. Damit f\u00e4hrst du bequem mit der London Underground, Bussen, der Docklands Light Railway, River Boats und Nahverkehrsz\u00fcgen.<\/p>\n\n\n<style>.kb-image702_cb0ea0-9a .kb-image-has-overlay:after{opacity:0.3;}<\/style>\n<div class=\"wp-block-kadence-image kb-image702_cb0ea0-9a\"><figure class=\"aligncenter size-full\"><img loading=\"lazy\" decoding=\"async\" width=\"1000\" height=\"500\" src=\"https:\/\/www.londoncitypass.com\/wp-content\/uploads\/2023\/01\/london-underground.jpg\" alt=\"London Underground\" class=\"kb-img wp-image-43\" srcset=\"https:\/\/www.londoncitypass.com\/wp-content\/uploads\/2023\/01\/london-underground.jpg 1000w, https:\/\/www.londoncitypass.com\/wp-content\/uploads\/2023\/01\/london-underground-300x150.jpg 300w, https:\/\/www.londoncitypass.com\/wp-content\/uploads\/2023\/01\/london-underground-768x384.jpg 768w, https:\/\/www.londoncitypass.com\/wp-content\/uploads\/2023\/01\/london-underground-18x9.jpg 18w\" sizes=\"auto, (max-width: 1000px) 100vw, 1000px\" \/><figcaption>\u00a9 Felix Hanspach \/ Unsplash.com<\/figcaption><\/figure><\/div>\n\n\n<style>.wp-block-kadence-advancedheading.kt-adv-heading702_39a718-34, .wp-block-kadence-advancedheading.kt-adv-heading702_39a718-34[data-kb-block=\"kb-adv-heading702_39a718-34\"]{font-style:normal;}.wp-block-kadence-advancedheading.kt-adv-heading702_39a718-34 mark.kt-highlight, .wp-block-kadence-advancedheading.kt-adv-heading702_39a718-34[data-kb-block=\"kb-adv-heading702_39a718-34\"] mark.kt-highlight{font-style:normal;color:#f76a0c;-webkit-box-decoration-break:clone;box-decoration-break:clone;padding-top:0px;padding-right:0px;padding-bottom:0px;padding-left:0px;}.wp-block-kadence-advancedheading.kt-adv-heading702_39a718-34 img.kb-inline-image, .wp-block-kadence-advancedheading.kt-adv-heading702_39a718-34[data-kb-block=\"kb-adv-heading702_39a718-34\"] img.kb-inline-image{width:150px;vertical-align:baseline;}<\/style>\n<p class=\"kt-adv-heading702_39a718-34 wp-block-kadence-advancedheading\" data-kb-block=\"kb-adv-heading702_39a718-34\">Anstatt jede Fahrt einzeln zu bezahlen, wird die Oyster Card mit einem Guthaben aufgeladen. F\u00fcr eine Reise innerhalb der Innenstadt (Zone 1 + 2) reicht das in der Regel aus. Du kannst den Guthabenbetrag selbst festlegen (\u00a310 &#8211; \u00a350). Beim Kauf zahlst du den gew\u00e4hlten Betrag plus eine einmalige Aktivierungsgeb\u00fchr.<\/p>\n\n\n<style>.wp-block-kadence-advancedheading.kt-adv-heading702_3fbbf5-f5, .wp-block-kadence-advancedheading.kt-adv-heading702_3fbbf5-f5[data-kb-block=\"kb-adv-heading702_3fbbf5-f5\"]{font-style:normal;}.wp-block-kadence-advancedheading.kt-adv-heading702_3fbbf5-f5 mark.kt-highlight, .wp-block-kadence-advancedheading.kt-adv-heading702_3fbbf5-f5[data-kb-block=\"kb-adv-heading702_3fbbf5-f5\"] mark.kt-highlight{font-style:normal;color:#f76a0c;-webkit-box-decoration-break:clone;box-decoration-break:clone;padding-top:0px;padding-right:0px;padding-bottom:0px;padding-left:0px;}.wp-block-kadence-advancedheading.kt-adv-heading702_3fbbf5-f5 img.kb-inline-image, .wp-block-kadence-advancedheading.kt-adv-heading702_3fbbf5-f5[data-kb-block=\"kb-adv-heading702_3fbbf5-f5\"] img.kb-inline-image{width:150px;vertical-align:baseline;}<\/style>\n<p class=\"kt-adv-heading702_3fbbf5-f5 wp-block-kadence-advancedheading\" data-kb-block=\"kb-adv-heading702_3fbbf5-f5\">Bei jeder Fahrt wird ein Teil deines Guthabens abgezogen. Es gibt aber ein Tageslimit, das meistens nach der dritten Fahrt erreicht ist \u2013 danach f\u00e4hrst du den Rest des Tages kostenlos. Ist das Guthaben aufgebraucht, kannst du es ganz einfach an einem Ticketautomaten aufladen. <\/p>\n\n\n<style>.wp-block-kadence-advancedheading.kt-adv-heading702_4a94ce-ef, .wp-block-kadence-advancedheading.kt-adv-heading702_4a94ce-ef[data-kb-block=\"kb-adv-heading702_4a94ce-ef\"]{font-style:normal;}.wp-block-kadence-advancedheading.kt-adv-heading702_4a94ce-ef mark.kt-highlight, .wp-block-kadence-advancedheading.kt-adv-heading702_4a94ce-ef[data-kb-block=\"kb-adv-heading702_4a94ce-ef\"] mark.kt-highlight{font-style:normal;color:#f76a0c;-webkit-box-decoration-break:clone;box-decoration-break:clone;padding-top:0px;padding-right:0px;padding-bottom:0px;padding-left:0px;}.wp-block-kadence-advancedheading.kt-adv-heading702_4a94ce-ef img.kb-inline-image, .wp-block-kadence-advancedheading.kt-adv-heading702_4a94ce-ef[data-kb-block=\"kb-adv-heading702_4a94ce-ef\"] img.kb-inline-image{width:150px;vertical-align:baseline;}<\/style>\n<p class=\"kt-adv-heading702_4a94ce-ef wp-block-kadence-advancedheading\" data-kb-block=\"kb-adv-heading702_4a94ce-ef\">Falls du die Oyster Card per Post bestellen m\u00f6chtest, solltest du das mindestens zwei Wochen vor deiner Reise erledigen.<\/p>\n\n\n<style>.wp-block-kadence-advancedbtn.kt-btns702_747987-63, .site .entry-content .wp-block-kadence-advancedbtn.kt-btns702_747987-63, .wp-block-kadence-advancedbtn.kb-btns702_747987-63, .site .entry-content .wp-block-kadence-advancedbtn.kb-btns702_747987-63{margin-bottom:var(--global-kb-spacing-xs, 1rem);}.wp-block-kadence-advancedbtn.kb-btns702_747987-63{gap:var(--global-kb-gap-xs, 0.5rem );justify-content:center;align-items:center;}.kt-btns702_747987-63 .kt-button{font-weight:normal;font-style:normal;}.kt-btns702_747987-63 .kt-btn-wrap-0{margin-right:5px;}.wp-block-kadence-advancedbtn.kt-btns702_747987-63 .kt-btn-wrap-0 .kt-button{color:#555555;border-color:#555555;}.wp-block-kadence-advancedbtn.kt-btns702_747987-63 .kt-btn-wrap-0 .kt-button:hover, .wp-block-kadence-advancedbtn.kt-btns702_747987-63 .kt-btn-wrap-0 .kt-button:focus{color:#ffffff;border-color:#444444;}.wp-block-kadence-advancedbtn.kt-btns702_747987-63 .kt-btn-wrap-0 .kt-button::before{display:none;}.wp-block-kadence-advancedbtn.kt-btns702_747987-63 .kt-btn-wrap-0 .kt-button:hover, .wp-block-kadence-advancedbtn.kt-btns702_747987-63 .kt-btn-wrap-0 .kt-button:focus{background:#444444;}<\/style>\n<div class=\"wp-block-kadence-advancedbtn kb-buttons-wrap kb-btns702_747987-63\"><style>ul.menu .wp-block-kadence-advancedbtn .kb-btn702_8d3fab-d5.kb-button{width:initial;}.wp-block-kadence-advancedbtn .kb-btn702_8d3fab-d5.kb-button{background:#ef7f2c;box-shadow:3px 3px 2px 0px #c56625;}.kb-btn702_8d3fab-d5.kb-button .kb-svg-icon-wrap{font-size:25px;--kb-button-icon-size:25px;}.wp-block-kadence-advancedbtn .kb-btn702_8d3fab-d5.kb-button:hover, .wp-block-kadence-advancedbtn .kb-btn702_8d3fab-d5.kb-button:focus{background:#ef7f2c;}<\/style><a class=\"kb-button kt-button button kb-btn702_8d3fab-d5 kt-btn-size-large kt-btn-width-type-auto kb-btn-global-fill  kt-btn-has-text-true kt-btn-has-svg-true  wp-block-kadence-singlebtn\" href=\"https:\/\/click.linksynergy.com\/deeplink?id=BshSsCJElLY&#038;mid=49468&#038;murl=https:\/\/www.visitbritainshop.com\/de\/de\/london-visitor-oyster-card&#038;u1=londoncitypass\" target=\"_blank\" rel=\"noreferrer noopener nofollow sponsored\"><span class=\"kb-svg-icon-wrap kb-svg-icon-fe_externalLink kt-btn-icon-side-left\"><svg viewBox=\"0 0 24 24\"  fill=\"none\" stroke=\"currentColor\" stroke-width=\"2\" stroke-linecap=\"round\" stroke-linejoin=\"round\" xmlns=\"http:\/\/www.w3.org\/2000\/svg\"  aria-hidden=\"true\"><path d=\"M18 13v6a2 2 0 0 1-2 2H5a2 2 0 0 1-2-2V8a2 2 0 0 1 2-2h6\"\/><polyline points=\"15 3 21 3 21 9\"\/><line x1=\"10\" y1=\"14\" x2=\"21\" y2=\"3\"\/><\/svg><\/span><span class=\"kt-btn-inner-text\">Visitor Oyster Card kaufen<\/span><\/a><\/div>\n","protected":false},"excerpt":{"rendered":"<p>Nenhum London City Pass inclui a utiliza\u00e7\u00e3o gratuita dos transportes p\u00fablicos. Mas pode encomendar um Visitor Oyster Card na Visit Britain Shop. Este cart\u00e3o permite-lhe viajar comodamente no London Underground, nos autocarros, no Docklands Light Railway, nos barcos fluviais e nos comboios locais. Em vez de pagar por cada viagem individualmente, o cart\u00e3o Oyster \u00e9 carregado com cr\u00e9dito. ... <a title=\"London Pass + transportes p\u00fablicos\" class=\"read-more\" href=\"https:\/\/www.londoncitypass.com\/pt\/london-pass-visitor-oyster-card\/\" aria-label=\"Leia mais sobre London Pass + transportes p\u00fablicos\">Ler mais<\/a><\/p>","protected":false},"author":1,"featured_media":0,"parent":0,"menu_order":0,"comment_status":"closed","ping_status":"closed","template":"","meta":{"footnotes":""},"class_list":["post-702","page","type-page","status-publish"],"aioseo_notices":[],"featured_image_src":null,"_links":{"self":[{"href":"https:\/\/www.londoncitypass.com\/pt\/wp-json\/wp\/v2\/pages\/702","targetHints":{"allow":["GET"]}}],"collection":[{"href":"https:\/\/www.londoncitypass.com\/pt\/wp-json\/wp\/v2\/pages"}],"about":[{"href":"https:\/\/www.londoncitypass.com\/pt\/wp-json\/wp\/v2\/types\/page"}],"author":[{"embeddable":true,"href":"https:\/\/www.londoncitypass.com\/pt\/wp-json\/wp\/v2\/users\/1"}],"replies":[{"embeddable":true,"href":"https:\/\/www.londoncitypass.com\/pt\/wp-json\/wp\/v2\/comments?post=702"}],"version-history":[{"count":8,"href":"https:\/\/www.londoncitypass.com\/pt\/wp-json\/wp\/v2\/pages\/702\/revisions"}],"predecessor-version":[{"id":1782,"href":"https:\/\/www.londoncitypass.com\/pt\/wp-json\/wp\/v2\/pages\/702\/revisions\/1782"}],"wp:attachment":[{"href":"https:\/\/www.londoncitypass.com\/pt\/wp-json\/wp\/v2\/media?parent=702"}],"curies":[{"name":"wp","href":"https:\/\/api.w.org\/{rel}","templated":true}]}}