{"id":155,"date":"2023-02-01T13:02:31","date_gmt":"2023-02-01T13:02:31","guid":{"rendered":"https:\/\/www.londoncitypass.com\/?page_id=155"},"modified":"2026-02-16T14:07:58","modified_gmt":"2026-02-16T14:07:58","slug":"3-dias-em-londres","status":"publish","type":"page","link":"https:\/\/www.londoncitypass.com\/pt\/3-tage-in-london\/","title":{"rendered":"3 dias em Londres com um London City Pass"},"content":{"rendered":"<p>Londres \u00e9 uma das maiores cidades do mundo e \u00e9 quase imposs\u00edvel de apreender num s\u00f3 dia. Para desfrutar realmente das muitas maravilhas da cidade, deve passar pelo menos tr\u00eas dias em Londres. Mas mesmo em quatro ou cinco dias ainda se pode descobrir muitas coisas novas.<\/p>\n\n\n\n<p>A cidade oferece uma incr\u00edvel variedade de atrac\u00e7\u00f5es culturais e hist\u00f3ricas. Museus e galerias como o Museu Brit\u00e2nico, a Galeria Nacional e a Tate Modern oferecem muitas oportunidades para aprender mais sobre o passado da cidade. Pontos de refer\u00eancia famosos como o Big Ben e o Pal\u00e1cio de Buckingham d\u00e3o uma vis\u00e3o da rica hist\u00f3ria da Inglaterra.<\/p>\n\n\n\n<p>O seguinte \u00e9 um itiner\u00e1rio de tr\u00eas dias para uma visita a Londres. As vistas foram seleccionadas para tirar o m\u00e1ximo partido do seu London City Pass.<\/p>\n\n\n\n<h2 class=\"wp-block-heading\">Primeiro dia: Hop-on\/Hop-off + Westminster Abbey + Passeio pedestre<\/h2>\n\n\n\n<figure class=\"wp-block-image size-full\"><img loading=\"lazy\" decoding=\"async\" width=\"1000\" height=\"600\" src=\"https:\/\/www.londoncitypass.com\/wp-content\/uploads\/2023\/02\/london-big-bus.jpg\" alt=\"Londres Big Bus\" class=\"wp-image-156\" srcset=\"https:\/\/www.londoncitypass.com\/wp-content\/uploads\/2023\/02\/london-big-bus.jpg 1000w, https:\/\/www.londoncitypass.com\/wp-content\/uploads\/2023\/02\/london-big-bus-300x180.jpg 300w, https:\/\/www.londoncitypass.com\/wp-content\/uploads\/2023\/02\/london-big-bus-768x461.jpg 768w, https:\/\/www.londoncitypass.com\/wp-content\/uploads\/2023\/02\/london-big-bus-18x12.jpg 18w\" sizes=\"auto, (max-width: 1000px) 100vw, 1000px\" \/><figcaption class=\"wp-element-caption\">\u00a9 Big Bus Tours<\/figcaption><\/figure>\n\n\n\n<p>Comece a sua viagem de descoberta com uma excurs\u00e3o pela cidade num autocarro de salto\/hop-off para ter uma primeira vis\u00e3o geral. H\u00e1 v\u00e1rias empresas de autocarros cujos autocarros percorrem Londres todos os dias. Com a maioria dos operadores, pode mudar entre duas linhas para explorar diferentes partes da cidade.<\/p>\n\n\n\n<p>\u00c9 poss\u00edvel uma excurs\u00e3o hop-on\/hop-off com todos os London Passes: Com o <a href=\"https:\/\/www.londoncitypass.com\/pt\/passe-de-londres\/\" title=\"London Pass 2023\">London Pass<\/a> e a <a href=\"https:\/\/www.londoncitypass.com\/pt\/passe-de-explorador\/\" title=\"Londres Passe Explorar\">Londres Passe Explorar<\/a> pode utilizar os autocarros da Big Bus ou da Golden Tours durante um dia de cada vez.<\/p>\n\n\n\n<p>Estas viagens de autocarro s\u00e3o bastante caras. \u00c9 por isso que um London City Pass rapidamente se paga a si pr\u00f3prio numa excurs\u00e3o pela cidade.<\/p>\n\n\n\n<p>Des\u00e7a no Westminster Abbey, a igreja que assistiu a muitas coroa\u00e7\u00f5es, casamentos e funerais na sua longa hist\u00f3ria. Com o London Pass+ e o Explorer Pass de Londres, pode visitar a igreja gratuitamente.<\/p>\n\n\n\n<p>O \"Palaces &amp; Parliament Walking Tour\" come\u00e7a perto do Westminster Abbey, no qual pode participar gratuitamente com o London Pass. O passeio realiza-se tr\u00eas vezes por dia.<\/p>\n\n\n\n<h2 class=\"wp-block-heading\">Segundo dia: Tower of London + Ponte da Torre + The Shard<\/h2>\n\n\n\n<figure class=\"wp-block-image size-full\"><img loading=\"lazy\" decoding=\"async\" width=\"1000\" height=\"500\" src=\"https:\/\/www.londoncitypass.com\/wp-content\/uploads\/2023\/01\/tower-of-london.jpg\" alt=\"Tower of London\" class=\"wp-image-133\" srcset=\"https:\/\/www.londoncitypass.com\/wp-content\/uploads\/2023\/01\/tower-of-london.jpg 1000w, https:\/\/www.londoncitypass.com\/wp-content\/uploads\/2023\/01\/tower-of-london-300x150.jpg 300w, https:\/\/www.londoncitypass.com\/wp-content\/uploads\/2023\/01\/tower-of-london-768x384.jpg 768w, https:\/\/www.londoncitypass.com\/wp-content\/uploads\/2023\/01\/tower-of-london-18x9.jpg 18w\" sizes=\"auto, (max-width: 1000px) 100vw, 1000px\" \/><figcaption class=\"wp-element-caption\">\u00a9 Nick Fewings \/ Unsplash.com<\/figcaption><\/figure>\n\n\n\n<p>Comece o seu segundo dia em Londres num dos marcos mais famosos da cidade: o Tower of London. Visite as J\u00f3ias da Coroa e junte-se a uma visita guiada de Beefeater. A entrada \u00e9 gratuita para si com o <a href=\"https:\/\/www.londoncitypass.com\/pt\/passe-de-londres\/\" title=\"London Pass 2023\">London Pass<\/a> e a <a href=\"https:\/\/www.londoncitypass.com\/pt\/passe-de-explorador\/\" title=\"Londres Passe Explorar\">Londres Passe Explorar<\/a>,<\/p>\n\n\n\n<p>Depois v\u00e1 para o London Tower Bridge, que fica apenas a alguns metros da Torre de Londres. Com o <a href=\"https:\/\/www.londoncitypass.com\/pt\/passe-de-londres\/\" title=\"London Pass 2023\">London Pass<\/a> pode visitar gratuitamente a Exposi\u00e7\u00e3o da Ponte da Torre. Para o fazer, subir a Torre Norte e caminhar atrav\u00e9s do ch\u00e3o de vidro. Do topo pode observar os ve\u00edculos e os transeuntes que passam por baixo. O passeio termina na casa das m\u00e1quinas.<\/p>\n\n\n\n<p>Com o Explorer Pass tamb\u00e9m pode visitar a Exposi\u00e7\u00e3o da Ponte da Torre gratuitamente, mas n\u00e3o vale a pena, porque com o Explorer Pass s\u00f3 deve visitar atrac\u00e7\u00f5es caras.<\/p>\n\n\n\n<p>Do outro lado do Tamisa, n\u00e3o \u00e9 longe da Lasca, a impressionante torre de vidro que se eleva at\u00e9 aos 309 metros. Uma visita \u00e0 plataforma de observa\u00e7\u00e3o est\u00e1 inclu\u00edda em v\u00e1rios Passes de Londres: <a href=\"https:\/\/www.londoncitypass.com\/pt\/passe-de-londres\/\" title=\"London Pass 2023\">London Pass<\/a> e <a href=\"https:\/\/www.londoncitypass.com\/pt\/passe-de-explorador\/\" title=\"Londres Passe Explorar\">Londres Passe Explorar<\/a>. Note, no entanto, que deve marcar uma visita com anteced\u00eancia.<\/p>\n\n\n\n<h2 class=\"wp-block-heading\">Terceiro dia: Pal\u00e1cio de Buckingham + Pal\u00e1cio de Kensington<\/h2>\n\n\n\n<figure class=\"wp-block-image size-full\"><img loading=\"lazy\" decoding=\"async\" width=\"1000\" height=\"550\" src=\"https:\/\/www.londoncitypass.com\/wp-content\/uploads\/2023\/02\/london-kensington-palace.jpg\" alt=\"Pal\u00e1cio Kensington em Londres\" class=\"wp-image-138\" srcset=\"https:\/\/www.londoncitypass.com\/wp-content\/uploads\/2023\/02\/london-kensington-palace.jpg 1000w, https:\/\/www.londoncitypass.com\/wp-content\/uploads\/2023\/02\/london-kensington-palace-300x165.jpg 300w, https:\/\/www.londoncitypass.com\/wp-content\/uploads\/2023\/02\/london-kensington-palace-768x422.jpg 768w, https:\/\/www.londoncitypass.com\/wp-content\/uploads\/2023\/02\/london-kensington-palace-18x10.jpg 18w\" sizes=\"auto, (max-width: 1000px) 100vw, 1000px\" \/><figcaption class=\"wp-element-caption\">\u00a9 Nicholas Musilli \/ Unsplash.com<\/figcaption><\/figure>\n\n\n\n<p>O terceiro dia em Londres come\u00e7a em Trafalgar Square, uma pra\u00e7a central no cora\u00e7\u00e3o de Londres. Daqui pode caminhar at\u00e9 ao Pal\u00e1cio de Buckingham, se n\u00e3o se importar com uma caminhada mais longa. L\u00e1 encontrar\u00e1 a Queen's Gallery, que pode visitar de gra\u00e7a com o London Pass.<\/p>\n\n\n\n<p>Depois seguir para Wellington Arch no Hyde Park Corner. Com o London Pass pode escalar o Arco do Triunfo gratuitamente e apreciar a vista. Caminhe atrav\u00e9s do belo Hyde Park at\u00e9 ao Pal\u00e1cio de Kensington. A entrada \u00e9 gratuita com o <a href=\"https:\/\/www.londoncitypass.com\/pt\/passe-de-londres\/\" title=\"London Pass 2023\">London Pass<\/a> e a <a href=\"https:\/\/www.londoncitypass.com\/pt\/passe-de-explorador\/\" title=\"Londres Passe Explorar\">Passe Explorar<\/a>.<\/p>\n\n\n\n<p>Se ainda estiver motivado depois disso, pode visitar o Royal Albert Hall pr\u00f3ximo, como parte de uma visita guiada. Isto tamb\u00e9m est\u00e1 inclu\u00eddo gratuitamente com o London Pass e o Explorer Pass.<\/p>\n\n\n\n<p>Isto \u00e9 apenas uma sugest\u00e3o de como poderia ser uma viagem de tr\u00eas dias a Londres. \u00c9 claro que pode montar o seu pr\u00f3prio plano e visitar os muitos pontos tur\u00edsticos, que s\u00e3o gratuitos com um London City Pass. Se quiser visitar muito, deve comprar o London Pass. Se quiser visitar apenas alguns pontos tur\u00edsticos, o London Explorer Pass poder\u00e1 ser uma melhor escolha.<\/p>","protected":false},"excerpt":{"rendered":"<p>Londres \u00e9 uma das maiores cidades do mundo e \u00e9 quase imposs\u00edvel de conhecer num s\u00f3 dia. Para desfrutar realmente das muitas maravilhas da cidade, deve passar pelo menos tr\u00eas dias em Londres. Mas mesmo em quatro ou cinco dias \u00e9 poss\u00edvel descobrir muitas coisas novas. A cidade oferece uma variedade incr\u00edvel de actividades culturais e hist\u00f3ricas ... <a title=\"3 dias em Londres com um London City Pass\" class=\"read-more\" href=\"https:\/\/www.londoncitypass.com\/pt\/3-tage-in-london\/\" aria-label=\"Leia mais sobre 3 dias em Londres com um London City Pass\">Ler mais<\/a><\/p>","protected":false},"author":1,"featured_media":0,"parent":0,"menu_order":0,"comment_status":"closed","ping_status":"closed","template":"","meta":{"footnotes":""},"class_list":["post-155","page","type-page","status-publish"],"aioseo_notices":[],"featured_image_src":null,"_links":{"self":[{"href":"https:\/\/www.londoncitypass.com\/pt\/wp-json\/wp\/v2\/pages\/155","targetHints":{"allow":["GET"]}}],"collection":[{"href":"https:\/\/www.londoncitypass.com\/pt\/wp-json\/wp\/v2\/pages"}],"about":[{"href":"https:\/\/www.londoncitypass.com\/pt\/wp-json\/wp\/v2\/types\/page"}],"author":[{"embeddable":true,"href":"https:\/\/www.londoncitypass.com\/pt\/wp-json\/wp\/v2\/users\/1"}],"replies":[{"embeddable":true,"href":"https:\/\/www.londoncitypass.com\/pt\/wp-json\/wp\/v2\/comments?post=155"}],"version-history":[{"count":30,"href":"https:\/\/www.londoncitypass.com\/pt\/wp-json\/wp\/v2\/pages\/155\/revisions"}],"predecessor-version":[{"id":2074,"href":"https:\/\/www.londoncitypass.com\/pt\/wp-json\/wp\/v2\/pages\/155\/revisions\/2074"}],"wp:attachment":[{"href":"https:\/\/www.londoncitypass.com\/pt\/wp-json\/wp\/v2\/media?parent=155"}],"curies":[{"name":"wp","href":"https:\/\/api.w.org\/{rel}","templated":true}]}}