{"id":131,"date":"2023-02-01T09:27:41","date_gmt":"2023-02-01T09:27:41","guid":{"rendered":"https:\/\/www.londoncitypass.com\/?page_id=131"},"modified":"2026-02-03T13:15:19","modified_gmt":"2026-02-03T13:15:19","slug":"atraccoes","status":"publish","type":"page","link":"https:\/\/www.londoncitypass.com\/pt\/attraktionen\/","title":{"rendered":"As principais atrac\u00e7\u00f5es de Londres"},"content":{"rendered":"<p>Londres \u00e9 uma cidade com milhares de anos de hist\u00f3ria e cultura. Pode visitar edif\u00edcios hist\u00f3ricos como o Pal\u00e1cio de Buckingham e a Ponte da Torre e admirar marcos hist\u00f3ricos como o Big Ben e as C\u00e2maras do Parlamento. Londres tem tamb\u00e9m muitos museus, galerias e teatros onde os visitantes podem aprender mais sobre o passado e o presente da cidade.<\/p>\n\n\n\n<p>H\u00e1 in\u00fameras atrac\u00e7\u00f5es a descobrir na cidade que nunca dorme:<\/p>\n\n\n\n<h2 class=\"wp-block-heading\">Tower of London<\/h2>\n\n\n\n<figure class=\"wp-block-image size-full\"><img loading=\"lazy\" decoding=\"async\" width=\"1000\" height=\"500\" src=\"https:\/\/www.londoncitypass.com\/wp-content\/uploads\/2023\/01\/tower-of-london.jpg\" alt=\"Tower of London\" class=\"wp-image-133\" srcset=\"https:\/\/www.londoncitypass.com\/wp-content\/uploads\/2023\/01\/tower-of-london.jpg 1000w, https:\/\/www.londoncitypass.com\/wp-content\/uploads\/2023\/01\/tower-of-london-300x150.jpg 300w, https:\/\/www.londoncitypass.com\/wp-content\/uploads\/2023\/01\/tower-of-london-768x384.jpg 768w, https:\/\/www.londoncitypass.com\/wp-content\/uploads\/2023\/01\/tower-of-london-18x9.jpg 18w\" sizes=\"auto, (max-width: 1000px) 100vw, 1000px\" \/><figcaption class=\"wp-element-caption\">\u00a9 Nick Fewings \/ Unsplash.com<\/figcaption><\/figure>\n\n\n\n<div style=\"height:20px\" aria-hidden=\"true\" class=\"wp-block-spacer\"><\/div>\n\n\n\n<p>Esta antiga fortaleza \u00e9 um dos edif\u00edcios mais famosos do pa\u00eds e foi declarada Patrim\u00f3nio Mundial pela UNESCO em 1988. Aloja valiosas j\u00f3ias da coroa e artefactos do passado real brit\u00e2nico. Os visitantes podem tamb\u00e9m fazer visitas guiadas \u00e0 fortaleza para saber mais sobre a sua hist\u00f3ria.<\/p>\n\n\n\n<p>Uma visita \u00e9 poss\u00edvel com os seguintes London Passes: <a href=\"https:\/\/www.londoncitypass.com\/pt\/passe-de-londres\/\" title=\"London Pass 2023\">London Pass<\/a>, <a href=\"https:\/\/www.londoncitypass.com\/pt\/passe-de-explorador\/\" title=\"Londres Passe Explorar\">Londres Passe Explorar<\/a> e <a href=\"https:\/\/www.londoncitypass.com\/pt\/poupanca-cidade-grande\/\" title=\"Big City Saver Pass\">Passe para v\u00e1rias atrac\u00e7\u00f5es<\/a>.<\/p>\n\n\n<div class=\"wp-block-ub-divider ub_divider ub-divider-orientation-horizontal\" id=\"ub_divider_930391b2-120c-44ce-b10c-88906d2b763b\"><div class=\"ub_divider_wrapper\" style=\"position: relative; margin-bottom: 20px; width: 100%; height: 20px; \" data-divider-alignment=\"center\"><div class=\"ub_divider_line\" style=\"border-top: 2px solid #ccc; margin-top: 20px; \"><\/div><\/div><\/div>\n\n\n<h2 class=\"wp-block-heading\">Pal\u00e1cio de Buckingham<\/h2>\n\n\n\n<figure class=\"wp-block-image size-full\"><img loading=\"lazy\" decoding=\"async\" width=\"1000\" height=\"550\" src=\"https:\/\/www.londoncitypass.com\/wp-content\/uploads\/2023\/02\/london-buckingham-palace.jpg\" alt=\"Pal\u00e1cio de Buckingham em Londres\" class=\"wp-image-136\" srcset=\"https:\/\/www.londoncitypass.com\/wp-content\/uploads\/2023\/02\/london-buckingham-palace.jpg 1000w, https:\/\/www.londoncitypass.com\/wp-content\/uploads\/2023\/02\/london-buckingham-palace-300x165.jpg 300w, https:\/\/www.londoncitypass.com\/wp-content\/uploads\/2023\/02\/london-buckingham-palace-768x422.jpg 768w, https:\/\/www.londoncitypass.com\/wp-content\/uploads\/2023\/02\/london-buckingham-palace-18x10.jpg 18w\" sizes=\"auto, (max-width: 1000px) 100vw, 1000px\" \/><figcaption class=\"wp-element-caption\">\u00a9 Ferdinand St\u00f6hr \/ Unsplash.com<\/figcaption><\/figure>\n\n\n\n<div style=\"height:20px\" aria-hidden=\"true\" class=\"wp-block-spacer\"><\/div>\n\n\n\n<p>O Pal\u00e1cio Real \u00e9 o lar dos monarcas ingleses desde 1837 e \u00e9 agora a resid\u00eancia oficial em Londres do Rei Carlos. Os visitantes podem visitar as salas do estado e admirar a vasta colec\u00e7\u00e3o de arte da fam\u00edlia real ou assistir \u00e0 mundialmente famosa cerim\u00f3nia da Mudan\u00e7a da Guarda no exterior.<\/p>\n\n\n\n<p>A visita \u00e0 Galeria do Rei \u00e9 poss\u00edvel com o <a href=\"https:\/\/www.londoncitypass.com\/pt\/passe-de-londres\/\" title=\"London Pass 2023\">London Pass<\/a>.<\/p>\n\n\n<div class=\"wp-block-ub-divider ub_divider ub-divider-orientation-horizontal\" id=\"ub_divider_c5af1c68-1837-4803-9ec1-aa5c38cc5c82\"><div class=\"ub_divider_wrapper\" style=\"position: relative; margin-bottom: 20px; width: 100%; height: 20px; \" data-divider-alignment=\"center\"><div class=\"ub_divider_line\" style=\"border-top: 2px solid #ccc; margin-top: 20px; \"><\/div><\/div><\/div>\n\n\n<h2 class=\"wp-block-heading\">The Shard<\/h2>\n\n\n\n<figure class=\"wp-block-image size-full\"><img loading=\"lazy\" decoding=\"async\" width=\"1000\" height=\"550\" src=\"https:\/\/www.londoncitypass.com\/wp-content\/uploads\/2023\/02\/london-the-shard.jpg\" alt=\"The Shard em Londres\" class=\"wp-image-141\" srcset=\"https:\/\/www.londoncitypass.com\/wp-content\/uploads\/2023\/02\/london-the-shard.jpg 1000w, https:\/\/www.londoncitypass.com\/wp-content\/uploads\/2023\/02\/london-the-shard-300x165.jpg 300w, https:\/\/www.londoncitypass.com\/wp-content\/uploads\/2023\/02\/london-the-shard-768x422.jpg 768w, https:\/\/www.londoncitypass.com\/wp-content\/uploads\/2023\/02\/london-the-shard-18x10.jpg 18w\" sizes=\"auto, (max-width: 1000px) 100vw, 1000px\" \/><figcaption class=\"wp-element-caption\">\u00a9 Fred Moon \/ Unsplash.com<\/figcaption><\/figure>\n\n\n\n<div style=\"height:20px\" aria-hidden=\"true\" class=\"wp-block-spacer\"><\/div>\n\n\n\n<p>Com 309 metros, este impressionante arranha-c\u00e9us \u00e9 um dos edif\u00edcios mais altos da Europa. Apanhe o elevador para o topo e desfrute de uma vista deslumbrante da cidade a partir do conv\u00e9s de observa\u00e7\u00e3o p\u00fablica mais alto da Europa.<\/p>\n\n\n\n<p>A visita \u00e9 inclusiva com <a href=\"https:\/\/www.londoncitypass.com\/pt\/passe-de-londres\/\" title=\"London Pass 2023\">London Pass+<\/a> e <a href=\"https:\/\/www.londoncitypass.com\/pt\/passe-de-explorador\/\" title=\"Londres Passe Explorar\">Londres Passe Explorar<\/a>.<\/p>\n\n\n<div class=\"wp-block-ub-divider ub_divider ub-divider-orientation-horizontal\" id=\"ub_divider_31f0a4e5-9a36-4bb5-af3f-0052beaf37d1\"><div class=\"ub_divider_wrapper\" style=\"position: relative; margin-bottom: 20px; width: 100%; height: 20px; \" data-divider-alignment=\"center\"><div class=\"ub_divider_line\" style=\"border-top: 2px solid #ccc; margin-top: 20px; \"><\/div><\/div><\/div>\n\n\n<h2 class=\"wp-block-heading\">Westminster Abbey<\/h2>\n\n\n\n<figure class=\"wp-block-image size-full\"><img loading=\"lazy\" decoding=\"async\" width=\"1000\" height=\"680\" src=\"https:\/\/www.londoncitypass.com\/wp-content\/uploads\/2023\/02\/london-westminster-abbey.jpg\" alt=\"Westminster Abbey em Londres\" class=\"wp-image-144\" srcset=\"https:\/\/www.londoncitypass.com\/wp-content\/uploads\/2023\/02\/london-westminster-abbey.jpg 1000w, https:\/\/www.londoncitypass.com\/wp-content\/uploads\/2023\/02\/london-westminster-abbey-300x204.jpg 300w, https:\/\/www.londoncitypass.com\/wp-content\/uploads\/2023\/02\/london-westminster-abbey-768x522.jpg 768w, https:\/\/www.londoncitypass.com\/wp-content\/uploads\/2023\/02\/london-westminster-abbey-18x12.jpg 18w\" sizes=\"auto, (max-width: 1000px) 100vw, 1000px\" \/><figcaption class=\"wp-element-caption\">\u00a9 Ian Branch \/ Unsplash.com<\/figcaption><\/figure>\n\n\n\n<div style=\"height:20px\" aria-hidden=\"true\" class=\"wp-block-spacer\"><\/div>\n\n\n\n<p>Este belo edif\u00edcio g\u00f3tico tem acolhido coroa\u00e7\u00f5es, funerais e outras cerim\u00f3nias importantes para a Fam\u00edlia Real Brit\u00e2nica e membros da Igreja durante s\u00e9culos. Hoje acolhe visitantes que desejam explorar a sua complexa arquitectura e tumbas hist\u00f3ricas.<\/p>\n\n\n\n<p>A visita \u00e9 inclusiva com <a href=\"https:\/\/www.londoncitypass.com\/pt\/passe-de-londres\/\" title=\"London Pass 2023\">London Pass<\/a> e <a href=\"https:\/\/www.londoncitypass.com\/pt\/passe-de-explorador\/\" title=\"Londres Passe Explorar\">Londres Passe Explorar<\/a>.<\/p>\n\n\n<div class=\"wp-block-ub-divider ub_divider ub-divider-orientation-horizontal\" id=\"ub_divider_8daadfab-0706-4b61-812e-9adc2085e86f\"><div class=\"ub_divider_wrapper\" style=\"position: relative; margin-bottom: 20px; width: 100%; height: 20px; \" data-divider-alignment=\"center\"><div class=\"ub_divider_line\" style=\"border-top: 2px solid #ccc; margin-top: 20px; \"><\/div><\/div><\/div>\n\n\n<h2 class=\"wp-block-heading\">Catedral de S. Paulo<\/h2>\n\n\n\n<figure class=\"wp-block-image size-full\"><img loading=\"lazy\" decoding=\"async\" width=\"1000\" height=\"550\" src=\"https:\/\/www.londoncitypass.com\/wp-content\/uploads\/2023\/02\/london-st-paul-cathedral.jpg\" alt=\"St Paul&#039;s Cathedral em Londres\" class=\"wp-image-140\" srcset=\"https:\/\/www.londoncitypass.com\/wp-content\/uploads\/2023\/02\/london-st-paul-cathedral.jpg 1000w, https:\/\/www.londoncitypass.com\/wp-content\/uploads\/2023\/02\/london-st-paul-cathedral-300x165.jpg 300w, https:\/\/www.londoncitypass.com\/wp-content\/uploads\/2023\/02\/london-st-paul-cathedral-768x422.jpg 768w, https:\/\/www.londoncitypass.com\/wp-content\/uploads\/2023\/02\/london-st-paul-cathedral-18x10.jpg 18w\" sizes=\"auto, (max-width: 1000px) 100vw, 1000px\" \/><figcaption class=\"wp-element-caption\">\u00a9 Jonathan Chng \/ Unsplash.com<\/figcaption><\/figure>\n\n\n\n<div style=\"height:20px\" aria-hidden=\"true\" class=\"wp-block-spacer\"><\/div>\n\n\n\n<p>Esta imponente igreja barroca foi desenhada por Sir Christopher Wren no s\u00e9culo XVII e \u00e9 um dos edif\u00edcios mais famosos de Londres. Pode explorar o interior ornamentado da catedral, visitar a Galeria Sussurrante e escalar a famosa c\u00fapula para obter vistas deslumbrantes sobre a cidade.<\/p>\n\n\n\n<p>A visita est\u00e1 inclu\u00edda com a <a href=\"https:\/\/www.londoncitypass.com\/pt\/passe-de-londres\/\" title=\"London Pass 2023\">London Pass<\/a> e <a href=\"https:\/\/www.londoncitypass.com\/pt\/passe-de-explorador\/\" title=\"Londres Passe Explorar\">Londres Passe Explorar<\/a>.<\/p>\n\n\n<div class=\"wp-block-ub-divider ub_divider ub-divider-orientation-horizontal\" id=\"ub_divider_566ae879-2d9e-449a-920a-ad3eb6eadc46\"><div class=\"ub_divider_wrapper\" style=\"position: relative; margin-bottom: 20px; width: 100%; height: 20px; \" data-divider-alignment=\"center\"><div class=\"ub_divider_line\" style=\"border-top: 2px solid #ccc; margin-top: 20px; \"><\/div><\/div><\/div>\n\n\n<h2 class=\"wp-block-heading\">C\u00e2maras do Parlamento &amp; Big Ben<\/h2>\n\n\n\n<figure class=\"wp-block-image size-full\"><img loading=\"lazy\" decoding=\"async\" width=\"1000\" height=\"600\" src=\"https:\/\/www.londoncitypass.com\/wp-content\/uploads\/2023\/02\/london-parliament-big-ben.jpg\" alt=\"C\u00e2maras do Parlamento e Big Ben\" class=\"wp-image-139\" srcset=\"https:\/\/www.londoncitypass.com\/wp-content\/uploads\/2023\/02\/london-parliament-big-ben.jpg 1000w, https:\/\/www.londoncitypass.com\/wp-content\/uploads\/2023\/02\/london-parliament-big-ben-300x180.jpg 300w, https:\/\/www.londoncitypass.com\/wp-content\/uploads\/2023\/02\/london-parliament-big-ben-768x461.jpg 768w, https:\/\/www.londoncitypass.com\/wp-content\/uploads\/2023\/02\/london-parliament-big-ben-18x12.jpg 18w\" sizes=\"auto, (max-width: 1000px) 100vw, 1000px\" \/><figcaption class=\"wp-element-caption\">\u00a9 Marcin Nowak \/ Unsplash.com<\/figcaption><\/figure>\n\n\n\n<div style=\"height:20px\" aria-hidden=\"true\" class=\"wp-block-spacer\"><\/div>\n\n\n\n<p>As C\u00e2maras do Parlamento e Big Ben est\u00e3o entre os marcos mais famosos de Londres. Os dois edif\u00edcios no Tamisa t\u00eam sido um s\u00edmbolo da democracia brit\u00e2nica durante s\u00e9culos. As C\u00e2maras do Parlamento s\u00e3o um edif\u00edcio impressionante onde os membros das duas C\u00e2maras do Parlamento se encontram para debater legisla\u00e7\u00e3o, enquanto que o Big Ben \u00e9 uma torre de rel\u00f3gio fora das C\u00e2maras do Parlamento.<\/p>\n\n\n\n<p>Pode juntar-se a um Pal\u00e1cio e a um Passeio Pedestre no Parlamento com o <a href=\"https:\/\/www.londoncitypass.com\/pt\/passe-de-londres\/\" title=\"London Pass 2023\">London Pass<\/a> e <a href=\"https:\/\/www.londoncitypass.com\/pt\/passe-de-explorador\/\" title=\"Londres Passe Explorar\">Passe Explorar<\/a>.<\/p>\n\n\n<div class=\"wp-block-ub-divider ub_divider ub-divider-orientation-horizontal\" id=\"ub_divider_58f69037-1321-44f3-aa9f-8bb740bb7de5\"><div class=\"ub_divider_wrapper\" style=\"position: relative; margin-bottom: 20px; width: 100%; height: 20px; \" data-divider-alignment=\"center\"><div class=\"ub_divider_line\" style=\"border-top: 2px solid #ccc; margin-top: 20px; \"><\/div><\/div><\/div>\n\n\n<h2 class=\"wp-block-heading\">London Eye<\/h2>\n\n\n\n<figure class=\"wp-block-image size-full\"><img loading=\"lazy\" decoding=\"async\" width=\"1000\" height=\"550\" src=\"https:\/\/www.londoncitypass.com\/wp-content\/uploads\/2023\/02\/london-eye.jpg\" alt=\"London Eye\" class=\"wp-image-137\" srcset=\"https:\/\/www.londoncitypass.com\/wp-content\/uploads\/2023\/02\/london-eye.jpg 1000w, https:\/\/www.londoncitypass.com\/wp-content\/uploads\/2023\/02\/london-eye-300x165.jpg 300w, https:\/\/www.londoncitypass.com\/wp-content\/uploads\/2023\/02\/london-eye-768x422.jpg 768w, https:\/\/www.londoncitypass.com\/wp-content\/uploads\/2023\/02\/london-eye-18x10.jpg 18w\" sizes=\"auto, (max-width: 1000px) 100vw, 1000px\" \/><figcaption class=\"wp-element-caption\">\u00a9 David Henderson \/ Unsplash.com<\/figcaption><\/figure>\n\n\n\n<div style=\"height:20px\" aria-hidden=\"true\" class=\"wp-block-spacer\"><\/div>\n\n\n\n<p>Desfrute de vistas de 360 graus do horizonte de Londres a partir de uma das rodas-gigantes mais altas do mundo. Esta atra\u00e7\u00e3o oferece vistas incr\u00edveis sobre a cidade e \u00e9 um dos pontos tur\u00edsticos mais populares de Londres. A London Eye est\u00e1 inclu\u00edda no pacote <a href=\"https:\/\/www.londoncitypass.com\/pt\/poupanca-cidade-grande\/\" title=\"Passe para v\u00e1rias atrac\u00e7\u00f5es\">Passe para v\u00e1rias atrac\u00e7\u00f5es<\/a>, <a href=\"https:\/\/www.londoncitypass.com\/pt\/passe-de-londres\/\" title=\"London Pass 2024\">London Pass+<\/a>.<\/p>\n\n\n<div class=\"wp-block-ub-divider ub_divider ub-divider-orientation-horizontal\" id=\"ub_divider_51a94ab3-1875-4214-aa05-b0403db7cf92\"><div class=\"ub_divider_wrapper\" style=\"position: relative; margin-bottom: 20px; width: 100%; height: 20px; \" data-divider-alignment=\"center\"><div class=\"ub_divider_line\" style=\"border-top: 2px solid #ccc; margin-top: 20px; \"><\/div><\/div><\/div>\n\n\n<h2 class=\"wp-block-heading\">Pal\u00e1cio Kensington<\/h2>\n\n\n\n<figure class=\"wp-block-image size-full\"><img loading=\"lazy\" decoding=\"async\" width=\"1000\" height=\"550\" src=\"https:\/\/www.londoncitypass.com\/wp-content\/uploads\/2023\/02\/london-kensington-palace.jpg\" alt=\"Pal\u00e1cio Kensington em Londres\" class=\"wp-image-138\" srcset=\"https:\/\/www.londoncitypass.com\/wp-content\/uploads\/2023\/02\/london-kensington-palace.jpg 1000w, https:\/\/www.londoncitypass.com\/wp-content\/uploads\/2023\/02\/london-kensington-palace-300x165.jpg 300w, https:\/\/www.londoncitypass.com\/wp-content\/uploads\/2023\/02\/london-kensington-palace-768x422.jpg 768w, https:\/\/www.londoncitypass.com\/wp-content\/uploads\/2023\/02\/london-kensington-palace-18x10.jpg 18w\" sizes=\"auto, (max-width: 1000px) 100vw, 1000px\" \/><figcaption class=\"wp-element-caption\">\u00a9 Nicholas Musilli \/ Unsplash.com<\/figcaption><\/figure>\n\n\n\n<div style=\"height:20px\" aria-hidden=\"true\" class=\"wp-block-spacer\"><\/div>\n\n\n\n<p>Este magn\u00edfico pal\u00e1cio tem sido a sede da realeza brit\u00e2nica desde pelo menos 1689 e \u00e9 agora o lar de muitos membros da fam\u00edlia real. Pode fazer visitas guiadas ao pal\u00e1cio ou explorar os exuberantes jardins.<\/p>\n\n\n\n<p>As visitas ao Pal\u00e1cio Kensington s\u00e3o poss\u00edveis com os seguintes Passes de Londres: <a href=\"https:\/\/www.londoncitypass.com\/pt\/passe-de-londres\/\" title=\"London Pass 2023\">London Pass<\/a>, <a href=\"https:\/\/www.londoncitypass.com\/pt\/passe-de-explorador\/\" title=\"Londres Passe Explorar\">Passe Explorar<\/a>.<\/p>\n\n\n<div class=\"wp-block-ub-divider ub_divider ub-divider-orientation-horizontal\" id=\"ub_divider_18aa0cd8-3459-47bb-ba07-c960827494a9\"><div class=\"ub_divider_wrapper\" style=\"position: relative; margin-bottom: 20px; width: 100%; height: 20px; \" data-divider-alignment=\"center\"><div class=\"ub_divider_line\" style=\"border-top: 2px solid #ccc; margin-top: 20px; \"><\/div><\/div><\/div>\n\n\n<h2 class=\"wp-block-heading\">London Tower Bridge<\/h2>\n\n\n\n<figure class=\"wp-block-image size-full\"><img loading=\"lazy\" decoding=\"async\" width=\"1000\" height=\"600\" src=\"https:\/\/www.londoncitypass.com\/wp-content\/uploads\/2023\/02\/london-tower-bridge.jpg\" alt=\"London Tower Bridge\" class=\"wp-image-142\" srcset=\"https:\/\/www.londoncitypass.com\/wp-content\/uploads\/2023\/02\/london-tower-bridge.jpg 1000w, https:\/\/www.londoncitypass.com\/wp-content\/uploads\/2023\/02\/london-tower-bridge-300x180.jpg 300w, https:\/\/www.londoncitypass.com\/wp-content\/uploads\/2023\/02\/london-tower-bridge-768x461.jpg 768w, https:\/\/www.londoncitypass.com\/wp-content\/uploads\/2023\/02\/london-tower-bridge-18x12.jpg 18w\" sizes=\"auto, (max-width: 1000px) 100vw, 1000px\" \/><figcaption class=\"wp-element-caption\">\u00a9 Charles Postiaux \/ Unsplash.com<\/figcaption><\/figure>\n\n\n\n<div style=\"height:20px\" aria-hidden=\"true\" class=\"wp-block-spacer\"><\/div>\n\n\n\n<p>Nenhuma outra ponte na capital brit\u00e2nica \u00e9 t\u00e3o famosa como o London Tower Bridge. Foi constru\u00edda no final do s\u00e9culo XIX e \u00e9 hoje simultaneamente uma importante estrada arterial e uma atrac\u00e7\u00e3o tur\u00edstica. De ambos os lados do Tamisa, a ponte \u00e9 um motivo de fotografia popular.<\/p>\n\n\n\n<p>Com os seguintes London Passes pode visitar gratuitamente a Exposi\u00e7\u00e3o do London Tower Bridge: <a href=\"https:\/\/www.londoncitypass.com\/pt\/passe-de-explorador\/\" title=\"Londres Passe Explorar\">Londres Passe Explorar<\/a> e <a href=\"https:\/\/www.londoncitypass.com\/pt\/passe-de-londres\/\" title=\"London Pass 2023\">London Pass<\/a>.<\/p>\n\n\n<div class=\"wp-block-ub-divider ub_divider ub-divider-orientation-horizontal\" id=\"ub_divider_7ce51777-953c-48d7-9925-9d05ae8ed836\"><div class=\"ub_divider_wrapper\" style=\"position: relative; margin-bottom: 20px; width: 100%; height: 20px; \" data-divider-alignment=\"center\"><div class=\"ub_divider_line\" style=\"border-top: 2px solid #ccc; margin-top: 20px; \"><\/div><\/div><\/div>\n\n\n<h2 class=\"wp-block-heading\">Pra\u00e7a Trafalgar<\/h2>\n\n\n\n<figure class=\"wp-block-image size-full\"><img loading=\"lazy\" decoding=\"async\" width=\"1000\" height=\"550\" src=\"https:\/\/www.londoncitypass.com\/wp-content\/uploads\/2023\/02\/london-trafalgar-square.jpg\" alt=\"Trafalgar Square em Londres\" class=\"wp-image-143\" srcset=\"https:\/\/www.londoncitypass.com\/wp-content\/uploads\/2023\/02\/london-trafalgar-square.jpg 1000w, https:\/\/www.londoncitypass.com\/wp-content\/uploads\/2023\/02\/london-trafalgar-square-300x165.jpg 300w, https:\/\/www.londoncitypass.com\/wp-content\/uploads\/2023\/02\/london-trafalgar-square-768x422.jpg 768w, https:\/\/www.londoncitypass.com\/wp-content\/uploads\/2023\/02\/london-trafalgar-square-18x10.jpg 18w\" sizes=\"auto, (max-width: 1000px) 100vw, 1000px\" \/><figcaption class=\"wp-element-caption\">\u00a9 Diane Picchiottino \/ Unsplash.com<\/figcaption><\/figure>\n\n\n\n<div style=\"height:20px\" aria-hidden=\"true\" class=\"wp-block-spacer\"><\/div>\n\n\n\n<p>Esta movimentada pra\u00e7a no cora\u00e7\u00e3o da cidade \u00e9 o local ideal para observar a az\u00e1fama de Londres. Com a Galeria Nacional, a Coluna de Nelson e uma s\u00e9rie de est\u00e1tuas, \u00e9 uma das atrac\u00e7\u00f5es tur\u00edsticas mais populares de Londres.<\/p>\n\n\n<div class=\"wp-block-ub-divider ub_divider ub-divider-orientation-horizontal\" id=\"ub_divider_98c0e5c1-e915-403e-a939-e3d4d129d567\"><div class=\"ub_divider_wrapper\" style=\"position: relative; margin-bottom: 20px; width: 100%; height: 20px; \" data-divider-alignment=\"center\"><div class=\"ub_divider_line\" style=\"border-top: 2px solid #ccc; margin-top: 20px; \"><\/div><\/div><\/div>\n\n\n<p>Esta \u00e9 apenas uma pequena selec\u00e7\u00e3o das muitas atrac\u00e7\u00f5es que Londres tem para oferecer. Quer esteja \u00e0 procura de experi\u00eancias culturais e pontos tur\u00edsticos hist\u00f3ricos ou simplesmente queira desfrutar da cultura brit\u00e2nica, h\u00e1 algo para todos nesta incr\u00edvel cidade.<\/p>","protected":false},"excerpt":{"rendered":"<p>Londres \u00e9 uma cidade com milhares de anos de hist\u00f3ria e cultura. Pode visitar edif\u00edcios hist\u00f3ricos como o Pal\u00e1cio de Buckingham e a Tower Bridge e admirar marcos como o Big Ben e as Casas do Parlamento. Londres \u00e9 tamb\u00e9m o lar de numerosos museus, galerias e teatros onde os visitantes podem aprender mais sobre o passado e o presente da cidade.... <a title=\"As principais atrac\u00e7\u00f5es de Londres\" class=\"read-more\" href=\"https:\/\/www.londoncitypass.com\/pt\/attraktionen\/\" aria-label=\"Leia mais sobre as principais atrac\u00e7\u00f5es de Londres\">Ler mais<\/a><\/p>","protected":false},"author":1,"featured_media":0,"parent":0,"menu_order":0,"comment_status":"closed","ping_status":"closed","template":"","meta":{"footnotes":""},"class_list":["post-131","page","type-page","status-publish"],"aioseo_notices":[],"featured_image_src":null,"_links":{"self":[{"href":"https:\/\/www.londoncitypass.com\/pt\/wp-json\/wp\/v2\/pages\/131","targetHints":{"allow":["GET"]}}],"collection":[{"href":"https:\/\/www.londoncitypass.com\/pt\/wp-json\/wp\/v2\/pages"}],"about":[{"href":"https:\/\/www.londoncitypass.com\/pt\/wp-json\/wp\/v2\/types\/page"}],"author":[{"embeddable":true,"href":"https:\/\/www.londoncitypass.com\/pt\/wp-json\/wp\/v2\/users\/1"}],"replies":[{"embeddable":true,"href":"https:\/\/www.londoncitypass.com\/pt\/wp-json\/wp\/v2\/comments?post=131"}],"version-history":[{"count":31,"href":"https:\/\/www.londoncitypass.com\/pt\/wp-json\/wp\/v2\/pages\/131\/revisions"}],"predecessor-version":[{"id":1941,"href":"https:\/\/www.londoncitypass.com\/pt\/wp-json\/wp\/v2\/pages\/131\/revisions\/1941"}],"wp:attachment":[{"href":"https:\/\/www.londoncitypass.com\/pt\/wp-json\/wp\/v2\/media?parent=131"}],"curies":[{"name":"wp","href":"https:\/\/api.w.org\/{rel}","templated":true}]}}