{"id":155,"date":"2023-02-01T13:02:31","date_gmt":"2023-02-01T13:02:31","guid":{"rendered":"https:\/\/www.londoncitypass.com\/?page_id=155"},"modified":"2026-02-16T14:07:58","modified_gmt":"2026-02-16T14:07:58","slug":"3-dni-w-londynie","status":"publish","type":"page","link":"https:\/\/www.londoncitypass.com\/pl\/3-tage-in-london\/","title":{"rendered":"3 dni w Londynie z biletem London City Pass"},"content":{"rendered":"<p>Londyn jest jednym z najwspanialszych miast na \u015bwiecie i jest prawie niemo\u017cliwy do ogarni\u0119cia w jeden dzie\u0144. Aby naprawd\u0119 cieszy\u0107 si\u0119 wieloma cudami miasta, powiniene\u015b sp\u0119dzi\u0107 w Londynie co najmniej trzy dni. Ale nawet w cztery lub pi\u0119\u0107 dni mo\u017cna odkry\u0107 wiele nowych rzeczy.<\/p>\n\n\n\n<p>Miasto oferuje niesamowit\u0105 r\u00f3\u017cnorodno\u015b\u0107 atrakcji kulturalnych i historycznych. Muzea i galerie takie jak British Museum, National Gallery i Tate Modern oferuj\u0105 wiele mo\u017cliwo\u015bci, aby dowiedzie\u0107 si\u0119 wi\u0119cej o przesz\u0142o\u015bci miasta. S\u0142ynne punkty orientacyjne, takie jak Big Ben i Pa\u0142ac Buckingham daj\u0105 wgl\u0105d w bogat\u0105 histori\u0119 Anglii.<\/p>\n\n\n\n<p>Poni\u017cej przedstawiamy trzydniowy plan zwiedzania Londynu. Zabytki zosta\u0142y wybrane tak, aby jak najlepiej wykorzysta\u0107 bilet London City Pass.<\/p>\n\n\n\n<h2 class=\"wp-block-heading\">Pierwszy dzie\u0144: Hop-on\/Hop-off + Westminster Abbey + Walking Tour<\/h2>\n\n\n\n<figure class=\"wp-block-image size-full\"><img loading=\"lazy\" decoding=\"async\" width=\"1000\" height=\"600\" src=\"https:\/\/www.londoncitypass.com\/wp-content\/uploads\/2023\/02\/london-big-bus.jpg\" alt=\"Londyn Big Bus\" class=\"wp-image-156\" srcset=\"https:\/\/www.londoncitypass.com\/wp-content\/uploads\/2023\/02\/london-big-bus.jpg 1000w, https:\/\/www.londoncitypass.com\/wp-content\/uploads\/2023\/02\/london-big-bus-300x180.jpg 300w, https:\/\/www.londoncitypass.com\/wp-content\/uploads\/2023\/02\/london-big-bus-768x461.jpg 768w, https:\/\/www.londoncitypass.com\/wp-content\/uploads\/2023\/02\/london-big-bus-18x12.jpg 18w\" sizes=\"auto, (max-width: 1000px) 100vw, 1000px\" \/><figcaption class=\"wp-element-caption\">\u00a9 Big Bus Tours<\/figcaption><\/figure>\n\n\n\n<p>Zacznij swoj\u0105 podr\u00f3\u017c odkrywcz\u0105 od wycieczki po mie\u015bcie autobusem typu hop-on\/hop-off, aby uzyska\u0107 pierwszy przegl\u0105d. Istnieje kilka firm autobusowych, kt\u00f3rych autobusy podr\u00f3\u017cuj\u0105 po Londynie ka\u017cdego dnia. W przypadku wi\u0119kszo\u015bci przewo\u017anik\u00f3w mo\u017cesz przesi\u0105\u015b\u0107 si\u0119 mi\u0119dzy dwoma liniami, aby zwiedzi\u0107 r\u00f3\u017cne cz\u0119\u015bci miasta.<\/p>\n\n\n\n<p>Zwiedzanie w systemie hop-on\/hop-off jest mo\u017cliwe z wszystkimi biletami na Londyn: Z <a href=\"https:\/\/www.londoncitypass.com\/pl\/karnet-londyn\/\" title=\"London Pass 2023\">London Pass<\/a> i <a href=\"https:\/\/www.londoncitypass.com\/pl\/karnet-odkrywcy\/\" title=\"Londyn Explorer Pass\">Londyn Explorer Pass<\/a> Mo\u017cesz korzysta\u0107 z autobus\u00f3w Big Bus lub Golden Tours przez jeden dzie\u0144.<\/p>\n\n\n\n<p>Takie wycieczki autobusowe s\u0105 do\u015b\u0107 drogie. Dlatego London City Pass szybko zwraca si\u0119 podczas wycieczki po mie\u015bcie.<\/p>\n\n\n\n<p>Wysi\u0105d\u017a w Westminster Abbey, ko\u015bciele, kt\u00f3ry w swojej d\u0142ugiej historii by\u0142 \u015bwiadkiem wielu koronacji, \u015blub\u00f3w i pogrzeb\u00f3w. Z London Pass+ i londy\u0144skim Explorer Pass mo\u017cesz zwiedzi\u0107 ko\u015bci\u00f3\u0142 bezp\u0142atnie.<\/p>\n\n\n\n<p>Wycieczka \"Palaces &amp; Parliament Walking Tour\" rozpoczyna si\u0119 w pobli\u017cu przystanku Westminster Abbey, w kt\u00f3rej mo\u017cna wzi\u0105\u0107 udzia\u0142 bezp\u0142atnie z przystankiem London Pass. Wycieczka odbywa si\u0119 trzy razy dziennie.<\/p>\n\n\n\n<h2 class=\"wp-block-heading\">Drugi dzie\u0144: Tower of London + Tower Bridge + The Shard<\/h2>\n\n\n\n<figure class=\"wp-block-image size-full\"><img loading=\"lazy\" decoding=\"async\" width=\"1000\" height=\"500\" src=\"https:\/\/www.londoncitypass.com\/wp-content\/uploads\/2023\/01\/tower-of-london.jpg\" alt=\"Tower of London\" class=\"wp-image-133\" srcset=\"https:\/\/www.londoncitypass.com\/wp-content\/uploads\/2023\/01\/tower-of-london.jpg 1000w, https:\/\/www.londoncitypass.com\/wp-content\/uploads\/2023\/01\/tower-of-london-300x150.jpg 300w, https:\/\/www.londoncitypass.com\/wp-content\/uploads\/2023\/01\/tower-of-london-768x384.jpg 768w, https:\/\/www.londoncitypass.com\/wp-content\/uploads\/2023\/01\/tower-of-london-18x9.jpg 18w\" sizes=\"auto, (max-width: 1000px) 100vw, 1000px\" \/><figcaption class=\"wp-element-caption\">\u00a9 Nick Fewings \/ Unsplash.com<\/figcaption><\/figure>\n\n\n\n<p>Rozpocznij sw\u00f3j drugi dzie\u0144 w Londynie w jednym z najs\u0142ynniejszych punkt\u00f3w orientacyjnych miasta: Tower of London. Odwied\u017a klejnoty koronne i we\u017a udzia\u0142 w wycieczce z przewodnikiem Beefeaterem. Wst\u0119p jest bezp\u0142atny z <a href=\"https:\/\/www.londoncitypass.com\/pl\/karnet-londyn\/\" title=\"London Pass 2023\">London Pass<\/a> i <a href=\"https:\/\/www.londoncitypass.com\/pl\/karnet-odkrywcy\/\" title=\"Londyn Explorer Pass\">Londyn Explorer Pass<\/a>,<\/p>\n\n\n\n<p>Nast\u0119pnie przejd\u017a do London Tower Bridge, kt\u00f3ry znajduje si\u0119 zaledwie kilka metr\u00f3w od Tower of London. Z <a href=\"https:\/\/www.londoncitypass.com\/pl\/karnet-londyn\/\" title=\"London Pass 2023\">London Pass<\/a> mo\u017cna bezp\u0142atnie zwiedzi\u0107 wystaw\u0119 Tower Bridge. W tym celu nale\u017cy wej\u015b\u0107 na Wie\u017c\u0119 P\u00f3\u0142nocn\u0105 i przej\u015b\u0107 przez szklan\u0105 pod\u0142og\u0119. Z g\u00f3ry mo\u017cna obserwowa\u0107 pojazdy i przechodni\u00f3w w dole. Wycieczka ko\u0144czy si\u0119 w maszynowni.<\/p>\n\n\n\n<p>Z Explorer Pass mo\u017cna te\u017c za darmo zwiedzi\u0107 wystaw\u0119 Tower Bridge, ale nie warto, bo z Explorer Pass nale\u017cy zwiedza\u0107 tylko drogie atrakcje.<\/p>\n\n\n\n<p>Po drugiej stronie Tamizy niedaleko jest do Shard, imponuj\u0105cej szklanej wie\u017cy, kt\u00f3ra wznosi si\u0119 na 309 metr\u00f3w. Wizyta na platformie widokowej jest zawarta w kilku biletach wst\u0119pu do Londynu: <a href=\"https:\/\/www.londoncitypass.com\/pl\/karnet-londyn\/\" title=\"London Pass 2023\">London Pass<\/a> oraz <a href=\"https:\/\/www.londoncitypass.com\/pl\/karnet-odkrywcy\/\" title=\"Londyn Explorer Pass\">Londyn Explorer Pass<\/a>. Nale\u017cy jednak pami\u0119ta\u0107, \u017ce na wizyt\u0119 trzeba si\u0119 wcze\u015bniej um\u00f3wi\u0107.<\/p>\n\n\n\n<h2 class=\"wp-block-heading\">Dzie\u0144 trzeci: Pa\u0142ac Buckingham + Pa\u0142ac Kensington<\/h2>\n\n\n\n<figure class=\"wp-block-image size-full\"><img loading=\"lazy\" decoding=\"async\" width=\"1000\" height=\"550\" src=\"https:\/\/www.londoncitypass.com\/wp-content\/uploads\/2023\/02\/london-kensington-palace.jpg\" alt=\"Pa\u0142ac Kensington w Londynie\" class=\"wp-image-138\" srcset=\"https:\/\/www.londoncitypass.com\/wp-content\/uploads\/2023\/02\/london-kensington-palace.jpg 1000w, https:\/\/www.londoncitypass.com\/wp-content\/uploads\/2023\/02\/london-kensington-palace-300x165.jpg 300w, https:\/\/www.londoncitypass.com\/wp-content\/uploads\/2023\/02\/london-kensington-palace-768x422.jpg 768w, https:\/\/www.londoncitypass.com\/wp-content\/uploads\/2023\/02\/london-kensington-palace-18x10.jpg 18w\" sizes=\"auto, (max-width: 1000px) 100vw, 1000px\" \/><figcaption class=\"wp-element-caption\">\u00a9 Nicholas Musilli \/ Unsplash.com<\/figcaption><\/figure>\n\n\n\n<p>Trzeci dzie\u0144 w Londynie zaczyna si\u0119 na Trafalgar Square, centralnym placu w sercu Londynu. St\u0105d mo\u017cesz przej\u015b\u0107 do Pa\u0142acu Buckingham, je\u015bli nie masz nic przeciwko d\u0142u\u017cszemu spacerowi. Znajdziesz tam Galeri\u0119 Kr\u00f3lowej, kt\u00f3r\u0105 mo\u017cesz odwiedzi\u0107 za darmo z London Pass.<\/p>\n\n\n\n<p>Nast\u0119pnie udaj si\u0119 do Wellington Arch na Hyde Park Corner. Z London Pass mo\u017cesz za darmo wej\u015b\u0107 na \u0141uk Triumfalny i podziwia\u0107 widoki. Przejd\u017a przez pi\u0119kny Hyde Park do Pa\u0142acu Kensington. Z przepustk\u0105 London Pass wst\u0119p jest bezp\u0142atny. <a href=\"https:\/\/www.londoncitypass.com\/pl\/karnet-londyn\/\" title=\"London Pass 2023\">London Pass<\/a> i <a href=\"https:\/\/www.londoncitypass.com\/pl\/karnet-odkrywcy\/\" title=\"Londyn Explorer Pass\">Explorer Pass<\/a>.<\/p>\n\n\n\n<p>Je\u015bli po tym wszystkim nadal masz motywacj\u0119, mo\u017cesz odwiedzi\u0107 pobliski Royal Albert Hall w ramach wycieczki z przewodnikiem. Jest to r\u00f3wnie\u017c zawarte bezp\u0142atnie z London Pass i Explorer Pass.<\/p>\n\n\n\n<p>To tylko sugestia, jak mo\u017ce wygl\u0105da\u0107 trzydniowa wycieczka do Londynu. Oczywi\u015bcie mo\u017cna u\u0142o\u017cy\u0107 w\u0142asny plan i zwiedzi\u0107 wiele zabytk\u00f3w, kt\u00f3re s\u0105 darmowe z London City Pass. Je\u015bli chcesz du\u017co zwiedzi\u0107, powiniene\u015b kupi\u0107 London Pass. Je\u015bli chcesz zwiedzi\u0107 tylko kilka zabytk\u00f3w, London Explorer Pass mo\u017ce by\u0107 lepszym wyborem.<\/p>","protected":false},"excerpt":{"rendered":"<p>Londyn jest jednym z najwspanialszych miast na \u015bwiecie i jest prawie niemo\u017cliwy do ogarni\u0119cia w jeden dzie\u0144. Aby naprawd\u0119 cieszy\u0107 si\u0119 wieloma cudami miasta, powiniene\u015b sp\u0119dzi\u0107 w Londynie co najmniej trzy dni. Ale nawet w cztery lub pi\u0119\u0107 dni mo\u017cna odkry\u0107 wiele nowych rzeczy. Miasto oferuje niesamowit\u0105 r\u00f3\u017cnorodno\u015b\u0107 kulturalnych i historycznych ... <a title=\"3 dni w Londynie z biletem London City Pass\" class=\"read-more\" href=\"https:\/\/www.londoncitypass.com\/pl\/3-tage-in-london\/\" aria-label=\"Dowiedz si\u0119 wi\u0119cej o 3 dniach w Londynie z London City Pass\">Dowiedz si\u0119 wi\u0119cej<\/a><\/p>","protected":false},"author":1,"featured_media":0,"parent":0,"menu_order":0,"comment_status":"closed","ping_status":"closed","template":"","meta":{"footnotes":""},"class_list":["post-155","page","type-page","status-publish"],"aioseo_notices":[],"featured_image_src":null,"_links":{"self":[{"href":"https:\/\/www.londoncitypass.com\/pl\/wp-json\/wp\/v2\/pages\/155","targetHints":{"allow":["GET"]}}],"collection":[{"href":"https:\/\/www.londoncitypass.com\/pl\/wp-json\/wp\/v2\/pages"}],"about":[{"href":"https:\/\/www.londoncitypass.com\/pl\/wp-json\/wp\/v2\/types\/page"}],"author":[{"embeddable":true,"href":"https:\/\/www.londoncitypass.com\/pl\/wp-json\/wp\/v2\/users\/1"}],"replies":[{"embeddable":true,"href":"https:\/\/www.londoncitypass.com\/pl\/wp-json\/wp\/v2\/comments?post=155"}],"version-history":[{"count":30,"href":"https:\/\/www.londoncitypass.com\/pl\/wp-json\/wp\/v2\/pages\/155\/revisions"}],"predecessor-version":[{"id":2074,"href":"https:\/\/www.londoncitypass.com\/pl\/wp-json\/wp\/v2\/pages\/155\/revisions\/2074"}],"wp:attachment":[{"href":"https:\/\/www.londoncitypass.com\/pl\/wp-json\/wp\/v2\/media?parent=155"}],"curies":[{"name":"wp","href":"https:\/\/api.w.org\/{rel}","templated":true}]}}