{"id":131,"date":"2023-02-01T09:27:41","date_gmt":"2023-02-01T09:27:41","guid":{"rendered":"https:\/\/www.londoncitypass.com\/?page_id=131"},"modified":"2026-02-03T13:15:19","modified_gmt":"2026-02-03T13:15:19","slug":"atrakcje","status":"publish","type":"page","link":"https:\/\/www.londoncitypass.com\/pl\/attraktionen\/","title":{"rendered":"Najwi\u0119ksze atrakcje Londynu"},"content":{"rendered":"<p>Londyn to miasto o tysi\u0105cletniej historii i kulturze. Mo\u017cesz odwiedzi\u0107 historyczne budynki, takie jak Pa\u0142ac Buckingham i Tower Bridge oraz podziwia\u0107 punkty orientacyjne, takie jak Big Ben i Houses of Parliament. Londyn posiada r\u00f3wnie\u017c wiele muze\u00f3w, galerii i teatr\u00f3w, w kt\u00f3rych odwiedzaj\u0105cy mog\u0105 dowiedzie\u0107 si\u0119 wi\u0119cej o przesz\u0142o\u015bci i tera\u017aniejszo\u015bci miasta.<\/p>\n\n\n\n<p>W mie\u015bcie, kt\u00f3re nigdy nie \u015bpi s\u0105 niezliczone atrakcje do odkrycia:<\/p>\n\n\n\n<h2 class=\"wp-block-heading\">Tower of London<\/h2>\n\n\n\n<figure class=\"wp-block-image size-full\"><img loading=\"lazy\" decoding=\"async\" width=\"1000\" height=\"500\" src=\"https:\/\/www.londoncitypass.com\/wp-content\/uploads\/2023\/01\/tower-of-london.jpg\" alt=\"Tower of London\" class=\"wp-image-133\" srcset=\"https:\/\/www.londoncitypass.com\/wp-content\/uploads\/2023\/01\/tower-of-london.jpg 1000w, https:\/\/www.londoncitypass.com\/wp-content\/uploads\/2023\/01\/tower-of-london-300x150.jpg 300w, https:\/\/www.londoncitypass.com\/wp-content\/uploads\/2023\/01\/tower-of-london-768x384.jpg 768w, https:\/\/www.londoncitypass.com\/wp-content\/uploads\/2023\/01\/tower-of-london-18x9.jpg 18w\" sizes=\"auto, (max-width: 1000px) 100vw, 1000px\" \/><figcaption class=\"wp-element-caption\">\u00a9 Nick Fewings \/ Unsplash.com<\/figcaption><\/figure>\n\n\n\n<div style=\"height:20px\" aria-hidden=\"true\" class=\"wp-block-spacer\"><\/div>\n\n\n\n<p>Ta staro\u017cytna forteca jest jedn\u0105 z najbardziej znanych budowli w kraju i zosta\u0142a wpisana na list\u0119 \u015bwiatowego dziedzictwa UNESCO w 1988 roku. Znajduj\u0105 si\u0119 w niej cenne klejnoty koronacyjne i artefakty z kr\u00f3lewskiej przesz\u0142o\u015bci Wielkiej Brytanii. Tury\u015bci mog\u0105 r\u00f3wnie\u017c wzi\u0105\u0107 udzia\u0142 w wycieczkach z przewodnikiem po twierdzy, aby dowiedzie\u0107 si\u0119 wi\u0119cej o jej historii.<\/p>\n\n\n\n<p>Zwiedzanie jest mo\u017cliwe z nast\u0119puj\u0105cymi biletami londy\u0144skimi: <a href=\"https:\/\/www.londoncitypass.com\/pl\/karnet-londyn\/\" title=\"London Pass 2023\">London Pass<\/a>, <a href=\"https:\/\/www.londoncitypass.com\/pl\/karnet-odkrywcy\/\" title=\"Londyn Explorer Pass\">Londyn Explorer Pass<\/a> oraz <a href=\"https:\/\/www.londoncitypass.com\/pl\/big-city-saver\/\" title=\"Big City Saver Pass\">Karnet na wiele atrakcji<\/a>.<\/p>\n\n\n<div class=\"wp-block-ub-divider ub_divider ub-divider-orientation-horizontal\" id=\"ub_divider_930391b2-120c-44ce-b10c-88906d2b763b\"><div class=\"ub_divider_wrapper\" style=\"position: relative; margin-bottom: 20px; width: 100%; height: 20px; \" data-divider-alignment=\"center\"><div class=\"ub_divider_line\" style=\"border-top: 2px solid #ccc; margin-top: 20px; \"><\/div><\/div><\/div>\n\n\n<h2 class=\"wp-block-heading\">Pa\u0142ac Buckingham<\/h2>\n\n\n\n<figure class=\"wp-block-image size-full\"><img loading=\"lazy\" decoding=\"async\" width=\"1000\" height=\"550\" src=\"https:\/\/www.londoncitypass.com\/wp-content\/uploads\/2023\/02\/london-buckingham-palace.jpg\" alt=\"Pa\u0142ac Buckingham w Londynie\" class=\"wp-image-136\" srcset=\"https:\/\/www.londoncitypass.com\/wp-content\/uploads\/2023\/02\/london-buckingham-palace.jpg 1000w, https:\/\/www.londoncitypass.com\/wp-content\/uploads\/2023\/02\/london-buckingham-palace-300x165.jpg 300w, https:\/\/www.londoncitypass.com\/wp-content\/uploads\/2023\/02\/london-buckingham-palace-768x422.jpg 768w, https:\/\/www.londoncitypass.com\/wp-content\/uploads\/2023\/02\/london-buckingham-palace-18x10.jpg 18w\" sizes=\"auto, (max-width: 1000px) 100vw, 1000px\" \/><figcaption class=\"wp-element-caption\">\u00a9 Ferdinand St\u00f6hr \/ Unsplash.com<\/figcaption><\/figure>\n\n\n\n<div style=\"height:20px\" aria-hidden=\"true\" class=\"wp-block-spacer\"><\/div>\n\n\n\n<p>Pa\u0142ac Kr\u00f3lewski jest domem dla angielskich monarch\u00f3w od 1837 roku i obecnie jest oficjaln\u0105 londy\u0144sk\u0105 rezydencj\u0105 kr\u00f3la Karola. Zwiedzaj\u0105cy mog\u0105 zwiedza\u0107 pokoje pa\u0144stwowe i podziwia\u0107 ogromn\u0105 kolekcj\u0119 sztuki rodziny kr\u00f3lewskiej lub ogl\u0105da\u0107 s\u0142ynn\u0105 na ca\u0142y \u015bwiat ceremoni\u0119 zmiany warty na zewn\u0105trz.<\/p>\n\n\n\n<p>Wizyta w Galerii Kr\u00f3lewskiej jest mo\u017cliwa dzi\u0119ki <a href=\"https:\/\/www.londoncitypass.com\/pl\/karnet-londyn\/\" title=\"London Pass 2023\">London Pass<\/a>.<\/p>\n\n\n<div class=\"wp-block-ub-divider ub_divider ub-divider-orientation-horizontal\" id=\"ub_divider_c5af1c68-1837-4803-9ec1-aa5c38cc5c82\"><div class=\"ub_divider_wrapper\" style=\"position: relative; margin-bottom: 20px; width: 100%; height: 20px; \" data-divider-alignment=\"center\"><div class=\"ub_divider_line\" style=\"border-top: 2px solid #ccc; margin-top: 20px; \"><\/div><\/div><\/div>\n\n\n<h2 class=\"wp-block-heading\">The Shard<\/h2>\n\n\n\n<figure class=\"wp-block-image size-full\"><img loading=\"lazy\" decoding=\"async\" width=\"1000\" height=\"550\" src=\"https:\/\/www.londoncitypass.com\/wp-content\/uploads\/2023\/02\/london-the-shard.jpg\" alt=\"The Shard w Londynie\" class=\"wp-image-141\" srcset=\"https:\/\/www.londoncitypass.com\/wp-content\/uploads\/2023\/02\/london-the-shard.jpg 1000w, https:\/\/www.londoncitypass.com\/wp-content\/uploads\/2023\/02\/london-the-shard-300x165.jpg 300w, https:\/\/www.londoncitypass.com\/wp-content\/uploads\/2023\/02\/london-the-shard-768x422.jpg 768w, https:\/\/www.londoncitypass.com\/wp-content\/uploads\/2023\/02\/london-the-shard-18x10.jpg 18w\" sizes=\"auto, (max-width: 1000px) 100vw, 1000px\" \/><figcaption class=\"wp-element-caption\">\u00a9 Fred Moon \/ Unsplash.com<\/figcaption><\/figure>\n\n\n\n<div style=\"height:20px\" aria-hidden=\"true\" class=\"wp-block-spacer\"><\/div>\n\n\n\n<p>Ten imponuj\u0105cy wie\u017cowiec o wysoko\u015bci 309 metr\u00f3w jest jednym z najwy\u017cszych budynk\u00f3w w Europie. Wjed\u017a wind\u0105 na szczyt i podziwiaj zapieraj\u0105cy dech w piersiach widok na miasto z najwy\u017cszego publicznego tarasu widokowego w Europie.<\/p>\n\n\n\n<p>W sk\u0142ad wizyty wchodz\u0105 m.in. <a href=\"https:\/\/www.londoncitypass.com\/pl\/karnet-londyn\/\" title=\"London Pass 2023\">London Pass+<\/a> oraz <a href=\"https:\/\/www.londoncitypass.com\/pl\/karnet-odkrywcy\/\" title=\"Londyn Explorer Pass\">Londyn Explorer Pass<\/a>.<\/p>\n\n\n<div class=\"wp-block-ub-divider ub_divider ub-divider-orientation-horizontal\" id=\"ub_divider_31f0a4e5-9a36-4bb5-af3f-0052beaf37d1\"><div class=\"ub_divider_wrapper\" style=\"position: relative; margin-bottom: 20px; width: 100%; height: 20px; \" data-divider-alignment=\"center\"><div class=\"ub_divider_line\" style=\"border-top: 2px solid #ccc; margin-top: 20px; \"><\/div><\/div><\/div>\n\n\n<h2 class=\"wp-block-heading\">Westminster Abbey<\/h2>\n\n\n\n<figure class=\"wp-block-image size-full\"><img loading=\"lazy\" decoding=\"async\" width=\"1000\" height=\"680\" src=\"https:\/\/www.londoncitypass.com\/wp-content\/uploads\/2023\/02\/london-westminster-abbey.jpg\" alt=\"Westminster Abbey w Londynie\" class=\"wp-image-144\" srcset=\"https:\/\/www.londoncitypass.com\/wp-content\/uploads\/2023\/02\/london-westminster-abbey.jpg 1000w, https:\/\/www.londoncitypass.com\/wp-content\/uploads\/2023\/02\/london-westminster-abbey-300x204.jpg 300w, https:\/\/www.londoncitypass.com\/wp-content\/uploads\/2023\/02\/london-westminster-abbey-768x522.jpg 768w, https:\/\/www.londoncitypass.com\/wp-content\/uploads\/2023\/02\/london-westminster-abbey-18x12.jpg 18w\" sizes=\"auto, (max-width: 1000px) 100vw, 1000px\" \/><figcaption class=\"wp-element-caption\">\u00a9 Ian Branch \/ Unsplash.com<\/figcaption><\/figure>\n\n\n\n<div style=\"height:20px\" aria-hidden=\"true\" class=\"wp-block-spacer\"><\/div>\n\n\n\n<p>Ten pi\u0119kny gotycki budynek przez wieki go\u015bci\u0142 koronacje, pogrzeby i inne wa\u017cne ceremonie dla brytyjskiej rodziny kr\u00f3lewskiej i cz\u0142onk\u00f3w Ko\u015bcio\u0142a. Dzi\u015b wita turyst\u00f3w, kt\u00f3rzy chc\u0105 pozna\u0107 jego z\u0142o\u017con\u0105 architektur\u0119 i historyczne grobowce.<\/p>\n\n\n\n<p>W sk\u0142ad wizyty wchodz\u0105 m.in. <a href=\"https:\/\/www.londoncitypass.com\/pl\/karnet-londyn\/\" title=\"London Pass 2023\">London Pass<\/a> oraz <a href=\"https:\/\/www.londoncitypass.com\/pl\/karnet-odkrywcy\/\" title=\"Londyn Explorer Pass\">Londyn Explorer Pass<\/a>.<\/p>\n\n\n<div class=\"wp-block-ub-divider ub_divider ub-divider-orientation-horizontal\" id=\"ub_divider_8daadfab-0706-4b61-812e-9adc2085e86f\"><div class=\"ub_divider_wrapper\" style=\"position: relative; margin-bottom: 20px; width: 100%; height: 20px; \" data-divider-alignment=\"center\"><div class=\"ub_divider_line\" style=\"border-top: 2px solid #ccc; margin-top: 20px; \"><\/div><\/div><\/div>\n\n\n<h2 class=\"wp-block-heading\">Katedra \u015bw. Paw\u0142a<\/h2>\n\n\n\n<figure class=\"wp-block-image size-full\"><img loading=\"lazy\" decoding=\"async\" width=\"1000\" height=\"550\" src=\"https:\/\/www.londoncitypass.com\/wp-content\/uploads\/2023\/02\/london-st-paul-cathedral.jpg\" alt=\"St Paul&#039;s Cathedral w Londynie\" class=\"wp-image-140\" srcset=\"https:\/\/www.londoncitypass.com\/wp-content\/uploads\/2023\/02\/london-st-paul-cathedral.jpg 1000w, https:\/\/www.londoncitypass.com\/wp-content\/uploads\/2023\/02\/london-st-paul-cathedral-300x165.jpg 300w, https:\/\/www.londoncitypass.com\/wp-content\/uploads\/2023\/02\/london-st-paul-cathedral-768x422.jpg 768w, https:\/\/www.londoncitypass.com\/wp-content\/uploads\/2023\/02\/london-st-paul-cathedral-18x10.jpg 18w\" sizes=\"auto, (max-width: 1000px) 100vw, 1000px\" \/><figcaption class=\"wp-element-caption\">\u00a9 Jonathan Chng \/ Unsplash.com<\/figcaption><\/figure>\n\n\n\n<div style=\"height:20px\" aria-hidden=\"true\" class=\"wp-block-spacer\"><\/div>\n\n\n\n<p>Ten imponuj\u0105cy barokowy ko\u015bci\u00f3\u0142 zosta\u0142 zaprojektowany przez Sir Christophera Wrena w XVII wieku i jest jednym z najbardziej znanych budynk\u00f3w w Londynie. Mo\u017cesz zwiedzi\u0107 ozdobne wn\u0119trze katedry, odwiedzi\u0107 Galeri\u0119 Szept\u00f3w i wspi\u0105\u0107 si\u0119 na s\u0142ynn\u0105 kopu\u0142\u0119, aby podziwia\u0107 wspania\u0142e widoki na miasto.<\/p>\n\n\n\n<p>Wizyta jest wliczona w cen\u0119 <a href=\"https:\/\/www.londoncitypass.com\/pl\/karnet-londyn\/\" title=\"London Pass 2023\">London Pass<\/a> oraz <a href=\"https:\/\/www.londoncitypass.com\/pl\/karnet-odkrywcy\/\" title=\"Londyn Explorer Pass\">Londyn Explorer Pass<\/a>.<\/p>\n\n\n<div class=\"wp-block-ub-divider ub_divider ub-divider-orientation-horizontal\" id=\"ub_divider_566ae879-2d9e-449a-920a-ad3eb6eadc46\"><div class=\"ub_divider_wrapper\" style=\"position: relative; margin-bottom: 20px; width: 100%; height: 20px; \" data-divider-alignment=\"center\"><div class=\"ub_divider_line\" style=\"border-top: 2px solid #ccc; margin-top: 20px; \"><\/div><\/div><\/div>\n\n\n<h2 class=\"wp-block-heading\">Houses of Parliament i Big Ben<\/h2>\n\n\n\n<figure class=\"wp-block-image size-full\"><img loading=\"lazy\" decoding=\"async\" width=\"1000\" height=\"600\" src=\"https:\/\/www.londoncitypass.com\/wp-content\/uploads\/2023\/02\/london-parliament-big-ben.jpg\" alt=\"Houses of Parliament i Big Ben\" class=\"wp-image-139\" srcset=\"https:\/\/www.londoncitypass.com\/wp-content\/uploads\/2023\/02\/london-parliament-big-ben.jpg 1000w, https:\/\/www.londoncitypass.com\/wp-content\/uploads\/2023\/02\/london-parliament-big-ben-300x180.jpg 300w, https:\/\/www.londoncitypass.com\/wp-content\/uploads\/2023\/02\/london-parliament-big-ben-768x461.jpg 768w, https:\/\/www.londoncitypass.com\/wp-content\/uploads\/2023\/02\/london-parliament-big-ben-18x12.jpg 18w\" sizes=\"auto, (max-width: 1000px) 100vw, 1000px\" \/><figcaption class=\"wp-element-caption\">\u00a9 Marcin Nowak \/ Unsplash.com<\/figcaption><\/figure>\n\n\n\n<div style=\"height:20px\" aria-hidden=\"true\" class=\"wp-block-spacer\"><\/div>\n\n\n\n<p>Houses of Parliament i Big Ben to jedne z najbardziej znanych zabytk\u00f3w Londynu. Te dwa budynki nad Tamiz\u0105 od wiek\u00f3w s\u0105 symbolem brytyjskiej demokracji. Houses of Parliament to imponuj\u0105cy budynek, w kt\u00f3rym cz\u0142onkowie obu izb parlamentu spotykaj\u0105 si\u0119, aby debatowa\u0107 nad ustawodawstwem, natomiast Big Ben to wie\u017ca zegarowa znajduj\u0105ca si\u0119 na zewn\u0105trz Houses of Parliament.<\/p>\n\n\n\n<p>Mo\u017cesz do\u0142\u0105czy\u0107 do Palaces &amp; Parliament Walking Tour z <a href=\"https:\/\/www.londoncitypass.com\/pl\/karnet-londyn\/\" title=\"London Pass 2023\">London Pass<\/a> oraz <a href=\"https:\/\/www.londoncitypass.com\/pl\/karnet-odkrywcy\/\" title=\"Londyn Explorer Pass\">Explorer Pass<\/a>.<\/p>\n\n\n<div class=\"wp-block-ub-divider ub_divider ub-divider-orientation-horizontal\" id=\"ub_divider_58f69037-1321-44f3-aa9f-8bb740bb7de5\"><div class=\"ub_divider_wrapper\" style=\"position: relative; margin-bottom: 20px; width: 100%; height: 20px; \" data-divider-alignment=\"center\"><div class=\"ub_divider_line\" style=\"border-top: 2px solid #ccc; margin-top: 20px; \"><\/div><\/div><\/div>\n\n\n<h2 class=\"wp-block-heading\">London Eye<\/h2>\n\n\n\n<figure class=\"wp-block-image size-full\"><img loading=\"lazy\" decoding=\"async\" width=\"1000\" height=\"550\" src=\"https:\/\/www.londoncitypass.com\/wp-content\/uploads\/2023\/02\/london-eye.jpg\" alt=\"London Eye\" class=\"wp-image-137\" srcset=\"https:\/\/www.londoncitypass.com\/wp-content\/uploads\/2023\/02\/london-eye.jpg 1000w, https:\/\/www.londoncitypass.com\/wp-content\/uploads\/2023\/02\/london-eye-300x165.jpg 300w, https:\/\/www.londoncitypass.com\/wp-content\/uploads\/2023\/02\/london-eye-768x422.jpg 768w, https:\/\/www.londoncitypass.com\/wp-content\/uploads\/2023\/02\/london-eye-18x10.jpg 18w\" sizes=\"auto, (max-width: 1000px) 100vw, 1000px\" \/><figcaption class=\"wp-element-caption\">\u00a9 David Henderson \/ Unsplash.com<\/figcaption><\/figure>\n\n\n\n<div style=\"height:20px\" aria-hidden=\"true\" class=\"wp-block-spacer\"><\/div>\n\n\n\n<p>Ciesz si\u0119 360-stopniowym widokiem na panoram\u0119 Londynu z jednego z najwy\u017cszych diabelskich m\u0142yn\u00f3w na \u015bwiecie. Ta atrakcja oferuje niesamowite widoki na miasto i jest jednym z najpopularniejszych zabytk\u00f3w Londynu. London Eye jest cz\u0119\u015bci\u0105 <a href=\"https:\/\/www.londoncitypass.com\/pl\/big-city-saver\/\" title=\"Karnet na wiele atrakcji\">Karnet na wiele atrakcji<\/a>, <a href=\"https:\/\/www.londoncitypass.com\/pl\/karnet-londyn\/\" title=\"London Pass 2024\">London Pass+<\/a>.<\/p>\n\n\n<div class=\"wp-block-ub-divider ub_divider ub-divider-orientation-horizontal\" id=\"ub_divider_51a94ab3-1875-4214-aa05-b0403db7cf92\"><div class=\"ub_divider_wrapper\" style=\"position: relative; margin-bottom: 20px; width: 100%; height: 20px; \" data-divider-alignment=\"center\"><div class=\"ub_divider_line\" style=\"border-top: 2px solid #ccc; margin-top: 20px; \"><\/div><\/div><\/div>\n\n\n<h2 class=\"wp-block-heading\">Pa\u0142ac Kensington<\/h2>\n\n\n\n<figure class=\"wp-block-image size-full\"><img loading=\"lazy\" decoding=\"async\" width=\"1000\" height=\"550\" src=\"https:\/\/www.londoncitypass.com\/wp-content\/uploads\/2023\/02\/london-kensington-palace.jpg\" alt=\"Pa\u0142ac Kensington w Londynie\" class=\"wp-image-138\" srcset=\"https:\/\/www.londoncitypass.com\/wp-content\/uploads\/2023\/02\/london-kensington-palace.jpg 1000w, https:\/\/www.londoncitypass.com\/wp-content\/uploads\/2023\/02\/london-kensington-palace-300x165.jpg 300w, https:\/\/www.londoncitypass.com\/wp-content\/uploads\/2023\/02\/london-kensington-palace-768x422.jpg 768w, https:\/\/www.londoncitypass.com\/wp-content\/uploads\/2023\/02\/london-kensington-palace-18x10.jpg 18w\" sizes=\"auto, (max-width: 1000px) 100vw, 1000px\" \/><figcaption class=\"wp-element-caption\">\u00a9 Nicholas Musilli \/ Unsplash.com<\/figcaption><\/figure>\n\n\n\n<div style=\"height:20px\" aria-hidden=\"true\" class=\"wp-block-spacer\"><\/div>\n\n\n\n<p>Ten wspania\u0142y pa\u0142ac jest siedzib\u0105 brytyjskiej rodziny kr\u00f3lewskiej od co najmniej 1689 roku i obecnie jest domem dla wielu cz\u0142onk\u00f3w rodziny kr\u00f3lewskiej. Mo\u017cesz wzi\u0105\u0107 udzia\u0142 w wycieczkach z przewodnikiem po pa\u0142acu lub zwiedzi\u0107 bujne ogrody.<\/p>\n\n\n\n<p>Zwiedzanie Pa\u0142acu Kensington jest mo\u017cliwe z nast\u0119puj\u0105cymi biletami London Pass: <a href=\"https:\/\/www.londoncitypass.com\/pl\/karnet-londyn\/\" title=\"London Pass 2023\">London Pass<\/a>, <a href=\"https:\/\/www.londoncitypass.com\/pl\/karnet-odkrywcy\/\" title=\"Londyn Explorer Pass\">Explorer Pass<\/a>.<\/p>\n\n\n<div class=\"wp-block-ub-divider ub_divider ub-divider-orientation-horizontal\" id=\"ub_divider_18aa0cd8-3459-47bb-ba07-c960827494a9\"><div class=\"ub_divider_wrapper\" style=\"position: relative; margin-bottom: 20px; width: 100%; height: 20px; \" data-divider-alignment=\"center\"><div class=\"ub_divider_line\" style=\"border-top: 2px solid #ccc; margin-top: 20px; \"><\/div><\/div><\/div>\n\n\n<h2 class=\"wp-block-heading\">London Tower Bridge<\/h2>\n\n\n\n<figure class=\"wp-block-image size-full\"><img loading=\"lazy\" decoding=\"async\" width=\"1000\" height=\"600\" src=\"https:\/\/www.londoncitypass.com\/wp-content\/uploads\/2023\/02\/london-tower-bridge.jpg\" alt=\"London Tower Bridge\" class=\"wp-image-142\" srcset=\"https:\/\/www.londoncitypass.com\/wp-content\/uploads\/2023\/02\/london-tower-bridge.jpg 1000w, https:\/\/www.londoncitypass.com\/wp-content\/uploads\/2023\/02\/london-tower-bridge-300x180.jpg 300w, https:\/\/www.londoncitypass.com\/wp-content\/uploads\/2023\/02\/london-tower-bridge-768x461.jpg 768w, https:\/\/www.londoncitypass.com\/wp-content\/uploads\/2023\/02\/london-tower-bridge-18x12.jpg 18w\" sizes=\"auto, (max-width: 1000px) 100vw, 1000px\" \/><figcaption class=\"wp-element-caption\">\u00a9 Charles Postiaux \/ Unsplash.com<\/figcaption><\/figure>\n\n\n\n<div style=\"height:20px\" aria-hidden=\"true\" class=\"wp-block-spacer\"><\/div>\n\n\n\n<p>\u017baden inny most w stolicy Wielkiej Brytanii nie jest tak znany jak London Tower Bridge. Zosta\u0142 zbudowany pod koniec XIX wieku i obecnie jest zar\u00f3wno wa\u017cn\u0105 arteri\u0105 komunikacyjn\u0105, jak i atrakcj\u0105 turystyczn\u0105. Z obu stron Tamizy most jest popularnym motywem fotograficznym.<\/p>\n\n\n\n<p>Z poni\u017cszymi London Passami mo\u017cesz zwiedza\u0107 wystaw\u0119 London Tower Bridge za darmo: <a href=\"https:\/\/www.londoncitypass.com\/pl\/karnet-odkrywcy\/\" title=\"Londyn Explorer Pass\">Londyn Explorer Pass<\/a> oraz <a href=\"https:\/\/www.londoncitypass.com\/pl\/karnet-londyn\/\" title=\"London Pass 2023\">London Pass<\/a>.<\/p>\n\n\n<div class=\"wp-block-ub-divider ub_divider ub-divider-orientation-horizontal\" id=\"ub_divider_7ce51777-953c-48d7-9925-9d05ae8ed836\"><div class=\"ub_divider_wrapper\" style=\"position: relative; margin-bottom: 20px; width: 100%; height: 20px; \" data-divider-alignment=\"center\"><div class=\"ub_divider_line\" style=\"border-top: 2px solid #ccc; margin-top: 20px; \"><\/div><\/div><\/div>\n\n\n<h2 class=\"wp-block-heading\">Plac Trafalgaru<\/h2>\n\n\n\n<figure class=\"wp-block-image size-full\"><img loading=\"lazy\" decoding=\"async\" width=\"1000\" height=\"550\" src=\"https:\/\/www.londoncitypass.com\/wp-content\/uploads\/2023\/02\/london-trafalgar-square.jpg\" alt=\"Plac Trafalgar w Londynie\" class=\"wp-image-143\" srcset=\"https:\/\/www.londoncitypass.com\/wp-content\/uploads\/2023\/02\/london-trafalgar-square.jpg 1000w, https:\/\/www.londoncitypass.com\/wp-content\/uploads\/2023\/02\/london-trafalgar-square-300x165.jpg 300w, https:\/\/www.londoncitypass.com\/wp-content\/uploads\/2023\/02\/london-trafalgar-square-768x422.jpg 768w, https:\/\/www.londoncitypass.com\/wp-content\/uploads\/2023\/02\/london-trafalgar-square-18x10.jpg 18w\" sizes=\"auto, (max-width: 1000px) 100vw, 1000px\" \/><figcaption class=\"wp-element-caption\">\u00a9 Diane Picchiottino \/ Unsplash.com<\/figcaption><\/figure>\n\n\n\n<div style=\"height:20px\" aria-hidden=\"true\" class=\"wp-block-spacer\"><\/div>\n\n\n\n<p>Ten t\u0119tni\u0105cy \u017cyciem plac w sercu miasta jest idealnym miejscem do obserwowania zgie\u0142ku Londynu. Dzi\u0119ki Galerii Narodowej, Kolumnie Nelsona i wielu pos\u0105gom jest to jedna z najpopularniejszych atrakcji turystycznych Londynu.<\/p>\n\n\n<div class=\"wp-block-ub-divider ub_divider ub-divider-orientation-horizontal\" id=\"ub_divider_98c0e5c1-e915-403e-a939-e3d4d129d567\"><div class=\"ub_divider_wrapper\" style=\"position: relative; margin-bottom: 20px; width: 100%; height: 20px; \" data-divider-alignment=\"center\"><div class=\"ub_divider_line\" style=\"border-top: 2px solid #ccc; margin-top: 20px; \"><\/div><\/div><\/div>\n\n\n<p>To tylko ma\u0142y wyb\u00f3r z wielu atrakcji, jakie Londyn ma do zaoferowania. Niezale\u017cnie od tego, czy szukasz kulturalnych do\u015bwiadcze\u0144 i historycznych zabytk\u00f3w, czy po prostu chcesz cieszy\u0107 si\u0119 brytyjsk\u0105 kultur\u0105, w tym niesamowitym mie\u015bcie ka\u017cdy znajdzie co\u015b dla siebie.<\/p>","protected":false},"excerpt":{"rendered":"<p>Londyn to miasto o tysi\u0105cletniej historii i kulturze. Mo\u017cesz odwiedzi\u0107 historyczne budynki, takie jak Pa\u0142ac Buckingham i Tower Bridge oraz podziwia\u0107 zabytki, takie jak Big Ben i Houses of Parliament. W Londynie znajduj\u0105 si\u0119 r\u00f3wnie\u017c liczne muzea, galerie i teatry, w kt\u00f3rych zwiedzaj\u0105cy mog\u0105 dowiedzie\u0107 si\u0119 wi\u0119cej o przesz\u0142o\u015bci i tera\u017aniejszo\u015bci miasta.... <a title=\"Najwi\u0119ksze atrakcje Londynu\" class=\"read-more\" href=\"https:\/\/www.londoncitypass.com\/pl\/attraktionen\/\" aria-label=\"Dowiedz si\u0119 wi\u0119cej o najwi\u0119kszych atrakcjach Londynu\">Dowiedz si\u0119 wi\u0119cej<\/a><\/p>","protected":false},"author":1,"featured_media":0,"parent":0,"menu_order":0,"comment_status":"closed","ping_status":"closed","template":"","meta":{"footnotes":""},"class_list":["post-131","page","type-page","status-publish"],"aioseo_notices":[],"featured_image_src":null,"_links":{"self":[{"href":"https:\/\/www.londoncitypass.com\/pl\/wp-json\/wp\/v2\/pages\/131","targetHints":{"allow":["GET"]}}],"collection":[{"href":"https:\/\/www.londoncitypass.com\/pl\/wp-json\/wp\/v2\/pages"}],"about":[{"href":"https:\/\/www.londoncitypass.com\/pl\/wp-json\/wp\/v2\/types\/page"}],"author":[{"embeddable":true,"href":"https:\/\/www.londoncitypass.com\/pl\/wp-json\/wp\/v2\/users\/1"}],"replies":[{"embeddable":true,"href":"https:\/\/www.londoncitypass.com\/pl\/wp-json\/wp\/v2\/comments?post=131"}],"version-history":[{"count":31,"href":"https:\/\/www.londoncitypass.com\/pl\/wp-json\/wp\/v2\/pages\/131\/revisions"}],"predecessor-version":[{"id":1941,"href":"https:\/\/www.londoncitypass.com\/pl\/wp-json\/wp\/v2\/pages\/131\/revisions\/1941"}],"wp:attachment":[{"href":"https:\/\/www.londoncitypass.com\/pl\/wp-json\/wp\/v2\/media?parent=131"}],"curies":[{"name":"wp","href":"https:\/\/api.w.org\/{rel}","templated":true}]}}