{"id":155,"date":"2023-02-01T13:02:31","date_gmt":"2023-02-01T13:02:31","guid":{"rendered":"https:\/\/www.londoncitypass.com\/?page_id=155"},"modified":"2026-02-16T14:07:58","modified_gmt":"2026-02-16T14:07:58","slug":"3-dager-i-london","status":"publish","type":"page","link":"https:\/\/www.londoncitypass.com\/nb\/3-tage-in-london\/","title":{"rendered":"3 dager i London med London City Pass"},"content":{"rendered":"<p>London er en av verdens st\u00f8rste byer og er nesten umulig \u00e5 f\u00e5 med seg p\u00e5 \u00e9n dag. For \u00e5 virkelig nyte de mange underverkene i byen, b\u00f8r du tilbringe minst tre dager i London. Men selv p\u00e5 fire eller fem dager kan du fortsatt oppdage mange nye ting.<\/p>\n\n\n\n<p>Byen byr p\u00e5 et utrolig mangfold av kulturelle og historiske attraksjoner. Museer og gallerier som British Museum, National Gallery og Tate Modern gir mange muligheter til \u00e5 l\u00e6re mer om byens fortid. Ber\u00f8mte landemerker som Big Ben og Buckingham Palace gir et innblikk i Englands rike historie.<\/p>\n\n\n\n<p>Det f\u00f8lgende er en tredagers reiserute for et bes\u00f8k i London. Severdighetene er valgt ut for \u00e5 f\u00e5 mest mulig ut av London City Pass.<\/p>\n\n\n\n<h2 class=\"wp-block-heading\">F\u00f8rste dag: Hop-on\/Hop-off + Westminster Abbey + vandretur<\/h2>\n\n\n\n<figure class=\"wp-block-image size-full\"><img loading=\"lazy\" decoding=\"async\" width=\"1000\" height=\"600\" src=\"https:\/\/www.londoncitypass.com\/wp-content\/uploads\/2023\/02\/london-big-bus.jpg\" alt=\"London Big Bus\" class=\"wp-image-156\" srcset=\"https:\/\/www.londoncitypass.com\/wp-content\/uploads\/2023\/02\/london-big-bus.jpg 1000w, https:\/\/www.londoncitypass.com\/wp-content\/uploads\/2023\/02\/london-big-bus-300x180.jpg 300w, https:\/\/www.londoncitypass.com\/wp-content\/uploads\/2023\/02\/london-big-bus-768x461.jpg 768w, https:\/\/www.londoncitypass.com\/wp-content\/uploads\/2023\/02\/london-big-bus-18x12.jpg 18w\" sizes=\"auto, (max-width: 1000px) 100vw, 1000px\" \/><figcaption class=\"wp-element-caption\">Big Bus Tours<\/figcaption><\/figure>\n\n\n\n<p>Start oppdagelsesreisen med en byrundtur p\u00e5 en hop-on\/hop-off-buss for \u00e5 f\u00e5 et f\u00f8rste overblikk. Det finnes flere busselskaper med busser som kj\u00f8rer gjennom London hver dag. Med de fleste operat\u00f8rene kan du bytte mellom to linjer for \u00e5 utforske forskjellige deler av byen.<\/p>\n\n\n\n<p>En hop-on\/hop-off-tur er mulig med alle London Passes: Med <a href=\"https:\/\/www.londoncitypass.com\/nb\/london-pass\/\" title=\"London Pass 2023\">London Pass<\/a> og <a href=\"https:\/\/www.londoncitypass.com\/nb\/explorer-pass\/\" title=\"London Explorer Pass\">London Explorer Pass<\/a> kan du bruke bussene til Big Bus eller Golden Tours for \u00e9n dag om gangen.<\/p>\n\n\n\n<p>Disse bussturene er ganske dyre. Derfor l\u00f8nner et London City Pass seg raskt p\u00e5 en bytur.<\/p>\n\n\n\n<p>Hopp av ved Westminster Abbey, kirken som har sett mange kroninger, bryllup og begravelser i sin lange historie. Med London Pass+ og London Explorer Pass kan du bes\u00f8ke kirken gratis.<\/p>\n\n\n\n<p>\"Palaces &amp; Parliament Walking Tour\" starter i n\u00e6rheten av Westminster Abbey, som du kan delta p\u00e5 gratis med London Pass. Turen finner sted tre ganger om dagen.<\/p>\n\n\n\n<h2 class=\"wp-block-heading\">Andre dag: Tower of London + Tower Bridge + The Shard<\/h2>\n\n\n\n<figure class=\"wp-block-image size-full\"><img loading=\"lazy\" decoding=\"async\" width=\"1000\" height=\"500\" src=\"https:\/\/www.londoncitypass.com\/wp-content\/uploads\/2023\/01\/tower-of-london.jpg\" alt=\"Tower of London\" class=\"wp-image-133\" srcset=\"https:\/\/www.londoncitypass.com\/wp-content\/uploads\/2023\/01\/tower-of-london.jpg 1000w, https:\/\/www.londoncitypass.com\/wp-content\/uploads\/2023\/01\/tower-of-london-300x150.jpg 300w, https:\/\/www.londoncitypass.com\/wp-content\/uploads\/2023\/01\/tower-of-london-768x384.jpg 768w, https:\/\/www.londoncitypass.com\/wp-content\/uploads\/2023\/01\/tower-of-london-18x9.jpg 18w\" sizes=\"auto, (max-width: 1000px) 100vw, 1000px\" \/><figcaption class=\"wp-element-caption\">\u00a9 Nick Fewings \/ Unsplash.com<\/figcaption><\/figure>\n\n\n\n<p>Start din andre dag i London ved et av byens mest kjente landemerker: Tower of London. Bes\u00f8k kronjuvelene og bli med p\u00e5 en guidet Beefeater-tur. Inngangen er gratis for deg med <a href=\"https:\/\/www.londoncitypass.com\/nb\/london-pass\/\" title=\"London Pass 2023\">London Pass<\/a> og <a href=\"https:\/\/www.londoncitypass.com\/nb\/explorer-pass\/\" title=\"London Explorer Pass\">London Explorer Pass<\/a>,<\/p>\n\n\n\n<p>G\u00e5 deretter til London Tower Bridge, som ligger bare noen f\u00e5 meter fra Tower of London. Med <a href=\"https:\/\/www.londoncitypass.com\/nb\/london-pass\/\" title=\"London Pass 2023\">London Pass<\/a> kan du bes\u00f8ke Tower Bridge-utstillingen gratis. Det gj\u00f8r du ved \u00e5 klatre opp i det nordlige t\u00e5rnet og g\u00e5 over glassgulvet. Fra toppen kan du se p\u00e5 kj\u00f8ret\u00f8yene og forbipasserende nedenfor. Turen avsluttes i maskinrommet.<\/p>\n\n\n\n<p>Med Explorer Pass kan du ogs\u00e5 bes\u00f8ke Tower Bridge-utstillingen gratis, men det er ikke verdt det, for med Explorer Pass b\u00f8r du bare bes\u00f8ke dyre attraksjoner.<\/p>\n\n\n\n<p>P\u00e5 den andre siden av Themsen er det ikke langt til Shard, det imponerende glasst\u00e5rnet som rager opp til 309 meter. Et bes\u00f8k til utsiktsplattformen er inkludert i flere London Pass: <a href=\"https:\/\/www.londoncitypass.com\/nb\/london-pass\/\" title=\"London Pass 2023\">London Pass<\/a> og <a href=\"https:\/\/www.londoncitypass.com\/nb\/explorer-pass\/\" title=\"London Explorer Pass\">London Explorer Pass<\/a>. V\u00e6r imidlertid oppmerksom p\u00e5 at du m\u00e5 gj\u00f8re en avtale p\u00e5 forh\u00e5nd for bes\u00f8ket.<\/p>\n\n\n\n<h2 class=\"wp-block-heading\">Dag tre: Buckingham Palace og Kensington Palace<\/h2>\n\n\n\n<figure class=\"wp-block-image size-full\"><img loading=\"lazy\" decoding=\"async\" width=\"1000\" height=\"550\" src=\"https:\/\/www.londoncitypass.com\/wp-content\/uploads\/2023\/02\/london-kensington-palace.jpg\" alt=\"Kensington Palace i London\" class=\"wp-image-138\" srcset=\"https:\/\/www.londoncitypass.com\/wp-content\/uploads\/2023\/02\/london-kensington-palace.jpg 1000w, https:\/\/www.londoncitypass.com\/wp-content\/uploads\/2023\/02\/london-kensington-palace-300x165.jpg 300w, https:\/\/www.londoncitypass.com\/wp-content\/uploads\/2023\/02\/london-kensington-palace-768x422.jpg 768w, https:\/\/www.londoncitypass.com\/wp-content\/uploads\/2023\/02\/london-kensington-palace-18x10.jpg 18w\" sizes=\"auto, (max-width: 1000px) 100vw, 1000px\" \/><figcaption class=\"wp-element-caption\">\u00a9 Nicholas Musilli \/ Unsplash.com<\/figcaption><\/figure>\n\n\n\n<p>Den tredje dagen i London starter p\u00e5 Trafalgar Square, et sentralt torg i hjertet av London. Herfra kan du g\u00e5 til Buckingham Palace hvis du ikke har noe imot en lengre spasertur. Der finner du Queen's Gallery, som du kan bes\u00f8ke gratis med London Pass.<\/p>\n\n\n\n<p>Fortsett deretter til Wellington Arch ved Hyde Park Corner. Med London Pass kan du klatre opp p\u00e5 Triumfbuen gratis og nyte utsikten. G\u00e5 gjennom vakre Hyde Park til Kensington Palace. Inngangen er gratis med <a href=\"https:\/\/www.londoncitypass.com\/nb\/london-pass\/\" title=\"London Pass 2023\">London Pass<\/a> og <a href=\"https:\/\/www.londoncitypass.com\/nb\/explorer-pass\/\" title=\"London Explorer Pass\">Explorer Pass<\/a>.<\/p>\n\n\n\n<p>Hvis du fortsatt er motivert etterp\u00e5, kan du bes\u00f8ke den n\u00e6rliggende Royal Albert Hall som en del av en guidet tur. Dette er ogs\u00e5 inkludert gratis med London Pass og Explorer Pass.<\/p>\n\n\n\n<p>Dette er bare et forslag til hvordan en tredagers tur til London kan se ut. Du kan selvf\u00f8lgelig lage din egen plan og bes\u00f8ke de mange severdighetene som er gratis med et London City Pass. Hvis du vil bes\u00f8ke mye, b\u00f8r du kj\u00f8pe London Pass. Hvis du bare vil bes\u00f8ke noen f\u00e5 severdigheter, kan London Explorer Pass v\u00e6re et bedre valg.<\/p>","protected":false},"excerpt":{"rendered":"<p>London er en av verdens st\u00f8rste byer, og det er nesten umulig \u00e5 f\u00e5 med seg alt p\u00e5 \u00e9n dag. For virkelig \u00e5 f\u00e5 med deg byens mange underverker b\u00f8r du tilbringe minst tre dager i London. Men selv p\u00e5 fire-fem dager kan du oppdage mye nytt. Byen byr p\u00e5 et utrolig mangfold av kulturelle og historiske ... <a title=\"3 dager i London med London City Pass\" class=\"read-more\" href=\"https:\/\/www.londoncitypass.com\/nb\/3-tage-in-london\/\" aria-label=\"Les mer om 3 dager i London med et London City Pass\">Les mer<\/a><\/p>","protected":false},"author":1,"featured_media":0,"parent":0,"menu_order":0,"comment_status":"closed","ping_status":"closed","template":"","meta":{"footnotes":""},"class_list":["post-155","page","type-page","status-publish"],"aioseo_notices":[],"featured_image_src":null,"_links":{"self":[{"href":"https:\/\/www.londoncitypass.com\/nb\/wp-json\/wp\/v2\/pages\/155","targetHints":{"allow":["GET"]}}],"collection":[{"href":"https:\/\/www.londoncitypass.com\/nb\/wp-json\/wp\/v2\/pages"}],"about":[{"href":"https:\/\/www.londoncitypass.com\/nb\/wp-json\/wp\/v2\/types\/page"}],"author":[{"embeddable":true,"href":"https:\/\/www.londoncitypass.com\/nb\/wp-json\/wp\/v2\/users\/1"}],"replies":[{"embeddable":true,"href":"https:\/\/www.londoncitypass.com\/nb\/wp-json\/wp\/v2\/comments?post=155"}],"version-history":[{"count":30,"href":"https:\/\/www.londoncitypass.com\/nb\/wp-json\/wp\/v2\/pages\/155\/revisions"}],"predecessor-version":[{"id":2074,"href":"https:\/\/www.londoncitypass.com\/nb\/wp-json\/wp\/v2\/pages\/155\/revisions\/2074"}],"wp:attachment":[{"href":"https:\/\/www.londoncitypass.com\/nb\/wp-json\/wp\/v2\/media?parent=155"}],"curies":[{"name":"wp","href":"https:\/\/api.w.org\/{rel}","templated":true}]}}