{"id":131,"date":"2023-02-01T09:27:41","date_gmt":"2023-02-01T09:27:41","guid":{"rendered":"https:\/\/www.londoncitypass.com\/?page_id=131"},"modified":"2026-02-03T13:15:19","modified_gmt":"2026-02-03T13:15:19","slug":"attraksjoner","status":"publish","type":"page","link":"https:\/\/www.londoncitypass.com\/nb\/attraktionen\/","title":{"rendered":"Londons st\u00f8rste attraksjoner"},"content":{"rendered":"<p>London er en by med tusenvis av \u00e5r med historie og kultur. Du kan bes\u00f8ke historiske bygninger som Buckingham Palace og Tower Bridge og beundre landemerker som Big Ben og Houses of Parliament. London har ogs\u00e5 mange museer, gallerier og teatre der bes\u00f8kende kan l\u00e6re mer om byens fortid og n\u00e5tid.<\/p>\n\n\n\n<p>Det er utallige attraksjoner \u00e5 oppdage i byen som aldri sover:<\/p>\n\n\n\n<h2 class=\"wp-block-heading\">Tower of London<\/h2>\n\n\n\n<figure class=\"wp-block-image size-full\"><img loading=\"lazy\" decoding=\"async\" width=\"1000\" height=\"500\" src=\"https:\/\/www.londoncitypass.com\/wp-content\/uploads\/2023\/01\/tower-of-london.jpg\" alt=\"Tower of London\" class=\"wp-image-133\" srcset=\"https:\/\/www.londoncitypass.com\/wp-content\/uploads\/2023\/01\/tower-of-london.jpg 1000w, https:\/\/www.londoncitypass.com\/wp-content\/uploads\/2023\/01\/tower-of-london-300x150.jpg 300w, https:\/\/www.londoncitypass.com\/wp-content\/uploads\/2023\/01\/tower-of-london-768x384.jpg 768w, https:\/\/www.londoncitypass.com\/wp-content\/uploads\/2023\/01\/tower-of-london-18x9.jpg 18w\" sizes=\"auto, (max-width: 1000px) 100vw, 1000px\" \/><figcaption class=\"wp-element-caption\">\u00a9 Nick Fewings \/ Unsplash.com<\/figcaption><\/figure>\n\n\n\n<div style=\"height:20px\" aria-hidden=\"true\" class=\"wp-block-spacer\"><\/div>\n\n\n\n<p>Denne gamle festningen er en av de mest ber\u00f8mte bygningene i landet og ble erkl\u00e6rt p\u00e5 UNESCOs verdensarvliste i 1988. Den huser verdifulle kronjuveler og gjenstander fra Storbritannias kongelige fortid. Bes\u00f8kende kan ogs\u00e5 ta guidede omvisninger i festningen for \u00e5 l\u00e6re mer om dens historie.<\/p>\n\n\n\n<p>Et bes\u00f8k er mulig med f\u00f8lgende London Pass: <a href=\"https:\/\/www.londoncitypass.com\/nb\/london-pass\/\" title=\"London Pass 2023\">London Pass<\/a>, <a href=\"https:\/\/www.londoncitypass.com\/nb\/explorer-pass\/\" title=\"London Explorer Pass\">London Explorer Pass<\/a> og <a href=\"https:\/\/www.londoncitypass.com\/nb\/storbysparer\/\" title=\"Big City Saver Pass\">Pass for flere attraksjoner<\/a>.<\/p>\n\n\n<div class=\"wp-block-ub-divider ub_divider ub-divider-orientation-horizontal\" id=\"ub_divider_930391b2-120c-44ce-b10c-88906d2b763b\"><div class=\"ub_divider_wrapper\" style=\"position: relative; margin-bottom: 20px; width: 100%; height: 20px; \" data-divider-alignment=\"center\"><div class=\"ub_divider_line\" style=\"border-top: 2px solid #ccc; margin-top: 20px; \"><\/div><\/div><\/div>\n\n\n<h2 class=\"wp-block-heading\">Buckingham Palace<\/h2>\n\n\n\n<figure class=\"wp-block-image size-full\"><img loading=\"lazy\" decoding=\"async\" width=\"1000\" height=\"550\" src=\"https:\/\/www.londoncitypass.com\/wp-content\/uploads\/2023\/02\/london-buckingham-palace.jpg\" alt=\"Buckingham Palace i London\" class=\"wp-image-136\" srcset=\"https:\/\/www.londoncitypass.com\/wp-content\/uploads\/2023\/02\/london-buckingham-palace.jpg 1000w, https:\/\/www.londoncitypass.com\/wp-content\/uploads\/2023\/02\/london-buckingham-palace-300x165.jpg 300w, https:\/\/www.londoncitypass.com\/wp-content\/uploads\/2023\/02\/london-buckingham-palace-768x422.jpg 768w, https:\/\/www.londoncitypass.com\/wp-content\/uploads\/2023\/02\/london-buckingham-palace-18x10.jpg 18w\" sizes=\"auto, (max-width: 1000px) 100vw, 1000px\" \/><figcaption class=\"wp-element-caption\">\u00a9 Ferdinand St\u00f6hr \/ Unsplash.com<\/figcaption><\/figure>\n\n\n\n<div style=\"height:20px\" aria-hidden=\"true\" class=\"wp-block-spacer\"><\/div>\n\n\n\n<p>Det kongelige slottet har v\u00e6rt hjemmet til de engelske monarkene siden 1837 og er n\u00e5 kong Charles' offisielle residens i London. Bes\u00f8kende kan ta en omvisning i statsrommene og beundre kongefamiliens enorme kunstsamling eller se den verdensber\u00f8mte vaktavl\u00f8sningsseremonien utenfor.<\/p>\n\n\n\n<p>Et bes\u00f8k i Kongens galleri er mulig med <a href=\"https:\/\/www.londoncitypass.com\/nb\/london-pass\/\" title=\"London Pass 2023\">London Pass<\/a>.<\/p>\n\n\n<div class=\"wp-block-ub-divider ub_divider ub-divider-orientation-horizontal\" id=\"ub_divider_c5af1c68-1837-4803-9ec1-aa5c38cc5c82\"><div class=\"ub_divider_wrapper\" style=\"position: relative; margin-bottom: 20px; width: 100%; height: 20px; \" data-divider-alignment=\"center\"><div class=\"ub_divider_line\" style=\"border-top: 2px solid #ccc; margin-top: 20px; \"><\/div><\/div><\/div>\n\n\n<h2 class=\"wp-block-heading\">The Shard<\/h2>\n\n\n\n<figure class=\"wp-block-image size-full\"><img loading=\"lazy\" decoding=\"async\" width=\"1000\" height=\"550\" src=\"https:\/\/www.londoncitypass.com\/wp-content\/uploads\/2023\/02\/london-the-shard.jpg\" alt=\"The Shard i London\" class=\"wp-image-141\" srcset=\"https:\/\/www.londoncitypass.com\/wp-content\/uploads\/2023\/02\/london-the-shard.jpg 1000w, https:\/\/www.londoncitypass.com\/wp-content\/uploads\/2023\/02\/london-the-shard-300x165.jpg 300w, https:\/\/www.londoncitypass.com\/wp-content\/uploads\/2023\/02\/london-the-shard-768x422.jpg 768w, https:\/\/www.londoncitypass.com\/wp-content\/uploads\/2023\/02\/london-the-shard-18x10.jpg 18w\" sizes=\"auto, (max-width: 1000px) 100vw, 1000px\" \/><figcaption class=\"wp-element-caption\">\u00a9 Fred Moon \/ Unsplash.com<\/figcaption><\/figure>\n\n\n\n<div style=\"height:20px\" aria-hidden=\"true\" class=\"wp-block-spacer\"><\/div>\n\n\n\n<p>Med sine 309 meter er denne imponerende skyskraperen en av de h\u00f8yeste bygningene i Europa. Ta heisen til toppen og nyt en fantastisk utsikt over byen fra det h\u00f8yeste offentlige observasjonsdekket i Europa.<\/p>\n\n\n\n<p>Bes\u00f8ket er inkludert med <a href=\"https:\/\/www.londoncitypass.com\/nb\/london-pass\/\" title=\"London Pass 2023\">London Pass+<\/a> og <a href=\"https:\/\/www.londoncitypass.com\/nb\/explorer-pass\/\" title=\"London Explorer Pass\">London Explorer Pass<\/a>.<\/p>\n\n\n<div class=\"wp-block-ub-divider ub_divider ub-divider-orientation-horizontal\" id=\"ub_divider_31f0a4e5-9a36-4bb5-af3f-0052beaf37d1\"><div class=\"ub_divider_wrapper\" style=\"position: relative; margin-bottom: 20px; width: 100%; height: 20px; \" data-divider-alignment=\"center\"><div class=\"ub_divider_line\" style=\"border-top: 2px solid #ccc; margin-top: 20px; \"><\/div><\/div><\/div>\n\n\n<h2 class=\"wp-block-heading\">Westminster Abbey<\/h2>\n\n\n\n<figure class=\"wp-block-image size-full\"><img loading=\"lazy\" decoding=\"async\" width=\"1000\" height=\"680\" src=\"https:\/\/www.londoncitypass.com\/wp-content\/uploads\/2023\/02\/london-westminster-abbey.jpg\" alt=\"Westminster Abbey i London\" class=\"wp-image-144\" srcset=\"https:\/\/www.londoncitypass.com\/wp-content\/uploads\/2023\/02\/london-westminster-abbey.jpg 1000w, https:\/\/www.londoncitypass.com\/wp-content\/uploads\/2023\/02\/london-westminster-abbey-300x204.jpg 300w, https:\/\/www.londoncitypass.com\/wp-content\/uploads\/2023\/02\/london-westminster-abbey-768x522.jpg 768w, https:\/\/www.londoncitypass.com\/wp-content\/uploads\/2023\/02\/london-westminster-abbey-18x12.jpg 18w\" sizes=\"auto, (max-width: 1000px) 100vw, 1000px\" \/><figcaption class=\"wp-element-caption\">\u00a9 Ian Branch \/ Unsplash.com<\/figcaption><\/figure>\n\n\n\n<div style=\"height:20px\" aria-hidden=\"true\" class=\"wp-block-spacer\"><\/div>\n\n\n\n<p>Denne vakre gotiske bygningen har v\u00e6rt vertskap for kroninger, begravelser og andre viktige seremonier for den britiske kongefamilien og medlemmer av kirken i \u00e5rhundrer. I dag tar den imot bes\u00f8kende som \u00f8nsker \u00e5 utforske den komplekse arkitekturen og de historiske gravene.<\/p>\n\n\n\n<p>Bes\u00f8ket er inkludert med <a href=\"https:\/\/www.londoncitypass.com\/nb\/london-pass\/\" title=\"London Pass 2023\">London Pass<\/a> og <a href=\"https:\/\/www.londoncitypass.com\/nb\/explorer-pass\/\" title=\"London Explorer Pass\">London Explorer Pass<\/a>.<\/p>\n\n\n<div class=\"wp-block-ub-divider ub_divider ub-divider-orientation-horizontal\" id=\"ub_divider_8daadfab-0706-4b61-812e-9adc2085e86f\"><div class=\"ub_divider_wrapper\" style=\"position: relative; margin-bottom: 20px; width: 100%; height: 20px; \" data-divider-alignment=\"center\"><div class=\"ub_divider_line\" style=\"border-top: 2px solid #ccc; margin-top: 20px; \"><\/div><\/div><\/div>\n\n\n<h2 class=\"wp-block-heading\">St Paul's Cathedral<\/h2>\n\n\n\n<figure class=\"wp-block-image size-full\"><img loading=\"lazy\" decoding=\"async\" width=\"1000\" height=\"550\" src=\"https:\/\/www.londoncitypass.com\/wp-content\/uploads\/2023\/02\/london-st-paul-cathedral.jpg\" alt=\"St Paul&#039;s Cathedral i London\" class=\"wp-image-140\" srcset=\"https:\/\/www.londoncitypass.com\/wp-content\/uploads\/2023\/02\/london-st-paul-cathedral.jpg 1000w, https:\/\/www.londoncitypass.com\/wp-content\/uploads\/2023\/02\/london-st-paul-cathedral-300x165.jpg 300w, https:\/\/www.londoncitypass.com\/wp-content\/uploads\/2023\/02\/london-st-paul-cathedral-768x422.jpg 768w, https:\/\/www.londoncitypass.com\/wp-content\/uploads\/2023\/02\/london-st-paul-cathedral-18x10.jpg 18w\" sizes=\"auto, (max-width: 1000px) 100vw, 1000px\" \/><figcaption class=\"wp-element-caption\">\u00a9 Jonathan Chng \/ Unsplash.com<\/figcaption><\/figure>\n\n\n\n<div style=\"height:20px\" aria-hidden=\"true\" class=\"wp-block-spacer\"><\/div>\n\n\n\n<p>Denne imponerende barokkirken ble designet av Sir Christopher Wren p\u00e5 1600-tallet og er en av Londons mest ber\u00f8mte bygninger. Du kan utforske det utsmykkede interi\u00f8ret i katedralen, bes\u00f8ke Whispering Gallery og klatre opp i den ber\u00f8mte kuppelen for \u00e5 f\u00e5 en fantastisk utsikt over byen.<\/p>\n\n\n\n<p>Bes\u00f8ket er inkludert i <a href=\"https:\/\/www.londoncitypass.com\/nb\/london-pass\/\" title=\"London Pass 2023\">London Pass<\/a> og <a href=\"https:\/\/www.londoncitypass.com\/nb\/explorer-pass\/\" title=\"London Explorer Pass\">London Explorer Pass<\/a>.<\/p>\n\n\n<div class=\"wp-block-ub-divider ub_divider ub-divider-orientation-horizontal\" id=\"ub_divider_566ae879-2d9e-449a-920a-ad3eb6eadc46\"><div class=\"ub_divider_wrapper\" style=\"position: relative; margin-bottom: 20px; width: 100%; height: 20px; \" data-divider-alignment=\"center\"><div class=\"ub_divider_line\" style=\"border-top: 2px solid #ccc; margin-top: 20px; \"><\/div><\/div><\/div>\n\n\n<h2 class=\"wp-block-heading\">Houses of Parliament og Big Ben<\/h2>\n\n\n\n<figure class=\"wp-block-image size-full\"><img loading=\"lazy\" decoding=\"async\" width=\"1000\" height=\"600\" src=\"https:\/\/www.londoncitypass.com\/wp-content\/uploads\/2023\/02\/london-parliament-big-ben.jpg\" alt=\"Houses of Parliament og Big Ben\" class=\"wp-image-139\" srcset=\"https:\/\/www.londoncitypass.com\/wp-content\/uploads\/2023\/02\/london-parliament-big-ben.jpg 1000w, https:\/\/www.londoncitypass.com\/wp-content\/uploads\/2023\/02\/london-parliament-big-ben-300x180.jpg 300w, https:\/\/www.londoncitypass.com\/wp-content\/uploads\/2023\/02\/london-parliament-big-ben-768x461.jpg 768w, https:\/\/www.londoncitypass.com\/wp-content\/uploads\/2023\/02\/london-parliament-big-ben-18x12.jpg 18w\" sizes=\"auto, (max-width: 1000px) 100vw, 1000px\" \/><figcaption class=\"wp-element-caption\">\u00a9 Marcin Nowak \/ Unsplash.com<\/figcaption><\/figure>\n\n\n\n<div style=\"height:20px\" aria-hidden=\"true\" class=\"wp-block-spacer\"><\/div>\n\n\n\n<p>Houses of Parliament og Big Ben er blant Londons mest kjente landemerker. De to bygningene ved Themsen har v\u00e6rt et symbol p\u00e5 det britiske demokratiet i \u00e5rhundrer. Houses of Parliament er en imponerende bygning der medlemmer av de to kamrene i parlamentet m\u00f8tes for \u00e5 debattere lovgivning, mens Big Ben er et klokket\u00e5rn utenfor Houses of Parliament.<\/p>\n\n\n\n<p>Du kan bli med p\u00e5 en omvisning i palassene og parlamentet med <a href=\"https:\/\/www.londoncitypass.com\/nb\/london-pass\/\" title=\"London Pass 2023\">London Pass<\/a> og <a href=\"https:\/\/www.londoncitypass.com\/nb\/explorer-pass\/\" title=\"London Explorer Pass\">Explorer Pass<\/a>.<\/p>\n\n\n<div class=\"wp-block-ub-divider ub_divider ub-divider-orientation-horizontal\" id=\"ub_divider_58f69037-1321-44f3-aa9f-8bb740bb7de5\"><div class=\"ub_divider_wrapper\" style=\"position: relative; margin-bottom: 20px; width: 100%; height: 20px; \" data-divider-alignment=\"center\"><div class=\"ub_divider_line\" style=\"border-top: 2px solid #ccc; margin-top: 20px; \"><\/div><\/div><\/div>\n\n\n<h2 class=\"wp-block-heading\">London Eye<\/h2>\n\n\n\n<figure class=\"wp-block-image size-full\"><img loading=\"lazy\" decoding=\"async\" width=\"1000\" height=\"550\" src=\"https:\/\/www.londoncitypass.com\/wp-content\/uploads\/2023\/02\/london-eye.jpg\" alt=\"London Eye\" class=\"wp-image-137\" srcset=\"https:\/\/www.londoncitypass.com\/wp-content\/uploads\/2023\/02\/london-eye.jpg 1000w, https:\/\/www.londoncitypass.com\/wp-content\/uploads\/2023\/02\/london-eye-300x165.jpg 300w, https:\/\/www.londoncitypass.com\/wp-content\/uploads\/2023\/02\/london-eye-768x422.jpg 768w, https:\/\/www.londoncitypass.com\/wp-content\/uploads\/2023\/02\/london-eye-18x10.jpg 18w\" sizes=\"auto, (max-width: 1000px) 100vw, 1000px\" \/><figcaption class=\"wp-element-caption\">\u00a9 David Henderson \/ Unsplash.com<\/figcaption><\/figure>\n\n\n\n<div style=\"height:20px\" aria-hidden=\"true\" class=\"wp-block-spacer\"><\/div>\n\n\n\n<p>Nyt 360 graders utsikt over Londons skyline fra et av verdens h\u00f8yeste pariserhjul. Denne attraksjonen byr p\u00e5 fantastisk utsikt over byen og er en av Londons mest popul\u00e6re severdigheter. London Eye er inkludert i <a href=\"https:\/\/www.londoncitypass.com\/nb\/storbysparer\/\" title=\"Pass for flere attraksjoner\">Pass for flere attraksjoner<\/a>, <a href=\"https:\/\/www.londoncitypass.com\/nb\/london-pass\/\" title=\"London Pass 2024\">London Pass+<\/a>.<\/p>\n\n\n<div class=\"wp-block-ub-divider ub_divider ub-divider-orientation-horizontal\" id=\"ub_divider_51a94ab3-1875-4214-aa05-b0403db7cf92\"><div class=\"ub_divider_wrapper\" style=\"position: relative; margin-bottom: 20px; width: 100%; height: 20px; \" data-divider-alignment=\"center\"><div class=\"ub_divider_line\" style=\"border-top: 2px solid #ccc; margin-top: 20px; \"><\/div><\/div><\/div>\n\n\n<h2 class=\"wp-block-heading\">Kensington Palace<\/h2>\n\n\n\n<figure class=\"wp-block-image size-full\"><img loading=\"lazy\" decoding=\"async\" width=\"1000\" height=\"550\" src=\"https:\/\/www.londoncitypass.com\/wp-content\/uploads\/2023\/02\/london-kensington-palace.jpg\" alt=\"Kensington Palace i London\" class=\"wp-image-138\" srcset=\"https:\/\/www.londoncitypass.com\/wp-content\/uploads\/2023\/02\/london-kensington-palace.jpg 1000w, https:\/\/www.londoncitypass.com\/wp-content\/uploads\/2023\/02\/london-kensington-palace-300x165.jpg 300w, https:\/\/www.londoncitypass.com\/wp-content\/uploads\/2023\/02\/london-kensington-palace-768x422.jpg 768w, https:\/\/www.londoncitypass.com\/wp-content\/uploads\/2023\/02\/london-kensington-palace-18x10.jpg 18w\" sizes=\"auto, (max-width: 1000px) 100vw, 1000px\" \/><figcaption class=\"wp-element-caption\">\u00a9 Nicholas Musilli \/ Unsplash.com<\/figcaption><\/figure>\n\n\n\n<div style=\"height:20px\" aria-hidden=\"true\" class=\"wp-block-spacer\"><\/div>\n\n\n\n<p>Dette praktfulle palasset har v\u00e6rt sete for britiske kongelige siden minst 1689 og er n\u00e5 hjem til mange medlemmer av kongefamilien. Du kan ta guidede omvisninger i palasset eller utforske de frodige hagene.<\/p>\n\n\n\n<p>Bes\u00f8k til Kensington Palace er mulig med f\u00f8lgende London Pass: <a href=\"https:\/\/www.londoncitypass.com\/nb\/london-pass\/\" title=\"London Pass 2023\">London Pass<\/a>, <a href=\"https:\/\/www.londoncitypass.com\/nb\/explorer-pass\/\" title=\"London Explorer Pass\">Explorer Pass<\/a>.<\/p>\n\n\n<div class=\"wp-block-ub-divider ub_divider ub-divider-orientation-horizontal\" id=\"ub_divider_18aa0cd8-3459-47bb-ba07-c960827494a9\"><div class=\"ub_divider_wrapper\" style=\"position: relative; margin-bottom: 20px; width: 100%; height: 20px; \" data-divider-alignment=\"center\"><div class=\"ub_divider_line\" style=\"border-top: 2px solid #ccc; margin-top: 20px; \"><\/div><\/div><\/div>\n\n\n<h2 class=\"wp-block-heading\">London Tower Bridge<\/h2>\n\n\n\n<figure class=\"wp-block-image size-full\"><img loading=\"lazy\" decoding=\"async\" width=\"1000\" height=\"600\" src=\"https:\/\/www.londoncitypass.com\/wp-content\/uploads\/2023\/02\/london-tower-bridge.jpg\" alt=\"London Tower Bridge\" class=\"wp-image-142\" srcset=\"https:\/\/www.londoncitypass.com\/wp-content\/uploads\/2023\/02\/london-tower-bridge.jpg 1000w, https:\/\/www.londoncitypass.com\/wp-content\/uploads\/2023\/02\/london-tower-bridge-300x180.jpg 300w, https:\/\/www.londoncitypass.com\/wp-content\/uploads\/2023\/02\/london-tower-bridge-768x461.jpg 768w, https:\/\/www.londoncitypass.com\/wp-content\/uploads\/2023\/02\/london-tower-bridge-18x12.jpg 18w\" sizes=\"auto, (max-width: 1000px) 100vw, 1000px\" \/><figcaption class=\"wp-element-caption\">\u00a9 Charles Postiaux \/ Unsplash.com<\/figcaption><\/figure>\n\n\n\n<div style=\"height:20px\" aria-hidden=\"true\" class=\"wp-block-spacer\"><\/div>\n\n\n\n<p>Ingen annen bro i den britiske hovedstaden er like kjent som London Tower Bridge. Den ble bygget p\u00e5 slutten av 1800-tallet og er n\u00e5 b\u00e5de en viktig trafikk\u00e5re og en turistattraksjon. Fra begge sider av Themsen er broen et popul\u00e6rt fotomotiv.<\/p>\n\n\n\n<p>Med f\u00f8lgende London Pass kan du bes\u00f8ke London Tower Bridge-utstillingen gratis: <a href=\"https:\/\/www.londoncitypass.com\/nb\/explorer-pass\/\" title=\"London Explorer Pass\">London Explorer Pass<\/a> og <a href=\"https:\/\/www.londoncitypass.com\/nb\/london-pass\/\" title=\"London Pass 2023\">London Pass<\/a>.<\/p>\n\n\n<div class=\"wp-block-ub-divider ub_divider ub-divider-orientation-horizontal\" id=\"ub_divider_7ce51777-953c-48d7-9925-9d05ae8ed836\"><div class=\"ub_divider_wrapper\" style=\"position: relative; margin-bottom: 20px; width: 100%; height: 20px; \" data-divider-alignment=\"center\"><div class=\"ub_divider_line\" style=\"border-top: 2px solid #ccc; margin-top: 20px; \"><\/div><\/div><\/div>\n\n\n<h2 class=\"wp-block-heading\">Trafalgar Square<\/h2>\n\n\n\n<figure class=\"wp-block-image size-full\"><img loading=\"lazy\" decoding=\"async\" width=\"1000\" height=\"550\" src=\"https:\/\/www.londoncitypass.com\/wp-content\/uploads\/2023\/02\/london-trafalgar-square.jpg\" alt=\"Trafalgar Square i London\" class=\"wp-image-143\" srcset=\"https:\/\/www.londoncitypass.com\/wp-content\/uploads\/2023\/02\/london-trafalgar-square.jpg 1000w, https:\/\/www.londoncitypass.com\/wp-content\/uploads\/2023\/02\/london-trafalgar-square-300x165.jpg 300w, https:\/\/www.londoncitypass.com\/wp-content\/uploads\/2023\/02\/london-trafalgar-square-768x422.jpg 768w, https:\/\/www.londoncitypass.com\/wp-content\/uploads\/2023\/02\/london-trafalgar-square-18x10.jpg 18w\" sizes=\"auto, (max-width: 1000px) 100vw, 1000px\" \/><figcaption class=\"wp-element-caption\">\u00a9 Diane Picchiottino \/ Unsplash.com<\/figcaption><\/figure>\n\n\n\n<div style=\"height:20px\" aria-hidden=\"true\" class=\"wp-block-spacer\"><\/div>\n\n\n\n<p>Dette travle torget i hjertet av byen er det ideelle stedet \u00e5 se p\u00e5 Londons liv og r\u00f8re. Med National Gallery, Nelson's Column og en rekke statuer er det en av Londons mest popul\u00e6re turistattraksjoner.<\/p>\n\n\n<div class=\"wp-block-ub-divider ub_divider ub-divider-orientation-horizontal\" id=\"ub_divider_98c0e5c1-e915-403e-a939-e3d4d129d567\"><div class=\"ub_divider_wrapper\" style=\"position: relative; margin-bottom: 20px; width: 100%; height: 20px; \" data-divider-alignment=\"center\"><div class=\"ub_divider_line\" style=\"border-top: 2px solid #ccc; margin-top: 20px; \"><\/div><\/div><\/div>\n\n\n<p>Dette er bare et lite utvalg av de mange attraksjonene London har \u00e5 by p\u00e5. Enten du er ute etter kulturelle opplevelser og historiske severdigheter eller bare vil nyte britisk kultur, finnes det noe for enhver smak i denne utrolige byen.<\/p>","protected":false},"excerpt":{"rendered":"<p>London er en by med tusenvis av \u00e5r med historie og kultur. Du kan bes\u00f8ke historiske bygninger som Buckingham Palace og Tower Bridge og beundre landemerker som Big Ben og Houses of Parliament. London er ogs\u00e5 hjemsted for en rekke museer, gallerier og teatre der bes\u00f8kende kan l\u00e6re mer om byens fortid og n\u00e5tid.... <a title=\"Londons st\u00f8rste attraksjoner\" class=\"read-more\" href=\"https:\/\/www.londoncitypass.com\/nb\/attraktionen\/\" aria-label=\"Les mer om Londons st\u00f8rste attraksjoner\">Les mer<\/a><\/p>","protected":false},"author":1,"featured_media":0,"parent":0,"menu_order":0,"comment_status":"closed","ping_status":"closed","template":"","meta":{"footnotes":""},"class_list":["post-131","page","type-page","status-publish"],"aioseo_notices":[],"featured_image_src":null,"_links":{"self":[{"href":"https:\/\/www.londoncitypass.com\/nb\/wp-json\/wp\/v2\/pages\/131","targetHints":{"allow":["GET"]}}],"collection":[{"href":"https:\/\/www.londoncitypass.com\/nb\/wp-json\/wp\/v2\/pages"}],"about":[{"href":"https:\/\/www.londoncitypass.com\/nb\/wp-json\/wp\/v2\/types\/page"}],"author":[{"embeddable":true,"href":"https:\/\/www.londoncitypass.com\/nb\/wp-json\/wp\/v2\/users\/1"}],"replies":[{"embeddable":true,"href":"https:\/\/www.londoncitypass.com\/nb\/wp-json\/wp\/v2\/comments?post=131"}],"version-history":[{"count":31,"href":"https:\/\/www.londoncitypass.com\/nb\/wp-json\/wp\/v2\/pages\/131\/revisions"}],"predecessor-version":[{"id":1941,"href":"https:\/\/www.londoncitypass.com\/nb\/wp-json\/wp\/v2\/pages\/131\/revisions\/1941"}],"wp:attachment":[{"href":"https:\/\/www.londoncitypass.com\/nb\/wp-json\/wp\/v2\/media?parent=131"}],"curies":[{"name":"wp","href":"https:\/\/api.w.org\/{rel}","templated":true}]}}