{"id":155,"date":"2023-02-01T13:02:31","date_gmt":"2023-02-01T13:02:31","guid":{"rendered":"https:\/\/www.londoncitypass.com\/?page_id=155"},"modified":"2026-02-16T14:07:58","modified_gmt":"2026-02-16T14:07:58","slug":"3-giorni-a-londra","status":"publish","type":"page","link":"https:\/\/www.londoncitypass.com\/it\/3-tage-in-london\/","title":{"rendered":"3 giorni a Londra con il London City Pass"},"content":{"rendered":"<p>Londra \u00e8 una delle pi\u00f9 grandi citt\u00e0 del mondo ed \u00e8 quasi impossibile da visitare in un solo giorno. Per godere appieno delle tante meraviglie della citt\u00e0, dovreste trascorrere almeno tre giorni a Londra. Ma anche in quattro o cinque giorni si possono scoprire molte cose nuove.<\/p>\n\n\n\n<p>La citt\u00e0 offre un'incredibile variet\u00e0 di attrazioni culturali e storiche. Musei e gallerie come il British Museum, la National Gallery e la Tate Modern offrono molte opportunit\u00e0 di conoscere il passato della citt\u00e0. Famosi punti di riferimento come il Big Ben e Buckingham Palace offrono una panoramica della ricca storia dell'Inghilterra.<\/p>\n\n\n\n<p>Il seguente \u00e8 un itinerario di tre giorni per una visita a Londra. Le attrazioni sono state selezionate per sfruttare al meglio il London City Pass.<\/p>\n\n\n\n<h2 class=\"wp-block-heading\">Primo giorno: Hop-on\/Hop-off + Westminster Abbey + Tour a piedi<\/h2>\n\n\n\n<figure class=\"wp-block-image size-full\"><img loading=\"lazy\" decoding=\"async\" width=\"1000\" height=\"600\" src=\"https:\/\/www.londoncitypass.com\/wp-content\/uploads\/2023\/02\/london-big-bus.jpg\" alt=\"Londra Big Bus\" class=\"wp-image-156\" srcset=\"https:\/\/www.londoncitypass.com\/wp-content\/uploads\/2023\/02\/london-big-bus.jpg 1000w, https:\/\/www.londoncitypass.com\/wp-content\/uploads\/2023\/02\/london-big-bus-300x180.jpg 300w, https:\/\/www.londoncitypass.com\/wp-content\/uploads\/2023\/02\/london-big-bus-768x461.jpg 768w, https:\/\/www.londoncitypass.com\/wp-content\/uploads\/2023\/02\/london-big-bus-18x12.jpg 18w\" sizes=\"auto, (max-width: 1000px) 100vw, 1000px\" \/><figcaption class=\"wp-element-caption\">\u00a9 Big Bus Tours<\/figcaption><\/figure>\n\n\n\n<p>Iniziate il vostro viaggio di scoperta con un tour della citt\u00e0 su un autobus hop-on\/hop-off per avere una prima visione d'insieme. Esistono diverse compagnie di autobus che percorrono Londra ogni giorno. Con la maggior parte degli operatori \u00e8 possibile cambiare tra due linee per esplorare diverse parti della citt\u00e0.<\/p>\n\n\n\n<p>Un tour hop-on\/hop-off \u00e8 possibile con tutti i London Pass: con il <a href=\"https:\/\/www.londoncitypass.com\/it\/pass-per-londra\/\" title=\"London Pass 2023\">London Pass<\/a> e il <a href=\"https:\/\/www.londoncitypass.com\/it\/pass-esploratore\/\" title=\"Londra Pass Explorer\">Londra Pass Explorer<\/a> \u00e8 possibile utilizzare gli autobus di Big Bus o Golden Tours per un giorno alla volta.<\/p>\n\n\n\n<p>Questi tour in autobus sono piuttosto costosi. Ecco perch\u00e9 il London City Pass si ripaga rapidamente con un tour della citt\u00e0.<\/p>\n\n\n\n<p>Scendete alla fermata Westminster Abbey, la chiesa che nella sua lunga storia ha visto molte incoronazioni, matrimoni e funerali. Con l'London Pass+ e l'Explorer Pass di Londra \u00e8 possibile visitare la chiesa gratuitamente.<\/p>\n\n\n\n<p>Il \"Palaces &amp; Parliament Walking Tour\" inizia vicino all'Westminster Abbey, a cui si pu\u00f2 partecipare gratuitamente con l'London Pass. Il tour si svolge tre volte al giorno.<\/p>\n\n\n\n<h2 class=\"wp-block-heading\">Secondo giorno: Tower of London + Tower Bridge + The Shard<\/h2>\n\n\n\n<figure class=\"wp-block-image size-full\"><img loading=\"lazy\" decoding=\"async\" width=\"1000\" height=\"500\" src=\"https:\/\/www.londoncitypass.com\/wp-content\/uploads\/2023\/01\/tower-of-london.jpg\" alt=\"Tower of London\" class=\"wp-image-133\" srcset=\"https:\/\/www.londoncitypass.com\/wp-content\/uploads\/2023\/01\/tower-of-london.jpg 1000w, https:\/\/www.londoncitypass.com\/wp-content\/uploads\/2023\/01\/tower-of-london-300x150.jpg 300w, https:\/\/www.londoncitypass.com\/wp-content\/uploads\/2023\/01\/tower-of-london-768x384.jpg 768w, https:\/\/www.londoncitypass.com\/wp-content\/uploads\/2023\/01\/tower-of-london-18x9.jpg 18w\" sizes=\"auto, (max-width: 1000px) 100vw, 1000px\" \/><figcaption class=\"wp-element-caption\">\u00a9 Nick Fewings \/ Unsplash.com<\/figcaption><\/figure>\n\n\n\n<p>Iniziate il vostro secondo giorno a Londra da uno dei punti di riferimento pi\u00f9 famosi della citt\u00e0: il Tower of London. Visitate i Gioielli della Corona e partecipate a un tour guidato di Beefeater. L'ingresso \u00e8 gratuito con il <a href=\"https:\/\/www.londoncitypass.com\/it\/pass-per-londra\/\" title=\"London Pass 2023\">London Pass<\/a> e il <a href=\"https:\/\/www.londoncitypass.com\/it\/pass-esploratore\/\" title=\"Londra Pass Explorer\">Londra Pass Explorer<\/a>,<\/p>\n\n\n\n<p>Poi andate all'London Tower Bridge, che si trova a pochi metri dalla Torre di Londra. Con il <a href=\"https:\/\/www.londoncitypass.com\/it\/pass-per-londra\/\" title=\"London Pass 2023\">London Pass<\/a> \u00e8 possibile visitare gratuitamente la Tower Bridge Exhibition. Per farlo, salite sulla Torre Nord e attraversate il pavimento di vetro. Dalla cima si possono osservare i veicoli e i passanti sottostanti. La visita termina nella sala macchine.<\/p>\n\n\n\n<p>Con l'Explorer Pass \u00e8 possibile visitare gratuitamente anche la Tower Bridge Exhibition, ma non ne vale la pena, perch\u00e9 con l'Explorer Pass si dovrebbero visitare solo attrazioni costose.<\/p>\n\n\n\n<p>Dall'altra parte del Tamigi, non \u00e8 lontano lo Shard, l'imponente torre di vetro che si innalza fino a 309 metri. La visita alla piattaforma panoramica \u00e8 inclusa in molti London Pass: <a href=\"https:\/\/www.londoncitypass.com\/it\/pass-per-londra\/\" title=\"London Pass 2023\">London Pass<\/a> e <a href=\"https:\/\/www.londoncitypass.com\/it\/pass-esploratore\/\" title=\"Londra Pass Explorer\">Londra Pass Explorer<\/a>. Tuttavia, \u00e8 necessario fissare un appuntamento in anticipo per la visita.<\/p>\n\n\n\n<h2 class=\"wp-block-heading\">Terzo giorno: Buckingham Palace + Kensington Palace<\/h2>\n\n\n\n<figure class=\"wp-block-image size-full\"><img loading=\"lazy\" decoding=\"async\" width=\"1000\" height=\"550\" src=\"https:\/\/www.londoncitypass.com\/wp-content\/uploads\/2023\/02\/london-kensington-palace.jpg\" alt=\"Palazzo Kensington a Londra\" class=\"wp-image-138\" srcset=\"https:\/\/www.londoncitypass.com\/wp-content\/uploads\/2023\/02\/london-kensington-palace.jpg 1000w, https:\/\/www.londoncitypass.com\/wp-content\/uploads\/2023\/02\/london-kensington-palace-300x165.jpg 300w, https:\/\/www.londoncitypass.com\/wp-content\/uploads\/2023\/02\/london-kensington-palace-768x422.jpg 768w, https:\/\/www.londoncitypass.com\/wp-content\/uploads\/2023\/02\/london-kensington-palace-18x10.jpg 18w\" sizes=\"auto, (max-width: 1000px) 100vw, 1000px\" \/><figcaption class=\"wp-element-caption\">\u00a9 Nicholas Musilli \/ Unsplash.com<\/figcaption><\/figure>\n\n\n\n<p>Il terzo giorno a Londra inizia a Trafalgar Square, una piazza centrale nel cuore di Londra. Da qui potete raggiungere a piedi Buckingham Palace, se non vi dispiace una camminata pi\u00f9 lunga. L\u00ec troverete la Queen's Gallery, che potrete visitare gratuitamente con il London Pass.<\/p>\n\n\n\n<p>Quindi recatevi all'Wellington Arch di Hyde Park Corner. Con il London Pass potete salire gratuitamente sull'Arco di Trionfo e godervi il panorama. Attraversate il bellissimo Hyde Park fino a Kensington Palace. L'ingresso \u00e8 gratuito con il <a href=\"https:\/\/www.londoncitypass.com\/it\/pass-per-londra\/\" title=\"London Pass 2023\">London Pass<\/a> e il <a href=\"https:\/\/www.londoncitypass.com\/it\/pass-esploratore\/\" title=\"Londra Pass Explorer\">Pass Explorer<\/a>.<\/p>\n\n\n\n<p>Se siete ancora motivati, potete visitare il vicino Royal Albert Hall nell'ambito di una visita guidata. Anche questo \u00e8 incluso gratuitamente nel London Pass e nell'Explorer Pass.<\/p>\n\n\n\n<p>Questo \u00e8 solo un suggerimento di come potrebbe essere un viaggio di tre giorni a Londra. Naturalmente, potete organizzare il vostro piano e visitare le numerose attrazioni, che sono gratuite con il London City Pass. Se volete visitare molto, dovreste acquistare il London Pass. Se invece volete visitare solo alcune attrazioni, il London Explorer Pass potrebbe essere una scelta migliore.<\/p>","protected":false},"excerpt":{"rendered":"<p>Londra \u00e8 una delle pi\u00f9 grandi citt\u00e0 del mondo ed \u00e8 quasi impossibile da visitare in un solo giorno. Per godere appieno delle tante meraviglie della citt\u00e0, dovreste trascorrere almeno tre giorni a Londra. Ma anche in quattro o cinque giorni si possono scoprire molte cose nuove. La citt\u00e0 offre un'incredibile variet\u00e0 di attrazioni culturali e storiche ... <a title=\"3 giorni a Londra con il London City Pass\" class=\"read-more\" href=\"https:\/\/www.londoncitypass.com\/it\/3-tage-in-london\/\" aria-label=\"Per saperne di pi\u00f9 su 3 giorni a Londra con il London City Pass\">Leggi tutto<\/a><\/p>","protected":false},"author":1,"featured_media":0,"parent":0,"menu_order":0,"comment_status":"closed","ping_status":"closed","template":"","meta":{"footnotes":""},"class_list":["post-155","page","type-page","status-publish"],"aioseo_notices":[],"featured_image_src":null,"_links":{"self":[{"href":"https:\/\/www.londoncitypass.com\/it\/wp-json\/wp\/v2\/pages\/155","targetHints":{"allow":["GET"]}}],"collection":[{"href":"https:\/\/www.londoncitypass.com\/it\/wp-json\/wp\/v2\/pages"}],"about":[{"href":"https:\/\/www.londoncitypass.com\/it\/wp-json\/wp\/v2\/types\/page"}],"author":[{"embeddable":true,"href":"https:\/\/www.londoncitypass.com\/it\/wp-json\/wp\/v2\/users\/1"}],"replies":[{"embeddable":true,"href":"https:\/\/www.londoncitypass.com\/it\/wp-json\/wp\/v2\/comments?post=155"}],"version-history":[{"count":30,"href":"https:\/\/www.londoncitypass.com\/it\/wp-json\/wp\/v2\/pages\/155\/revisions"}],"predecessor-version":[{"id":2074,"href":"https:\/\/www.londoncitypass.com\/it\/wp-json\/wp\/v2\/pages\/155\/revisions\/2074"}],"wp:attachment":[{"href":"https:\/\/www.londoncitypass.com\/it\/wp-json\/wp\/v2\/media?parent=155"}],"curies":[{"name":"wp","href":"https:\/\/api.w.org\/{rel}","templated":true}]}}