{"id":131,"date":"2023-02-01T09:27:41","date_gmt":"2023-02-01T09:27:41","guid":{"rendered":"https:\/\/www.londoncitypass.com\/?page_id=131"},"modified":"2026-02-03T13:15:19","modified_gmt":"2026-02-03T13:15:19","slug":"attrazioni","status":"publish","type":"page","link":"https:\/\/www.londoncitypass.com\/it\/attraktionen\/","title":{"rendered":"Le principali attrazioni di Londra"},"content":{"rendered":"<p>Londra \u00e8 una citt\u00e0 con migliaia di anni di storia e cultura. \u00c8 possibile visitare edifici storici come Buckingham Palace e il Tower Bridge e ammirare monumenti come il Big Ben e la Houses of Parliament. Londra ha anche molti musei, gallerie e teatri dove i visitatori possono conoscere meglio il passato e il presente della citt\u00e0.<\/p>\n\n\n\n<p>Sono innumerevoli le attrazioni da scoprire nella citt\u00e0 che non dorme mai:<\/p>\n\n\n\n<h2 class=\"wp-block-heading\">Tower of London<\/h2>\n\n\n\n<figure class=\"wp-block-image size-full\"><img loading=\"lazy\" decoding=\"async\" width=\"1000\" height=\"500\" src=\"https:\/\/www.londoncitypass.com\/wp-content\/uploads\/2023\/01\/tower-of-london.jpg\" alt=\"Tower of London\" class=\"wp-image-133\" srcset=\"https:\/\/www.londoncitypass.com\/wp-content\/uploads\/2023\/01\/tower-of-london.jpg 1000w, https:\/\/www.londoncitypass.com\/wp-content\/uploads\/2023\/01\/tower-of-london-300x150.jpg 300w, https:\/\/www.londoncitypass.com\/wp-content\/uploads\/2023\/01\/tower-of-london-768x384.jpg 768w, https:\/\/www.londoncitypass.com\/wp-content\/uploads\/2023\/01\/tower-of-london-18x9.jpg 18w\" sizes=\"auto, (max-width: 1000px) 100vw, 1000px\" \/><figcaption class=\"wp-element-caption\">\u00a9 Nick Fewings \/ Unsplash.com<\/figcaption><\/figure>\n\n\n\n<div style=\"height:20px\" aria-hidden=\"true\" class=\"wp-block-spacer\"><\/div>\n\n\n\n<p>Questa antica fortezza \u00e8 uno degli edifici pi\u00f9 famosi del Paese ed \u00e8 stata dichiarata patrimonio dell'umanit\u00e0 dall'UNESCO nel 1988. Ospita preziosi gioielli della corona e manufatti del passato reale della Gran Bretagna. I visitatori possono anche partecipare a visite guidate della fortezza per conoscere meglio la sua storia.<\/p>\n\n\n\n<p>La visita \u00e8 possibile con i seguenti London Pass: <a href=\"https:\/\/www.londoncitypass.com\/it\/pass-per-londra\/\" title=\"London Pass 2023\">London Pass<\/a>, <a href=\"https:\/\/www.londoncitypass.com\/it\/pass-esploratore\/\" title=\"Londra Pass Explorer\">Londra Pass Explorer<\/a> e <a href=\"https:\/\/www.londoncitypass.com\/it\/risparmiatore-della-grande-citta\/\" title=\"Big City Saver Pass\">Pass per pi\u00f9 attrazioni<\/a>.<\/p>\n\n\n<div class=\"wp-block-ub-divider ub_divider ub-divider-orientation-horizontal\" id=\"ub_divider_930391b2-120c-44ce-b10c-88906d2b763b\"><div class=\"ub_divider_wrapper\" style=\"position: relative; margin-bottom: 20px; width: 100%; height: 20px; \" data-divider-alignment=\"center\"><div class=\"ub_divider_line\" style=\"border-top: 2px solid #ccc; margin-top: 20px; \"><\/div><\/div><\/div>\n\n\n<h2 class=\"wp-block-heading\">Buckingham Palace<\/h2>\n\n\n\n<figure class=\"wp-block-image size-full\"><img loading=\"lazy\" decoding=\"async\" width=\"1000\" height=\"550\" src=\"https:\/\/www.londoncitypass.com\/wp-content\/uploads\/2023\/02\/london-buckingham-palace.jpg\" alt=\"Buckingham Palace a Londra\" class=\"wp-image-136\" srcset=\"https:\/\/www.londoncitypass.com\/wp-content\/uploads\/2023\/02\/london-buckingham-palace.jpg 1000w, https:\/\/www.londoncitypass.com\/wp-content\/uploads\/2023\/02\/london-buckingham-palace-300x165.jpg 300w, https:\/\/www.londoncitypass.com\/wp-content\/uploads\/2023\/02\/london-buckingham-palace-768x422.jpg 768w, https:\/\/www.londoncitypass.com\/wp-content\/uploads\/2023\/02\/london-buckingham-palace-18x10.jpg 18w\" sizes=\"auto, (max-width: 1000px) 100vw, 1000px\" \/><figcaption class=\"wp-element-caption\">\u00a9 Ferdinand St\u00f6hr \/ Unsplash.com<\/figcaption><\/figure>\n\n\n\n<div style=\"height:20px\" aria-hidden=\"true\" class=\"wp-block-spacer\"><\/div>\n\n\n\n<p>Il Palazzo Reale ospita i monarchi inglesi dal 1837 ed \u00e8 oggi la residenza ufficiale di Londra di Re Carlo. I visitatori possono visitare le sale di stato e ammirare la vasta collezione d'arte della famiglia reale o assistere alla famosissima cerimonia del Cambio della Guardia all'esterno.<\/p>\n\n\n\n<p>Una visita alla Galleria del Re \u00e8 possibile con la <a href=\"https:\/\/www.londoncitypass.com\/it\/pass-per-londra\/\" title=\"London Pass 2023\">London Pass<\/a>.<\/p>\n\n\n<div class=\"wp-block-ub-divider ub_divider ub-divider-orientation-horizontal\" id=\"ub_divider_c5af1c68-1837-4803-9ec1-aa5c38cc5c82\"><div class=\"ub_divider_wrapper\" style=\"position: relative; margin-bottom: 20px; width: 100%; height: 20px; \" data-divider-alignment=\"center\"><div class=\"ub_divider_line\" style=\"border-top: 2px solid #ccc; margin-top: 20px; \"><\/div><\/div><\/div>\n\n\n<h2 class=\"wp-block-heading\">The Shard<\/h2>\n\n\n\n<figure class=\"wp-block-image size-full\"><img loading=\"lazy\" decoding=\"async\" width=\"1000\" height=\"550\" src=\"https:\/\/www.londoncitypass.com\/wp-content\/uploads\/2023\/02\/london-the-shard.jpg\" alt=\"The Shard a Londra\" class=\"wp-image-141\" srcset=\"https:\/\/www.londoncitypass.com\/wp-content\/uploads\/2023\/02\/london-the-shard.jpg 1000w, https:\/\/www.londoncitypass.com\/wp-content\/uploads\/2023\/02\/london-the-shard-300x165.jpg 300w, https:\/\/www.londoncitypass.com\/wp-content\/uploads\/2023\/02\/london-the-shard-768x422.jpg 768w, https:\/\/www.londoncitypass.com\/wp-content\/uploads\/2023\/02\/london-the-shard-18x10.jpg 18w\" sizes=\"auto, (max-width: 1000px) 100vw, 1000px\" \/><figcaption class=\"wp-element-caption\">\u00a9 Fred Moon \/ Unsplash.com<\/figcaption><\/figure>\n\n\n\n<div style=\"height:20px\" aria-hidden=\"true\" class=\"wp-block-spacer\"><\/div>\n\n\n\n<p>Con i suoi 309 metri, questo imponente grattacielo \u00e8 uno degli edifici pi\u00f9 alti d'Europa. Salite in cima con l'ascensore e godetevi una vista mozzafiato della citt\u00e0 dalla pi\u00f9 alta piattaforma di osservazione pubblica d'Europa.<\/p>\n\n\n\n<p>La visita \u00e8 comprensiva di <a href=\"https:\/\/www.londoncitypass.com\/it\/pass-per-londra\/\" title=\"London Pass 2023\">London Pass+<\/a> e <a href=\"https:\/\/www.londoncitypass.com\/it\/pass-esploratore\/\" title=\"Londra Pass Explorer\">Londra Pass Explorer<\/a>.<\/p>\n\n\n<div class=\"wp-block-ub-divider ub_divider ub-divider-orientation-horizontal\" id=\"ub_divider_31f0a4e5-9a36-4bb5-af3f-0052beaf37d1\"><div class=\"ub_divider_wrapper\" style=\"position: relative; margin-bottom: 20px; width: 100%; height: 20px; \" data-divider-alignment=\"center\"><div class=\"ub_divider_line\" style=\"border-top: 2px solid #ccc; margin-top: 20px; \"><\/div><\/div><\/div>\n\n\n<h2 class=\"wp-block-heading\">Westminster Abbey<\/h2>\n\n\n\n<figure class=\"wp-block-image size-full\"><img loading=\"lazy\" decoding=\"async\" width=\"1000\" height=\"680\" src=\"https:\/\/www.londoncitypass.com\/wp-content\/uploads\/2023\/02\/london-westminster-abbey.jpg\" alt=\"Westminster Abbey a Londra\" class=\"wp-image-144\" srcset=\"https:\/\/www.londoncitypass.com\/wp-content\/uploads\/2023\/02\/london-westminster-abbey.jpg 1000w, https:\/\/www.londoncitypass.com\/wp-content\/uploads\/2023\/02\/london-westminster-abbey-300x204.jpg 300w, https:\/\/www.londoncitypass.com\/wp-content\/uploads\/2023\/02\/london-westminster-abbey-768x522.jpg 768w, https:\/\/www.londoncitypass.com\/wp-content\/uploads\/2023\/02\/london-westminster-abbey-18x12.jpg 18w\" sizes=\"auto, (max-width: 1000px) 100vw, 1000px\" \/><figcaption class=\"wp-element-caption\">\u00a9 Ian Branch \/ Unsplash.com<\/figcaption><\/figure>\n\n\n\n<div style=\"height:20px\" aria-hidden=\"true\" class=\"wp-block-spacer\"><\/div>\n\n\n\n<p>Questo splendido edificio gotico ha ospitato per secoli incoronazioni, funerali e altre importanti cerimonie per la famiglia reale britannica e per i membri della Chiesa. Oggi accoglie i visitatori che desiderano esplorare la sua complessa architettura e le sue tombe storiche.<\/p>\n\n\n\n<p>La visita \u00e8 comprensiva di <a href=\"https:\/\/www.londoncitypass.com\/it\/pass-per-londra\/\" title=\"London Pass 2023\">London Pass<\/a> e <a href=\"https:\/\/www.londoncitypass.com\/it\/pass-esploratore\/\" title=\"Londra Pass Explorer\">Londra Pass Explorer<\/a>.<\/p>\n\n\n<div class=\"wp-block-ub-divider ub_divider ub-divider-orientation-horizontal\" id=\"ub_divider_8daadfab-0706-4b61-812e-9adc2085e86f\"><div class=\"ub_divider_wrapper\" style=\"position: relative; margin-bottom: 20px; width: 100%; height: 20px; \" data-divider-alignment=\"center\"><div class=\"ub_divider_line\" style=\"border-top: 2px solid #ccc; margin-top: 20px; \"><\/div><\/div><\/div>\n\n\n<h2 class=\"wp-block-heading\">Cattedrale di San Paolo<\/h2>\n\n\n\n<figure class=\"wp-block-image size-full\"><img loading=\"lazy\" decoding=\"async\" width=\"1000\" height=\"550\" src=\"https:\/\/www.londoncitypass.com\/wp-content\/uploads\/2023\/02\/london-st-paul-cathedral.jpg\" alt=\"St Paul&#039;s Cathedral a Londra\" class=\"wp-image-140\" srcset=\"https:\/\/www.londoncitypass.com\/wp-content\/uploads\/2023\/02\/london-st-paul-cathedral.jpg 1000w, https:\/\/www.londoncitypass.com\/wp-content\/uploads\/2023\/02\/london-st-paul-cathedral-300x165.jpg 300w, https:\/\/www.londoncitypass.com\/wp-content\/uploads\/2023\/02\/london-st-paul-cathedral-768x422.jpg 768w, https:\/\/www.londoncitypass.com\/wp-content\/uploads\/2023\/02\/london-st-paul-cathedral-18x10.jpg 18w\" sizes=\"auto, (max-width: 1000px) 100vw, 1000px\" \/><figcaption class=\"wp-element-caption\">\u00a9 Jonathan Chng \/ Unsplash.com<\/figcaption><\/figure>\n\n\n\n<div style=\"height:20px\" aria-hidden=\"true\" class=\"wp-block-spacer\"><\/div>\n\n\n\n<p>Questa imponente chiesa barocca fu progettata da Sir Christopher Wren nel XVII secolo ed \u00e8 uno degli edifici pi\u00f9 famosi di Londra. \u00c8 possibile esplorare gli interni ornati della cattedrale, visitare la Whispering Gallery e salire sulla famosa cupola per godere di una vista mozzafiato sulla citt\u00e0.<\/p>\n\n\n\n<p>La visita \u00e8 inclusa nel programma <a href=\"https:\/\/www.londoncitypass.com\/it\/pass-per-londra\/\" title=\"London Pass 2023\">London Pass<\/a> e <a href=\"https:\/\/www.londoncitypass.com\/it\/pass-esploratore\/\" title=\"Londra Pass Explorer\">Londra Pass Explorer<\/a>.<\/p>\n\n\n<div class=\"wp-block-ub-divider ub_divider ub-divider-orientation-horizontal\" id=\"ub_divider_566ae879-2d9e-449a-920a-ad3eb6eadc46\"><div class=\"ub_divider_wrapper\" style=\"position: relative; margin-bottom: 20px; width: 100%; height: 20px; \" data-divider-alignment=\"center\"><div class=\"ub_divider_line\" style=\"border-top: 2px solid #ccc; margin-top: 20px; \"><\/div><\/div><\/div>\n\n\n<h2 class=\"wp-block-heading\">Palazzo del Parlamento e Big Ben<\/h2>\n\n\n\n<figure class=\"wp-block-image size-full\"><img loading=\"lazy\" decoding=\"async\" width=\"1000\" height=\"600\" src=\"https:\/\/www.londoncitypass.com\/wp-content\/uploads\/2023\/02\/london-parliament-big-ben.jpg\" alt=\"Il Parlamento e il Big Ben\" class=\"wp-image-139\" srcset=\"https:\/\/www.londoncitypass.com\/wp-content\/uploads\/2023\/02\/london-parliament-big-ben.jpg 1000w, https:\/\/www.londoncitypass.com\/wp-content\/uploads\/2023\/02\/london-parliament-big-ben-300x180.jpg 300w, https:\/\/www.londoncitypass.com\/wp-content\/uploads\/2023\/02\/london-parliament-big-ben-768x461.jpg 768w, https:\/\/www.londoncitypass.com\/wp-content\/uploads\/2023\/02\/london-parliament-big-ben-18x12.jpg 18w\" sizes=\"auto, (max-width: 1000px) 100vw, 1000px\" \/><figcaption class=\"wp-element-caption\">\u00a9 Marcin Nowak \/ Unsplash.com<\/figcaption><\/figure>\n\n\n\n<div style=\"height:20px\" aria-hidden=\"true\" class=\"wp-block-spacer\"><\/div>\n\n\n\n<p>Il Palazzo del Parlamento e il Big Ben sono tra i monumenti pi\u00f9 famosi di Londra. I due edifici sul Tamigi sono stati per secoli un simbolo della democrazia britannica. Le Houses of Parliament sono un imponente edificio dove i membri delle due Camere del Parlamento si riuniscono per discutere le leggi, mentre il Big Ben \u00e8 una torre dell'orologio situata all'esterno delle Houses of Parliament.<\/p>\n\n\n\n<p>\u00c8 possibile partecipare a un tour a piedi dei palazzi e del parlamento con l'associazione <a href=\"https:\/\/www.londoncitypass.com\/it\/pass-per-londra\/\" title=\"London Pass 2023\">London Pass<\/a> e <a href=\"https:\/\/www.londoncitypass.com\/it\/pass-esploratore\/\" title=\"Londra Pass Explorer\">Pass Explorer<\/a>.<\/p>\n\n\n<div class=\"wp-block-ub-divider ub_divider ub-divider-orientation-horizontal\" id=\"ub_divider_58f69037-1321-44f3-aa9f-8bb740bb7de5\"><div class=\"ub_divider_wrapper\" style=\"position: relative; margin-bottom: 20px; width: 100%; height: 20px; \" data-divider-alignment=\"center\"><div class=\"ub_divider_line\" style=\"border-top: 2px solid #ccc; margin-top: 20px; \"><\/div><\/div><\/div>\n\n\n<h2 class=\"wp-block-heading\">Occhio di Londra<\/h2>\n\n\n\n<figure class=\"wp-block-image size-full\"><img loading=\"lazy\" decoding=\"async\" width=\"1000\" height=\"550\" src=\"https:\/\/www.londoncitypass.com\/wp-content\/uploads\/2023\/02\/london-eye.jpg\" alt=\"Occhio di Londra\" class=\"wp-image-137\" srcset=\"https:\/\/www.londoncitypass.com\/wp-content\/uploads\/2023\/02\/london-eye.jpg 1000w, https:\/\/www.londoncitypass.com\/wp-content\/uploads\/2023\/02\/london-eye-300x165.jpg 300w, https:\/\/www.londoncitypass.com\/wp-content\/uploads\/2023\/02\/london-eye-768x422.jpg 768w, https:\/\/www.londoncitypass.com\/wp-content\/uploads\/2023\/02\/london-eye-18x10.jpg 18w\" sizes=\"auto, (max-width: 1000px) 100vw, 1000px\" \/><figcaption class=\"wp-element-caption\">\u00a9 David Henderson \/ Unsplash.com<\/figcaption><\/figure>\n\n\n\n<div style=\"height:20px\" aria-hidden=\"true\" class=\"wp-block-spacer\"><\/div>\n\n\n\n<p>Godetevi la vista a 360 gradi dello skyline di Londra da una delle ruote panoramiche pi\u00f9 alte del mondo. Questa attrazione offre una vista incredibile sulla citt\u00e0 ed \u00e8 una delle attrazioni pi\u00f9 popolari di Londra. Il London Eye \u00e8 incluso nel <a href=\"https:\/\/www.londoncitypass.com\/it\/risparmiatore-della-grande-citta\/\" title=\"Pass per pi\u00f9 attrazioni\">Pass per pi\u00f9 attrazioni<\/a>, <a href=\"https:\/\/www.londoncitypass.com\/it\/pass-per-londra\/\" title=\"London Pass 2024\">London Pass+<\/a>.<\/p>\n\n\n<div class=\"wp-block-ub-divider ub_divider ub-divider-orientation-horizontal\" id=\"ub_divider_51a94ab3-1875-4214-aa05-b0403db7cf92\"><div class=\"ub_divider_wrapper\" style=\"position: relative; margin-bottom: 20px; width: 100%; height: 20px; \" data-divider-alignment=\"center\"><div class=\"ub_divider_line\" style=\"border-top: 2px solid #ccc; margin-top: 20px; \"><\/div><\/div><\/div>\n\n\n<h2 class=\"wp-block-heading\">Palazzo Kensington<\/h2>\n\n\n\n<figure class=\"wp-block-image size-full\"><img loading=\"lazy\" decoding=\"async\" width=\"1000\" height=\"550\" src=\"https:\/\/www.londoncitypass.com\/wp-content\/uploads\/2023\/02\/london-kensington-palace.jpg\" alt=\"Palazzo Kensington a Londra\" class=\"wp-image-138\" srcset=\"https:\/\/www.londoncitypass.com\/wp-content\/uploads\/2023\/02\/london-kensington-palace.jpg 1000w, https:\/\/www.londoncitypass.com\/wp-content\/uploads\/2023\/02\/london-kensington-palace-300x165.jpg 300w, https:\/\/www.londoncitypass.com\/wp-content\/uploads\/2023\/02\/london-kensington-palace-768x422.jpg 768w, https:\/\/www.londoncitypass.com\/wp-content\/uploads\/2023\/02\/london-kensington-palace-18x10.jpg 18w\" sizes=\"auto, (max-width: 1000px) 100vw, 1000px\" \/><figcaption class=\"wp-element-caption\">\u00a9 Nicholas Musilli \/ Unsplash.com<\/figcaption><\/figure>\n\n\n\n<div style=\"height:20px\" aria-hidden=\"true\" class=\"wp-block-spacer\"><\/div>\n\n\n\n<p>Questo magnifico palazzo \u00e8 stato la sede dei reali britannici almeno dal 1689 e oggi ospita molti membri della famiglia reale. \u00c8 possibile effettuare visite guidate del palazzo o esplorare i lussureggianti giardini.<\/p>\n\n\n\n<p>\u00c8 possibile visitare Kensington Palace con i seguenti London Pass: <a href=\"https:\/\/www.londoncitypass.com\/it\/pass-per-londra\/\" title=\"London Pass 2023\">London Pass<\/a>, <a href=\"https:\/\/www.londoncitypass.com\/it\/pass-esploratore\/\" title=\"Londra Pass Explorer\">Pass Explorer<\/a>.<\/p>\n\n\n<div class=\"wp-block-ub-divider ub_divider ub-divider-orientation-horizontal\" id=\"ub_divider_18aa0cd8-3459-47bb-ba07-c960827494a9\"><div class=\"ub_divider_wrapper\" style=\"position: relative; margin-bottom: 20px; width: 100%; height: 20px; \" data-divider-alignment=\"center\"><div class=\"ub_divider_line\" style=\"border-top: 2px solid #ccc; margin-top: 20px; \"><\/div><\/div><\/div>\n\n\n<h2 class=\"wp-block-heading\">London Tower Bridge<\/h2>\n\n\n\n<figure class=\"wp-block-image size-full\"><img loading=\"lazy\" decoding=\"async\" width=\"1000\" height=\"600\" src=\"https:\/\/www.londoncitypass.com\/wp-content\/uploads\/2023\/02\/london-tower-bridge.jpg\" alt=\"London Tower Bridge\" class=\"wp-image-142\" srcset=\"https:\/\/www.londoncitypass.com\/wp-content\/uploads\/2023\/02\/london-tower-bridge.jpg 1000w, https:\/\/www.londoncitypass.com\/wp-content\/uploads\/2023\/02\/london-tower-bridge-300x180.jpg 300w, https:\/\/www.londoncitypass.com\/wp-content\/uploads\/2023\/02\/london-tower-bridge-768x461.jpg 768w, https:\/\/www.londoncitypass.com\/wp-content\/uploads\/2023\/02\/london-tower-bridge-18x12.jpg 18w\" sizes=\"auto, (max-width: 1000px) 100vw, 1000px\" \/><figcaption class=\"wp-element-caption\">\u00a9 Charles Postiaux \/ Unsplash.com<\/figcaption><\/figure>\n\n\n\n<div style=\"height:20px\" aria-hidden=\"true\" class=\"wp-block-spacer\"><\/div>\n\n\n\n<p>Nessun altro ponte della capitale britannica \u00e8 famoso come l'London Tower Bridge. Costruito alla fine del XIX secolo, \u00e8 oggi un'importante arteria stradale e un'attrazione turistica. Da entrambe le sponde del Tamigi, il ponte \u00e8 un popolare motivo fotografico.<\/p>\n\n\n\n<p>Con i seguenti London Pass \u00e8 possibile visitare gratuitamente la mostra London Tower Bridge: <a href=\"https:\/\/www.londoncitypass.com\/it\/pass-esploratore\/\" title=\"Londra Pass Explorer\">Londra Pass Explorer<\/a> e <a href=\"https:\/\/www.londoncitypass.com\/it\/pass-per-londra\/\" title=\"London Pass 2023\">London Pass<\/a>.<\/p>\n\n\n<div class=\"wp-block-ub-divider ub_divider ub-divider-orientation-horizontal\" id=\"ub_divider_7ce51777-953c-48d7-9925-9d05ae8ed836\"><div class=\"ub_divider_wrapper\" style=\"position: relative; margin-bottom: 20px; width: 100%; height: 20px; \" data-divider-alignment=\"center\"><div class=\"ub_divider_line\" style=\"border-top: 2px solid #ccc; margin-top: 20px; \"><\/div><\/div><\/div>\n\n\n<h2 class=\"wp-block-heading\">Trafalgar Square<\/h2>\n\n\n\n<figure class=\"wp-block-image size-full\"><img loading=\"lazy\" decoding=\"async\" width=\"1000\" height=\"550\" src=\"https:\/\/www.londoncitypass.com\/wp-content\/uploads\/2023\/02\/london-trafalgar-square.jpg\" alt=\"Trafalgar Square a Londra\" class=\"wp-image-143\" srcset=\"https:\/\/www.londoncitypass.com\/wp-content\/uploads\/2023\/02\/london-trafalgar-square.jpg 1000w, https:\/\/www.londoncitypass.com\/wp-content\/uploads\/2023\/02\/london-trafalgar-square-300x165.jpg 300w, https:\/\/www.londoncitypass.com\/wp-content\/uploads\/2023\/02\/london-trafalgar-square-768x422.jpg 768w, https:\/\/www.londoncitypass.com\/wp-content\/uploads\/2023\/02\/london-trafalgar-square-18x10.jpg 18w\" sizes=\"auto, (max-width: 1000px) 100vw, 1000px\" \/><figcaption class=\"wp-element-caption\">\u00a9 Diane Picchiottino \/ Unsplash.com<\/figcaption><\/figure>\n\n\n\n<div style=\"height:20px\" aria-hidden=\"true\" class=\"wp-block-spacer\"><\/div>\n\n\n\n<p>Questa vivace piazza nel cuore della citt\u00e0 \u00e8 il luogo ideale per osservare il trambusto di Londra. Con la National Gallery, la Colonna di Nelson e numerose statue, \u00e8 una delle attrazioni turistiche pi\u00f9 popolari di Londra.<\/p>\n\n\n<div class=\"wp-block-ub-divider ub_divider ub-divider-orientation-horizontal\" id=\"ub_divider_98c0e5c1-e915-403e-a939-e3d4d129d567\"><div class=\"ub_divider_wrapper\" style=\"position: relative; margin-bottom: 20px; width: 100%; height: 20px; \" data-divider-alignment=\"center\"><div class=\"ub_divider_line\" style=\"border-top: 2px solid #ccc; margin-top: 20px; \"><\/div><\/div><\/div>\n\n\n<p>Questa \u00e8 solo una piccola selezione delle numerose attrazioni che Londra ha da offrire. Che siate alla ricerca di esperienze culturali e luoghi storici o che vogliate semplicemente godervi la cultura britannica, in questa incredibile citt\u00e0 ce n'\u00e8 per tutti i gusti.<\/p>","protected":false},"excerpt":{"rendered":"<p>Londra \u00e8 una citt\u00e0 con migliaia di anni di storia e cultura. \u00c8 possibile visitare edifici storici come Buckingham Palace e il Tower Bridge e ammirare monumenti come il Big Ben e la Houses of Parliament. Londra ospita anche numerosi musei, gallerie e teatri dove i visitatori possono conoscere meglio il passato e il presente della citt\u00e0.... <a title=\"Le principali attrazioni di Londra\" class=\"read-more\" href=\"https:\/\/www.londoncitypass.com\/it\/attraktionen\/\" aria-label=\"Per saperne di pi\u00f9 su Le migliori attrazioni di Londra\">Leggi tutto<\/a><\/p>","protected":false},"author":1,"featured_media":0,"parent":0,"menu_order":0,"comment_status":"closed","ping_status":"closed","template":"","meta":{"footnotes":""},"class_list":["post-131","page","type-page","status-publish"],"aioseo_notices":[],"featured_image_src":null,"_links":{"self":[{"href":"https:\/\/www.londoncitypass.com\/it\/wp-json\/wp\/v2\/pages\/131","targetHints":{"allow":["GET"]}}],"collection":[{"href":"https:\/\/www.londoncitypass.com\/it\/wp-json\/wp\/v2\/pages"}],"about":[{"href":"https:\/\/www.londoncitypass.com\/it\/wp-json\/wp\/v2\/types\/page"}],"author":[{"embeddable":true,"href":"https:\/\/www.londoncitypass.com\/it\/wp-json\/wp\/v2\/users\/1"}],"replies":[{"embeddable":true,"href":"https:\/\/www.londoncitypass.com\/it\/wp-json\/wp\/v2\/comments?post=131"}],"version-history":[{"count":31,"href":"https:\/\/www.londoncitypass.com\/it\/wp-json\/wp\/v2\/pages\/131\/revisions"}],"predecessor-version":[{"id":1941,"href":"https:\/\/www.londoncitypass.com\/it\/wp-json\/wp\/v2\/pages\/131\/revisions\/1941"}],"wp:attachment":[{"href":"https:\/\/www.londoncitypass.com\/it\/wp-json\/wp\/v2\/media?parent=131"}],"curies":[{"name":"wp","href":"https:\/\/api.w.org\/{rel}","templated":true}]}}