{"id":155,"date":"2023-02-01T13:02:31","date_gmt":"2023-02-01T13:02:31","guid":{"rendered":"https:\/\/www.londoncitypass.com\/?page_id=155"},"modified":"2026-02-16T14:07:58","modified_gmt":"2026-02-16T14:07:58","slug":"3-nap-londonban","status":"publish","type":"page","link":"https:\/\/www.londoncitypass.com\/hu\/3-tage-in-london\/","title":{"rendered":"3 nap Londonban a London City Pass-szal"},"content":{"rendered":"<p>London a vil\u00e1g egyik legnagyobb v\u00e1rosa, \u00e9s szinte lehetetlen egy nap alatt felfogni. Ahhoz, hogy igaz\u00e1n \u00e9lvezhesse a v\u00e1ros sz\u00e1mos csod\u00e1j\u00e1t, legal\u00e1bb h\u00e1rom napot kell Londonban t\u00f6ltenie. De m\u00e9g n\u00e9gy-\u00f6t nap alatt is rengeteg \u00faj dolgot fedezhetsz fel.<\/p>\n\n\n\n<p>A v\u00e1ros hihetetlen\u00fcl sokf\u00e9le kultur\u00e1lis \u00e9s t\u00f6rt\u00e9nelmi l\u00e1tnival\u00f3t k\u00edn\u00e1l. Az olyan m\u00fazeumok \u00e9s gal\u00e9ri\u00e1k, mint a British Museum, a National Gallery \u00e9s a Tate Modern sz\u00e1mos lehet\u0151s\u00e9get k\u00edn\u00e1lnak a v\u00e1ros m\u00faltj\u00e1nak megismer\u00e9s\u00e9re. Az olyan h\u00edres nevezetess\u00e9gek, mint a Big Ben \u00e9s a Buckingham-palota betekint\u00e9st ny\u00fajtanak Anglia gazdag t\u00f6rt\u00e9nelm\u00e9be.<\/p>\n\n\n\n<p>Az al\u00e1bbiakban egy h\u00e1romnapos \u00fatvonaltervet mutatunk be egy londoni l\u00e1togat\u00e1shoz. A l\u00e1tnival\u00f3kat \u00fagy v\u00e1logattuk \u00f6ssze, hogy a lehet\u0151 legt\u00f6bbet hozzuk ki a London City Passb\u00f3l.<\/p>\n\n\n\n<h2 class=\"wp-block-heading\">Els\u0151 nap: Hop-on\/Hop-off + Westminster Abbey + gyalogt\u00fara<\/h2>\n\n\n\n<figure class=\"wp-block-image size-full\"><img loading=\"lazy\" decoding=\"async\" width=\"1000\" height=\"600\" src=\"https:\/\/www.londoncitypass.com\/wp-content\/uploads\/2023\/02\/london-big-bus.jpg\" alt=\"London Big Bus\" class=\"wp-image-156\" srcset=\"https:\/\/www.londoncitypass.com\/wp-content\/uploads\/2023\/02\/london-big-bus.jpg 1000w, https:\/\/www.londoncitypass.com\/wp-content\/uploads\/2023\/02\/london-big-bus-300x180.jpg 300w, https:\/\/www.londoncitypass.com\/wp-content\/uploads\/2023\/02\/london-big-bus-768x461.jpg 768w, https:\/\/www.londoncitypass.com\/wp-content\/uploads\/2023\/02\/london-big-bus-18x12.jpg 18w\" sizes=\"auto, (max-width: 1000px) 100vw, 1000px\" \/><figcaption class=\"wp-element-caption\">\u00a9 Big Bus Tours<\/figcaption><\/figure>\n\n\n\n<p>Kezdje felfedez\u0151 \u00fatj\u00e1t egy v\u00e1rosn\u00e9z\u00e9ssel egy hop-on\/hop-off busszal, hogy els\u0151 \u00e1ttekint\u00e9st kapjon. Sz\u00e1mos buszt\u00e1rsas\u00e1g van, amelyeknek a buszai naponta j\u00e1rj\u00e1k Londont. A legt\u00f6bb szolg\u00e1ltat\u00f3val k\u00e9t vonal k\u00f6z\u00f6tt \u00e1tsz\u00e1llhatsz, hogy a v\u00e1ros k\u00fcl\u00f6nb\u00f6z\u0151 r\u00e9szeit fedezd fel.<\/p>\n\n\n\n<p>A hop-on\/hop-off t\u00fara minden London Pass-szal lehets\u00e9ges: a k\u00f6vetkez\u0151 b\u00e9rletekkel <a href=\"https:\/\/www.londoncitypass.com\/hu\/londoni-berlet\/\" title=\"London Pass 2023\">London Pass<\/a> \u00e9s a <a href=\"https:\/\/www.londoncitypass.com\/hu\/felfedezo-belepo\/\" title=\"London Explorer Pass\">London Explorer Pass<\/a> az Big Bus vagy a Golden Tours buszai egy-egy napra vehet\u0151k ig\u00e9nybe.<\/p>\n\n\n\n<p>Ezek a buszos t\u00far\u00e1k meglehet\u0151sen dr\u00e1g\u00e1k. Ez\u00e9rt a London City Pass gyorsan megt\u00e9r\u00fcl egy v\u00e1rosn\u00e9z\u00e9s sor\u00e1n.<\/p>\n\n\n\n<p>Sz\u00e1lljon ki az Westminster Abbey-n\u00e9l, a templomn\u00e1l, amely hossz\u00fa t\u00f6rt\u00e9nelme sor\u00e1n sz\u00e1mos koron\u00e1z\u00e1st, esk\u00fcv\u0151t \u00e9s temet\u00e9st l\u00e1tott. Az London Pass+ \u00e9s a londoni Explorer Pass j\u00e1rattal ingyenesen l\u00e1togathatja meg a templomot.<\/p>\n\n\n\n<p>A \"Palot\u00e1k \u00e9s a Parlament gyalogt\u00fara\" az Westminster Abbey k\u00f6zel\u00e9ben indul, amelyen az London Pass-vel ingyenesen vehet r\u00e9szt. A t\u00fara naponta h\u00e1romszor ker\u00fcl megrendez\u00e9sre.<\/p>\n\n\n\n<h2 class=\"wp-block-heading\">M\u00e1sodik nap: Tower of London + Tower Bridge + The Shard<\/h2>\n\n\n\n<figure class=\"wp-block-image size-full\"><img loading=\"lazy\" decoding=\"async\" width=\"1000\" height=\"500\" src=\"https:\/\/www.londoncitypass.com\/wp-content\/uploads\/2023\/01\/tower-of-london.jpg\" alt=\"Tower of London\" class=\"wp-image-133\" srcset=\"https:\/\/www.londoncitypass.com\/wp-content\/uploads\/2023\/01\/tower-of-london.jpg 1000w, https:\/\/www.londoncitypass.com\/wp-content\/uploads\/2023\/01\/tower-of-london-300x150.jpg 300w, https:\/\/www.londoncitypass.com\/wp-content\/uploads\/2023\/01\/tower-of-london-768x384.jpg 768w, https:\/\/www.londoncitypass.com\/wp-content\/uploads\/2023\/01\/tower-of-london-18x9.jpg 18w\" sizes=\"auto, (max-width: 1000px) 100vw, 1000px\" \/><figcaption class=\"wp-element-caption\">\u00a9 Nick Fewings \/ Unsplash.com<\/figcaption><\/figure>\n\n\n\n<p>Kezdje m\u00e1sodik londoni napj\u00e1t a v\u00e1ros egyik legh\u00edresebb nevezetess\u00e9g\u00e9n\u00e9l: az Tower of London-n\u00e9l. L\u00e1togasson el a korona\u00e9kszerekhez, \u00e9s vegyen r\u00e9szt egy vezetett Beefeater-t\u00far\u00e1n. A bel\u00e9p\u00e9s ingyenes az \u00d6n sz\u00e1m\u00e1ra a <a href=\"https:\/\/www.londoncitypass.com\/hu\/londoni-berlet\/\" title=\"London Pass 2023\">London Pass<\/a> \u00e9s a <a href=\"https:\/\/www.londoncitypass.com\/hu\/felfedezo-belepo\/\" title=\"London Explorer Pass\">London Explorer Pass<\/a>,<\/p>\n\n\n\n<p>Ezut\u00e1n menjen az London Tower Bridge c\u00edmre, amely mind\u00f6ssze n\u00e9h\u00e1ny m\u00e9terre van a Tower of Londont\u00f3l. A <a href=\"https:\/\/www.londoncitypass.com\/hu\/londoni-berlet\/\" title=\"London Pass 2023\">London Pass<\/a> ingyenesen l\u00e1togathatja meg a Tower Bridge ki\u00e1ll\u00edt\u00e1st. Ehhez fel kell m\u00e1sznia az \u00e9szaki toronyra, \u00e9s \u00e1t kell s\u00e9t\u00e1lnia az \u00fcvegpadl\u00f3n. A tetej\u00e9r\u0151l megfigyelheti az alatta halad\u00f3 j\u00e1rm\u0171veket \u00e9s j\u00e1r\u00f3kel\u0151ket. A t\u00fara a g\u00e9ph\u00e1zban \u00e9r v\u00e9get.<\/p>\n\n\n\n<p>Az Explorer Pass-vel ingyenesen megl\u00e1togathatja a Tower Bridge ki\u00e1ll\u00edt\u00e1st is, de nem \u00e9rdemes, mert az Explorer Pass-vel csak a dr\u00e1ga l\u00e1tnival\u00f3kat \u00e9rdemes megl\u00e1togatni.<\/p>\n\n\n\n<p>A Temze t\u00faloldal\u00e1n nincs messze a Shard, a leny\u0171g\u00f6z\u0151, 309 m\u00e9ter magasra emelked\u0151 \u00fcvegtorony. A kil\u00e1t\u00f3 megl\u00e1togat\u00e1sa t\u00f6bb London Pass b\u00e9rletben is szerepel: <a href=\"https:\/\/www.londoncitypass.com\/hu\/londoni-berlet\/\" title=\"London Pass 2023\">London Pass<\/a> \u00e9s <a href=\"https:\/\/www.londoncitypass.com\/hu\/felfedezo-belepo\/\" title=\"London Explorer Pass\">London Explorer Pass<\/a>. Felh\u00edvjuk azonban figyelm\u00e9t, hogy a l\u00e1togat\u00e1shoz el\u0151re id\u0151pontot kell k\u00e9rnie.<\/p>\n\n\n\n<h2 class=\"wp-block-heading\">Harmadik nap: Buckingham-palota + Kensington-palota<\/h2>\n\n\n\n<figure class=\"wp-block-image size-full\"><img loading=\"lazy\" decoding=\"async\" width=\"1000\" height=\"550\" src=\"https:\/\/www.londoncitypass.com\/wp-content\/uploads\/2023\/02\/london-kensington-palace.jpg\" alt=\"Kensington-palota Londonban\" class=\"wp-image-138\" srcset=\"https:\/\/www.londoncitypass.com\/wp-content\/uploads\/2023\/02\/london-kensington-palace.jpg 1000w, https:\/\/www.londoncitypass.com\/wp-content\/uploads\/2023\/02\/london-kensington-palace-300x165.jpg 300w, https:\/\/www.londoncitypass.com\/wp-content\/uploads\/2023\/02\/london-kensington-palace-768x422.jpg 768w, https:\/\/www.londoncitypass.com\/wp-content\/uploads\/2023\/02\/london-kensington-palace-18x10.jpg 18w\" sizes=\"auto, (max-width: 1000px) 100vw, 1000px\" \/><figcaption class=\"wp-element-caption\">\u00a9 Nicholas Musilli \/ Unsplash.com<\/figcaption><\/figure>\n\n\n\n<p>A harmadik nap Londonban a Trafalgar t\u00e9ren kezd\u0151dik, amely egy k\u00f6zponti t\u00e9r London sz\u00edv\u00e9ben. Innen els\u00e9t\u00e1lhat a Buckingham-palot\u00e1ba, ha nem b\u00e1nja a hosszabb s\u00e9t\u00e1t. Ott tal\u00e1lhat\u00f3 a Kir\u00e1lyn\u0151 Gal\u00e9ria, amelyet az London Pass-vel ingyenesen l\u00e1togathat meg.<\/p>\n\n\n\n<p>Ezut\u00e1n folytassa az utat a Hyde Park sarokn\u00e1l l\u00e9v\u0151 Wellington Arch jelz\u00e9sig. Az London Pass-vel ingyenesen felm\u00e1szhat a Diadal\u00edvre, \u00e9s \u00e9lvezheti a kil\u00e1t\u00e1st. S\u00e9t\u00e1ljon \u00e1t a gy\u00f6ny\u00f6r\u0171 Hyde Parkon a Kensington-palot\u00e1ig. A bel\u00e9p\u00e9s ingyenes a <a href=\"https:\/\/www.londoncitypass.com\/hu\/londoni-berlet\/\" title=\"London Pass 2023\">London Pass<\/a> \u00e9s a <a href=\"https:\/\/www.londoncitypass.com\/hu\/felfedezo-belepo\/\" title=\"London Explorer Pass\">Explorer Pass<\/a>.<\/p>\n\n\n\n<p>Ha ezut\u00e1n m\u00e9g mindig motiv\u00e1ltak vagytok, akkor egy vezetett t\u00fara keret\u00e9ben megl\u00e1togathatj\u00e1tok a k\u00f6zeli Royal Albert Hall-t. Ez az London Pass \u00e9s az Explorer Pass eset\u00e9ben szint\u00e9n ingyenesen vehet\u0151 ig\u00e9nybe.<\/p>\n\n\n\n<p>Ez csak egy javaslat arra, hogyan n\u00e9zhet ki egy h\u00e1romnapos londoni kir\u00e1ndul\u00e1s. Term\u00e9szetesen saj\u00e1t tervet is k\u00e9sz\u00edthet, \u00e9s megl\u00e1togathatja azt a rengeteg l\u00e1tnival\u00f3t, amelyek a London City Pass-szal ingyenesen l\u00e1togathat\u00f3k. Ha sokat szeretne megn\u00e9zni, \u00e9rdemes megv\u00e1s\u00e1rolni az London Pass-t. Ha csak n\u00e9h\u00e1ny l\u00e1tnival\u00f3t szeretne megn\u00e9zni, a London Explorer Pass tal\u00e1n jobb v\u00e1laszt\u00e1s.<\/p>","protected":false},"excerpt":{"rendered":"<p>London a vil\u00e1g egyik legnagyobb v\u00e1rosa, \u00e9s szinte lehetetlen egy nap alatt felfogni. Ahhoz, hogy igaz\u00e1n \u00e9lvezhesse a v\u00e1ros sz\u00e1mos csod\u00e1j\u00e1t, legal\u00e1bb h\u00e1rom napot kell Londonban t\u00f6ltenie. De m\u00e9g n\u00e9gy-\u00f6t nap alatt is rengeteg \u00faj dolgot fedezhetsz fel. A v\u00e1ros hihetetlen\u00fcl sokf\u00e9le kultur\u00e1lis \u00e9s t\u00f6rt\u00e9nelmi ... <a title=\"3 nap Londonban a London City Pass-szal\" class=\"read-more\" href=\"https:\/\/www.londoncitypass.com\/hu\/3-tage-in-london\/\" aria-label=\"Tov\u00e1bbi inform\u00e1ci\u00f3 3 nap Londonban a London City Pass-szal\">Olvass tov\u00e1bb<\/a><\/p>","protected":false},"author":1,"featured_media":0,"parent":0,"menu_order":0,"comment_status":"closed","ping_status":"closed","template":"","meta":{"footnotes":""},"class_list":["post-155","page","type-page","status-publish"],"aioseo_notices":[],"featured_image_src":null,"_links":{"self":[{"href":"https:\/\/www.londoncitypass.com\/hu\/wp-json\/wp\/v2\/pages\/155","targetHints":{"allow":["GET"]}}],"collection":[{"href":"https:\/\/www.londoncitypass.com\/hu\/wp-json\/wp\/v2\/pages"}],"about":[{"href":"https:\/\/www.londoncitypass.com\/hu\/wp-json\/wp\/v2\/types\/page"}],"author":[{"embeddable":true,"href":"https:\/\/www.londoncitypass.com\/hu\/wp-json\/wp\/v2\/users\/1"}],"replies":[{"embeddable":true,"href":"https:\/\/www.londoncitypass.com\/hu\/wp-json\/wp\/v2\/comments?post=155"}],"version-history":[{"count":30,"href":"https:\/\/www.londoncitypass.com\/hu\/wp-json\/wp\/v2\/pages\/155\/revisions"}],"predecessor-version":[{"id":2074,"href":"https:\/\/www.londoncitypass.com\/hu\/wp-json\/wp\/v2\/pages\/155\/revisions\/2074"}],"wp:attachment":[{"href":"https:\/\/www.londoncitypass.com\/hu\/wp-json\/wp\/v2\/media?parent=155"}],"curies":[{"name":"wp","href":"https:\/\/api.w.org\/{rel}","templated":true}]}}