{"id":155,"date":"2023-02-01T13:02:31","date_gmt":"2023-02-01T13:02:31","guid":{"rendered":"https:\/\/www.londoncitypass.com\/?page_id=155"},"modified":"2026-02-16T14:07:58","modified_gmt":"2026-02-16T14:07:58","slug":"3-jours-a-londres","status":"publish","type":"page","link":"https:\/\/www.londoncitypass.com\/fr\/3-tage-in-london\/","title":{"rendered":"3 jours \u00e0 Londres avec un London City Pass"},"content":{"rendered":"<p>Londres est l'une des plus grandes villes du monde et il est difficile de l'appr\u00e9hender en une seule journ\u00e9e. Pour vraiment profiter des nombreuses merveilles de la ville, il faut passer au moins trois jours \u00e0 Londres. Mais m\u00eame en quatre ou cinq jours, on peut encore d\u00e9couvrir beaucoup de choses nouvelles.<\/p>\n\n\n\n<p>La ville offre une incroyable diversit\u00e9 d'attractions culturelles et historiques. Les mus\u00e9es et galeries comme le British Museum, la National Gallery et la Tate Modern offrent de nombreuses possibilit\u00e9s d'en apprendre davantage sur le pass\u00e9 de la ville. Des monuments c\u00e9l\u00e8bres comme Big Ben et Buckingham Palace donnent un aper\u00e7u de la riche histoire de l'Angleterre.<\/p>\n\n\n\n<p>Vous trouverez ci-dessous un programme de voyage de trois jours pour une visite de Londres. Les attractions sont choisies de mani\u00e8re \u00e0 ce que vous puissiez profiter au maximum du London City Pass.<\/p>\n\n\n\n<h2 class=\"wp-block-heading\">Premier jour: Hop-on\/Hop-off + Westminster Abbey + Walking Tour<\/h2>\n\n\n\n<figure class=\"wp-block-image size-full\"><img loading=\"lazy\" decoding=\"async\" width=\"1000\" height=\"600\" src=\"https:\/\/www.londoncitypass.com\/wp-content\/uploads\/2023\/02\/london-big-bus.jpg\" alt=\"Londres Big Bus\" class=\"wp-image-156\" srcset=\"https:\/\/www.londoncitypass.com\/wp-content\/uploads\/2023\/02\/london-big-bus.jpg 1000w, https:\/\/www.londoncitypass.com\/wp-content\/uploads\/2023\/02\/london-big-bus-300x180.jpg 300w, https:\/\/www.londoncitypass.com\/wp-content\/uploads\/2023\/02\/london-big-bus-768x461.jpg 768w, https:\/\/www.londoncitypass.com\/wp-content\/uploads\/2023\/02\/london-big-bus-18x12.jpg 18w\" sizes=\"auto, (max-width: 1000px) 100vw, 1000px\" \/><figcaption class=\"wp-element-caption\">Big Bus Tours<\/figcaption><\/figure>\n\n\n\n<p>Commencez votre voyage de d\u00e9couverte par un tour de ville en bus \u00e0 arr\u00eats multiples afin d'avoir une premi\u00e8re vue d'ensemble. Il existe plusieurs compagnies de bus dont les bus parcourent Londres tous les jours. La plupart d'entre eux vous permettent de passer d'une ligne \u00e0 l'autre afin d'explorer diff\u00e9rents quartiers de la ville.<\/p>\n\n\n\n<p>Il est possible de faire un tour \u00e0 arr\u00eats multiples avec tous les passes de Londres : avec le <a href=\"https:\/\/www.londoncitypass.com\/fr\/london-pass\/\" title=\"London Pass 2023\">London Pass<\/a> et le <a href=\"https:\/\/www.londoncitypass.com\/fr\/pass-explorateur\/\" title=\"Londres Pass Explorer\">Londres Pass Explorer<\/a> vous pouvez utiliser les bus de Big Bus ou Golden Tours pendant une journ\u00e9e chacun.<\/p>\n\n\n\n<p>Ces tours en bus sont assez chers. C'est pourquoi un London City Pass est vite rentabilis\u00e9 lors d'un tour de ville.<\/p>\n\n\n\n<p>Descendez au Westminster Abbey, l'\u00e9glise qui a vu de nombreux couronnements, mariages et enterrements au cours de sa longue histoire. Avec le London Pass+ et le London Explorer Pass, vous pouvez visiter l'\u00e9glise gratuitement.<\/p>\n\n\n\n<p>Pr\u00e8s du Westminster Abbey commence le \"Palaces &amp; Parliament Walking Tour\", auquel vous pouvez participer gratuitement avec le London Pass. La visite guid\u00e9e a lieu trois fois par jour.<\/p>\n\n\n\n<h2 class=\"wp-block-heading\">Deuxi\u00e8me jour: Tower of London + Tower Bridge + The Shard<\/h2>\n\n\n\n<figure class=\"wp-block-image size-full\"><img loading=\"lazy\" decoding=\"async\" width=\"1000\" height=\"500\" src=\"https:\/\/www.londoncitypass.com\/wp-content\/uploads\/2023\/01\/tower-of-london.jpg\" alt=\"Tower of London\" class=\"wp-image-133\" srcset=\"https:\/\/www.londoncitypass.com\/wp-content\/uploads\/2023\/01\/tower-of-london.jpg 1000w, https:\/\/www.londoncitypass.com\/wp-content\/uploads\/2023\/01\/tower-of-london-300x150.jpg 300w, https:\/\/www.londoncitypass.com\/wp-content\/uploads\/2023\/01\/tower-of-london-768x384.jpg 768w, https:\/\/www.londoncitypass.com\/wp-content\/uploads\/2023\/01\/tower-of-london-18x9.jpg 18w\" sizes=\"auto, (max-width: 1000px) 100vw, 1000px\" \/><figcaption class=\"wp-element-caption\">\u00a9 Nick Fewings \/ Unsplash.com<\/figcaption><\/figure>\n\n\n\n<p>Commencez votre deuxi\u00e8me journ\u00e9e \u00e0 Londres par l'un des symboles les plus c\u00e9l\u00e8bres de la ville : le Tower of London. Visitez les joyaux de la couronne et participez \u00e0 une visite guid\u00e9e du Beefeater. L'entr\u00e9e est gratuite pour vous avec le <a href=\"https:\/\/www.londoncitypass.com\/fr\/london-pass\/\" title=\"London Pass 2023\">London Pass<\/a> et le <a href=\"https:\/\/www.londoncitypass.com\/fr\/pass-explorateur\/\" title=\"Londres Pass Explorer\">Londres Pass Explorer<\/a>,<\/p>\n\n\n\n<p>Rendez-vous ensuite au London Tower Bridge, qui se trouve \u00e0 quelques m\u00e8tres de la London Tower. Avec le <a href=\"https:\/\/www.londoncitypass.com\/fr\/london-pass\/\" title=\"London Pass 2023\">London Pass<\/a> vous pouvez visiter gratuitement la Tower Bridge Exhibition. Pour ce faire, montez sur la tour nord et marchez sur le plancher en verre. D'en haut, vous pouvez observer les v\u00e9hicules et les passants en dessous. La visite se termine dans la salle des machines.<\/p>\n\n\n\n<p>Le Explorer Pass permet \u00e9galement de visiter gratuitement l'exposition Tower Bridge, mais cela ne vaut pas la peine, car avec le Explorer Pass, il ne faut visiter que les attractions ch\u00e8res.<\/p>\n\n\n\n<p>De l'autre c\u00f4t\u00e9 de la Tamise, il n'est plus tr\u00e8s loin du Shard, l'impressionnante tour de verre qui s'\u00e9l\u00e8ve jusqu'\u00e0 309 m\u00e8tres de haut. La visite de la plateforme d'observation est incluse dans plusieurs London Pass : <a href=\"https:\/\/www.londoncitypass.com\/fr\/london-pass\/\" title=\"London Pass 2023\">London Pass<\/a> et <a href=\"https:\/\/www.londoncitypass.com\/fr\/pass-explorateur\/\" title=\"Londres Pass Explorer\">Londres Pass Explorer<\/a>. Notez toutefois que vous devez prendre rendez-vous au pr\u00e9alable pour la visite.<\/p>\n\n\n\n<h2 class=\"wp-block-heading\">Troisi\u00e8me jour: Buckingham Palace + Kensington Palace<\/h2>\n\n\n\n<figure class=\"wp-block-image size-full\"><img loading=\"lazy\" decoding=\"async\" width=\"1000\" height=\"550\" src=\"https:\/\/www.londoncitypass.com\/wp-content\/uploads\/2023\/02\/london-kensington-palace.jpg\" alt=\"Palais de Kensington \u00e0 Londres\" class=\"wp-image-138\" srcset=\"https:\/\/www.londoncitypass.com\/wp-content\/uploads\/2023\/02\/london-kensington-palace.jpg 1000w, https:\/\/www.londoncitypass.com\/wp-content\/uploads\/2023\/02\/london-kensington-palace-300x165.jpg 300w, https:\/\/www.londoncitypass.com\/wp-content\/uploads\/2023\/02\/london-kensington-palace-768x422.jpg 768w, https:\/\/www.londoncitypass.com\/wp-content\/uploads\/2023\/02\/london-kensington-palace-18x10.jpg 18w\" sizes=\"auto, (max-width: 1000px) 100vw, 1000px\" \/><figcaption class=\"wp-element-caption\">\u00a9 Nicholas Musilli \/ Unsplash.com<\/figcaption><\/figure>\n\n\n\n<p>Le troisi\u00e8me jour \u00e0 Londres commence \u00e0 Trafalgar Square, une place centrale au c\u0153ur de Londres. De l\u00e0, vous pouvez vous rendre \u00e0 pied \u00e0 Buckingham Palace, si une longue marche ne vous d\u00e9range pas. C'est l\u00e0 que se trouve la Queen's Gallery, que vous pouvez visiter gratuitement avec le London Pass.<\/p>\n\n\n\n<p>Ensuite, nous nous rendons au Wellington Arch \u00e0 Hyde Park Corner. Avec le London Pass, vous pouvez monter gratuitement sur l'Arc de Triomphe et profiter de la vue. Traversez le magnifique Hyde Park jusqu'au palais de Kensington. L'entr\u00e9e est gratuite avec le <a href=\"https:\/\/www.londoncitypass.com\/fr\/london-pass\/\" title=\"London Pass 2023\">London Pass<\/a> et le <a href=\"https:\/\/www.londoncitypass.com\/fr\/pass-explorateur\/\" title=\"Londres Pass Explorer\">Pass Explorer<\/a>.<\/p>\n\n\n\n<p>Si vous \u00eates encore motiv\u00e9 apr\u00e8s cela, vous pouvez visiter le Royal Albert Hall tout proche dans le cadre d'une visite guid\u00e9e. Celle-ci est \u00e9galement incluse gratuitement avec le London Pass et l'Explorer Pass.<\/p>\n\n\n\n<p>Ce n'est qu'une suggestion de ce \u00e0 quoi pourrait ressembler un voyage de trois jours \u00e0 Londres. Vous pouvez bien s\u00fbr \u00e9tablir votre propre plan et visiter les nombreuses attractions touristiques qui sont gratuites avec un London City Pass. Si vous souhaitez visiter beaucoup de choses, vous devriez acheter le London Pass. Si vous ne souhaitez visiter que quelques sites, le London Explorer Pass est peut-\u00eatre un meilleur choix.<\/p>","protected":false},"excerpt":{"rendered":"<p>Londres est l'une des plus grandes villes du monde et il est difficile de l'appr\u00e9hender en une seule journ\u00e9e. Pour vraiment profiter des nombreuses merveilles de la ville, il faut passer au moins trois jours \u00e0 Londres. Mais m\u00eame en quatre ou cinq jours, on peut encore d\u00e9couvrir beaucoup de choses nouvelles. La ville offre une incroyable diversit\u00e9 culturelle et historique ... <a title=\"3 jours \u00e0 Londres avec un London City Pass\" class=\"read-more\" href=\"https:\/\/www.londoncitypass.com\/fr\/3-tage-in-london\/\" aria-label=\"En savoir plus sur 3 jours \u00e0 Londres avec un London City Pass\">Lire la suite<\/a><\/p>","protected":false},"author":1,"featured_media":0,"parent":0,"menu_order":0,"comment_status":"closed","ping_status":"closed","template":"","meta":{"footnotes":""},"class_list":["post-155","page","type-page","status-publish"],"aioseo_notices":[],"featured_image_src":null,"_links":{"self":[{"href":"https:\/\/www.londoncitypass.com\/fr\/wp-json\/wp\/v2\/pages\/155","targetHints":{"allow":["GET"]}}],"collection":[{"href":"https:\/\/www.londoncitypass.com\/fr\/wp-json\/wp\/v2\/pages"}],"about":[{"href":"https:\/\/www.londoncitypass.com\/fr\/wp-json\/wp\/v2\/types\/page"}],"author":[{"embeddable":true,"href":"https:\/\/www.londoncitypass.com\/fr\/wp-json\/wp\/v2\/users\/1"}],"replies":[{"embeddable":true,"href":"https:\/\/www.londoncitypass.com\/fr\/wp-json\/wp\/v2\/comments?post=155"}],"version-history":[{"count":30,"href":"https:\/\/www.londoncitypass.com\/fr\/wp-json\/wp\/v2\/pages\/155\/revisions"}],"predecessor-version":[{"id":2074,"href":"https:\/\/www.londoncitypass.com\/fr\/wp-json\/wp\/v2\/pages\/155\/revisions\/2074"}],"wp:attachment":[{"href":"https:\/\/www.londoncitypass.com\/fr\/wp-json\/wp\/v2\/media?parent=155"}],"curies":[{"name":"wp","href":"https:\/\/api.w.org\/{rel}","templated":true}]}}