{"id":60,"date":"2023-01-30T16:58:24","date_gmt":"2023-01-30T16:58:24","guid":{"rendered":"https:\/\/www.londoncitypass.com\/?page_id=60"},"modified":"2025-02-07T08:08:19","modified_gmt":"2025-02-07T08:08:19","slug":"painatus","status":"publish","type":"page","link":"https:\/\/www.londoncitypass.com\/fi\/impressum\/","title":{"rendered":"Viralliset tiedot"},"content":{"rendered":"<p>Patrick K\u00fchne<br>Kolpingstr. 12<br>04416 Markkleeberg<\/p>\n\n\n\n<h2 class=\"wp-block-heading\">Ota yhteytt\u00e4<\/h2>\n\n\n\n<p>S\u00e4hk\u00f6posti: patrick@101places.de.de<\/p>\n\n\n\n<h2 class=\"wp-block-heading\">Myyntiverotunniste<\/h2>\n\n\n\n<p>Myyntiverolain 27 a \u00a7:n mukainen liikevaihtoverotunniste:<br>DE251359457<\/p>\n\n\n\n<h2 class=\"wp-block-heading\">Kuluttajariitojen ratkaiseminen<\/h2>\n\n\n\n<p>Emme ole halukkaita tai velvollisia osallistumaan riidanratkaisumenettelyyn kuluttajasovittelulautakunnassa.<\/p>","protected":false},"excerpt":{"rendered":"<p>Patrick K\u00fchneKolpingstr. 1204416 Markkleeberg Yhteystiedot S\u00e4hk\u00f6posti: patrick@101places.de.de ALV-tunnus ALV-tunniste Umsatzsteuergesetzin 27 a \u00a7:n mukainen arvonlis\u00e4verotunniste: DE251359457 Kuluttajariitojen ratkaiseminen Emme ole halukkaita tai velvollisia osallistumaan riitojenratkaisumenettelyyn kuluttajariitalautakunnassa.<\/p>","protected":false},"author":1,"featured_media":0,"parent":0,"menu_order":0,"comment_status":"closed","ping_status":"closed","template":"","meta":{"footnotes":""},"class_list":["post-60","page","type-page","status-publish"],"aioseo_notices":[],"featured_image_src":null,"_links":{"self":[{"href":"https:\/\/www.londoncitypass.com\/fi\/wp-json\/wp\/v2\/pages\/60","targetHints":{"allow":["GET"]}}],"collection":[{"href":"https:\/\/www.londoncitypass.com\/fi\/wp-json\/wp\/v2\/pages"}],"about":[{"href":"https:\/\/www.londoncitypass.com\/fi\/wp-json\/wp\/v2\/types\/page"}],"author":[{"embeddable":true,"href":"https:\/\/www.londoncitypass.com\/fi\/wp-json\/wp\/v2\/users\/1"}],"replies":[{"embeddable":true,"href":"https:\/\/www.londoncitypass.com\/fi\/wp-json\/wp\/v2\/comments?post=60"}],"version-history":[{"count":3,"href":"https:\/\/www.londoncitypass.com\/fi\/wp-json\/wp\/v2\/pages\/60\/revisions"}],"predecessor-version":[{"id":1683,"href":"https:\/\/www.londoncitypass.com\/fi\/wp-json\/wp\/v2\/pages\/60\/revisions\/1683"}],"wp:attachment":[{"href":"https:\/\/www.londoncitypass.com\/fi\/wp-json\/wp\/v2\/media?parent=60"}],"curies":[{"name":"wp","href":"https:\/\/api.w.org\/{rel}","templated":true}]}}