{"id":1821,"date":"2025-03-31T10:48:42","date_gmt":"2025-03-31T10:48:42","guid":{"rendered":"https:\/\/www.londoncitypass.com\/cookie-richtlinie\/"},"modified":"2025-03-31T10:48:42","modified_gmt":"2025-03-31T10:48:42","slug":"evaestekaeytaentoe","status":"publish","type":"page","link":"https:\/\/www.londoncitypass.com\/fi\/cookie-richtlinie\/","title":{"rendered":"Ev\u00e4stek\u00e4yt\u00e4nt\u00f6"},"content":{"rendered":"<p>T\u00e4m\u00e4n ev\u00e4stek\u00e4yt\u00e4nn\u00f6n avulla haluamme selitt\u00e4\u00e4, mit\u00e4 ev\u00e4steet ja ev\u00e4steiden kaltaiset tekniikat ovat, miten min\u00e4 ja muut palveluntarjoajat k\u00e4yt\u00e4mme niit\u00e4 t\u00e4ll\u00e4 verkkosivustolla, mit\u00e4 tietoja ne ker\u00e4\u00e4v\u00e4t, kuinka kauan ja mihin tarkoituksiin k\u00e4yt\u00e4mme niit\u00e4.<\/p><h2>Sis\u00e4llysluettelo<\/h2><ul><li><a href=\"#controller-of-the-website\">Sivustosta vastaava henkil\u00f6<\/a><\/li><li><a href=\"#diff-to-privacy-policy\">Tietosuojapolitiikan t\u00e4ydennys<\/a><\/li><li><a href=\"#cookie-technology\">Mit\u00e4 ovat ev\u00e4steet ja vastaavat tekniikat?<\/a><\/li><li><a href=\"#legal-basis\">Mik\u00e4 on ev\u00e4steiden asettamisen\/lukemisen oikeusperusta?<\/a><\/li><li><a href=\"#rights-of-visitor\">Mit\u00e4 oikeuksia verkkosivuston k\u00e4vij\u00e4ll\u00e4 on?<\/a><\/li><li><a href=\"#manage-cookies\">Miten voin hallita ev\u00e4steit\u00e4 selaimessa?<\/a><\/li><li><a href=\"#types-of-cookies\">Millaisia ev\u00e4steit\u00e4 on olemassa?<\/a><\/li><li><a href=\"#cookies-origin\">Kuka voi asettaa ev\u00e4steit\u00e4 t\u00e4ll\u00e4 verkkosivustolla?<\/a><\/li><li><a href=\"#list-of-services\">With\u00e4 ev\u00e4steit\u00e4 t\u00e4ll\u00e4 verkkosivustolla k\u00e4ytet\u00e4\u00e4n?<\/a><\/li><\/ul><h2 id=\"controller-of-the-website\">Sivustosta vastaava henkil\u00f6<\/h2><ul><li><strong>Palveluntarjoaja: <\/strong>London City Pass, Saksa<\/li><li><strong>S\u00e4hk\u00f6posti: <\/strong><a target=\"_blank\" href=\"mailto:patrick@101places.de\">patrick@101places.de<\/a><\/li><\/ul><h2 id=\"diff-to-privacy-policy\">Tietosuojapolitiikan t\u00e4ydennys<\/h2><p>T\u00e4m\u00e4 ev\u00e4stek\u00e4yt\u00e4nt\u00f6 t\u00e4ydent\u00e4\u00e4 t\u00e4m\u00e4n verkkosivuston {{PrivacyPolicy}}Tietosuojak\u00e4yt\u00e4nt\u00f6\u00e4{{{\/privacyPolicy}}. Ev\u00e4stek\u00e4yt\u00e4nn\u00f6ss\u00e4 kerrotaan, miten verkkosivusto k\u00e4ytt\u00e4\u00e4 ev\u00e4steit\u00e4 ja mit\u00e4 tietoja se ker\u00e4\u00e4 niiden avulla, kun taas tietosuojak\u00e4yt\u00e4nt\u00f6 tarjoaa kattavamman yleiskatsauksen kaikista tietojenk\u00e4sittelytoimista verkkosivustolla ja sen ulkopuolella.<\/p><h2 id=\"cookie-technology\">Mit\u00e4 ovat ev\u00e4steet ja vastaavat tekniikat?<\/h2><p>Ev\u00e4steet ovat pieni\u00e4, tekstitiedostojen kaltaisia tietoyksik\u00f6it\u00e4, jotka voidaan tallentaa ja lukea loppulaitteeseen. Niit\u00e4 k\u00e4ytet\u00e4\u00e4n eri tarkoituksiin, kuten verkkosivuston perustoimintojen yll\u00e4pitoon, turvallisuuteen ja tietosuojaan, verkkosivuston valinnaisten toimintojen tarjoamiseen, k\u00e4vij\u00e4virtoja koskevien tilastotietojen ker\u00e4\u00e4miseen ja markkinointij\u00e4rjestelmien tarjoamiseen. K\u00e4yt\u00e4nn\u00f6n esimerkkej\u00e4 ev\u00e4steisiin tallennettavista tiedoista ovat k\u00e4ytt\u00e4j\u00e4tilien kirjautumistilanteen tallentaminen, ostoskorien sis\u00e4lt\u00f6 s\u00e4hk\u00f6isen kaupank\u00e4ynnin alustoilla tai k\u00e4ytt\u00e4j\u00e4tunnus, jolla seurataan k\u00e4ytt\u00e4ytymist\u00e4 verkkosivustolla.<br \/><br \/>Tiedot voidaan teknisesti tallentaa eri tavoin. Tunnetuimpia esimerkkej\u00e4 t\u00e4st\u00e4 ovat HTTP-ev\u00e4steet ja ev\u00e4steiden kaltaiset tekniikat, kuten paikallinen tallennus, istuntotallennus tai IndexedDB. Kullakin tallennustyypill\u00e4 on erilaiset ominaisuudet, jotka m\u00e4\u00e4ritt\u00e4v\u00e4t teknisen k\u00e4sittelyn, saatavuuden ja tietojen k\u00e4yt\u00f6st\u00e4 vastaavat valtuutetut henkil\u00f6t. Kaikki n\u00e4m\u00e4 tallennustyypit kootaan yleisesti termiin \"ev\u00e4steet\", ja siksi niihin viitataan sellaisena my\u00f6s t\u00e4ss\u00e4 ev\u00e4stek\u00e4yt\u00e4nn\u00f6ss\u00e4.<\/p><h2 id=\"legal-basis\">Mik\u00e4 on ev\u00e4steiden asettamisen\/lukemisen oikeusperusta?<\/h2><p>Ev\u00e4steiden asettaminen ja lukeminen on sallittua Euroopan unionissa (EU) ja Euroopan talousalueella (ETA) 205 \u00a7 Laki s\u00e4hk\u00f6isen viestinn\u00e4n palveluista (Laki s\u00e4hk\u00f6isen viestinn\u00e4n palveluista):n mukaisesti vain, jos k\u00e4ytt\u00e4j\u00e4 on antanut suostumuksensa, joka perustuu kattaviin tietoihin k\u00e4sittelyn tarkoituksista. Verkkosivuston yll\u00e4pit\u00e4j\u00e4 voi my\u00f6s asettaa ev\u00e4steit\u00e4, jos ne ovat ehdottoman v\u00e4ltt\u00e4m\u00e4tt\u00f6mi\u00e4, jotta sinulle k\u00e4ytt\u00e4j\u00e4n\u00e4 voidaan tarjota nimenomaisesti pyydetty\u00e4 palvelua, esim. t\u00e4m\u00e4n verkkosivuston perussis\u00e4lt\u00f6\u00e4 tai muita ehdottoman v\u00e4ltt\u00e4m\u00e4tt\u00f6mi\u00e4 ev\u00e4steit\u00e4 verkkosivuston perustoimintoja varten, jotka n\u00e4ytet\u00e4\u00e4n sinulle ilman suostumustasi.<\/p><h2 id=\"rights-of-visitor\">Mit\u00e4 oikeuksia verkkosivuston k\u00e4vij\u00e4ll\u00e4 on?<\/h2><p>Palvelut ja niiden ev\u00e4steet voidaan asettaa ja lukea suostumuksesi tai oikeutetun edun perusteella. Kun vierailit t\u00e4ll\u00e4 verkkosivustolla ensimm\u00e4ist\u00e4 kertaa, sinulta kysyttiin suostumusta ja sinulla oli mahdollisuus vastustaa tiettyjen palvelujen k\u00e4ytt\u00f6\u00e4. Olemme selitt\u00e4neet suostumusdialogissamme, mit\u00e4 oikeusperustaa miss\u00e4kin palvelussa k\u00e4ytet\u00e4\u00e4n.<br \/><br \/>Sinulla on oikeus tarkastella valintojesi historiaa, muuttaa yksityisyysasetuksiasi, vastustaa palvelujen k\u00e4ytt\u00f6\u00e4 ja peruuttaa suostumuksesi milloin tahansa. Alta l\u00f6yd\u00e4t tapoja k\u00e4ytt\u00e4\u00e4 oikeuksiasi:<br \/><ul><li><a  href=\"#consent-change\" role=\"button\" id=\"rcb-sc-link-change\" data-success-message=\"\" class=\"rcb-sc-link rcb-sc-link-change\">Muuta yksityisyysasetuksia<\/a><\/li><li><a  href=\"#consent-history\" role=\"button\" id=\"rcb-sc-link-history\" data-success-message=\"\" class=\"rcb-sc-link rcb-sc-link-history\">Tietosuoja-asetusten historia<\/a>]<\/li><li><a  href=\"#consent-revoke\" role=\"button\" id=\"rcb-sc-link-revoke\" data-success-message=\"Olet onnistuneesti peruuttanut suostumuksesi ev\u00e4steiden k\u00e4ytt\u00f6\u00e4 ja henkil\u00f6tietojen k\u00e4sittely\u00e4 koskeviin palveluihin. Sivu ladataan nyt uudelleen!\" class=\"rcb-sc-link rcb-sc-link-revoke\">Peruuta suostumukset<\/a>]<\/li><\/ul><\/p><h2 id=\"manage-cookies\">Miten voin hallita ev\u00e4steit\u00e4 selaimessa?<\/h2><p><ul><li><strong>Ev\u00e4steiden poistaminen selaimesta:<\/strong> Voit poistaa ev\u00e4steet laitteestasi poistamalla selaimen tiedot selaimen asetuksista. T\u00e4m\u00e4 poistaa kaikki ev\u00e4steet kaikilta verkkosivustoilta, joilla olet k\u00e4ynyt, mahdollisesti my\u00f6s tallennetut kirjautumistiedot ja verkkosivuston asetukset. Joissakin selaimissa voit poistaa vain ev\u00e4steet ja vastaavat tiedot poistamatta koko selaushistoriaa.<\/li><li><strong>Ev\u00e4steiden hallinta selaimessa:<\/strong> Jos haluat hallita tarkemmin tiettyjen verkkosivustojen ev\u00e4steit\u00e4, siirry selaimesi tietosuoja- ja ev\u00e4steasetuksiin. T\u00e4\u00e4ll\u00e4 voit s\u00e4\u00e4t\u00e4\u00e4 yksitt\u00e4isten verkkosivustojen ev\u00e4steiden k\u00e4ytt\u00f6\u00e4 koskevia asetuksia.<\/li><li><strong>Ev\u00e4steiden est\u00e4minen selaimessa:<\/strong> Useimmissa nykyaikaisissa selaimissa voit m\u00e4\u00e4ritt\u00e4\u00e4 asetuksissa, ett\u00e4 laitteellesi ei tallenneta ev\u00e4steit\u00e4. Ev\u00e4steiden est\u00e4minen voi kuitenkin johtaa siihen, ett\u00e4 tietyt palvelut ja toiminnot eiv\u00e4t toimi kunnolla, esimerkiksi kirjautuminen k\u00e4ytt\u00e4j\u00e4ksi. Moniin selaimiin on my\u00f6s laajennuksia, joilla voi est\u00e4\u00e4 ev\u00e4steiden asettamisen verkkosivustoilla.<\/li><li><strong>Kuinka hallita ev\u00e4steit\u00e4 t\u00e4ll\u00e4 verkkosivustolla:<\/strong> Jos haluat mukauttaa ev\u00e4steit\u00e4 koskevia asetuksiasi t\u00e4ll\u00e4 verkkosivustolla, voit muuttaa asetuksiasi milloin tahansa napsauttamalla linkki\u00e4 kohdassa \"Verkkosivuston k\u00e4vij\u00e4n oikeudet\".<\/li><\/li><\/ul><p>L\u00f6yd\u00e4t lis\u00e4tietoja ev\u00e4steiden k\u00e4sittelyst\u00e4 osoitteesta <a href=\"https:\/\/devowl.io\/de\/rcb\/cookie-handhabung\/\" target=\"_blank\">devowl.io\/fi\/rcb\/cookie-handling\/<\/a>.<\/p><\/p><h2 id=\"types-of-cookies\">Millaisia ev\u00e4steit\u00e4 on olemassa?<\/h2><p><ul><li><strong>V\u00e4ltt\u00e4m\u00e4tt\u00f6m\u00e4t ev\u00e4steet<\/strong> ovat v\u00e4ltt\u00e4m\u00e4tt\u00f6mi\u00e4 verkkosivuston perustoiminnoille ja mahdollistavat toiminnot, kuten kirjautumistietojen tallentamisen tai p\u00e4\u00e4syn verkkosivuston suojatuille alueille. T\u00e4llaisia ovat esimerkiksi tietoturvaev\u00e4steet, jotka voivat tunnistaa botin, jota ei haluta sivustolle, tallentamalla todennusavaimen ev\u00e4steeseen.<\/li><li><strong>Toiminnalliset ev\u00e4steet<\/strong> parantaa k\u00e4ytt\u00e4j\u00e4kokemusta tallentamalla tietoja ja asetuksia, kuten kieliasetuksia tai verkkosivuston ulkoasua koskevia asetuksia, jotta n\u00e4ytt\u00f6 olisi yksil\u00f6llinen. T\u00e4h\u00e4n kuuluvat esimerkiksi mieltymysev\u00e4steet, jotka tallentavat k\u00e4ytt\u00e4j\u00e4n haluaman videonlaadun verkkosivustolla.<\/li><li><strong>Tilastotiedot ev\u00e4steet<\/strong> ker\u00e4t\u00e4 tietoja verkkosivuston k\u00e4yt\u00f6st\u00e4, jotta voidaan saada tietoa k\u00e4ytt\u00e4jien k\u00e4ytt\u00e4ytymisest\u00e4 ja optimoida verkkosivuston suoritusky\u00e4. T\u00e4h\u00e4n sis\u00e4ltyy esimerkiksi satunnaisesti annettu k\u00e4ytt\u00e4j\u00e4tunnus, jonka avulla voidaan m\u00e4\u00e4ritt\u00e4\u00e4, oletko k\u00e4ynyt verkkosivuston alasivulla.<\/li><li><strong>Markkinoinnin ev\u00e4steet<\/strong> k\u00e4ytet\u00e4\u00e4n k\u00e4ytt\u00e4jien k\u00e4ytt\u00e4ytymisen seuraamiseen eri verkkosivustoilla ja yksil\u00f6llisen mainonnan n\u00e4ytt\u00e4miseen k\u00e4ytt\u00e4jien kiinnostuksen kohteiden ja selausk\u00e4ytt\u00e4ytymisen perusteella. T\u00e4llaisia ovat esimerkiksi mainosev\u00e4steet, jotka tallentavat vuorovaikutuksen verkkosivuston mainoksen kanssa ja v\u00e4litt\u00e4v\u00e4t sen edelleen mainostajille, tai chat-j\u00e4rjestelm\u00e4 ostoa edelt\u00e4vi\u00e4 kysymyksi\u00e4 ja asiakastukea varten.<\/li><\/li><\/ul><\/p><h2 id=\"cookies-origin\">Kuka voi asettaa ev\u00e4steit\u00e4 t\u00e4ll\u00e4 verkkosivustolla?<\/h2><p>T\u00e4ll\u00e4 verkkosivustolla sek\u00e4 verkkosivuston yll\u00e4pit\u00e4j\u00e4 ett\u00e4 t\u00e4ll\u00e4 verkkosivustolla k\u00e4ytett\u00e4v\u00e4t kolmannen osapuolen palvelut voivat asettaa ev\u00e4steit\u00e4 ja k\u00e4ytt\u00e4\u00e4 niiden sis\u00e4lt\u00f6\u00e4. Ensimm\u00e4isen osapuolen ja kolmannen osapuolen ev\u00e4steet erotetaan toisistaan sen suhteen, kuka voi k\u00e4ytt\u00e4\u00e4 mit\u00e4 ev\u00e4steit\u00e4 ja niiden sis\u00e4lt\u00f6\u00e4. Ensimm\u00e4isen osapuolen ev\u00e4steet luodaan verkkosivustolla, jolla vierailee, ja niit\u00e4 voivat lukea vain verkkosivuston yll\u00e4pit\u00e4j\u00e4 ja t\u00e4h\u00e4n verkkosivustoon integroidut kolmannen osapuolen palvelut. Kolmannen osapuolen ev\u00e4steet ovat yleens\u00e4 muiden verkkotunnusten kolmannen osapuolen palveluiden luomia, ja niit\u00e4 voidaan lukea kaikilla verkkosivustoilla, joihin verkkotunnusta hallinnoiva palvelu on upotettu, ja niit\u00e4 k\u00e4ytt\u00e4v\u00e4t esimerkiksi mainosverkostot k\u00e4ytt\u00e4jien k\u00e4ytt\u00e4ytymisen seuraamiseen eri verkkosivustoilla ja yksil\u00f6llisen mainonnan tarjoamiseen.<\/p><h2 id=\"list-of-services\">With\u00e4 ev\u00e4steit\u00e4 t\u00e4ll\u00e4 verkkosivustolla k\u00e4ytet\u00e4\u00e4n?<\/h2><script type=\"application\/json\">{\"search\":{\"placeholder\":\"Etsi...\"},\"sort\":{\"sortAsc\":\"Lajittele sarake nousevasti\",\"sortDesc\":\"Lajittele sarake laskevasti\"},\"pagination\":{\"previous\":\"Edellinen\",\"next\":\"Seuraava\",\"navigate\":\"Sivu %1$d of %2$d\",\"page\":\"Sivu %d\",\"showing\":\"N\\u00e4ytet\\u00e4\\u00e4n\",\"of\":\"osoitteessa\",\"to\":\"osoitteeseen\",\"results\":\"tulokset\"},\"noRecordsFound\":\"Vastaavia tietueita ei l\\u00f6ytynyt\"}<\/script><table  class=\"devowl-wp-react-cookie-banner-cookie-policy\"><thead><tr><th width=\"200px\" scope=\"col\">Luokka<\/th><th width=\"400px\" scope=\"col\">Ev\u00e4steen tekninen nimi<\/th><th width=\"400px\" scope=\"col\">Ev\u00e4steen tekninen is\u00e4nt\u00e4<\/th><th width=\"400px\" scope=\"col\">Palvelu<\/th><th width=\"250px\" scope=\"col\">Kesto<\/th><th width=\"200px\" scope=\"col\">Laji<\/th><th width=\"550px\" scope=\"col\">Tarkoitus<\/th><\/tr><\/thead><tbody><tr><td>Essential<\/td><td>trp_language<\/td><td>www.londoncitypass.com<\/td><td>TranslatePress<\/td><td>30 p\u00e4iv\u00e4\u00e4<\/td><td>HTTP-ev\u00e4ste<\/td><td>-<\/td><\/tr><tr><td>Essential<\/td><td>real_cookie_banner*<\/td><td>.londoncitypass.com<\/td><td>Todellinen ev\u00e4ste banneri<\/td><td>365 p\u00e4iv\u00e4\u00e4<\/td><td>HTTP-ev\u00e4ste<\/td><td>Yksil\u00f6llinen tunniste suostumusta varten, mutta ei verkkosivuston k\u00e4vij\u00e4\u00e4 varten. Ev\u00e4steen bannerin asetusten (tekstit, v\u00e4rit, toiminnot, palveluryhm\u00e4t, palvelut, sis\u00e4ll\u00f6nestot jne.) tarkistushakemisto. Suostumuksen antaneiden palvelujen ja palveluryhmien tunnukset.<\/td><\/tr><tr><td>Essential<\/td><td>real_cookie_banner*-tcf<\/td><td>.londoncitypass.com<\/td><td>Todellinen ev\u00e4ste banneri<\/td><td>365 p\u00e4iv\u00e4\u00e4<\/td><td>HTTP-ev\u00e4ste<\/td><td>TCF:n osana ker\u00e4tyt ja TC String -muodossa tallennetut suostumukset, mukaan lukien TCF-myyj\u00e4t, tarkoitukset, erityistarkoitukset, toiminnot ja erityistoiminnot.<\/td><\/tr><tr><td>Essential<\/td><td>real_cookie_banner*-gcm<\/td><td>.londoncitypass.com<\/td><td>Todellinen ev\u00e4ste banneri<\/td><td>365 p\u00e4iv\u00e4\u00e4<\/td><td>HTTP-ev\u00e4ste<\/td><td>Google Consent Mode -tilassa eri suostumustyyppej\u00e4 (tarkoituksia) varten ker\u00e4tyt suostumukset tallennetaan kaikkiin Google Consent Mode -tilan kanssa yhteensopiviin palveluihin.<\/td><\/tr><tr><td>Essential<\/td><td>real_cookie_banner-testi<\/td><td>.londoncitypass.com<\/td><td>Todellinen ev\u00e4ste banneri<\/td><td>365 p\u00e4iv\u00e4\u00e4<\/td><td>HTTP-ev\u00e4ste<\/td><td>Ev\u00e4ste, joka asetettiin HTTP-ev\u00e4steiden toimivuuden testaamiseksi. Poistetaan v\u00e4litt\u00f6m\u00e4sti testin j\u00e4lkeen.<\/td><\/tr><tr><td>Essential<\/td><td>real_cookie_banner*<\/td><td>https:\/\/www.londoncitypass.com<\/td><td>Todellinen ev\u00e4ste banneri<\/td><td>-<\/td><td>Paikallinen varastointi<\/td><td>Yksil\u00f6llinen tunniste suostumusta varten, mutta ei verkkosivuston k\u00e4vij\u00e4\u00e4 varten. Ev\u00e4steen bannerin asetusten (tekstit, v\u00e4rit, toiminnot, palveluryhm\u00e4t, palvelut, sis\u00e4ll\u00f6nestot jne.) tarkistushakemisto. Suostumuksen antaneiden palvelujen ja palveluryhmien tunnukset. S\u00e4ilytet\u00e4\u00e4n vain siihen asti, kunnes suostumus on dokumentoitu verkkosivuston palvelimella.<\/td><\/tr><tr><td>Essential<\/td><td>real_cookie_banner*-tcf<\/td><td>https:\/\/www.londoncitypass.com<\/td><td>Todellinen ev\u00e4ste banneri<\/td><td>-<\/td><td>Paikallinen varastointi<\/td><td>TCF:n osana ker\u00e4tyt suostumukset tallennetaan TC-merkkijonomuodossa, mukaan lukien TCF-myyj\u00e4t, tarkoitukset, erityistarkoitukset, toiminnot ja erityistoiminnot. S\u00e4ilytet\u00e4\u00e4n vain siihen asti, kunnes suostumus on dokumentoitu verkkosivuston palvelimella.<\/td><\/tr><tr><td>Essential<\/td><td>real_cookie_banner*-gcm<\/td><td>https:\/\/www.londoncitypass.com<\/td><td>Todellinen ev\u00e4ste banneri<\/td><td>-<\/td><td>Paikallinen varastointi<\/td><td>Googlen suostumustilan yhteydess\u00e4 tallennetut suostumukset tallennetaan suostumustyyppeihin (tarkoituksiin) kaikissa Google Consent Mode -yhteensopivissa palveluissa. Se tallennetaan vain siihen asti, kunnes suostumus on dokumentoitu verkkosivuston palvelimella.<\/td><\/tr><tr><td>Essential<\/td><td>real_cookie_banner-consent-queue*<\/td><td>https:\/\/www.londoncitypass.com<\/td><td>Todellinen ev\u00e4ste banneri<\/td><td>-<\/td><td>Paikallinen varastointi<\/td><td>Valinnan paikallinen v\u00e4limuistiin tallentaminen ev\u00e4stebannerissa, kunnes palvelin dokumentoi suostumuksen; dokumentointia yritet\u00e4\u00e4n ajoittain tai sivuja vaihdettaessa, jos palvelin ei ole k\u00e4ytett\u00e4viss\u00e4 tai se on ylikuormitettu.<\/td><\/tr><tr><td>Toiminnallinen<\/td><td>wpEmojiSettingsSupports<\/td><td>https:\/\/www.londoncitypass.com<\/td><td>WordPress Emojis<\/td><td>SESSIO<\/td><td>Istunnon varastointi<\/td><td>Aikaleimat ja se, onko mahdollista asettaa hymi\u00f6it\u00e4.<\/td><\/tr><\/tbody><\/table><p>Ev\u00e4stek\u00e4yt\u00e4nt\u00f6\u00e4 p\u00e4ivitettiin viimeksi 16. helmikuu 2026.<\/p>","protected":false},"excerpt":{"rendered":"","protected":false},"author":1,"featured_media":0,"parent":0,"menu_order":0,"comment_status":"closed","ping_status":"closed","template":"","meta":{"footnotes":""},"class_list":["post-1821","page","type-page","status-publish"],"aioseo_notices":[],"featured_image_src":null,"_links":{"self":[{"href":"https:\/\/www.londoncitypass.com\/fi\/wp-json\/wp\/v2\/pages\/1821","targetHints":{"allow":["GET"]}}],"collection":[{"href":"https:\/\/www.londoncitypass.com\/fi\/wp-json\/wp\/v2\/pages"}],"about":[{"href":"https:\/\/www.londoncitypass.com\/fi\/wp-json\/wp\/v2\/types\/page"}],"author":[{"embeddable":true,"href":"https:\/\/www.londoncitypass.com\/fi\/wp-json\/wp\/v2\/users\/1"}],"replies":[{"embeddable":true,"href":"https:\/\/www.londoncitypass.com\/fi\/wp-json\/wp\/v2\/comments?post=1821"}],"version-history":[{"count":0,"href":"https:\/\/www.londoncitypass.com\/fi\/wp-json\/wp\/v2\/pages\/1821\/revisions"}],"wp:attachment":[{"href":"https:\/\/www.londoncitypass.com\/fi\/wp-json\/wp\/v2\/media?parent=1821"}],"curies":[{"name":"wp","href":"https:\/\/api.w.org\/{rel}","templated":true}]}}