{"id":155,"date":"2023-02-01T13:02:31","date_gmt":"2023-02-01T13:02:31","guid":{"rendered":"https:\/\/www.londoncitypass.com\/?page_id=155"},"modified":"2026-02-16T14:07:58","modified_gmt":"2026-02-16T14:07:58","slug":"3-paeivaeae-lontoossa","status":"publish","type":"page","link":"https:\/\/www.londoncitypass.com\/fi\/3-tage-in-london\/","title":{"rendered":"3 p\u00e4iv\u00e4\u00e4 Lontoossa London City Passilla"},"content":{"rendered":"<p>Lontoo on yksi maailman hienoimmista kaupungeista, ja sit\u00e4 on l\u00e4hes mahdoton hahmottaa yhdess\u00e4 p\u00e4iv\u00e4ss\u00e4. Jotta voisit todella nauttia kaupungin monista ihmeist\u00e4, sinun tulisi viett\u00e4\u00e4 Lontoossa v\u00e4hint\u00e4\u00e4n kolme p\u00e4iv\u00e4\u00e4. Mutta nelj\u00e4ss\u00e4 tai viidess\u00e4kin p\u00e4iv\u00e4ss\u00e4 voi silti l\u00f6yt\u00e4\u00e4 paljon uutta.<\/p>\n\n\n\n<p>Kaupunki tarjoaa uskomattoman m\u00e4\u00e4r\u00e4n erilaisia kulttuurisia ja historiallisia n\u00e4ht\u00e4vyyksi\u00e4. Museot ja galleriat, kuten British Museum, National Gallery ja Tate Modern, tarjoavat monia mahdollisuuksia oppia lis\u00e4\u00e4 kaupungin menneisyydest\u00e4. Kuuluisat maamerkit, kuten Big Ben ja Buckinghamin palatsi, antavat k\u00e4sityksen Englannin rikkaasta historiasta.<\/p>\n\n\n\n<p>Seuraavassa on kolmen p\u00e4iv\u00e4n matkasuunnitelma Lontooseen. N\u00e4ht\u00e4vyydet on valittu siten, ett\u00e4 Lontoon kaupunkipassi on mahdollisimman tehokas.<\/p>\n\n\n\n<h2 class=\"wp-block-heading\">Ensimm\u00e4inen p\u00e4iv\u00e4: Hop-on\/Hop-off + Westminster Abbey + k\u00e4velykierros.<\/h2>\n\n\n\n<figure class=\"wp-block-image size-full\"><img loading=\"lazy\" decoding=\"async\" width=\"1000\" height=\"600\" src=\"https:\/\/www.londoncitypass.com\/wp-content\/uploads\/2023\/02\/london-big-bus.jpg\" alt=\"Lontoo Big Bus\" class=\"wp-image-156\" srcset=\"https:\/\/www.londoncitypass.com\/wp-content\/uploads\/2023\/02\/london-big-bus.jpg 1000w, https:\/\/www.londoncitypass.com\/wp-content\/uploads\/2023\/02\/london-big-bus-300x180.jpg 300w, https:\/\/www.londoncitypass.com\/wp-content\/uploads\/2023\/02\/london-big-bus-768x461.jpg 768w, https:\/\/www.londoncitypass.com\/wp-content\/uploads\/2023\/02\/london-big-bus-18x12.jpg 18w\" sizes=\"auto, (max-width: 1000px) 100vw, 1000px\" \/><figcaption class=\"wp-element-caption\">\u00a9 Big Bus Tours<\/figcaption><\/figure>\n\n\n\n<p>Aloita tutustumismatkasi kaupunkikierroksella hop-on\/hop-off-bussilla, jotta saat ensimm\u00e4isen yleiskuvan. On useita bussiyhti\u00f6it\u00e4, joiden bussit kulkevat Lontoon l\u00e4pi p\u00e4ivitt\u00e4in. Useimmilla operaattoreilla voit vaihtaa kahden linjan v\u00e4lill\u00e4 tutustuaksesi kaupungin eri osiin.<\/p>\n\n\n\n<p>Hop-on\/hop-off-kierros on mahdollista kaikilla Lontoo-passeilla: Lontoo-passilla on seuraavat ominaisuudet <a href=\"https:\/\/www.londoncitypass.com\/fi\/london-pass\/\" title=\"Lontoo Pass 2023\">London Pass<\/a> ja <a href=\"https:\/\/www.londoncitypass.com\/fi\/tutkimusmatkailijan-passi\/\" title=\"Lontoo Explorer Pass\">Lontoo Explorer Pass<\/a> voit k\u00e4ytt\u00e4\u00e4 Big Bus:n tai Golden Toursin busseja yhden p\u00e4iv\u00e4n kerrallaan.<\/p>\n\n\n\n<p>N\u00e4m\u00e4 bussimatkat ovat melko kalliita. Siksi London City Pass maksaa itsens\u00e4 nopeasti takaisin kaupunkikierroksella.<\/p>\n\n\n\n<p>J\u00e4\u00e4 pois Westminster Abbey-kirkossa, joka on n\u00e4hnyt pitk\u00e4n historiansa aikana monia kruunajaisia, h\u00e4it\u00e4 ja hautajaisia. London Pass+:ll\u00e4 ja Lontoon Explorer Pass:ll\u00e4 voit vierailla kirkossa ilmaiseksi.<\/p>\n\n\n\n<p>Palatsit ja parlamentti -k\u00e4velykierros alkaa l\u00e4helt\u00e4 Westminster Abbey:t\u00e4, ja voit osallistua sille ilmaiseksi London Pass:n kanssa. Kierros j\u00e4rjestet\u00e4\u00e4n kolme kertaa p\u00e4iv\u00e4ss\u00e4.<\/p>\n\n\n\n<h2 class=\"wp-block-heading\">Toinen p\u00e4iv\u00e4: Tower of London + Tower Bridge + The Shard<\/h2>\n\n\n\n<figure class=\"wp-block-image size-full\"><img loading=\"lazy\" decoding=\"async\" width=\"1000\" height=\"500\" src=\"https:\/\/www.londoncitypass.com\/wp-content\/uploads\/2023\/01\/tower-of-london.jpg\" alt=\"Tower of London\" class=\"wp-image-133\" srcset=\"https:\/\/www.londoncitypass.com\/wp-content\/uploads\/2023\/01\/tower-of-london.jpg 1000w, https:\/\/www.londoncitypass.com\/wp-content\/uploads\/2023\/01\/tower-of-london-300x150.jpg 300w, https:\/\/www.londoncitypass.com\/wp-content\/uploads\/2023\/01\/tower-of-london-768x384.jpg 768w, https:\/\/www.londoncitypass.com\/wp-content\/uploads\/2023\/01\/tower-of-london-18x9.jpg 18w\" sizes=\"auto, (max-width: 1000px) 100vw, 1000px\" \/><figcaption class=\"wp-element-caption\">\u00a9 Nick Fewings \/ Unsplash.com<\/figcaption><\/figure>\n\n\n\n<p>Aloita toinen p\u00e4iv\u00e4si Lontoossa yhdest\u00e4 kaupungin kuuluisimmista maamerkeist\u00e4: Tower of London. Vieraile kruununjalokiviss\u00e4 ja osallistu opastetulle Beefeater-kierrokselle. Sis\u00e4\u00e4np\u00e4\u00e4sy on sinulle ilmainen <a href=\"https:\/\/www.londoncitypass.com\/fi\/london-pass\/\" title=\"Lontoo Pass 2023\">London Pass<\/a> ja <a href=\"https:\/\/www.londoncitypass.com\/fi\/tutkimusmatkailijan-passi\/\" title=\"Lontoo Explorer Pass\">Lontoo Explorer Pass<\/a>,<\/p>\n\n\n\n<p>Siirry sitten osoitteeseen London Tower Bridge, joka on vain muutaman metrin p\u00e4\u00e4ss\u00e4 Tower of Londonista. Kun <a href=\"https:\/\/www.londoncitypass.com\/fi\/london-pass\/\" title=\"Lontoo Pass 2023\">London Pass<\/a> voit vierailla Tower Bridge -n\u00e4yttelyss\u00e4 ilmaiseksi. Voit tehd\u00e4 sen kiipe\u00e4m\u00e4ll\u00e4 pohjoiseen torniin ja k\u00e4velem\u00e4ll\u00e4 lasilattian poikki. Ylh\u00e4\u00e4lt\u00e4 voit katsella alla olevia ajoneuvoja ja ohikulkijoita. Kierros p\u00e4\u00e4ttyy konehuoneeseen.<\/p>\n\n\n\n<p>Explorer Pass:ll\u00e4 voit k\u00e4yd\u00e4 my\u00f6s Tower Bridge -n\u00e4yttelyss\u00e4 ilmaiseksi, mutta se ei ole sen arvoista, sill\u00e4 Explorer Pass:ll\u00e4 kannattaa k\u00e4yd\u00e4 vain kalliissa n\u00e4ht\u00e4vyyksiss\u00e4.<\/p>\n\n\n\n<p>Thamesin toisella puolella ei ole pitk\u00e4 matka Shardiin, joka on 309 metri\u00e4 korkea vaikuttava lasitorni. Vierailu n\u00e4k\u00f6alatasanteella sis\u00e4ltyy useisiin Lontoo-passeihin: <a href=\"https:\/\/www.londoncitypass.com\/fi\/london-pass\/\" title=\"Lontoo Pass 2023\">London Pass<\/a> ja <a href=\"https:\/\/www.londoncitypass.com\/fi\/tutkimusmatkailijan-passi\/\" title=\"Lontoo Explorer Pass\">Lontoo Explorer Pass<\/a>. Huomaa kuitenkin, ett\u00e4 sinun on varattava aika etuk\u00e4teen.<\/p>\n\n\n\n<h2 class=\"wp-block-heading\">Kolmas p\u00e4iv\u00e4: Buckinghamin palatsi + Kensingtonin palatsi<\/h2>\n\n\n\n<figure class=\"wp-block-image size-full\"><img loading=\"lazy\" decoding=\"async\" width=\"1000\" height=\"550\" src=\"https:\/\/www.londoncitypass.com\/wp-content\/uploads\/2023\/02\/london-kensington-palace.jpg\" alt=\"Kensingtonin palatsi Lontoossa\" class=\"wp-image-138\" srcset=\"https:\/\/www.londoncitypass.com\/wp-content\/uploads\/2023\/02\/london-kensington-palace.jpg 1000w, https:\/\/www.londoncitypass.com\/wp-content\/uploads\/2023\/02\/london-kensington-palace-300x165.jpg 300w, https:\/\/www.londoncitypass.com\/wp-content\/uploads\/2023\/02\/london-kensington-palace-768x422.jpg 768w, https:\/\/www.londoncitypass.com\/wp-content\/uploads\/2023\/02\/london-kensington-palace-18x10.jpg 18w\" sizes=\"auto, (max-width: 1000px) 100vw, 1000px\" \/><figcaption class=\"wp-element-caption\">\u00a9 Nicholas Musilli \/ Unsplash.com<\/figcaption><\/figure>\n\n\n\n<p>Kolmas p\u00e4iv\u00e4 Lontoossa alkaa Trafalgar Squarelta, joka on keskeinen aukio Lontoon syd\u00e4mess\u00e4. T\u00e4\u00e4lt\u00e4 voit k\u00e4vell\u00e4 Buckinghamin palatsiin, jos sinua ei pidempi k\u00e4vely haittaa. Siell\u00e4 on Queen's Gallery, jossa voit vierailla ilmaiseksi London Passilla.<\/p>\n\n\n\n<p>Suuntaa sitten Wellington Arch:hen Hyde Park Cornerissa. London Passilla voit kiivet\u00e4 Riemukaarelle ilmaiseksi ja nauttia n\u00e4k\u00f6alasta. K\u00e4vele kauniin Hyde Parkin l\u00e4pi Kensingtonin palatsiin. Sis\u00e4\u00e4np\u00e4\u00e4sy on ilmainen <a href=\"https:\/\/www.londoncitypass.com\/fi\/london-pass\/\" title=\"Lontoo Pass 2023\">London Pass<\/a> ja <a href=\"https:\/\/www.londoncitypass.com\/fi\/tutkimusmatkailijan-passi\/\" title=\"Lontoo Explorer Pass\">Explorer Pass<\/a>.<\/p>\n\n\n\n<p>Jos olet viel\u00e4 t\u00e4m\u00e4n j\u00e4lkeen motivoitunut, voit vierailla l\u00e4heisess\u00e4 Royal Albert Hall:ss\u00e4 osana opastettua kierrosta. T\u00e4m\u00e4kin sis\u00e4ltyy ilmaiseksi London Pass -lippuun ja Explorer Pass:hen.<\/p>\n\n\n\n<p>T\u00e4m\u00e4 on vain ehdotus siit\u00e4, milt\u00e4 kolmen p\u00e4iv\u00e4n matka Lontooseen voisi n\u00e4ytt\u00e4\u00e4. Voit tietysti laatia oman suunnitelmasi ja vierailla monissa n\u00e4ht\u00e4vyyksiss\u00e4, jotka ovat ilmaisia Lontoon kaupunkipassilla. Jos haluat k\u00e4yd\u00e4 paljon, kannattaa ostaa London Pass. Jos haluat k\u00e4yd\u00e4 vain muutamassa n\u00e4ht\u00e4vyydess\u00e4, Lontoo Explorer Pass voi olla parempi valinta.<\/p>","protected":false},"excerpt":{"rendered":"<p>Lontoo on yksi maailman hienoimmista kaupungeista, ja sit\u00e4 on l\u00e4hes mahdoton k\u00e4sitt\u00e4\u00e4 yhdess\u00e4 p\u00e4iv\u00e4ss\u00e4. Jotta voisit todella nauttia kaupungin monista ihmeist\u00e4, sinun tulisi viett\u00e4\u00e4 Lontoossa v\u00e4hint\u00e4\u00e4n kolme p\u00e4iv\u00e4\u00e4. Mutta nelj\u00e4ss\u00e4 tai viidess\u00e4kin p\u00e4iv\u00e4ss\u00e4 voi silti l\u00f6yt\u00e4\u00e4 paljon uutta. Kaupunki tarjoaa uskomattoman paljon erilaisia kulttuurisia ja historiallisia ... <a title=\"3 p\u00e4iv\u00e4\u00e4 Lontoossa London City Passilla\" class=\"read-more\" href=\"https:\/\/www.londoncitypass.com\/fi\/3-tage-in-london\/\" aria-label=\"Lue lis\u00e4\u00e4 aiheesta 3 p\u00e4iv\u00e4\u00e4 Lontoossa London City Passilla\">Lue lis\u00e4\u00e4<\/a><\/p>","protected":false},"author":1,"featured_media":0,"parent":0,"menu_order":0,"comment_status":"closed","ping_status":"closed","template":"","meta":{"footnotes":""},"class_list":["post-155","page","type-page","status-publish"],"aioseo_notices":[],"featured_image_src":null,"_links":{"self":[{"href":"https:\/\/www.londoncitypass.com\/fi\/wp-json\/wp\/v2\/pages\/155","targetHints":{"allow":["GET"]}}],"collection":[{"href":"https:\/\/www.londoncitypass.com\/fi\/wp-json\/wp\/v2\/pages"}],"about":[{"href":"https:\/\/www.londoncitypass.com\/fi\/wp-json\/wp\/v2\/types\/page"}],"author":[{"embeddable":true,"href":"https:\/\/www.londoncitypass.com\/fi\/wp-json\/wp\/v2\/users\/1"}],"replies":[{"embeddable":true,"href":"https:\/\/www.londoncitypass.com\/fi\/wp-json\/wp\/v2\/comments?post=155"}],"version-history":[{"count":30,"href":"https:\/\/www.londoncitypass.com\/fi\/wp-json\/wp\/v2\/pages\/155\/revisions"}],"predecessor-version":[{"id":2074,"href":"https:\/\/www.londoncitypass.com\/fi\/wp-json\/wp\/v2\/pages\/155\/revisions\/2074"}],"wp:attachment":[{"href":"https:\/\/www.londoncitypass.com\/fi\/wp-json\/wp\/v2\/media?parent=155"}],"curies":[{"name":"wp","href":"https:\/\/api.w.org\/{rel}","templated":true}]}}