{"id":155,"date":"2023-02-01T13:02:31","date_gmt":"2023-02-01T13:02:31","guid":{"rendered":"https:\/\/www.londoncitypass.com\/?page_id=155"},"modified":"2026-02-16T14:07:58","modified_gmt":"2026-02-16T14:07:58","slug":"3-dias-en-londres","status":"publish","type":"page","link":"https:\/\/www.londoncitypass.com\/es\/3-tage-in-london\/","title":{"rendered":"3 d\u00edas en Londres con el London City Pass"},"content":{"rendered":"<p>Londres es una de las mayores ciudades del mundo y es casi imposible abarcarla en un d\u00eda. Para disfrutar realmente de las muchas maravillas de la ciudad, deber\u00eda pasar al menos tres d\u00edas en Londres. Pero incluso en cuatro o cinco d\u00edas podr\u00e1 descubrir muchas cosas nuevas.<\/p>\n\n\n\n<p>La ciudad ofrece una incre\u00edble variedad de atracciones culturales e hist\u00f3ricas. Museos y galer\u00edas como el Museo Brit\u00e1nico, la National Gallery y la Tate Modern ofrecen muchas oportunidades de aprender m\u00e1s sobre el pasado de la ciudad. Famosos monumentos como el Big Ben y el Palacio de Buckingham permiten conocer la rica historia de Inglaterra.<\/p>\n\n\n\n<p>El siguiente es un itinerario de tres d\u00edas para visitar Londres. Los lugares de inter\u00e9s se han seleccionado para aprovechar al m\u00e1ximo su London City Pass.<\/p>\n\n\n\n<h2 class=\"wp-block-heading\">Primer d\u00eda: Hop-on\/Hop-off + Westminster Abbey + Visita a pie<\/h2>\n\n\n\n<figure class=\"wp-block-image size-full\"><img loading=\"lazy\" decoding=\"async\" width=\"1000\" height=\"600\" src=\"https:\/\/www.londoncitypass.com\/wp-content\/uploads\/2023\/02\/london-big-bus.jpg\" alt=\"Londres Big Bus\" class=\"wp-image-156\" srcset=\"https:\/\/www.londoncitypass.com\/wp-content\/uploads\/2023\/02\/london-big-bus.jpg 1000w, https:\/\/www.londoncitypass.com\/wp-content\/uploads\/2023\/02\/london-big-bus-300x180.jpg 300w, https:\/\/www.londoncitypass.com\/wp-content\/uploads\/2023\/02\/london-big-bus-768x461.jpg 768w, https:\/\/www.londoncitypass.com\/wp-content\/uploads\/2023\/02\/london-big-bus-18x12.jpg 18w\" sizes=\"auto, (max-width: 1000px) 100vw, 1000px\" \/><figcaption class=\"wp-element-caption\">\u00a9 Big Bus Tours<\/figcaption><\/figure>\n\n\n\n<p>Comience su viaje de descubrimiento con un recorrido por la ciudad en un autob\u00fas de subida y bajada libre para hacerse una primera idea. Hay varias compa\u00f1\u00edas cuyos autobuses recorren Londres todos los d\u00edas. Con la mayor\u00eda de los operadores puede cambiar entre dos l\u00edneas para explorar distintas partes de la ciudad.<\/p>\n\n\n\n<p>Con todos los London Passes es posible realizar un recorrido con paradas intermedias: Con el <a href=\"https:\/\/www.londoncitypass.com\/es\/pase-londres\/\" title=\"London Pass 2023\">London Pass<\/a> y el <a href=\"https:\/\/www.londoncitypass.com\/es\/pase-de-explorador\/\" title=\"Londres Pase Explorer\">Londres Pase Explorer<\/a> puede utilizar los autobuses de Big Bus o Golden Tours durante un d\u00eda cada vez.<\/p>\n\n\n\n<p>Estos recorridos en autob\u00fas son bastante caros. Por eso, un London City Pass se amortiza r\u00e1pidamente en un recorrido por la ciudad.<\/p>\n\n\n\n<p>B\u00e1jese en la Westminster Abbey, la iglesia que ha visto muchas coronaciones, bodas y funerales en su larga historia. Con el London Pass+ y el London Explorer Pass podr\u00e1 visitar la iglesia de forma gratuita.<\/p>\n\n\n\n<p>El \"Recorrido a pie por los Palacios y el Parlamento\" comienza cerca de la Westminster Abbey, en el que puede participar gratuitamente con la London Pass. La visita se realiza tres veces al d\u00eda.<\/p>\n\n\n\n<h2 class=\"wp-block-heading\">Segundo d\u00eda: Tower of London + Tower Bridge + The Shard<\/h2>\n\n\n\n<figure class=\"wp-block-image size-full\"><img loading=\"lazy\" decoding=\"async\" width=\"1000\" height=\"500\" src=\"https:\/\/www.londoncitypass.com\/wp-content\/uploads\/2023\/01\/tower-of-london.jpg\" alt=\"Tower of London\" class=\"wp-image-133\" srcset=\"https:\/\/www.londoncitypass.com\/wp-content\/uploads\/2023\/01\/tower-of-london.jpg 1000w, https:\/\/www.londoncitypass.com\/wp-content\/uploads\/2023\/01\/tower-of-london-300x150.jpg 300w, https:\/\/www.londoncitypass.com\/wp-content\/uploads\/2023\/01\/tower-of-london-768x384.jpg 768w, https:\/\/www.londoncitypass.com\/wp-content\/uploads\/2023\/01\/tower-of-london-18x9.jpg 18w\" sizes=\"auto, (max-width: 1000px) 100vw, 1000px\" \/><figcaption class=\"wp-element-caption\">\u00a9 Nick Fewings \/ Unsplash.com<\/figcaption><\/figure>\n\n\n\n<p>Comience su segundo d\u00eda en Londres en uno de los monumentos m\u00e1s famosos de la ciudad: el Tower of London. Visite las Joyas de la Corona y participe en una visita guiada de Beefeater. La entrada es gratuita con la <a href=\"https:\/\/www.londoncitypass.com\/es\/pase-londres\/\" title=\"London Pass 2023\">London Pass<\/a> y el <a href=\"https:\/\/www.londoncitypass.com\/es\/pase-de-explorador\/\" title=\"Londres Pase Explorer\">Londres Pase Explorer<\/a>,<\/p>\n\n\n\n<p>A continuaci\u00f3n, dir\u00edjase a London Tower Bridge, que se encuentra a pocos metros de la Torre de Londres. Con el <a href=\"https:\/\/www.londoncitypass.com\/es\/pase-londres\/\" title=\"London Pass 2023\">London Pass<\/a> puede visitar gratuitamente la exposici\u00f3n del Tower Bridge. Para ello, suba a la Torre Norte y camine por el suelo de cristal. Desde arriba podr\u00e1 observar los veh\u00edculos y transe\u00fantes que pasan por debajo. La visita termina en la sala de m\u00e1quinas.<\/p>\n\n\n\n<p>Con el Explorer Pass tambi\u00e9n puedes visitar gratis la exposici\u00f3n del Tower Bridge, pero no merece la pena, porque con el Explorer Pass s\u00f3lo deber\u00edas visitar atracciones caras.<\/p>\n\n\n\n<p>Al otro lado del T\u00e1mesis, no est\u00e1 lejos el Shard, la impresionante torre de cristal que se eleva hasta los 309 metros. La visita al mirador est\u00e1 incluida en varias London Pass: <a href=\"https:\/\/www.londoncitypass.com\/es\/pase-londres\/\" title=\"London Pass 2023\">London Pass<\/a> y <a href=\"https:\/\/www.londoncitypass.com\/es\/pase-de-explorador\/\" title=\"Londres Pase Explorer\">Londres Pase Explorer<\/a>. No obstante, tenga en cuenta que debe concertar una cita previa para la visita.<\/p>\n\n\n\n<h2 class=\"wp-block-heading\">Tercer d\u00eda: Palacio de Buckingham + Palacio de Kensington<\/h2>\n\n\n\n<figure class=\"wp-block-image size-full\"><img loading=\"lazy\" decoding=\"async\" width=\"1000\" height=\"550\" src=\"https:\/\/www.londoncitypass.com\/wp-content\/uploads\/2023\/02\/london-kensington-palace.jpg\" alt=\"Palacio de Kensington en Londres\" class=\"wp-image-138\" srcset=\"https:\/\/www.londoncitypass.com\/wp-content\/uploads\/2023\/02\/london-kensington-palace.jpg 1000w, https:\/\/www.londoncitypass.com\/wp-content\/uploads\/2023\/02\/london-kensington-palace-300x165.jpg 300w, https:\/\/www.londoncitypass.com\/wp-content\/uploads\/2023\/02\/london-kensington-palace-768x422.jpg 768w, https:\/\/www.londoncitypass.com\/wp-content\/uploads\/2023\/02\/london-kensington-palace-18x10.jpg 18w\" sizes=\"auto, (max-width: 1000px) 100vw, 1000px\" \/><figcaption class=\"wp-element-caption\">\u00a9 Nicholas Musilli \/ Unsplash.com<\/figcaption><\/figure>\n\n\n\n<p>El tercer d\u00eda en Londres comienza en Trafalgar Square, una c\u00e9ntrica plaza en el coraz\u00f3n de Londres. Desde aqu\u00ed puedes caminar hasta el Palacio de Buckingham si no te importa dar un paseo m\u00e1s largo. All\u00ed encontrar\u00e1s la Galer\u00eda de la Reina, que puedes visitar gratis con el London Pass.<\/p>\n\n\n\n<p>A continuaci\u00f3n, dir\u00edjase al Wellington Arch en Hyde Park Corner. Con el London Pass puede subir gratis al Arco del Triunfo y disfrutar de las vistas. Camine por el hermoso Hyde Park hasta el Palacio de Kensington. La entrada es gratuita con el <a href=\"https:\/\/www.londoncitypass.com\/es\/pase-londres\/\" title=\"London Pass 2023\">London Pass<\/a> y el <a href=\"https:\/\/www.londoncitypass.com\/es\/pase-de-explorador\/\" title=\"Londres Pase Explorer\">Pase Explorer<\/a>.<\/p>\n\n\n\n<p>Si despu\u00e9s sigue motivado, puede visitar la cercana Royal Albert Hall como parte de una visita guiada. Tambi\u00e9n se incluye gratuitamente con el London Pass y el Explorer Pass.<\/p>\n\n\n\n<p>Esto es s\u00f3lo una sugerencia de lo que podr\u00eda ser un viaje de tres d\u00edas a Londres. Por supuesto, puede confeccionar su propio plan y visitar los numerosos lugares de inter\u00e9s, que son gratuitos con el London City Pass. Si quiere visitar muchas cosas, compre el London Pass. Si s\u00f3lo quiere visitar unos pocos monumentos, el London Explorer Pass puede ser una mejor opci\u00f3n.<\/p>","protected":false},"excerpt":{"rendered":"<p>Londres es una de las mayores ciudades del mundo y es casi imposible abarcarla en un d\u00eda. Para disfrutar realmente de las muchas maravillas de la ciudad, deber\u00eda pasar al menos tres d\u00edas en Londres. Pero incluso en cuatro o cinco d\u00edas podr\u00e1 descubrir muchas cosas nuevas. La ciudad ofrece una incre\u00edble variedad cultural e hist\u00f3rica ... <a title=\"3 d\u00edas en Londres con el London City Pass\" class=\"read-more\" href=\"https:\/\/www.londoncitypass.com\/es\/3-tage-in-london\/\" aria-label=\"Leer m\u00e1s sobre 3 d\u00edas en Londres con el London City Pass\">Vaciar m\u00e1s<\/a><\/p>","protected":false},"author":1,"featured_media":0,"parent":0,"menu_order":0,"comment_status":"closed","ping_status":"closed","template":"","meta":{"footnotes":""},"class_list":["post-155","page","type-page","status-publish"],"aioseo_notices":[],"featured_image_src":null,"_links":{"self":[{"href":"https:\/\/www.londoncitypass.com\/es\/wp-json\/wp\/v2\/pages\/155","targetHints":{"allow":["GET"]}}],"collection":[{"href":"https:\/\/www.londoncitypass.com\/es\/wp-json\/wp\/v2\/pages"}],"about":[{"href":"https:\/\/www.londoncitypass.com\/es\/wp-json\/wp\/v2\/types\/page"}],"author":[{"embeddable":true,"href":"https:\/\/www.londoncitypass.com\/es\/wp-json\/wp\/v2\/users\/1"}],"replies":[{"embeddable":true,"href":"https:\/\/www.londoncitypass.com\/es\/wp-json\/wp\/v2\/comments?post=155"}],"version-history":[{"count":30,"href":"https:\/\/www.londoncitypass.com\/es\/wp-json\/wp\/v2\/pages\/155\/revisions"}],"predecessor-version":[{"id":2074,"href":"https:\/\/www.londoncitypass.com\/es\/wp-json\/wp\/v2\/pages\/155\/revisions\/2074"}],"wp:attachment":[{"href":"https:\/\/www.londoncitypass.com\/es\/wp-json\/wp\/v2\/media?parent=155"}],"curies":[{"name":"wp","href":"https:\/\/api.w.org\/{rel}","templated":true}]}}