{"id":155,"date":"2023-02-01T13:02:31","date_gmt":"2023-02-01T13:02:31","guid":{"rendered":"https:\/\/www.londoncitypass.com\/?page_id=155"},"modified":"2026-02-16T14:07:58","modified_gmt":"2026-02-16T14:07:58","slug":"3-tage-in-london","status":"publish","type":"page","link":"https:\/\/www.londoncitypass.com\/de\/3-tage-in-london\/","title":{"rendered":"3 Tage in London mit einem London City Pass"},"content":{"rendered":"\n<p>London ist eine der gr\u00f6\u00dften St\u00e4dte der Welt und an einem Tag kaum zu erfassen. Um die vielen Wunder der Stadt wirklich zu genie\u00dfen, sollte man mindestens drei Tage in London verbringen. Aber auch in vier oder f\u00fcnf Tagen kann man noch viel Neues entdecken.<\/p>\n\n\n\n<p>Die Stadt bietet eine unglaubliche Vielfalt an kulturellen und historischen Attraktionen. Museen und Galerien wie das British Museum, die National Gallery und die Tate Modern bieten viele M\u00f6glichkeiten, mehr \u00fcber die Vergangenheit der Stadt zu erfahren. Ber\u00fchmte Wahrzeichen wie der Big Ben und der Buckingham Palace geben einen Einblick in die reiche Geschichte Englands.<\/p>\n\n\n\n<p>Im Folgenden wird ein dreit\u00e4giges Reiseprogramm f\u00fcr einen Besuch in London vorgestellt. Die Sehensw\u00fcrdigkeiten sind so ausgew\u00e4hlt, dass Sie den London City Pass optimal nutzen k\u00f6nnen.<\/p>\n\n\n\n<h2 class=\"wp-block-heading\">Erster Tag: Hop-on\/Hop-off + Westminster Abbey + Walking Tour<\/h2>\n\n\n\n<figure class=\"wp-block-image size-full\"><img loading=\"lazy\" decoding=\"async\" width=\"1000\" height=\"600\" src=\"https:\/\/www.londoncitypass.com\/wp-content\/uploads\/2023\/02\/london-big-bus.jpg\" alt=\"London Big Bus\" class=\"wp-image-156\" srcset=\"https:\/\/www.londoncitypass.com\/wp-content\/uploads\/2023\/02\/london-big-bus.jpg 1000w, https:\/\/www.londoncitypass.com\/wp-content\/uploads\/2023\/02\/london-big-bus-300x180.jpg 300w, https:\/\/www.londoncitypass.com\/wp-content\/uploads\/2023\/02\/london-big-bus-768x461.jpg 768w, https:\/\/www.londoncitypass.com\/wp-content\/uploads\/2023\/02\/london-big-bus-18x12.jpg 18w\" sizes=\"auto, (max-width: 1000px) 100vw, 1000px\" \/><figcaption class=\"wp-element-caption\">\u00a9 Big Bus Tours<\/figcaption><\/figure>\n\n\n\n<p>Beginnen Sie Ihre Entdeckungsreise mit einer Stadtrundfahrt im Hop-on\/Hop-off-Bus, um einen ersten \u00dcberblick zu bekommen. Es gibt mehrere Busunternehmen, deren Busse t\u00e4glich durch London fahren. Bei den meisten Anbietern k\u00f6nnen Sie zwischen zwei Linien umsteigen, um verschiedene Stadtteile zu erkunden.<\/p>\n\n\n\n<p>Eine Hop-on\/Hop-off-Tour ist mit allen London P\u00e4ssen m\u00f6glich: Mit dem <a href=\"https:\/\/www.londoncitypass.com\/london-pass\/\" title=\"London Pass 2023\">London Pass<\/a> und dem <a href=\"https:\/\/www.londoncitypass.com\/explorer-pass\/\" title=\"London Explorer Pass\">London Explorer Pass<\/a> k\u00f6nnen Sie jeweils einen Tag lang die Busse von Big Bus oder Golden Tours benutzen.<\/p>\n\n\n\n<p>Diese Bustouren sind recht teuer. Deshalb macht sich ein London City Pass bei einer Stadtrundfahrt schnell bezahlt.<\/p>\n\n\n\n<p>Steigen Sie an der Westminster Abbey aus, der Kirche, die in ihrer langen Geschichte viele Kr\u00f6nungen, Hochzeiten und Beerdigungen gesehen hat. Mit dem London Pass+ und dem London Explorer Pass k\u00f6nnen Sie die Kirche kostenlos besichtigen.<\/p>\n\n\n\n<p>In der N\u00e4he der Westminster Abbey beginnt die &#8220;Palaces &amp; Parliament Walking Tour&#8221;, an der Sie mit dem London Pass kostenlos teilnehmen k\u00f6nnen. Die F\u00fchrung findet dreimal t\u00e4glich statt.<\/p>\n\n\n\n<h2 class=\"wp-block-heading\">Zweiter Tag: Tower of London + Tower Bridge + The Shard<\/h2>\n\n\n\n<figure class=\"wp-block-image size-full\"><img loading=\"lazy\" decoding=\"async\" width=\"1000\" height=\"500\" src=\"https:\/\/www.londoncitypass.com\/wp-content\/uploads\/2023\/01\/tower-of-london.jpg\" alt=\"Tower of London\" class=\"wp-image-133\" srcset=\"https:\/\/www.londoncitypass.com\/wp-content\/uploads\/2023\/01\/tower-of-london.jpg 1000w, https:\/\/www.londoncitypass.com\/wp-content\/uploads\/2023\/01\/tower-of-london-300x150.jpg 300w, https:\/\/www.londoncitypass.com\/wp-content\/uploads\/2023\/01\/tower-of-london-768x384.jpg 768w, https:\/\/www.londoncitypass.com\/wp-content\/uploads\/2023\/01\/tower-of-london-18x9.jpg 18w\" sizes=\"auto, (max-width: 1000px) 100vw, 1000px\" \/><figcaption class=\"wp-element-caption\">\u00a9 Nick Fewings \/ Unsplash.com<\/figcaption><\/figure>\n\n\n\n<p>Beginnen Sie Ihren zweiten Tag in London an einem der ber\u00fchmtesten Wahrzeichen der Stadt: dem Tower of London. Besichtigen Sie die Kronjuwelen und nehmen Sie an einer gef\u00fchrten Beefeater-Tour teil. Der Eintritt ist f\u00fcr Sie kostenlos mit dem <a href=\"https:\/\/www.londoncitypass.com\/london-pass\/\" title=\"London Pass 2023\">London Pass<\/a> und dem <a href=\"https:\/\/www.londoncitypass.com\/explorer-pass\/\" title=\"London Explorer Pass\">London Explorer Pass<\/a>,<\/p>\n\n\n\n<p>Gehen Sie anschlie\u00dfend zur London Tower Bridge, die nur wenige Meter vom London Tower entfernt liegt. Mit dem <a href=\"https:\/\/www.londoncitypass.com\/london-pass\/\" title=\"London Pass 2023\">London Pass<\/a> k\u00f6nnen Sie die Tower Bridge Exhibition kostenfrei besuchen. Dazu steigen Sie auf den Nordturm und laufen \u00fcber den Glasboden. Von oben kann man die Fahrzeuge und Passanten unter sich beobachten. Die Tour endet im Maschinenraum.<\/p>\n\n\n\n<p>Mit dem Explorer Pass kann man auch die Tower Bridge Exhibition kostenlos besuchen, aber es lohnt sich nicht, denn mit dem Explorer Pass sollte man nur teure Attraktionen besuchen.<\/p>\n\n\n\n<p>Auf der anderen Seite der Themse ist es nicht mehr weit bis zum Shard, dem beeindruckenden gl\u00e4sernen Turm, der bis zu 309 Meter in die H\u00f6he ragt. Der Besuch der Aussichtsplattform ist in mehreren London P\u00e4ssen inklusive: <a href=\"https:\/\/www.londoncitypass.com\/london-pass\/\" title=\"London Pass 2023\">London Pass<\/a> und <a href=\"https:\/\/www.londoncitypass.com\/explorer-pass\/\" title=\"London Explorer Pass\">London Explorer Pass<\/a>. Beachten Sie allerdings, dass Sie f\u00fcr den Besuch vorab einen Termin vereinbaren m\u00fcssen.<\/p>\n\n\n\n<h2 class=\"wp-block-heading\">Dritter Tag: Buckingham Palace + Kensington Palace<\/h2>\n\n\n\n<figure class=\"wp-block-image size-full\"><img loading=\"lazy\" decoding=\"async\" width=\"1000\" height=\"550\" src=\"https:\/\/www.londoncitypass.com\/wp-content\/uploads\/2023\/02\/london-kensington-palace.jpg\" alt=\"Kensington Palace in London\" class=\"wp-image-138\" srcset=\"https:\/\/www.londoncitypass.com\/wp-content\/uploads\/2023\/02\/london-kensington-palace.jpg 1000w, https:\/\/www.londoncitypass.com\/wp-content\/uploads\/2023\/02\/london-kensington-palace-300x165.jpg 300w, https:\/\/www.londoncitypass.com\/wp-content\/uploads\/2023\/02\/london-kensington-palace-768x422.jpg 768w, https:\/\/www.londoncitypass.com\/wp-content\/uploads\/2023\/02\/london-kensington-palace-18x10.jpg 18w\" sizes=\"auto, (max-width: 1000px) 100vw, 1000px\" \/><figcaption class=\"wp-element-caption\">\u00a9 Nicholas Musilli \/ Unsplash.com<\/figcaption><\/figure>\n\n\n\n<p>Der dritte Tag in London beginnt am Trafalgar Square, einem zentralen Platz im Herzen Londons. Von hier aus k\u00f6nnen Sie zu Fu\u00df zum Buckingham Palace gehen, wenn Ihnen ein l\u00e4ngerer Spaziergang nichts ausmacht. Dort befindet sich die Queen&#8217;s Gallery, die Sie mit dem London Pass kostenlos besuchen k\u00f6nnen.<\/p>\n\n\n\n<p>Danach geht es weiter zum Wellington Arch am Hyde Park Corner. Mit dem London Pass k\u00f6nnen Sie den Triumphbogen kostenlos besteigen und die Aussicht genie\u00dfen. Gehen Sie durch den wundersch\u00f6nen Hyde Park zum Kensington Palace. Der Eintritt ist frei mit dem <a href=\"https:\/\/www.londoncitypass.com\/london-pass\/\" title=\"London Pass 2023\">London Pass<\/a> und dem <a href=\"https:\/\/www.londoncitypass.com\/explorer-pass\/\" title=\"London Explorer Pass\">Explorer Pass<\/a>.<\/p>\n\n\n\n<p>Wenn Sie danach noch motiviert sind, k\u00f6nnen Sie die nahe gelegene Royal Albert Hall im Rahmen einer gef\u00fchrten Tour besuchen. Auch diese ist mit dem London Pass und dem Explorer Pass kostenfrei inklusive.<\/p>\n\n\n\n<p>Dies ist nur ein Vorschlag, wie eine dreit\u00e4gige Reise nach London aussehen k\u00f6nnte. Nat\u00fcrlich k\u00f6nnen Sie sich Ihren eigenen Plan zusammenstellen und die vielen Sehensw\u00fcrdigkeiten besuchen, die mit einem London City Pass kostenlos sind. Wer viel besichtigen m\u00f6chte, sollte den London Pass kaufen. Wenn Sie nur ein paar Sehensw\u00fcrdigkeiten besuchen m\u00f6chten, ist der London Explorer Pass vielleicht die bessere Wahl.<\/p>\n","protected":false},"excerpt":{"rendered":"<p>London ist eine der gr\u00f6\u00dften St\u00e4dte der Welt und an einem Tag kaum zu erfassen. Um die vielen Wunder der Stadt wirklich zu genie\u00dfen, sollte man mindestens drei Tage in London verbringen. Aber auch in vier oder f\u00fcnf Tagen kann man noch viel Neues entdecken. Die Stadt bietet eine unglaubliche Vielfalt an kulturellen und historischen &#8230; <a title=\"3 Tage in London mit einem London City Pass\" class=\"read-more\" href=\"https:\/\/www.londoncitypass.com\/de\/3-tage-in-london\/\" aria-label=\"Mehr Informationen \u00fcber 3 Tage in London mit einem London City Pass\">Weiterlesen<\/a><\/p>\n","protected":false},"author":1,"featured_media":0,"parent":0,"menu_order":0,"comment_status":"closed","ping_status":"closed","template":"","meta":{"footnotes":""},"class_list":["post-155","page","type-page","status-publish"],"aioseo_notices":[],"featured_image_src":null,"_links":{"self":[{"href":"https:\/\/www.londoncitypass.com\/de\/wp-json\/wp\/v2\/pages\/155","targetHints":{"allow":["GET"]}}],"collection":[{"href":"https:\/\/www.londoncitypass.com\/de\/wp-json\/wp\/v2\/pages"}],"about":[{"href":"https:\/\/www.londoncitypass.com\/de\/wp-json\/wp\/v2\/types\/page"}],"author":[{"embeddable":true,"href":"https:\/\/www.londoncitypass.com\/de\/wp-json\/wp\/v2\/users\/1"}],"replies":[{"embeddable":true,"href":"https:\/\/www.londoncitypass.com\/de\/wp-json\/wp\/v2\/comments?post=155"}],"version-history":[{"count":30,"href":"https:\/\/www.londoncitypass.com\/de\/wp-json\/wp\/v2\/pages\/155\/revisions"}],"predecessor-version":[{"id":2074,"href":"https:\/\/www.londoncitypass.com\/de\/wp-json\/wp\/v2\/pages\/155\/revisions\/2074"}],"wp:attachment":[{"href":"https:\/\/www.londoncitypass.com\/de\/wp-json\/wp\/v2\/media?parent=155"}],"curies":[{"name":"wp","href":"https:\/\/api.w.org\/{rel}","templated":true}]}}