{"id":1821,"date":"2025-03-31T10:48:42","date_gmt":"2025-03-31T10:48:42","guid":{"rendered":"https:\/\/www.londoncitypass.com\/cookie-richtlinie\/"},"modified":"2025-03-31T10:48:42","modified_gmt":"2025-03-31T10:48:42","slug":"cookiepolitik","status":"publish","type":"page","link":"https:\/\/www.londoncitypass.com\/da\/cookie-richtlinie\/","title":{"rendered":"Cookie-politik"},"content":{"rendered":"<p>Med denne cookiepolitik vil vi gerne pr\u00e6cisere, hvordan cookies og cookierelaterede teknologier bruges, hvordan vi og andre tredjeparter bruger dem p\u00e5 dette websted, hvordan de bruges, hvor l\u00e6nge og i hvilken form vi bruger dem.<\/p><h2>Indholdsfortegnelse<\/h2><ul><li><a href=\"#controller-of-the-website\">Ansvarlig for hjemmesiden<\/a><\/li><li><a href=\"#diff-to-privacy-policy\">Supplement til databeskyttelsespolitikken<\/a><\/li><li><a href=\"#cookie-technology\">Hvad er cookies og lignende teknologier?<\/a><\/li><li><a href=\"#legal-basis\">Hvad er det juridiske grundlag for at s\u00e6tte\/l\u00e6se cookies?<\/a><\/li><li><a href=\"#rights-of-visitor\">Hvad er de bedste rettigheder p\u00e5 hjemmesiden?<\/a><\/li><li><a href=\"#manage-cookies\">Hvordan h\u00e5ndterer jeg cookies i en browser?<\/a><\/li><li><a href=\"#types-of-cookies\">Hvilke typer cookies finder der?<\/a><\/li><li><a href=\"#cookies-origin\">Hvem kan s\u00e6tte cookies p\u00e5 denne hjemmeside?<\/a><\/li><li><a href=\"#list-of-services\">Hvilke cookies bruges p\u00e5 denne hjemmeside?<\/a><\/li><\/ul><h2 id=\"controller-of-the-website\">Ansvarlig for hjemmesiden<\/h2><ul><li><strong>Udbyder: <\/strong>London City Pass, Tyskland<\/li><li><strong>E-mail: <\/strong><a target=\"_blank\" href=\"mailto:patrick@101places.de\">patrick@101places.de<\/a><\/li><\/ul><h2 id=\"diff-to-privacy-policy\">Supplement til databeskyttelsespolitikken<\/h2><p>Denne cookiepolitik er et supplement til {{Privatlivspolitik}} Privatlivspolitik {{\/privatlivspolitik}} p\u00e5 denne hjemmeside. Cookiepolitikken beskriver, hvordan et websted bruger cookies, og hvor mange data der indsamles med dem, da privatlivspolitikken giver et omfattende overblik over alle databehandlingsaktiviteter p\u00e5 webstedet og dets indhold.<\/p><h2 id=\"cookie-technology\">Hvad er cookies og lignende teknologier?<\/h2><p>Cookies er sm\u00e5 informationsfiler, der gemmes og kan l\u00e6ses p\u00e5 din computer. De bruges p\u00e5 forskellige m\u00e5der, f.eks. til brug af grundl\u00e6ggende webservicefunktioner, lagring og datalagring, levering af gyldige webservicefunktioner, indsamling af statistiske data p\u00e5 visse strenge og levering af m\u00e6rkningssystemer. Praktiske eksempler p\u00e5, hvordan dette kan g\u00f8res i cookies, er lagring af login-status p\u00e5 brugerkontoen, inkludering af en login-kurve p\u00e5 e-handelsplatformen eller et bruger-ID til lagring af oplysninger p\u00e5 webstedet.<br \/><br \/>Cookies kan indstilles teknisk til specifikke form\u00e5l. De mest almindelige typer af cookies, der anvendes, er HTTP-cookies og cookie-logging-teknologier s\u00e5som lokal lagring, sessionslagring eller IndexedDB. Denne type lagring har et s\u00e6rligt form\u00e5l, som er at kontrollere den tekniske h\u00e5ndtering, sikkerhed og den autoriserede person, der er ansvarlig for at f\u00e5 adgang til webstedet. Alle disse typer af cookies sammenfattes generelt under betegnelsen \"cookies\" og er derfor ogs\u00e5 omfattet af denne cookiepolitik.<\/p><h2 id=\"legal-basis\">Hvad er det juridiske grundlag for at s\u00e6tte\/l\u00e6se cookies?<\/h2><p>Indstilling og l\u00e6sning af cookies er kun tilladt i Den Europ\u00e6iske Union (EU) og Det Europ\u00e6iske \u00d8konomiske Samarbejdsomr\u00e5de (E\u00d8S) i overensstemmelse med \u00a7 3 Cookiebekendtg\u00f8relsen, hvis en bruger har givet sit samtykke p\u00e5 grundlag af omfattende oplysninger om form\u00e5let med behandlingen. Webstedsoperat\u00f8ren kan ogs\u00e5 indstille cookies, hvis de er absolut n\u00f8dvendige for at give dig som bruger den udtrykkeligt anmodede tjeneste, f.eks. det grundl\u00e6ggende indhold p\u00e5 dette websted eller andre strengt n\u00f8dvendige cookies til grundl\u00e6ggende funktioner p\u00e5 webstedet, der vises til dig uden dit samtykke.<\/p><h2 id=\"rights-of-visitor\">Hvad er de bedste rettigheder p\u00e5 hjemmesiden?<\/h2><p>Dette websted og dets cookies kan deaktiveres og slettes p\u00e5 det juridiske grundlag for denne indsamling eller en legitim interesse. Da du har bes\u00f8gt dette websted for f\u00f8rste gang, er du ansvarlig for denne indsamling og har ret til at tr\u00e6kke dit samtykke tilbage til enhver tid. Vi har unders\u00f8gt, hvad det rigtige grundlag er for, hvordan vi bruger dataene i den foreg\u00e5ende dialog.<br \/><br \/>Du har indtil videre mulighed for at l\u00e6se historien om dit valg, finde ud af din private livsstil, l\u00e6se om dine b\u00f8rns opf\u00f8rsel og l\u00e6se denne samling. Nu kan du finde ud af mere om dine rettigheder:<br \/><ul><li><a  href=\"#consent-change\" role=\"button\" id=\"rcb-sc-link-change\" data-success-message=\"\" class=\"rcb-sc-link rcb-sc-link-change\">Skift privatlivsindstillinger<\/a>.<\/li><li><a  href=\"#consent-history\" role=\"button\" id=\"rcb-sc-link-history\" data-success-message=\"\" class=\"rcb-sc-link rcb-sc-link-history\">Historik over privatlivsindstillinger<\/a>.<\/li><li><a  href=\"#consent-revoke\" role=\"button\" id=\"rcb-sc-link-revoke\" data-success-message=\"Du har tilbagekaldt dit samtykke til tjenester med deres cookies og behandling af personlige data. Siden vil nu blive genindl\u00e6st!\" class=\"rcb-sc-link rcb-sc-link-revoke\">Tilbagekaldelse af samtykke<\/a><\/li><\/ul><\/p><h2 id=\"manage-cookies\">Hvordan h\u00e5ndterer jeg cookies i en browser?<\/h2><p><ul><li><strong>Hvis du bruger cookies i din browser:<\/strong> Hvis du vil slette cookies fra din browser, kan du slette browserdata i dine browserindstillinger. Du kan slette alle cookies fra alle hjemmesider, du har bestilt, men ogs\u00e5 blandede login-data og hjemmesideindstillinger. I din browser kan du slette cookies og andre data for at gemme din browserhistorik.<\/li><li><strong>Du kan ogs\u00e5 sl\u00e5 cookies fra i din browser:<\/strong> Hvis du vil have mere pr\u00e6cis kontrol over cookies fra best websteder, kan du g\u00e5 til indstillingerne for privatliv og cookies i din browser. Her kan du justere indstillingerne for brugen af cookies p\u00e5 de forskellige https.<\/li><li><strong>S\u00e5 blokerer du for cookies i din browser:<\/strong> I de mest moderne browsere kan du i dine browserindstillinger angive, at cookies ikke er tilladt p\u00e5 din enhed. Blokering af cookies kan ogs\u00e5 resultere i, at nogle af funktionerne ikke fungerer korrekt, f.eks. at logge ind som bruger. Der er ogs\u00e5 nogle browsere, der kan blokere for installation af cookies i din browser.<\/li><li><strong>Du kan ogs\u00e5 administrere cookies p\u00e5 denne hjemmeside:<\/strong> Hvis du vil slette dine pr\u00e6ferencecookies p\u00e5 dette websted, kan du g\u00f8re det ved at klikke p\u00e5 linket i afsnittet \"Cookies p\u00e5 webstedet\".<\/li><\/li>..<\/ul><p>Du kan finde flere oplysninger om brugen af cookies p\u00e5 <a href=\"https:\/\/devowl.io\/de\/rcb\/cookie-handhabung\/\" target=\"_blank\">devowl.io\/en\/rcb\/cookie-handling\/<\/a>.<\/p><\/p><h2 id=\"types-of-cookies\">Hvilke typer cookies finder der?<\/h2><p><ul><li><strong>Vigtige cookies<\/strong> er ansvarlig for den grundl\u00e6ggende funktionalitet p\u00e5 et websted og leverer funktioner s\u00e5som lagring af loginoplysninger eller adgang til andre omr\u00e5der p\u00e5 webstedet. Dette omfatter f.eks. sikkerhedscookies, som kan identificere en bot, der ikke er gemt p\u00e5 webstedet ved hj\u00e6lp af en cookie.<\/li><li><strong>Funktionelle cookies<\/strong> kr\u00e6ver, at brugerens niveau \u00f8ges med antallet af brugere og med antallet af pr\u00e6ferencer som f.eks. brugerens sprogniveau eller antallet af pr\u00e6ferencer for brugerens adf\u00e6rd for at skabe en personlig visning. Dette omfatter f.eks. pr\u00e6ferencecookies, som bruges til at hente videoindhold fra en hjemmeside.<\/li><li><strong>Statistik-cookies<\/strong> indsamle data om brugen af en webtjeneste, der skal indg\u00e5 i brugerens konto, og for at optimere webtjenestens ydeevne. Dette omfatter f.eks. et flisebaseret bruger-ID, som kan bruges til at angive, om du har en underside p\u00e5 webstedet.<\/li><li><strong>Cookies til markedsf\u00f8ring<\/strong> bruges til at spore brugeradf\u00e6rd p\u00e5 tv\u00e6rs af forskellige websteder og til at vise personlig reklame baseret p\u00e5 brugernes interesser og browsingadf\u00e6rd. Disse omfatter f.eks. klage-cookies, som bruges til at interagere med en klage p\u00e5 webstedet og bruges til at sende klagen til annonc\u00f8ren, eller et chatsystem til at kommunikere med kunden og yde kundesupport.<\/li><\/li>..<\/ul><\/p><h2 id=\"cookies-origin\">Hvem kan s\u00e6tte cookies p\u00e5 denne hjemmeside?<\/h2><p>P\u00e5 dette websted kan webtjenesteudbydere og tredjepartsudbydere, der er aktive p\u00e5 dette websted, deaktivere cookies og f\u00e5 adgang til deres indhold. Skllenes mellem f\u00f8rsteparts- og tredjepartscookies med hensyn til, hvem der har adgang til hvilke cookies og deres indhold. Tredjepartscookies placeres p\u00e5 det p\u00e5g\u00e6ldende websted og kan l\u00e6ses af webstedets operat\u00f8r og den integrerede tredjepartstjeneste p\u00e5 det p\u00e5g\u00e6ldende websted. Tredjepartscookies bruges normalt af tredjepartsudbydere p\u00e5 andre dom\u00e6ner, kan l\u00e6ses p\u00e5 alle websteder, f\u00f8r den tredjepart, der kontrollerer dom\u00e6net, er registreret, og kan l\u00e6ses fra klageformularen p\u00e5 tidspunktet for registrering p\u00e5 den relevante tjenesteudbyders websted og efter personlig underretning.<\/p><h2 id=\"list-of-services\">Hvilke cookies bruges p\u00e5 denne hjemmeside?<\/h2><script type=\"application\/json\">{\"search\":{\"placeholder\":\"S\\u00f8g...\"},\"sort\":{\"sortAsc\":\"Sort\\u00e9r kolonnen stigende\",\"sortDesc\":\"Sort\\u00e9r kolonnen faldende\"},\"pagination\":{\"previous\":\"Forrige\",\"next\":\"N\\u00e6ste\",\"navigate\":\"Side %1$d af %2$d\",\"page\":\"Side %d\",\"showing\":\"Viser\",\"of\":\"af\",\"to\":\"til\",\"results\":\"resultater\"},\"noRecordsFound\":\"Ingen matchende optegnelser fundet\"}<\/script><table  class=\"devowl-wp-react-cookie-banner-cookie-policy\"><thead><tr><th width=\"200px\" scope=\"col\">Kategori<\/th><th width=\"400px\" scope=\"col\">Teknisk cookienavn<\/th><th width=\"400px\" scope=\"col\">Teknisk cookiev\u00e6rt<\/th><th width=\"400px\" scope=\"col\">Service<\/th><th width=\"250px\" scope=\"col\">Varighed<\/th><th width=\"200px\" scope=\"col\">Typ<\/th><th width=\"550px\" scope=\"col\">Form\u00e5l<\/th><\/tr><\/thead><tbody><tr><td>V\u00e6sentligt<\/td><td>trp_language<\/td><td>www.londoncitypass.com<\/td><td>TranslatePress<\/td><td>30 dage<\/td><td>HTTP-cookie<\/td><td>-<\/td><\/tr><tr><td>V\u00e6sentligt<\/td><td>real_cookie_banner*<\/td><td>.londoncitypass.com<\/td><td>Banner til \u00e6gte cookies<\/td><td>365 dage<\/td><td>HTTP-cookie<\/td><td>Unik identifikator for samtykke, men ikke for den bes\u00f8gende p\u00e5 webstedet. Revisionshash for cookie-bannerindstillingerne (tekster, farver, funktioner, servicegrupper, tjenester, indholdsblokkere osv.) ID'er for tjenester og tjenestegrupper, der er givet samtykke til.<\/td><\/tr><tr><td>V\u00e6sentligt<\/td><td>real_cookie_banner*-tcf<\/td><td>.londoncitypass.com<\/td><td>Banner til \u00e6gte cookies<\/td><td>365 dage<\/td><td>HTTP-cookie<\/td><td>Samtykker indsamlet som en del af TCF og gemt i TC String-format, herunder TCF-leverand\u00f8rer, form\u00e5l, s\u00e6rlige form\u00e5l, funktioner og s\u00e6rlige funktioner.<\/td><\/tr><tr><td>V\u00e6sentligt<\/td><td>real_cookie_banner*-gcm<\/td><td>.londoncitypass.com<\/td><td>Banner til \u00e6gte cookies<\/td><td>365 dage<\/td><td>HTTP-cookie<\/td><td>De samtykker, der indsamles i Google Consent Mode for de forskellige samtykketyper (form\u00e5l), gemmes for alle tjenester, der er kompatible med Google Consent Mode.<\/td><\/tr><tr><td>V\u00e6sentligt<\/td><td>real_cookie_banner-test<\/td><td>.londoncitypass.com<\/td><td>Banner til \u00e6gte cookies<\/td><td>365 dage<\/td><td>HTTP-cookie<\/td><td>Cookie indstillet til at teste funktionaliteten af HTTP-cookies. Slettes umiddelbart efter testen.<\/td><\/tr><tr><td>V\u00e6sentligt<\/td><td>real_cookie_banner*<\/td><td>https:\/\/www.londoncitypass.com<\/td><td>Banner til \u00e6gte cookies<\/td><td>-<\/td><td>Lokal opbevaring<\/td><td>Unik identifikator for samtykke, men ikke for den bes\u00f8gende p\u00e5 webstedet. Revisionshash for cookie-bannerindstillingerne (tekster, farver, funktioner, servicegrupper, tjenester, indholdsblokkere osv.) ID'er for tjenester og tjenestegrupper, der er givet samtykke til. Gemmes kun, indtil samtykket er dokumenteret p\u00e5 hjemmesidens server.<\/td><\/tr><tr><td>V\u00e6sentligt<\/td><td>real_cookie_banner*-tcf<\/td><td>https:\/\/www.londoncitypass.com<\/td><td>Banner til \u00e6gte cookies<\/td><td>-<\/td><td>Lokal opbevaring<\/td><td>Samtykker, der indsamles som en del af TCF, gemmes i TC-strengformat, herunder TCF-leverand\u00f8rer, form\u00e5l, s\u00e6rlige form\u00e5l, funktioner og s\u00e6rlige funktioner. Gemmes kun, indtil samtykket er dokumenteret p\u00e5 hjemmesidens server.<\/td><\/tr><tr><td>V\u00e6sentligt<\/td><td>real_cookie_banner*-gcm<\/td><td>https:\/\/www.londoncitypass.com<\/td><td>Banner til \u00e6gte cookies<\/td><td>-<\/td><td>Lokal opbevaring<\/td><td>Samtykker, der registreres som en del af Google Consent Mode, gemmes i samtykketyper (form\u00e5l) for alle tjenester, der er kompatible med Google Consent Mode. Det gemmes kun, indtil samtykket er dokumenteret p\u00e5 hjemmesidens server.<\/td><\/tr><tr><td>V\u00e6sentligt<\/td><td>real_cookie_banner-consent-queue*.<\/td><td>https:\/\/www.londoncitypass.com<\/td><td>Banner til \u00e6gte cookies<\/td><td>-<\/td><td>Lokal opbevaring<\/td><td>Lokal caching af valget i cookie-banneret, indtil serveren dokumenterer samtykke; dokumentation fors\u00f8ges med j\u00e6vne mellemrum eller ved sideskift, hvis serveren ikke er tilg\u00e6ngelig eller er overbelastet.<\/td><\/tr><tr><td>Funktionel<\/td><td>wpEmojiSettingsSupports<\/td><td>https:\/\/www.londoncitypass.com<\/td><td>WordPress-emojis<\/td><td>SESSION<\/td><td>Opbevaring af sessioner<\/td><td>Tidsstempler og om det er muligt at indstille emojis<\/td><\/tr><\/tbody><\/table><p>Cookiepolitikken blev sidst opdateret den 16. februar 2026.<\/p>","protected":false},"excerpt":{"rendered":"","protected":false},"author":1,"featured_media":0,"parent":0,"menu_order":0,"comment_status":"closed","ping_status":"closed","template":"","meta":{"footnotes":""},"class_list":["post-1821","page","type-page","status-publish"],"aioseo_notices":[],"featured_image_src":null,"_links":{"self":[{"href":"https:\/\/www.londoncitypass.com\/da\/wp-json\/wp\/v2\/pages\/1821","targetHints":{"allow":["GET"]}}],"collection":[{"href":"https:\/\/www.londoncitypass.com\/da\/wp-json\/wp\/v2\/pages"}],"about":[{"href":"https:\/\/www.londoncitypass.com\/da\/wp-json\/wp\/v2\/types\/page"}],"author":[{"embeddable":true,"href":"https:\/\/www.londoncitypass.com\/da\/wp-json\/wp\/v2\/users\/1"}],"replies":[{"embeddable":true,"href":"https:\/\/www.londoncitypass.com\/da\/wp-json\/wp\/v2\/comments?post=1821"}],"version-history":[{"count":0,"href":"https:\/\/www.londoncitypass.com\/da\/wp-json\/wp\/v2\/pages\/1821\/revisions"}],"wp:attachment":[{"href":"https:\/\/www.londoncitypass.com\/da\/wp-json\/wp\/v2\/media?parent=1821"}],"curies":[{"name":"wp","href":"https:\/\/api.w.org\/{rel}","templated":true}]}}