{"id":155,"date":"2023-02-01T13:02:31","date_gmt":"2023-02-01T13:02:31","guid":{"rendered":"https:\/\/www.londoncitypass.com\/?page_id=155"},"modified":"2026-02-16T14:07:58","modified_gmt":"2026-02-16T14:07:58","slug":"3-dage-i-london","status":"publish","type":"page","link":"https:\/\/www.londoncitypass.com\/da\/3-tage-in-london\/","title":{"rendered":"3 dage i London med et London City Pass"},"content":{"rendered":"<p>London er en af de st\u00f8rste byer i verden og er n\u00e6sten umulig at overskue p\u00e5 \u00e9n dag. Hvis du virkelig vil nyde byens mange vidundere, b\u00f8r du bruge mindst tre dage i London. Men selv p\u00e5 fire eller fem dage kan du stadig opdage en masse nye ting.<\/p>\n\n\n\n<p>Byen byder p\u00e5 et utroligt stort udvalg af kulturelle og historiske attraktioner. Museer og gallerier som British Museum, National Gallery og Tate Modern giver dig mange muligheder for at l\u00e6re mere om byens fortid. Ber\u00f8mte vartegn som Big Ben og Buckingham Palace giver et indblik i Englands rige historie.<\/p>\n\n\n\n<p>F\u00f8lgende er en tre-dages rejseplan for et bes\u00f8g i London. Sev\u00e6rdighederne er udvalgt med henblik p\u00e5 at f\u00e5 mest muligt ud af dit London City Pass.<\/p>\n\n\n\n<h2 class=\"wp-block-heading\">F\u00f8rste dag: Hop-on\/Hop-off + Westminster Abbey + vandretur<\/h2>\n\n\n\n<figure class=\"wp-block-image size-full\"><img loading=\"lazy\" decoding=\"async\" width=\"1000\" height=\"600\" src=\"https:\/\/www.londoncitypass.com\/wp-content\/uploads\/2023\/02\/london-big-bus.jpg\" alt=\"London Big Bus\" class=\"wp-image-156\" srcset=\"https:\/\/www.londoncitypass.com\/wp-content\/uploads\/2023\/02\/london-big-bus.jpg 1000w, https:\/\/www.londoncitypass.com\/wp-content\/uploads\/2023\/02\/london-big-bus-300x180.jpg 300w, https:\/\/www.londoncitypass.com\/wp-content\/uploads\/2023\/02\/london-big-bus-768x461.jpg 768w, https:\/\/www.londoncitypass.com\/wp-content\/uploads\/2023\/02\/london-big-bus-18x12.jpg 18w\" sizes=\"auto, (max-width: 1000px) 100vw, 1000px\" \/><figcaption class=\"wp-element-caption\">\u00a9 Big Bus Tours<\/figcaption><\/figure>\n\n\n\n<p>Start din opdagelsesrejse med en byrundtur i en hop-on\/hop-off-bus for at f\u00e5 et f\u00f8rste overblik. Der er flere busselskaber, hvis busser k\u00f8rer gennem London hver dag. Hos de fleste operat\u00f8rer kan du skifte mellem to linjer for at udforske forskellige dele af byen.<\/p>\n\n\n\n<p>En hop-on\/hop-off-tur er mulig med alle London Passes: Med <a href=\"https:\/\/www.londoncitypass.com\/da\/london-pass\/\" title=\"London Pass 2023\">London Pass<\/a> og <a href=\"https:\/\/www.londoncitypass.com\/da\/explorer-pas\/\" title=\"London Explorer Pass\">London Explorer Pass<\/a> Du kan bruge busserne fra Big Bus eller Golden Tours en dag ad gangen.<\/p>\n\n\n\n<p>Disse busture er ret dyre. Derfor kan et London City Pass hurtigt betale sig selv p\u00e5 en byrundtur.<\/p>\n\n\n\n<p>St\u00e5 af ved Westminster Abbey, kirken, der har set mange kroninger, bryllupper og begravelser i sin lange historie. Med London Pass+ og London Explorer Pass kan du bes\u00f8ge kirken gratis.<\/p>\n\n\n\n<p>\"Palaces &amp; Parliament Walking Tour\" starter i n\u00e6rheden af Westminster Abbey, som du kan deltage i gratis med London Pass. Turen finder sted tre gange om dagen.<\/p>\n\n\n\n<h2 class=\"wp-block-heading\">Anden dag: Tower of London + Tower Bridge + The Shard<\/h2>\n\n\n\n<figure class=\"wp-block-image size-full\"><img loading=\"lazy\" decoding=\"async\" width=\"1000\" height=\"500\" src=\"https:\/\/www.londoncitypass.com\/wp-content\/uploads\/2023\/01\/tower-of-london.jpg\" alt=\"Tower of London\" class=\"wp-image-133\" srcset=\"https:\/\/www.londoncitypass.com\/wp-content\/uploads\/2023\/01\/tower-of-london.jpg 1000w, https:\/\/www.londoncitypass.com\/wp-content\/uploads\/2023\/01\/tower-of-london-300x150.jpg 300w, https:\/\/www.londoncitypass.com\/wp-content\/uploads\/2023\/01\/tower-of-london-768x384.jpg 768w, https:\/\/www.londoncitypass.com\/wp-content\/uploads\/2023\/01\/tower-of-london-18x9.jpg 18w\" sizes=\"auto, (max-width: 1000px) 100vw, 1000px\" \/><figcaption class=\"wp-element-caption\">\u00a9 Nick Fewings \/ Unsplash.com<\/figcaption><\/figure>\n\n\n\n<p>Start din anden dag i London ved et af byens mest ber\u00f8mte vartegn: Tower of London. Bes\u00f8g kronjuvelerne, og tag med p\u00e5 en guidet Beefeater-tur. Der er gratis adgang for dig med <a href=\"https:\/\/www.londoncitypass.com\/da\/london-pass\/\" title=\"London Pass 2023\">London Pass<\/a> og <a href=\"https:\/\/www.londoncitypass.com\/da\/explorer-pas\/\" title=\"London Explorer Pass\">London Explorer Pass<\/a>,<\/p>\n\n\n\n<p>Derefter skal du g\u00e5 til London Tower Bridge, som ligger kun f\u00e5 meter fra Tower of London. Med den <a href=\"https:\/\/www.londoncitypass.com\/da\/london-pass\/\" title=\"London Pass 2023\">London Pass<\/a> kan du bes\u00f8ge Tower Bridge-udstillingen gratis. Det g\u00f8r du ved at klatre op i det nordlige t\u00e5rn og g\u00e5 over glasgulvet. Fra toppen kan du se k\u00f8ret\u00f8jerne og de forbipasserende nedenunder. Turen slutter i maskinrummet.<\/p>\n\n\n\n<p>Med Explorer Pass kan du ogs\u00e5 bes\u00f8ge Tower Bridge Exhibition gratis, men det er ikke det v\u00e6rd, for med Explorer Pass b\u00f8r du kun bes\u00f8ge dyre attraktioner.<\/p>\n\n\n\n<p>P\u00e5 den anden side af Themsen er der ikke langt til Shard, det imponerende glast\u00e5rn, der rejser sig 309 meter op i h\u00f8jden. Et bes\u00f8g p\u00e5 udsigtsplatformen er inkluderet i flere London Passes: <a href=\"https:\/\/www.londoncitypass.com\/da\/london-pass\/\" title=\"London Pass 2023\">London Pass<\/a> og <a href=\"https:\/\/www.londoncitypass.com\/da\/explorer-pas\/\" title=\"London Explorer Pass\">London Explorer Pass<\/a>. Du skal dog v\u00e6re opm\u00e6rksom p\u00e5, at du skal bestille tid p\u00e5 forh\u00e5nd til bes\u00f8get.<\/p>\n\n\n\n<h2 class=\"wp-block-heading\">Tredje dag: Buckingham Palace + Kensington Palace<\/h2>\n\n\n\n<figure class=\"wp-block-image size-full\"><img loading=\"lazy\" decoding=\"async\" width=\"1000\" height=\"550\" src=\"https:\/\/www.londoncitypass.com\/wp-content\/uploads\/2023\/02\/london-kensington-palace.jpg\" alt=\"Kensington Palace i London\" class=\"wp-image-138\" srcset=\"https:\/\/www.londoncitypass.com\/wp-content\/uploads\/2023\/02\/london-kensington-palace.jpg 1000w, https:\/\/www.londoncitypass.com\/wp-content\/uploads\/2023\/02\/london-kensington-palace-300x165.jpg 300w, https:\/\/www.londoncitypass.com\/wp-content\/uploads\/2023\/02\/london-kensington-palace-768x422.jpg 768w, https:\/\/www.londoncitypass.com\/wp-content\/uploads\/2023\/02\/london-kensington-palace-18x10.jpg 18w\" sizes=\"auto, (max-width: 1000px) 100vw, 1000px\" \/><figcaption class=\"wp-element-caption\">\u00a9 Nicholas Musilli \/ Unsplash.com<\/figcaption><\/figure>\n\n\n\n<p>Den tredje dag i London starter p\u00e5 Trafalgar Square, en central plads i hjertet af London. Herfra kan du g\u00e5 til Buckingham Palace, hvis du ikke har noget imod en l\u00e6ngere g\u00e5tur. Der finder du Queen's Gallery, som du kan bes\u00f8ge gratis med London Pass.<\/p>\n\n\n\n<p>Tag derefter til Wellington Arch p\u00e5 Hyde Park Corner. Med London Pass kan du gratis bestige Triumfbuen og nyde udsigten. G\u00e5 gennem den smukke Hyde Park til Kensington Palace. Der er gratis adgang med <a href=\"https:\/\/www.londoncitypass.com\/da\/london-pass\/\" title=\"London Pass 2023\">London Pass<\/a> og <a href=\"https:\/\/www.londoncitypass.com\/da\/explorer-pas\/\" title=\"London Explorer Pass\">Explorer Pass<\/a>.<\/p>\n\n\n\n<p>Hvis du stadig er motiveret efter det, kan du bes\u00f8ge det n\u00e6rliggende Royal Albert Hall som en del af en guidet tur. Dette er ogs\u00e5 gratis med London Pass og Explorer Pass.<\/p>\n\n\n\n<p>Dette er blot et forslag til, hvordan en tre-dages tur til London kan se ud. Du kan naturligvis sammens\u00e6tte din egen plan og bes\u00f8ge de mange sev\u00e6rdigheder, som er gratis med et London City Pass. Hvis du vil bes\u00f8ge en masse, b\u00f8r du k\u00f8be London Pass. Hvis du kun vil bes\u00f8ge nogle f\u00e5 sev\u00e6rdigheder, er London Explorer Pass m\u00e5ske et bedre valg.<\/p>","protected":false},"excerpt":{"rendered":"<p>London er en af de st\u00f8rste byer i verden, og det er n\u00e6sten umuligt at overskue den p\u00e5 \u00e9n dag. Hvis du virkelig vil nyde byens mange vidundere, b\u00f8r du bruge mindst tre dage i London. Men selv p\u00e5 fire eller fem dage kan du stadig opdage en masse nye ting. Byen byder p\u00e5 et utroligt udvalg af kulturelle og historiske ... <a title=\"3 dage i London med et London City Pass\" class=\"read-more\" href=\"https:\/\/www.londoncitypass.com\/da\/3-tage-in-london\/\" aria-label=\"L\u00e6s mere om 3 dage i London med et London City Pass\">L\u00e6s mere <\/a><\/p>","protected":false},"author":1,"featured_media":0,"parent":0,"menu_order":0,"comment_status":"closed","ping_status":"closed","template":"","meta":{"footnotes":""},"class_list":["post-155","page","type-page","status-publish"],"aioseo_notices":[],"featured_image_src":null,"_links":{"self":[{"href":"https:\/\/www.londoncitypass.com\/da\/wp-json\/wp\/v2\/pages\/155","targetHints":{"allow":["GET"]}}],"collection":[{"href":"https:\/\/www.londoncitypass.com\/da\/wp-json\/wp\/v2\/pages"}],"about":[{"href":"https:\/\/www.londoncitypass.com\/da\/wp-json\/wp\/v2\/types\/page"}],"author":[{"embeddable":true,"href":"https:\/\/www.londoncitypass.com\/da\/wp-json\/wp\/v2\/users\/1"}],"replies":[{"embeddable":true,"href":"https:\/\/www.londoncitypass.com\/da\/wp-json\/wp\/v2\/comments?post=155"}],"version-history":[{"count":30,"href":"https:\/\/www.londoncitypass.com\/da\/wp-json\/wp\/v2\/pages\/155\/revisions"}],"predecessor-version":[{"id":2074,"href":"https:\/\/www.londoncitypass.com\/da\/wp-json\/wp\/v2\/pages\/155\/revisions\/2074"}],"wp:attachment":[{"href":"https:\/\/www.londoncitypass.com\/da\/wp-json\/wp\/v2\/media?parent=155"}],"curies":[{"name":"wp","href":"https:\/\/api.w.org\/{rel}","templated":true}]}}