{"id":155,"date":"2023-02-01T13:02:31","date_gmt":"2023-02-01T13:02:31","guid":{"rendered":"https:\/\/www.londoncitypass.com\/?page_id=155"},"modified":"2026-02-16T14:07:58","modified_gmt":"2026-02-16T14:07:58","slug":"3-dny-v-londyne","status":"publish","type":"page","link":"https:\/\/www.londoncitypass.com\/cs\/3-tage-in-london\/","title":{"rendered":"3 dny v Lond\u00fdn\u011b s London City Pass"},"content":{"rendered":"<p>Lond\u00fdn je jedn\u00edm z nejv\u011bt\u0161\u00edch m\u011bst na sv\u011bt\u011b a je t\u00e9m\u011b\u0159 nemo\u017en\u00e9 ho poznat za jeden den. Chcete-li si skute\u010dn\u011b vychutnat mnoho div\u016f m\u011bsta, m\u011bli byste v Lond\u00fdn\u011b str\u00e1vit alespo\u0148 t\u0159i dny. Ale i za \u010dty\u0159i nebo p\u011bt dn\u00ed m\u016f\u017eete objevit spoustu nov\u00fdch v\u011bc\u00ed.<\/p>\n\n\n\n<p>M\u011bsto nab\u00edz\u00ed neuv\u011b\u0159iteln\u00e9 mno\u017estv\u00ed kulturn\u00edch a historick\u00fdch zaj\u00edmavost\u00ed. Muzea a galerie, jako je Britsk\u00e9 muzeum, N\u00e1rodn\u00ed galerie a Tate Modern, nab\u00edzej\u00ed mnoho p\u0159\u00edle\u017eitost\u00ed, jak se dozv\u011bd\u011bt v\u00edce o minulosti m\u011bsta. Zn\u00e1m\u00e9 pam\u00e1tky, jako je Big Ben a Buckinghamsk\u00fd pal\u00e1c, umo\u017e\u0148uj\u00ed nahl\u00e9dnout do bohat\u00e9 historie Anglie.<\/p>\n\n\n\n<p>N\u00e1sleduje t\u0159\u00eddenn\u00ed itiner\u00e1\u0159 n\u00e1v\u0161t\u011bvy Lond\u00fdna. Pam\u00e1tky byly vybr\u00e1ny tak, abyste co nejl\u00e9pe vyu\u017eili sv\u016fj London City Pass.<\/p>\n\n\n\n<h2 class=\"wp-block-heading\">Prvn\u00ed den: Hop-on\/Hop-off + Westminster Abbey + p\u011b\u0161\u00ed prohl\u00eddka<\/h2>\n\n\n\n<figure class=\"wp-block-image size-full\"><img loading=\"lazy\" decoding=\"async\" width=\"1000\" height=\"600\" src=\"https:\/\/www.londoncitypass.com\/wp-content\/uploads\/2023\/02\/london-big-bus.jpg\" alt=\"Lond\u00fdn Big Bus\" class=\"wp-image-156\" srcset=\"https:\/\/www.londoncitypass.com\/wp-content\/uploads\/2023\/02\/london-big-bus.jpg 1000w, https:\/\/www.londoncitypass.com\/wp-content\/uploads\/2023\/02\/london-big-bus-300x180.jpg 300w, https:\/\/www.londoncitypass.com\/wp-content\/uploads\/2023\/02\/london-big-bus-768x461.jpg 768w, https:\/\/www.londoncitypass.com\/wp-content\/uploads\/2023\/02\/london-big-bus-18x12.jpg 18w\" sizes=\"auto, (max-width: 1000px) 100vw, 1000px\" \/><figcaption class=\"wp-element-caption\">\u00a9 Big Bus Tours<\/figcaption><\/figure>\n\n\n\n<p>Objevov\u00e1n\u00ed m\u011bsta m\u016f\u017eete za\u010d\u00edt prohl\u00eddkou m\u011bsta autobusem, kter\u00fd v\u00e1s sveze po m\u011bst\u011b a poskytne v\u00e1m prvn\u00ed p\u0159ehled. Lond\u00fdnem denn\u011b proj\u00ed\u017ed\u00ed n\u011bkolik autobusov\u00fdch spole\u010dnost\u00ed. U v\u011bt\u0161iny dopravc\u016f m\u016f\u017eete p\u0159estupovat mezi dv\u011bma linkami a prohl\u00e9dnout si tak r\u016fzn\u00e9 \u010d\u00e1sti m\u011bsta.<\/p>\n\n\n\n<p>Prohl\u00eddka s mo\u017enost\u00ed \"hop-on\/hop-off\" je mo\u017en\u00e1 se v\u0161emi lond\u00fdnsk\u00fdmi pasy. <a href=\"https:\/\/www.londoncitypass.com\/cs\/londynsky-prukaz\/\" title=\"London Pass 2023\">London Pass<\/a> a <a href=\"https:\/\/www.londoncitypass.com\/cs\/prukaz-pruzkumnika\/\" title=\"Lond\u00fdn Explorer Pass\">Lond\u00fdn Explorer Pass<\/a> m\u016f\u017eete vyu\u017e\u00edt autobusy Big Bus nebo Golden Tours v\u017edy na jeden den.<\/p>\n\n\n\n<p>Tyto autobusov\u00e9 z\u00e1jezdy jsou pom\u011brn\u011b drah\u00e9. Proto se London City Pass p\u0159i prohl\u00eddce m\u011bsta rychle vyplat\u00ed.<\/p>\n\n\n\n<p>Vystupte v kostele Westminster Abbey, kter\u00fd ve sv\u00e9 dlouh\u00e9 historii za\u017eil mnoho korunovac\u00ed, svateb a poh\u0159b\u016f. S London Pass+ a lond\u00fdnsk\u00fdm Explorer Pass m\u016f\u017eete kostel nav\u0161t\u00edvit zdarma.<\/p>\n\n\n\n<p>Proch\u00e1zka \"Pal\u00e1ce a parlament\" za\u010d\u00edn\u00e1 u stanice Westminster Abbey, kterou m\u016f\u017eete absolvovat zdarma se stanic\u00ed London Pass. Prohl\u00eddka se kon\u00e1 t\u0159ikr\u00e1t denn\u011b.<\/p>\n\n\n\n<h2 class=\"wp-block-heading\">Druh\u00fd den: Tower of London + Tower Bridge + The Shard<\/h2>\n\n\n\n<figure class=\"wp-block-image size-full\"><img loading=\"lazy\" decoding=\"async\" width=\"1000\" height=\"500\" src=\"https:\/\/www.londoncitypass.com\/wp-content\/uploads\/2023\/01\/tower-of-london.jpg\" alt=\"Tower of London\" class=\"wp-image-133\" srcset=\"https:\/\/www.londoncitypass.com\/wp-content\/uploads\/2023\/01\/tower-of-london.jpg 1000w, https:\/\/www.londoncitypass.com\/wp-content\/uploads\/2023\/01\/tower-of-london-300x150.jpg 300w, https:\/\/www.londoncitypass.com\/wp-content\/uploads\/2023\/01\/tower-of-london-768x384.jpg 768w, https:\/\/www.londoncitypass.com\/wp-content\/uploads\/2023\/01\/tower-of-london-18x9.jpg 18w\" sizes=\"auto, (max-width: 1000px) 100vw, 1000px\" \/><figcaption class=\"wp-element-caption\">\u00a9 Nick Fewings \/ Unsplash.com<\/figcaption><\/figure>\n\n\n\n<p>Druh\u00fd den v Lond\u00fdn\u011b za\u010dn\u011bte u jedn\u00e9 z nejzn\u00e1m\u011bj\u0161\u00edch pam\u00e1tek m\u011bsta: Tower of London. Nav\u0161tivte korunova\u010dn\u00ed klenoty a z\u00fa\u010dastn\u011bte se prohl\u00eddky s pr\u016fvodcem Beefeater. Vstup je pro v\u00e1s zdarma s <a href=\"https:\/\/www.londoncitypass.com\/cs\/londynsky-prukaz\/\" title=\"London Pass 2023\">London Pass<\/a> a <a href=\"https:\/\/www.londoncitypass.com\/cs\/prukaz-pruzkumnika\/\" title=\"Lond\u00fdn Explorer Pass\">Lond\u00fdn Explorer Pass<\/a>,<\/p>\n\n\n\n<p>Pak se vydejte na adresu London Tower Bridge, kter\u00e1 se nach\u00e1z\u00ed jen n\u011bkolik metr\u016f od lond\u00fdnsk\u00e9ho Toweru. S <a href=\"https:\/\/www.londoncitypass.com\/cs\/londynsky-prukaz\/\" title=\"London Pass 2023\">London Pass<\/a> m\u016f\u017eete nav\u0161t\u00edvit v\u00fdstavu Tower Bridge zdarma. Vystoupejte na severn\u00ed v\u011b\u017e a projd\u011bte se po sklen\u011bn\u00e9 podlaze. Z vrcholu m\u016f\u017eete pozorovat vozidla a kolemjdouc\u00ed pod v\u00e1mi. Prohl\u00eddka kon\u010d\u00ed ve strojovn\u011b.<\/p>\n\n\n\n<p>S kartou Explorer Pass m\u016f\u017eete tak\u00e9 zdarma nav\u0161t\u00edvit v\u00fdstavu Tower Bridge, ale nestoj\u00ed to za to, proto\u017ee s kartou Explorer Pass byste m\u011bli nav\u0161t\u011bvovat pouze drah\u00e9 atrakce.<\/p>\n\n\n\n<p>Na druhou stranu Tem\u017ee to nen\u00ed daleko k Shardu, impozantn\u00ed sklen\u011bn\u00e9 v\u011b\u017ei, kter\u00e1 se ty\u010d\u00ed do v\u00fd\u0161ky 309 metr\u016f. N\u00e1v\u0161t\u011bva vyhl\u00eddkov\u00e9 plo\u0161iny je sou\u010d\u00e1st\u00ed n\u011bkolika lond\u00fdnsk\u00fdch vstupenek: <a href=\"https:\/\/www.londoncitypass.com\/cs\/londynsky-prukaz\/\" title=\"London Pass 2023\">London Pass<\/a> a <a href=\"https:\/\/www.londoncitypass.com\/cs\/prukaz-pruzkumnika\/\" title=\"Lond\u00fdn Explorer Pass\">Lond\u00fdn Explorer Pass<\/a>. Upozor\u0148ujeme v\u0161ak, \u017ee na n\u00e1v\u0161t\u011bvu je t\u0159eba se p\u0159edem objednat.<\/p>\n\n\n\n<h2 class=\"wp-block-heading\">Den t\u0159et\u00ed: Buckinghamsk\u00fd pal\u00e1c + Kensingtonsk\u00fd pal\u00e1c<\/h2>\n\n\n\n<figure class=\"wp-block-image size-full\"><img loading=\"lazy\" decoding=\"async\" width=\"1000\" height=\"550\" src=\"https:\/\/www.londoncitypass.com\/wp-content\/uploads\/2023\/02\/london-kensington-palace.jpg\" alt=\"Kensingtonsk\u00fd pal\u00e1c v Lond\u00fdn\u011b\" class=\"wp-image-138\" srcset=\"https:\/\/www.londoncitypass.com\/wp-content\/uploads\/2023\/02\/london-kensington-palace.jpg 1000w, https:\/\/www.londoncitypass.com\/wp-content\/uploads\/2023\/02\/london-kensington-palace-300x165.jpg 300w, https:\/\/www.londoncitypass.com\/wp-content\/uploads\/2023\/02\/london-kensington-palace-768x422.jpg 768w, https:\/\/www.londoncitypass.com\/wp-content\/uploads\/2023\/02\/london-kensington-palace-18x10.jpg 18w\" sizes=\"auto, (max-width: 1000px) 100vw, 1000px\" \/><figcaption class=\"wp-element-caption\">\u00a9 Nicholas Musilli \/ Unsplash.com<\/figcaption><\/figure>\n\n\n\n<p>T\u0159et\u00ed den v Lond\u00fdn\u011b za\u010d\u00edn\u00e1 na Trafalgarsk\u00e9m n\u00e1m\u011bst\u00ed, centr\u00e1ln\u00edm n\u00e1m\u011bst\u00ed v centru Lond\u00fdna. Odtud m\u016f\u017eete doj\u00edt k Buckinghamsk\u00e9mu pal\u00e1ci, pokud v\u00e1m nevad\u00ed del\u0161\u00ed proch\u00e1zka. Tam se nach\u00e1z\u00ed Kr\u00e1lovnina galerie, kterou m\u016f\u017eete s j\u00edzdenkou London Pass nav\u0161t\u00edvit zdarma.<\/p>\n\n\n\n<p>Pot\u00e9 pokra\u010dujte na zast\u00e1vku Wellington Arch na rohu Hyde Parku. S London Pass m\u016f\u017eete zdarma vystoupat na V\u00edt\u011bzn\u00fd oblouk a pokochat se v\u00fdhledem. Projd\u011bte se kr\u00e1sn\u00fdm Hyde Parkem ke Kensingtonsk\u00e9mu pal\u00e1ci. Vstup je zdarma s j\u00edzdenkou <a href=\"https:\/\/www.londoncitypass.com\/cs\/londynsky-prukaz\/\" title=\"London Pass 2023\">London Pass<\/a> a <a href=\"https:\/\/www.londoncitypass.com\/cs\/prukaz-pruzkumnika\/\" title=\"Lond\u00fdn Explorer Pass\">Explorer Pass<\/a>.<\/p>\n\n\n\n<p>Pokud budete m\u00edt motivaci i pot\u00e9, m\u016f\u017eete nav\u0161t\u00edvit nedalek\u00fd Royal Albert Hall v r\u00e1mci prohl\u00eddky s pr\u016fvodcem. Ta je tak\u00e9 zdarma sou\u010d\u00e1st\u00ed prohl\u00eddky London Pass a Explorer Pass.<\/p>\n\n\n\n<p>Toto je jen n\u00e1vrh, jak by mohl vypadat t\u0159\u00eddenn\u00ed v\u00fdlet do Lond\u00fdna. Samoz\u0159ejm\u011b si m\u016f\u017eete ud\u011blat vlastn\u00ed pl\u00e1n a nav\u0161t\u00edvit mnoho pam\u00e1tek, kter\u00e9 jsou zdarma s London City Pass. Pokud jich chcete nav\u0161t\u00edvit hodn\u011b, m\u011bli byste si koupit London Pass. Pokud chcete nav\u0161t\u00edvit jen n\u011bkolik pam\u00e1tek, m\u016f\u017ee b\u00fdt lep\u0161\u00ed volbou Lond\u00fdn Explorer Pass.<\/p>","protected":false},"excerpt":{"rendered":"<p>Lond\u00fdn je jedn\u00edm z nejv\u011bt\u0161\u00edch m\u011bst na sv\u011bt\u011b a je t\u00e9m\u011b\u0159 nemo\u017en\u00e9 ho poznat za jeden den. Chcete-li si skute\u010dn\u011b vychutnat mnoho div\u016f m\u011bsta, m\u011bli byste v Lond\u00fdn\u011b str\u00e1vit alespo\u0148 t\u0159i dny. Ale i za \u010dty\u0159i nebo p\u011bt dn\u00ed m\u016f\u017eete objevit spoustu nov\u00fdch v\u011bc\u00ed. M\u011bsto nab\u00edz\u00ed neuv\u011b\u0159iteln\u00e9 mno\u017estv\u00ed kulturn\u00edch a historick\u00fdch pam\u00e1tek, kter\u00e9 si m\u016f\u017eete prohl\u00e9dnout na ... <a title=\"3 dny v Lond\u00fdn\u011b s London City Pass\" class=\"read-more\" href=\"https:\/\/www.londoncitypass.com\/cs\/3-tage-in-london\/\" aria-label=\"\u010c\u00edst v\u00edce o 3 dnech v Lond\u00fdn\u011b s London City Pass\">\u010c\u00edst d\u00e1l<\/a><\/p>","protected":false},"author":1,"featured_media":0,"parent":0,"menu_order":0,"comment_status":"closed","ping_status":"closed","template":"","meta":{"footnotes":""},"class_list":["post-155","page","type-page","status-publish"],"aioseo_notices":[],"featured_image_src":null,"_links":{"self":[{"href":"https:\/\/www.londoncitypass.com\/cs\/wp-json\/wp\/v2\/pages\/155","targetHints":{"allow":["GET"]}}],"collection":[{"href":"https:\/\/www.londoncitypass.com\/cs\/wp-json\/wp\/v2\/pages"}],"about":[{"href":"https:\/\/www.londoncitypass.com\/cs\/wp-json\/wp\/v2\/types\/page"}],"author":[{"embeddable":true,"href":"https:\/\/www.londoncitypass.com\/cs\/wp-json\/wp\/v2\/users\/1"}],"replies":[{"embeddable":true,"href":"https:\/\/www.londoncitypass.com\/cs\/wp-json\/wp\/v2\/comments?post=155"}],"version-history":[{"count":30,"href":"https:\/\/www.londoncitypass.com\/cs\/wp-json\/wp\/v2\/pages\/155\/revisions"}],"predecessor-version":[{"id":2074,"href":"https:\/\/www.londoncitypass.com\/cs\/wp-json\/wp\/v2\/pages\/155\/revisions\/2074"}],"wp:attachment":[{"href":"https:\/\/www.londoncitypass.com\/cs\/wp-json\/wp\/v2\/media?parent=155"}],"curies":[{"name":"wp","href":"https:\/\/api.w.org\/{rel}","templated":true}]}}