{"id":131,"date":"2023-02-01T09:27:41","date_gmt":"2023-02-01T09:27:41","guid":{"rendered":"https:\/\/www.londoncitypass.com\/?page_id=131"},"modified":"2026-02-03T13:15:19","modified_gmt":"2026-02-03T13:15:19","slug":"atrakce","status":"publish","type":"page","link":"https:\/\/www.londoncitypass.com\/cs\/attraktionen\/","title":{"rendered":"Nejv\u011bt\u0161\u00ed lond\u00fdnsk\u00e9 atrakce"},"content":{"rendered":"<p>Lond\u00fdn je m\u011bsto s tis\u00edciletou histori\u00ed a kulturou. M\u016f\u017eete nav\u0161t\u00edvit historick\u00e9 budovy, jako je Buckinghamsk\u00fd pal\u00e1c a Tower Bridge, a obdivovat pam\u00e1tky, jako je Big Ben a budova parlamentu. V Lond\u00fdn\u011b je tak\u00e9 mnoho muze\u00ed, galeri\u00ed a divadel, kde se n\u00e1v\u0161t\u011bvn\u00edci mohou dozv\u011bd\u011bt v\u00edce o minulosti i sou\u010dasnosti m\u011bsta.<\/p>\n\n\n\n<p>Ve m\u011bst\u011b, kter\u00e9 nikdy nesp\u00ed, najdete nespo\u010det zaj\u00edmavost\u00ed:<\/p>\n\n\n\n<h2 class=\"wp-block-heading\">Tower of London<\/h2>\n\n\n\n<figure class=\"wp-block-image size-full\"><img loading=\"lazy\" decoding=\"async\" width=\"1000\" height=\"500\" src=\"https:\/\/www.londoncitypass.com\/wp-content\/uploads\/2023\/01\/tower-of-london.jpg\" alt=\"Tower of London\" class=\"wp-image-133\" srcset=\"https:\/\/www.londoncitypass.com\/wp-content\/uploads\/2023\/01\/tower-of-london.jpg 1000w, https:\/\/www.londoncitypass.com\/wp-content\/uploads\/2023\/01\/tower-of-london-300x150.jpg 300w, https:\/\/www.londoncitypass.com\/wp-content\/uploads\/2023\/01\/tower-of-london-768x384.jpg 768w, https:\/\/www.londoncitypass.com\/wp-content\/uploads\/2023\/01\/tower-of-london-18x9.jpg 18w\" sizes=\"auto, (max-width: 1000px) 100vw, 1000px\" \/><figcaption class=\"wp-element-caption\">\u00a9 Nick Fewings \/ Unsplash.com<\/figcaption><\/figure>\n\n\n\n<div style=\"height:20px\" aria-hidden=\"true\" class=\"wp-block-spacer\"><\/div>\n\n\n\n<p>Tato starobyl\u00e1 pevnost je jednou z nejzn\u00e1m\u011bj\u0161\u00edch staveb v zemi a v roce 1988 byla zaps\u00e1na na seznam sv\u011btov\u00e9ho d\u011bdictv\u00ed UNESCO. Jsou v n\u00ed ulo\u017eeny cenn\u00e9 korunova\u010dn\u00ed klenoty a artefakty z britsk\u00e9 kr\u00e1lovsk\u00e9 minulosti. N\u00e1v\u0161t\u011bvn\u00edci se mohou z\u00fa\u010dastnit prohl\u00eddky pevnosti s pr\u016fvodcem a dozv\u011bd\u011bt se v\u00edce o jej\u00ed historii.<\/p>\n\n\n\n<p>N\u00e1v\u0161t\u011bva je mo\u017en\u00e1 s n\u00e1sleduj\u00edc\u00edmi lond\u00fdnsk\u00fdmi pasy: <a href=\"https:\/\/www.londoncitypass.com\/cs\/londynsky-prukaz\/\" title=\"London Pass 2023\">London Pass<\/a>, <a href=\"https:\/\/www.londoncitypass.com\/cs\/prukaz-pruzkumnika\/\" title=\"Lond\u00fdn Explorer Pass\">Lond\u00fdn Explorer Pass<\/a> a <a href=\"https:\/\/www.londoncitypass.com\/cs\/big-city-saver\/\" title=\"Big City Saver Pass\">Multi Attraction Pass<\/a>.<\/p>\n\n\n<div class=\"wp-block-ub-divider ub_divider ub-divider-orientation-horizontal\" id=\"ub_divider_930391b2-120c-44ce-b10c-88906d2b763b\"><div class=\"ub_divider_wrapper\" style=\"position: relative; margin-bottom: 20px; width: 100%; height: 20px; \" data-divider-alignment=\"center\"><div class=\"ub_divider_line\" style=\"border-top: 2px solid #ccc; margin-top: 20px; \"><\/div><\/div><\/div>\n\n\n<h2 class=\"wp-block-heading\">Buckinghamsk\u00fd pal\u00e1c<\/h2>\n\n\n\n<figure class=\"wp-block-image size-full\"><img loading=\"lazy\" decoding=\"async\" width=\"1000\" height=\"550\" src=\"https:\/\/www.londoncitypass.com\/wp-content\/uploads\/2023\/02\/london-buckingham-palace.jpg\" alt=\"Buckinghamsk\u00fd pal\u00e1c v Lond\u00fdn\u011b\" class=\"wp-image-136\" srcset=\"https:\/\/www.londoncitypass.com\/wp-content\/uploads\/2023\/02\/london-buckingham-palace.jpg 1000w, https:\/\/www.londoncitypass.com\/wp-content\/uploads\/2023\/02\/london-buckingham-palace-300x165.jpg 300w, https:\/\/www.londoncitypass.com\/wp-content\/uploads\/2023\/02\/london-buckingham-palace-768x422.jpg 768w, https:\/\/www.londoncitypass.com\/wp-content\/uploads\/2023\/02\/london-buckingham-palace-18x10.jpg 18w\" sizes=\"auto, (max-width: 1000px) 100vw, 1000px\" \/><figcaption class=\"wp-element-caption\">\u00a9 Ferdinand St\u00f6hr \/ Unsplash.com<\/figcaption><\/figure>\n\n\n\n<div style=\"height:20px\" aria-hidden=\"true\" class=\"wp-block-spacer\"><\/div>\n\n\n\n<p>Kr\u00e1lovsk\u00fd pal\u00e1c je domovem anglick\u00fdch panovn\u00edk\u016f od roku 1837 a nyn\u00ed je ofici\u00e1ln\u00edm lond\u00fdnsk\u00fdm s\u00eddlem kr\u00e1le Karla. N\u00e1v\u0161t\u011bvn\u00edci si mohou prohl\u00e9dnout reprezenta\u010dn\u00ed prostory a obdivovat rozs\u00e1hlou um\u011bleckou sb\u00edrku kr\u00e1lovsk\u00e9 rodiny nebo sledovat sv\u011btozn\u00e1m\u00fd ob\u0159ad v\u00fdm\u011bny str\u00e1\u017e\u00ed venku.<\/p>\n\n\n\n<p>N\u00e1v\u0161t\u011bva Kr\u00e1lovsk\u00e9 galerie je mo\u017en\u00e1 s pomoc\u00ed <a href=\"https:\/\/www.londoncitypass.com\/cs\/londynsky-prukaz\/\" title=\"London Pass 2023\">London Pass<\/a>.<\/p>\n\n\n<div class=\"wp-block-ub-divider ub_divider ub-divider-orientation-horizontal\" id=\"ub_divider_c5af1c68-1837-4803-9ec1-aa5c38cc5c82\"><div class=\"ub_divider_wrapper\" style=\"position: relative; margin-bottom: 20px; width: 100%; height: 20px; \" data-divider-alignment=\"center\"><div class=\"ub_divider_line\" style=\"border-top: 2px solid #ccc; margin-top: 20px; \"><\/div><\/div><\/div>\n\n\n<h2 class=\"wp-block-heading\">The Shard<\/h2>\n\n\n\n<figure class=\"wp-block-image size-full\"><img loading=\"lazy\" decoding=\"async\" width=\"1000\" height=\"550\" src=\"https:\/\/www.londoncitypass.com\/wp-content\/uploads\/2023\/02\/london-the-shard.jpg\" alt=\"The Shard v Lond\u00fdn\u011b\" class=\"wp-image-141\" srcset=\"https:\/\/www.londoncitypass.com\/wp-content\/uploads\/2023\/02\/london-the-shard.jpg 1000w, https:\/\/www.londoncitypass.com\/wp-content\/uploads\/2023\/02\/london-the-shard-300x165.jpg 300w, https:\/\/www.londoncitypass.com\/wp-content\/uploads\/2023\/02\/london-the-shard-768x422.jpg 768w, https:\/\/www.londoncitypass.com\/wp-content\/uploads\/2023\/02\/london-the-shard-18x10.jpg 18w\" sizes=\"auto, (max-width: 1000px) 100vw, 1000px\" \/><figcaption class=\"wp-element-caption\">\u00a9 Fred Moon \/ Unsplash.com<\/figcaption><\/figure>\n\n\n\n<div style=\"height:20px\" aria-hidden=\"true\" class=\"wp-block-spacer\"><\/div>\n\n\n\n<p>Tento impozantn\u00ed mrakodrap je se sv\u00fdmi 309 metry jednou z nejvy\u0161\u0161\u00edch budov v Evrop\u011b. Vyje\u010fte v\u00fdtahem na vrchol a vychutnejte si \u00fachvatn\u00fd v\u00fdhled na m\u011bsto z nejvy\u0161\u0161\u00ed ve\u0159ejn\u00e9 vyhl\u00eddkov\u00e9 terasy v Evrop\u011b.<\/p>\n\n\n\n<p>N\u00e1v\u0161t\u011bva je v\u010detn\u011b <a href=\"https:\/\/www.londoncitypass.com\/cs\/londynsky-prukaz\/\" title=\"London Pass 2023\">London Pass+<\/a> a <a href=\"https:\/\/www.londoncitypass.com\/cs\/prukaz-pruzkumnika\/\" title=\"Lond\u00fdn Explorer Pass\">Lond\u00fdn Explorer Pass<\/a>.<\/p>\n\n\n<div class=\"wp-block-ub-divider ub_divider ub-divider-orientation-horizontal\" id=\"ub_divider_31f0a4e5-9a36-4bb5-af3f-0052beaf37d1\"><div class=\"ub_divider_wrapper\" style=\"position: relative; margin-bottom: 20px; width: 100%; height: 20px; \" data-divider-alignment=\"center\"><div class=\"ub_divider_line\" style=\"border-top: 2px solid #ccc; margin-top: 20px; \"><\/div><\/div><\/div>\n\n\n<h2 class=\"wp-block-heading\">Westminster Abbey<\/h2>\n\n\n\n<figure class=\"wp-block-image size-full\"><img loading=\"lazy\" decoding=\"async\" width=\"1000\" height=\"680\" src=\"https:\/\/www.londoncitypass.com\/wp-content\/uploads\/2023\/02\/london-westminster-abbey.jpg\" alt=\"Westminster Abbey v Lond\u00fdn\u011b\" class=\"wp-image-144\" srcset=\"https:\/\/www.londoncitypass.com\/wp-content\/uploads\/2023\/02\/london-westminster-abbey.jpg 1000w, https:\/\/www.londoncitypass.com\/wp-content\/uploads\/2023\/02\/london-westminster-abbey-300x204.jpg 300w, https:\/\/www.londoncitypass.com\/wp-content\/uploads\/2023\/02\/london-westminster-abbey-768x522.jpg 768w, https:\/\/www.londoncitypass.com\/wp-content\/uploads\/2023\/02\/london-westminster-abbey-18x12.jpg 18w\" sizes=\"auto, (max-width: 1000px) 100vw, 1000px\" \/><figcaption class=\"wp-element-caption\">\u00a9 Ian Branch \/ Unsplash.com<\/figcaption><\/figure>\n\n\n\n<div style=\"height:20px\" aria-hidden=\"true\" class=\"wp-block-spacer\"><\/div>\n\n\n\n<p>V t\u00e9to n\u00e1dhern\u00e9 gotick\u00e9 budov\u011b se po stalet\u00ed konaly korunovace, poh\u0159by a dal\u0161\u00ed v\u00fdznamn\u00e9 ob\u0159ady britsk\u00e9 kr\u00e1lovsk\u00e9 rodiny a \u010dlen\u016f c\u00edrkve. Dnes v\u00edt\u00e1 n\u00e1v\u0161t\u011bvn\u00edky, kte\u0159\u00ed si cht\u011bj\u00ed prohl\u00e9dnout jej\u00ed slo\u017eitou architekturu a historick\u00e9 hrobky.<\/p>\n\n\n\n<p>N\u00e1v\u0161t\u011bva je v\u010detn\u011b <a href=\"https:\/\/www.londoncitypass.com\/cs\/londynsky-prukaz\/\" title=\"London Pass 2023\">London Pass<\/a> a <a href=\"https:\/\/www.londoncitypass.com\/cs\/prukaz-pruzkumnika\/\" title=\"Lond\u00fdn Explorer Pass\">Lond\u00fdn Explorer Pass<\/a>.<\/p>\n\n\n<div class=\"wp-block-ub-divider ub_divider ub-divider-orientation-horizontal\" id=\"ub_divider_8daadfab-0706-4b61-812e-9adc2085e86f\"><div class=\"ub_divider_wrapper\" style=\"position: relative; margin-bottom: 20px; width: 100%; height: 20px; \" data-divider-alignment=\"center\"><div class=\"ub_divider_line\" style=\"border-top: 2px solid #ccc; margin-top: 20px; \"><\/div><\/div><\/div>\n\n\n<h2 class=\"wp-block-heading\">Katedr\u00e1la svat\u00e9ho Pavla<\/h2>\n\n\n\n<figure class=\"wp-block-image size-full\"><img loading=\"lazy\" decoding=\"async\" width=\"1000\" height=\"550\" src=\"https:\/\/www.londoncitypass.com\/wp-content\/uploads\/2023\/02\/london-st-paul-cathedral.jpg\" alt=\"St Paul&#039;s Cathedral v Lond\u00fdn\u011b\" class=\"wp-image-140\" srcset=\"https:\/\/www.londoncitypass.com\/wp-content\/uploads\/2023\/02\/london-st-paul-cathedral.jpg 1000w, https:\/\/www.londoncitypass.com\/wp-content\/uploads\/2023\/02\/london-st-paul-cathedral-300x165.jpg 300w, https:\/\/www.londoncitypass.com\/wp-content\/uploads\/2023\/02\/london-st-paul-cathedral-768x422.jpg 768w, https:\/\/www.londoncitypass.com\/wp-content\/uploads\/2023\/02\/london-st-paul-cathedral-18x10.jpg 18w\" sizes=\"auto, (max-width: 1000px) 100vw, 1000px\" \/><figcaption class=\"wp-element-caption\">\u00a9 Jonathan Chng \/ Unsplash.com<\/figcaption><\/figure>\n\n\n\n<div style=\"height:20px\" aria-hidden=\"true\" class=\"wp-block-spacer\"><\/div>\n\n\n\n<p>Tento impozantn\u00ed barokn\u00ed kostel byl navr\u017een sirem Christopherem Wrenem v 17. stolet\u00ed a je jednou z nejzn\u00e1m\u011bj\u0161\u00edch lond\u00fdnsk\u00fdch staveb. M\u016f\u017eete si prohl\u00e9dnout zdoben\u00fd interi\u00e9r katedr\u00e1ly, nav\u0161t\u00edvit Galerii \u0161epot\u00e1n\u00ed a vystoupat na slavnou kopuli, odkud je n\u00e1dhern\u00fd v\u00fdhled na m\u011bsto.<\/p>\n\n\n\n<p>N\u00e1v\u0161t\u011bva je zahrnuta v cen\u011b <a href=\"https:\/\/www.londoncitypass.com\/cs\/londynsky-prukaz\/\" title=\"London Pass 2023\">London Pass<\/a> a <a href=\"https:\/\/www.londoncitypass.com\/cs\/prukaz-pruzkumnika\/\" title=\"Lond\u00fdn Explorer Pass\">Lond\u00fdn Explorer Pass<\/a>.<\/p>\n\n\n<div class=\"wp-block-ub-divider ub_divider ub-divider-orientation-horizontal\" id=\"ub_divider_566ae879-2d9e-449a-920a-ad3eb6eadc46\"><div class=\"ub_divider_wrapper\" style=\"position: relative; margin-bottom: 20px; width: 100%; height: 20px; \" data-divider-alignment=\"center\"><div class=\"ub_divider_line\" style=\"border-top: 2px solid #ccc; margin-top: 20px; \"><\/div><\/div><\/div>\n\n\n<h2 class=\"wp-block-heading\">Budovy parlamentu a Big Ben<\/h2>\n\n\n\n<figure class=\"wp-block-image size-full\"><img loading=\"lazy\" decoding=\"async\" width=\"1000\" height=\"600\" src=\"https:\/\/www.londoncitypass.com\/wp-content\/uploads\/2023\/02\/london-parliament-big-ben.jpg\" alt=\"Budovy Parlamentu a Big Ben\" class=\"wp-image-139\" srcset=\"https:\/\/www.londoncitypass.com\/wp-content\/uploads\/2023\/02\/london-parliament-big-ben.jpg 1000w, https:\/\/www.londoncitypass.com\/wp-content\/uploads\/2023\/02\/london-parliament-big-ben-300x180.jpg 300w, https:\/\/www.londoncitypass.com\/wp-content\/uploads\/2023\/02\/london-parliament-big-ben-768x461.jpg 768w, https:\/\/www.londoncitypass.com\/wp-content\/uploads\/2023\/02\/london-parliament-big-ben-18x12.jpg 18w\" sizes=\"auto, (max-width: 1000px) 100vw, 1000px\" \/><figcaption class=\"wp-element-caption\">\u00a9 Marcin Nowak \/ Unsplash.com<\/figcaption><\/figure>\n\n\n\n<div style=\"height:20px\" aria-hidden=\"true\" class=\"wp-block-spacer\"><\/div>\n\n\n\n<p>Mezi nejzn\u00e1m\u011bj\u0161\u00ed lond\u00fdnsk\u00e9 pam\u00e1tky pat\u0159\u00ed budova parlamentu a Big Ben. Ob\u011b budovy na Tem\u017ei jsou ji\u017e po stalet\u00ed symbolem britsk\u00e9 demokracie. Houses of Parliament je impozantn\u00ed budova, kde se sch\u00e1zej\u00ed \u010dlenov\u00e9 obou komor parlamentu k projedn\u00e1v\u00e1n\u00ed z\u00e1kon\u016f, zat\u00edmco Big Ben je hodinov\u00e1 v\u011b\u017e p\u0159ed Houses of Parliament.<\/p>\n\n\n\n<p>M\u016f\u017eete se p\u0159ipojit k proch\u00e1zce po pal\u00e1c\u00edch a parlamentu s <a href=\"https:\/\/www.londoncitypass.com\/cs\/londynsky-prukaz\/\" title=\"London Pass 2023\">London Pass<\/a> a <a href=\"https:\/\/www.londoncitypass.com\/cs\/prukaz-pruzkumnika\/\" title=\"Lond\u00fdn Explorer Pass\">Explorer Pass<\/a>.<\/p>\n\n\n<div class=\"wp-block-ub-divider ub_divider ub-divider-orientation-horizontal\" id=\"ub_divider_58f69037-1321-44f3-aa9f-8bb740bb7de5\"><div class=\"ub_divider_wrapper\" style=\"position: relative; margin-bottom: 20px; width: 100%; height: 20px; \" data-divider-alignment=\"center\"><div class=\"ub_divider_line\" style=\"border-top: 2px solid #ccc; margin-top: 20px; \"><\/div><\/div><\/div>\n\n\n<h2 class=\"wp-block-heading\">Lond\u00fdnsk\u00e9 oko<\/h2>\n\n\n\n<figure class=\"wp-block-image size-full\"><img loading=\"lazy\" decoding=\"async\" width=\"1000\" height=\"550\" src=\"https:\/\/www.londoncitypass.com\/wp-content\/uploads\/2023\/02\/london-eye.jpg\" alt=\"Lond\u00fdnsk\u00e9 oko\" class=\"wp-image-137\" srcset=\"https:\/\/www.londoncitypass.com\/wp-content\/uploads\/2023\/02\/london-eye.jpg 1000w, https:\/\/www.londoncitypass.com\/wp-content\/uploads\/2023\/02\/london-eye-300x165.jpg 300w, https:\/\/www.londoncitypass.com\/wp-content\/uploads\/2023\/02\/london-eye-768x422.jpg 768w, https:\/\/www.londoncitypass.com\/wp-content\/uploads\/2023\/02\/london-eye-18x10.jpg 18w\" sizes=\"auto, (max-width: 1000px) 100vw, 1000px\" \/><figcaption class=\"wp-element-caption\">\u00a9 David Henderson \/ Unsplash.com<\/figcaption><\/figure>\n\n\n\n<div style=\"height:20px\" aria-hidden=\"true\" class=\"wp-block-spacer\"><\/div>\n\n\n\n<p>U\u017eijte si 360stup\u0148ov\u00fd v\u00fdhled na lond\u00fdnsk\u00e9 panorama z jednoho z nejvy\u0161\u0161\u00edch rusk\u00fdch kol na sv\u011bt\u011b. Tato atrakce nab\u00edz\u00ed neuv\u011b\u0159iteln\u00fd v\u00fdhled na m\u011bsto a je jednou z nejobl\u00edben\u011bj\u0161\u00edch lond\u00fdnsk\u00fdch pam\u00e1tek. Lond\u00fdnsk\u00e9 oko je sou\u010d\u00e1st\u00ed <a href=\"https:\/\/www.londoncitypass.com\/cs\/big-city-saver\/\" title=\"Multi Attraction Pass\">Multi Attraction Pass<\/a>, <a href=\"https:\/\/www.londoncitypass.com\/cs\/londynsky-prukaz\/\" title=\"London Pass 2024\">London Pass+<\/a>.<\/p>\n\n\n<div class=\"wp-block-ub-divider ub_divider ub-divider-orientation-horizontal\" id=\"ub_divider_51a94ab3-1875-4214-aa05-b0403db7cf92\"><div class=\"ub_divider_wrapper\" style=\"position: relative; margin-bottom: 20px; width: 100%; height: 20px; \" data-divider-alignment=\"center\"><div class=\"ub_divider_line\" style=\"border-top: 2px solid #ccc; margin-top: 20px; \"><\/div><\/div><\/div>\n\n\n<h2 class=\"wp-block-heading\">Kensingtonsk\u00fd pal\u00e1c<\/h2>\n\n\n\n<figure class=\"wp-block-image size-full\"><img loading=\"lazy\" decoding=\"async\" width=\"1000\" height=\"550\" src=\"https:\/\/www.londoncitypass.com\/wp-content\/uploads\/2023\/02\/london-kensington-palace.jpg\" alt=\"Kensingtonsk\u00fd pal\u00e1c v Lond\u00fdn\u011b\" class=\"wp-image-138\" srcset=\"https:\/\/www.londoncitypass.com\/wp-content\/uploads\/2023\/02\/london-kensington-palace.jpg 1000w, https:\/\/www.londoncitypass.com\/wp-content\/uploads\/2023\/02\/london-kensington-palace-300x165.jpg 300w, https:\/\/www.londoncitypass.com\/wp-content\/uploads\/2023\/02\/london-kensington-palace-768x422.jpg 768w, https:\/\/www.londoncitypass.com\/wp-content\/uploads\/2023\/02\/london-kensington-palace-18x10.jpg 18w\" sizes=\"auto, (max-width: 1000px) 100vw, 1000px\" \/><figcaption class=\"wp-element-caption\">\u00a9 Nicholas Musilli \/ Unsplash.com<\/figcaption><\/figure>\n\n\n\n<div style=\"height:20px\" aria-hidden=\"true\" class=\"wp-block-spacer\"><\/div>\n\n\n\n<p>Tento velkolep\u00fd pal\u00e1c je s\u00eddlem britsk\u00e9 kr\u00e1lovsk\u00e9 rodiny nejm\u00e9n\u011b od roku 1689 a v sou\u010dasn\u00e9 dob\u011b je domovem mnoha \u010dlen\u016f kr\u00e1lovsk\u00e9 rodiny. M\u016f\u017eete se z\u00fa\u010dastnit prohl\u00eddky pal\u00e1ce s pr\u016fvodcem nebo si prohl\u00e9dnout sv\u011b\u017e\u00ed zahrady.<\/p>\n\n\n\n<p>N\u00e1v\u0161t\u011bva Kensingtonsk\u00e9ho pal\u00e1ce je mo\u017en\u00e1 s n\u00e1sleduj\u00edc\u00edmi lond\u00fdnsk\u00fdmi pasy: <a href=\"https:\/\/www.londoncitypass.com\/cs\/londynsky-prukaz\/\" title=\"London Pass 2023\">London Pass<\/a>, <a href=\"https:\/\/www.londoncitypass.com\/cs\/prukaz-pruzkumnika\/\" title=\"Lond\u00fdn Explorer Pass\">Explorer Pass<\/a>.<\/p>\n\n\n<div class=\"wp-block-ub-divider ub_divider ub-divider-orientation-horizontal\" id=\"ub_divider_18aa0cd8-3459-47bb-ba07-c960827494a9\"><div class=\"ub_divider_wrapper\" style=\"position: relative; margin-bottom: 20px; width: 100%; height: 20px; \" data-divider-alignment=\"center\"><div class=\"ub_divider_line\" style=\"border-top: 2px solid #ccc; margin-top: 20px; \"><\/div><\/div><\/div>\n\n\n<h2 class=\"wp-block-heading\">London Tower Bridge<\/h2>\n\n\n\n<figure class=\"wp-block-image size-full\"><img loading=\"lazy\" decoding=\"async\" width=\"1000\" height=\"600\" src=\"https:\/\/www.londoncitypass.com\/wp-content\/uploads\/2023\/02\/london-tower-bridge.jpg\" alt=\"London Tower Bridge\" class=\"wp-image-142\" srcset=\"https:\/\/www.londoncitypass.com\/wp-content\/uploads\/2023\/02\/london-tower-bridge.jpg 1000w, https:\/\/www.londoncitypass.com\/wp-content\/uploads\/2023\/02\/london-tower-bridge-300x180.jpg 300w, https:\/\/www.londoncitypass.com\/wp-content\/uploads\/2023\/02\/london-tower-bridge-768x461.jpg 768w, https:\/\/www.londoncitypass.com\/wp-content\/uploads\/2023\/02\/london-tower-bridge-18x12.jpg 18w\" sizes=\"auto, (max-width: 1000px) 100vw, 1000px\" \/><figcaption class=\"wp-element-caption\">\u00a9 Charles Postiaux \/ Unsplash.com<\/figcaption><\/figure>\n\n\n\n<div style=\"height:20px\" aria-hidden=\"true\" class=\"wp-block-spacer\"><\/div>\n\n\n\n<p>\u017d\u00e1dn\u00fd jin\u00fd most v britsk\u00e9 metropoli nen\u00ed tak zn\u00e1m\u00fd jako London Tower Bridge. Byl postaven na konci 19. stolet\u00ed a dnes je d\u016fle\u017eitou dopravn\u00ed tepnou i turistickou atrakc\u00ed. Z obou stran Tem\u017ee je most obl\u00edben\u00fdm motivem pro fotografov\u00e1n\u00ed.<\/p>\n\n\n\n<p>S t\u011bmito lond\u00fdnsk\u00fdmi pr\u016fkazy m\u016f\u017eete v\u00fdstavu London Tower Bridge nav\u0161t\u00edvit zdarma: <a href=\"https:\/\/www.londoncitypass.com\/cs\/prukaz-pruzkumnika\/\" title=\"Lond\u00fdn Explorer Pass\">Lond\u00fdn Explorer Pass<\/a> a <a href=\"https:\/\/www.londoncitypass.com\/cs\/londynsky-prukaz\/\" title=\"London Pass 2023\">London Pass<\/a>.<\/p>\n\n\n<div class=\"wp-block-ub-divider ub_divider ub-divider-orientation-horizontal\" id=\"ub_divider_7ce51777-953c-48d7-9925-9d05ae8ed836\"><div class=\"ub_divider_wrapper\" style=\"position: relative; margin-bottom: 20px; width: 100%; height: 20px; \" data-divider-alignment=\"center\"><div class=\"ub_divider_line\" style=\"border-top: 2px solid #ccc; margin-top: 20px; \"><\/div><\/div><\/div>\n\n\n<h2 class=\"wp-block-heading\">Trafalgarsk\u00e9 n\u00e1m\u011bst\u00ed<\/h2>\n\n\n\n<figure class=\"wp-block-image size-full\"><img loading=\"lazy\" decoding=\"async\" width=\"1000\" height=\"550\" src=\"https:\/\/www.londoncitypass.com\/wp-content\/uploads\/2023\/02\/london-trafalgar-square.jpg\" alt=\"Trafalgarsk\u00e9 n\u00e1m\u011bst\u00ed v Lond\u00fdn\u011b\" class=\"wp-image-143\" srcset=\"https:\/\/www.londoncitypass.com\/wp-content\/uploads\/2023\/02\/london-trafalgar-square.jpg 1000w, https:\/\/www.londoncitypass.com\/wp-content\/uploads\/2023\/02\/london-trafalgar-square-300x165.jpg 300w, https:\/\/www.londoncitypass.com\/wp-content\/uploads\/2023\/02\/london-trafalgar-square-768x422.jpg 768w, https:\/\/www.londoncitypass.com\/wp-content\/uploads\/2023\/02\/london-trafalgar-square-18x10.jpg 18w\" sizes=\"auto, (max-width: 1000px) 100vw, 1000px\" \/><figcaption class=\"wp-element-caption\">\u00a9 Diane Picchiottino \/ Unsplash.com<\/figcaption><\/figure>\n\n\n\n<div style=\"height:20px\" aria-hidden=\"true\" class=\"wp-block-spacer\"><\/div>\n\n\n\n<p>Toto ru\u0161n\u00e9 n\u00e1m\u011bst\u00ed v centru m\u011bsta je ide\u00e1ln\u00edm m\u00edstem pro pozorov\u00e1n\u00ed lond\u00fdnsk\u00e9ho ruchu. S N\u00e1rodn\u00ed galeri\u00ed, Nelsonov\u00fdm sloupem a \u0159adou soch je jednou z nejobl\u00edben\u011bj\u0161\u00edch turistick\u00fdch atrakc\u00ed Lond\u00fdna.<\/p>\n\n\n<div class=\"wp-block-ub-divider ub_divider ub-divider-orientation-horizontal\" id=\"ub_divider_98c0e5c1-e915-403e-a939-e3d4d129d567\"><div class=\"ub_divider_wrapper\" style=\"position: relative; margin-bottom: 20px; width: 100%; height: 20px; \" data-divider-alignment=\"center\"><div class=\"ub_divider_line\" style=\"border-top: 2px solid #ccc; margin-top: 20px; \"><\/div><\/div><\/div>\n\n\n<p>To je jen mal\u00fd v\u00fdb\u011br z mnoha atrakc\u00ed, kter\u00e9 Lond\u00fdn nab\u00edz\u00ed. A\u0165 u\u017e hled\u00e1te kulturn\u00ed z\u00e1\u017eitky a historick\u00e9 pam\u00e1tky, nebo si jen chcete u\u017e\u00edt britskou kulturu, v tomto \u00fa\u017easn\u00e9m m\u011bst\u011b si ka\u017ed\u00fd najde n\u011bco pro sebe.<\/p>","protected":false},"excerpt":{"rendered":"<p>Lond\u00fdn je m\u011bsto s tis\u00edciletou histori\u00ed a kulturou. M\u016f\u017eete nav\u0161t\u00edvit historick\u00e9 budovy, jako je Buckinghamsk\u00fd pal\u00e1c a Tower Bridge, a obdivovat pam\u00e1tky, jako je Big Ben a budova parlamentu. Lond\u00fdn je tak\u00e9 domovem mnoha muze\u00ed, galeri\u00ed a divadel, kde se n\u00e1v\u0161t\u011bvn\u00edci mohou dozv\u011bd\u011bt v\u00edce o minulosti a sou\u010dasnosti m\u011bsta..... <a title=\"Nejv\u011bt\u0161\u00ed lond\u00fdnsk\u00e9 atrakce\" class=\"read-more\" href=\"https:\/\/www.londoncitypass.com\/cs\/attraktionen\/\" aria-label=\"\u010c\u00edst v\u00edce o nejv\u011bt\u0161\u00edch lond\u00fdnsk\u00fdch atrakc\u00edch\">\u010c\u00edst d\u00e1l<\/a><\/p>","protected":false},"author":1,"featured_media":0,"parent":0,"menu_order":0,"comment_status":"closed","ping_status":"closed","template":"","meta":{"footnotes":""},"class_list":["post-131","page","type-page","status-publish"],"aioseo_notices":[],"featured_image_src":null,"_links":{"self":[{"href":"https:\/\/www.londoncitypass.com\/cs\/wp-json\/wp\/v2\/pages\/131","targetHints":{"allow":["GET"]}}],"collection":[{"href":"https:\/\/www.londoncitypass.com\/cs\/wp-json\/wp\/v2\/pages"}],"about":[{"href":"https:\/\/www.londoncitypass.com\/cs\/wp-json\/wp\/v2\/types\/page"}],"author":[{"embeddable":true,"href":"https:\/\/www.londoncitypass.com\/cs\/wp-json\/wp\/v2\/users\/1"}],"replies":[{"embeddable":true,"href":"https:\/\/www.londoncitypass.com\/cs\/wp-json\/wp\/v2\/comments?post=131"}],"version-history":[{"count":31,"href":"https:\/\/www.londoncitypass.com\/cs\/wp-json\/wp\/v2\/pages\/131\/revisions"}],"predecessor-version":[{"id":1941,"href":"https:\/\/www.londoncitypass.com\/cs\/wp-json\/wp\/v2\/pages\/131\/revisions\/1941"}],"wp:attachment":[{"href":"https:\/\/www.londoncitypass.com\/cs\/wp-json\/wp\/v2\/media?parent=131"}],"curies":[{"name":"wp","href":"https:\/\/api.w.org\/{rel}","templated":true}]}}